{"id":140508,"date":"2023-09-26T13:07:44","date_gmt":"2023-09-26T11:07:44","guid":{"rendered":"https:\/\/secureus.se\/elslutbleck-step-90-omstallbar-12v-kolvkontakt\/"},"modified":"2026-03-26T09:49:47","modified_gmt":"2026-03-26T08:49:47","slug":"elslutbleck-step-90-omstallbar-12v-kolvkontakt","status":"publish","type":"product","link":"https:\/\/secureus.se\/no\/elslutbleck-step-90-omstallbar-12v-kolvkontakt\/","title":{"rendered":"Elektrisk termineringsplate STEP 90 Justerbar 12V Stempelkontakt"},"content":{"rendered":"<h1>Elektrisk termineringsplate STEP 90 Justerbar 12V Stempelkontakt<\/h1>\n<p>STEP 90 Preload 12V er et kompakt, branngodkjent elektrisk sluttstykke med justerbar funksjon og stempelkontakt.<\/p>\n<p>H\u00f8y sikkerhet og driftssikkerhet med st\u00f8tte for enkelt- og tofl\u00f8yede l\u00e5ser.<\/p>\n<p class=\"\" data-start=\"254\" data-end=\"600\">STEP 90 Preload HPR elektrisk sluttstykke med justerbar funksjon tilbyr en fleksibel l\u00f8sning for d\u00f8rmilj\u00f8er med h\u00f8ye krav til sikkerhet og p\u00e5litelighet.<\/p>\n<p class=\"\" data-start=\"254\" data-end=\"600\">Med mulighet for \u00e5 stilles inn som forover eller bakover, kan den tilpasses ulike applikasjoner, hvor den enten skal l\u00e5ses eller l\u00e5ses opp ved str\u00f8mbrudd.<\/p>\n<p class=\"\" data-start=\"602\" data-end=\"875\">STEP 90 tilh\u00f8rer Preload-serien og er utstyrt med den patenterte HPR\u00ae stripetrykkteknologien som sikrer \u00e5pning selv om d\u00f8ren utsettes for opptil 250 kg stripetrykk.<\/p>\n<p class=\"\" data-start=\"602\" data-end=\"875\">Dette gj\u00f8r platen ideell for h\u00f8yfrekvent bruk eller milj\u00f8er hvor d\u00f8ren ofte utsettes for trykk.<\/p>\n<p class=\"\" data-start=\"877\" data-end=\"1114\">Med en stempelkontakt f\u00e5r du p\u00e5litelig indikasjon p\u00e5 d\u00f8rens status \u2013 perfekt for tilkobling til alarm eller adgangskontrollsystem.<\/p>\n<p class=\"\" data-start=\"877\" data-end=\"1114\">STEP 90 er ogs\u00e5 branngodkjent opp til klasse E\/EI120 i henhold til SS-EN 14846:2008 og har h\u00f8y bruddstyrke p\u00e5 1.200 kg.<\/p>\n<p class=\"\" data-start=\"1116\" data-end=\"1320\">Den vendbare utformingen gj\u00f8r den kompatibel med b\u00e5de h\u00f8yre- og venstred\u00f8rer, samt l\u00e5sehus i seriene Connect, Modul og Narrow Profile.<\/p>\n<p class=\"\" data-start=\"1116\" data-end=\"1320\">En kompakt og effektiv l\u00f8sning for moderne sikkerhetsinstallasjoner.<\/p>\n<p class=\"\" data-start=\"1322\" data-end=\"1350\"><strong data-start=\"1322\" data-end=\"1348\">Funksjoner og fordeler:<\/strong><\/p>\n<ul data-start=\"1351\" data-end=\"1653\">\n<li class=\"\" data-start=\"1351\" data-end=\"1397\">\n<p class=\"\" data-start=\"1353\" data-end=\"1397\">Byttbar funksjon: forover eller bakover<\/p>\n<\/li>\n<li class=\"\" data-start=\"1398\" data-end=\"1433\">\n<p class=\"\" data-start=\"1400\" data-end=\"1433\">Stempelkontakt for statusf\u00f8ling<\/p>\n<\/li>\n<li class=\"\" data-start=\"1434\" data-end=\"1458\">\n<p class=\"\" data-start=\"1436\" data-end=\"1458\">Branngodkjent E\/EI120<\/p>\n<\/li>\n<li class=\"\" data-start=\"1459\" data-end=\"1501\">\n<p class=\"\" data-start=\"1461\" data-end=\"1501\">\u00c5pnes til tross for stripetrykk p\u00e5 opptil 250 kg<\/p>\n<\/li>\n<li class=\"\" data-start=\"1502\" data-end=\"1535\">\n<p class=\"\" data-start=\"1504\" data-end=\"1535\">H\u00f8y bruddstyrke: 1.200 kg<\/p>\n<\/li>\n<li class=\"\" data-start=\"1536\" data-end=\"1567\">\n<p class=\"\" data-start=\"1538\" data-end=\"1567\">Beskyttelsesdiode og bankebeskyttelse<\/p>\n<\/li>\n<li class=\"\" data-start=\"1568\" data-end=\"1602\">\n<p class=\"\" data-start=\"1570\" data-end=\"1602\">Passer til enkle og doble falll\u00e5ser<\/p>\n<\/li>\n<li class=\"\" data-start=\"1603\" data-end=\"1653\">\n<p class=\"\" data-start=\"1605\" data-end=\"1653\">Kompakt, reversibel design for enkel installasjon<\/p>\n<\/li>\n<\/ul>","protected":false},"excerpt":{"rendered":"<p>Her kan du se hvilke stolper og modeller som passer sammen fra STEP-serien med elektriske d\u00f8rstoppere.<\/p>\n<h5><strong><a href=\"https:\/\/steplock.com\/sv\/stolpguide\/#!?lang=sv&amp;blog_id=1&amp;paged=1&amp;number=50\" target=\"_blank\" rel=\"noopener\">TRINN Postveiledning\u00a0<\/a><\/strong><\/h5>\n<h5><strong><a href=\"https:\/\/steplock.com\/sv\/projekteringsguide\/#!?lang=sv&amp;blog_id=1&amp;paged=1&amp;number=999\" target=\"_blank\" rel=\"noopener\">STEP design guide<\/a><\/strong><\/h5>","protected":false},"featured_media":140499,"template":"","meta":{"_acf_changed":false},"product_brand":[],"product_cat":[3355],"product_tag":[4198,4202],"class_list":{"0":"post-140508","1":"product","2":"type-product","3":"status-publish","4":"has-post-thumbnail","6":"product_cat-elslutbleck","7":"product_tag-12v","8":"product_tag-omstallbar-rattvand-omvand","9":"product_shipping_class-tunga-paket","10":"pa_brands-step","11":"tm-no-options","13":"first","14":"instock","15":"sale","16":"taxable","17":"shipping-taxable","18":"purchasable","19":"product-type-simple"},"acf":[],"_links":{"self":[{"href":"https:\/\/secureus.se\/no\/wp-json\/wp\/v2\/product\/140508","targetHints":{"allow":["GET"]}}],"collection":[{"href":"https:\/\/secureus.se\/no\/wp-json\/wp\/v2\/product"}],"about":[{"href":"https:\/\/secureus.se\/no\/wp-json\/wp\/v2\/types\/product"}],"wp:featuredmedia":[{"embeddable":true,"href":"https:\/\/secureus.se\/no\/wp-json\/wp\/v2\/media\/140499"}],"wp:attachment":[{"href":"https:\/\/secureus.se\/no\/wp-json\/wp\/v2\/media?parent=140508"}],"wp:term":[{"taxonomy":"product_brand","embeddable":true,"href":"https:\/\/secureus.se\/no\/wp-json\/wp\/v2\/product_brand?post=140508"},{"taxonomy":"product_cat","embeddable":true,"href":"https:\/\/secureus.se\/no\/wp-json\/wp\/v2\/product_cat?post=140508"},{"taxonomy":"product_tag","embeddable":true,"href":"https:\/\/secureus.se\/no\/wp-json\/wp\/v2\/product_tag?post=140508"}],"curies":[{"name":"wp","href":"https:\/\/api.w.org\/{rel}","templated":true}]}}