{"id":140518,"date":"2023-09-26T13:07:43","date_gmt":"2023-09-26T11:07:43","guid":{"rendered":"https:\/\/secureus.se\/elslutbleck-step-18-vanster-rattvand-12v-7mm-regel-connect\/"},"modified":"2026-04-08T16:17:28","modified_gmt":"2026-04-08T14:17:28","slug":"elslutbleck-step-18-vanster-rattvand-12v-7mm-regel-connect","status":"publish","type":"product","link":"https:\/\/secureus.se\/no\/elslutbleck-step-18-vanster-rattvand-12v-7mm-regel-connect\/","title":{"rendered":"Elektrisk endeplate TRINN 18 Venstre H\u00f8yre vendt 12V 7mm Regel Connect"},"content":{"rendered":"<h1>Elektrisk endeplate TRINN 18 Venstre H\u00f8yre vendt 12V 7mm Regel Connect<\/h1>\n<p>TRINN 18 Secure er et h\u00f8ysikkerhets elektrisk sluttstykke med h\u00f8yreh\u00e5ndsfunksjon, tilpasset venstrehengte d\u00f8rer med 7 mm bolt. Branngodkjent E\/EI60 og utstyrt med stempel- og l\u00e5sekontakt.<\/p>\n<p class=\"\" data-start=\"271\" data-end=\"613\">STEP 18 Secure er et robust og p\u00e5litelig elektrisk sluttstykke som leverer h\u00f8yeste innbruddsbeskyttelse i milj\u00f8er med h\u00f8ye krav til p\u00e5litelighet, som banker, myndigheter og anlegg med evakueringskrav.<\/p>\n<p class=\"\" data-start=\"271\" data-end=\"613\">Dette elektriske sluttstykket er spesialdesignet for venstrehengte d\u00f8rer med 7 mm bolt i Connect-serien.<\/p>\n<p class=\"\" data-start=\"615\" data-end=\"941\">Den h\u00f8yrevendte funksjonen gj\u00f8r at panelet l\u00e5ses i spenningsl\u00f8s stilling, noe som gir \u00f8kt sikkerhet ved str\u00f8mbrudd.<\/p>\n<p class=\"\" data-start=\"615\" data-end=\"941\">Takket v\u00e6re den innebygde stempelbryteren og l\u00e5sebryteren tilbys sikker og p\u00e5litelig statusoverv\u00e5king av d\u00f8rposisjonen \u2013 b\u00e5de \u00e5pen\/lukket og l\u00e5st\/ul\u00e5st \u2013 for tilkobling til adgangskontrollsystemer og alarmer.<\/p>\n<p class=\"\" data-start=\"943\" data-end=\"1311\">TRINN 18 er branngodkjent opp til E\/EI60 og har en meget h\u00f8y bruddstyrke p\u00e5 15 kN.<\/p>\n<p class=\"\" data-start=\"943\" data-end=\"1311\">Den er ogs\u00e5 testet for \u00e5 t\u00e5le stripetrykk p\u00e5 opptil 5 kN i b\u00e5de forover- og reversdrift, noe som gj\u00f8r den ideell for d\u00f8rer som utsettes for trykk eller d\u00f8rautomatisering.<\/p>\n<p class=\"\" data-start=\"943\" data-end=\"1311\">En beskyttelsesdiode og overspenningsvern er standard, og produktet leveres med en 5 meter halogenfri tilkoblingskabel.<\/p>\n<p class=\"\" data-start=\"1313\" data-end=\"1341\"><strong data-start=\"1313\" data-end=\"1339\">Funksjoner og fordeler:<\/strong><\/p>\n<ul data-start=\"1342\" data-end=\"1642\">\n<li class=\"\" data-start=\"1342\" data-end=\"1381\">\n<p class=\"\" data-start=\"1344\" data-end=\"1381\">Riktig funksjon (l\u00e5st uten str\u00f8m)<\/p>\n<\/li>\n<li class=\"\" data-start=\"1382\" data-end=\"1433\">\n<p class=\"\" data-start=\"1384\" data-end=\"1433\">For venstrehengte d\u00f8rer med 7 mm Koblingsbolt<\/p>\n<\/li>\n<li class=\"\" data-start=\"1434\" data-end=\"1476\">\n<p class=\"\" data-start=\"1436\" data-end=\"1476\">Stempel og l\u00e5sekontakt for overv\u00e5king<\/p>\n<\/li>\n<li class=\"\" data-start=\"1477\" data-end=\"1509\">\n<p class=\"\" data-start=\"1479\" data-end=\"1509\">Brannklassifisert opp til E\/EI60<\/p>\n<\/li>\n<li class=\"\" data-start=\"1510\" data-end=\"1536\">\n<p class=\"\" data-start=\"1512\" data-end=\"1536\">Bruddstyrke: 15 kN<\/p>\n<\/li>\n<li class=\"\" data-start=\"1537\" data-end=\"1568\">\n<p class=\"\" data-start=\"1539\" data-end=\"1568\">T\u00e5ler st\u00f8petrykk opp til 5 kN<\/p>\n<\/li>\n<li class=\"\" data-start=\"1569\" data-end=\"1607\">\n<p class=\"\" data-start=\"1571\" data-end=\"1607\">Sl\u00e5ssikker og innebygd beskyttelsesdiode<\/p>\n<\/li>\n<li class=\"\" data-start=\"1608\" data-end=\"1642\">\n<p class=\"\" data-start=\"1610\" data-end=\"1642\">5 meter halogenfri kabel f\u00f8lger med<\/p>\n<\/li>\n<\/ul>","protected":false},"excerpt":{"rendered":"<p>Her kan du se hvilke stolper og modeller som passer sammen fra STEP-serien med elektriske d\u00f8rstoppere.<\/p>\n<h5><strong><a href=\"https:\/\/steplock.com\/sv\/stolpguide\/#!?lang=sv&amp;blog_id=1&amp;paged=1&amp;number=50\" target=\"_blank\" rel=\"noopener\">TRINN Postveiledning\u00a0<\/a><\/strong><\/h5>\n<h5><strong><a href=\"https:\/\/steplock.com\/sv\/projekteringsguide\/#!?lang=sv&amp;blog_id=1&amp;paged=1&amp;number=999\" target=\"_blank\" rel=\"noopener\">STEP design guide<\/a><\/strong><\/h5>","protected":false},"featured_media":140514,"template":"","meta":{"_acf_changed":false},"product_brand":[],"product_cat":[3355],"product_tag":[4198,4200],"class_list":{"0":"post-140518","1":"product","2":"type-product","3":"status-publish","4":"has-post-thumbnail","6":"product_cat-elslutbleck","7":"product_tag-12v","8":"product_tag-rattvand","9":"product_shipping_class-tunga-paket","10":"pa_brands-step","11":"tm-no-options","13":"first","14":"onbackorder","15":"sale","16":"taxable","17":"shipping-taxable","18":"purchasable","19":"product-type-simple"},"acf":[],"_links":{"self":[{"href":"https:\/\/secureus.se\/no\/wp-json\/wp\/v2\/product\/140518","targetHints":{"allow":["GET"]}}],"collection":[{"href":"https:\/\/secureus.se\/no\/wp-json\/wp\/v2\/product"}],"about":[{"href":"https:\/\/secureus.se\/no\/wp-json\/wp\/v2\/types\/product"}],"wp:featuredmedia":[{"embeddable":true,"href":"https:\/\/secureus.se\/no\/wp-json\/wp\/v2\/media\/140514"}],"wp:attachment":[{"href":"https:\/\/secureus.se\/no\/wp-json\/wp\/v2\/media?parent=140518"}],"wp:term":[{"taxonomy":"product_brand","embeddable":true,"href":"https:\/\/secureus.se\/no\/wp-json\/wp\/v2\/product_brand?post=140518"},{"taxonomy":"product_cat","embeddable":true,"href":"https:\/\/secureus.se\/no\/wp-json\/wp\/v2\/product_cat?post=140518"},{"taxonomy":"product_tag","embeddable":true,"href":"https:\/\/secureus.se\/no\/wp-json\/wp\/v2\/product_tag?post=140518"}],"curies":[{"name":"wp","href":"https:\/\/api.w.org\/{rel}","templated":true}]}}