{"id":140542,"date":"2023-09-26T13:07:24","date_gmt":"2023-09-26T11:07:24","guid":{"rendered":"https:\/\/secureus.se\/elslutbleck-step-28e-vanster-omvand-12v-9mm-regel\/"},"modified":"2026-04-23T12:43:43","modified_gmt":"2026-04-23T10:43:43","slug":"elslutbleck-step-28e-vanster-omvand-12v-9mm-regel","status":"publish","type":"product","link":"https:\/\/secureus.se\/no\/elslutbleck-step-28e-vanster-omvand-12v-9mm-regel\/","title":{"rendered":"Elektrisk endeplate STEP 28E Venstre Revers 12V 9mm Rulle"},"content":{"rendered":"<h1>Elektrisk endeplate STEP 28E Venstre Revers 12V 9mm Rulle<\/h1>\n<p>TRINN 28E Sikkert elektrisk sluttstykke med reversfunksjon for venstrehengte d\u00f8rer og 9 mm stempel i Connect-serien. Brannklasse E\/EI 60. Inkl. 5m kabel.<\/p>\n<p class=\"\" data-start=\"223\" data-end=\"636\">STEP 28E Secure elektrisk sluttstykke er designet for \u00e5 m\u00f8te sv\u00e6rt h\u00f8ye krav til sikkerhet, evakuering og brannklassifisering.<\/p>\n<p class=\"\" data-start=\"223\" data-end=\"636\">Med sin reversfunksjon \u2013 som betyr at bladet l\u00e5ses opp ved str\u00f8mbrudd \u2013 er det et ideelt valg for r\u00f8mningsd\u00f8rer i milj\u00f8er hvor sikkerheten ikke m\u00e5 g\u00e5 p\u00e5 bekostning.<\/p>\n<p class=\"\" data-start=\"223\" data-end=\"636\">Platen er spesielt tilpasset venstrehengte d\u00f8rer med 9 mm stempel i Connect-serien.<\/p>\n<p class=\"\" data-start=\"638\" data-end=\"929\">Takket v\u00e6re den h\u00f8ye bruddstyrken p\u00e5 over 15 kN og STEPs listtrykkteknologi sikres p\u00e5litelig funksjon ogs\u00e5 under trykk fra d\u00f8rlister p\u00e5 opptil 500 kg.<\/p>\n<p class=\"\" data-start=\"638\" data-end=\"929\">Dette gj\u00f8r STEP 28E egnet for installasjoner med automatiske d\u00f8rsystemer, trekkh\u00e5ndtak og kombinasjon med r\u00f8mningsl\u00e5s i henhold til SS-EN 179.<\/p>\n<p class=\"\" data-start=\"931\" data-end=\"1211\">Det elektriske sluttstykket har b\u00e5de stempel- og l\u00e5sekontakt, som muliggj\u00f8r presis indikasjon av d\u00f8rens status \u2013 perfekt for integrasjon med alarm- eller adgangskontrollsystemer.<\/p>\n<p class=\"\" data-start=\"931\" data-end=\"1211\">Den er ogs\u00e5 branngodkjent etter E\/EI 60, som sikrer at den beholder sin funksjon i inntil 60 minutter ved brann.<\/p>\n<p class=\"\" data-start=\"1213\" data-end=\"1322\">Leveres komplett med 5 meter halogenfri tilkoblingskabel og er manipulasjonssikker for \u00f8kt motstand mot manipulasjon.<\/p>\n<p class=\"\" data-start=\"1324\" data-end=\"1352\"><strong data-start=\"1324\" data-end=\"1350\">Funksjoner og fordeler:<\/strong><\/p>\n<ul data-start=\"1353\" data-end=\"1616\">\n<li class=\"\" data-start=\"1353\" data-end=\"1387\">\n<p class=\"\" data-start=\"1355\" data-end=\"1387\">For 9 mm stempel i Connect-serien<\/p>\n<\/li>\n<li class=\"\" data-start=\"1388\" data-end=\"1433\">\n<p class=\"\" data-start=\"1390\" data-end=\"1433\">Reverseringsfunksjon \u2013 l\u00e5ses opp ved str\u00f8mbrudd<\/p>\n<\/li>\n<li class=\"\" data-start=\"1434\" data-end=\"1462\">\n<p class=\"\" data-start=\"1436\" data-end=\"1462\">For venstrehengslede d\u00f8rer<\/p>\n<\/li>\n<li class=\"\" data-start=\"1463\" data-end=\"1485\">\n<p class=\"\" data-start=\"1465\" data-end=\"1485\">Brannklasse E\/EI 60<\/p>\n<\/li>\n<li class=\"\" data-start=\"1486\" data-end=\"1527\">\n<p class=\"\" data-start=\"1488\" data-end=\"1527\">Stempel og l\u00e5sekontakt for indikasjon<\/p>\n<\/li>\n<li class=\"\" data-start=\"1528\" data-end=\"1554\">\n<p class=\"\" data-start=\"1530\" data-end=\"1554\">Bruddstyrke: 15 kN<\/p>\n<\/li>\n<li class=\"\" data-start=\"1555\" data-end=\"1585\">\n<p class=\"\" data-start=\"1557\" data-end=\"1585\">Strimmeltrykkmotstand: 500 kg<\/p>\n<\/li>\n<li class=\"\" data-start=\"1586\" data-end=\"1616\">\n<p class=\"\" data-start=\"1588\" data-end=\"1616\">Inkl. 5 m halogenfri kabel<\/p>\n<\/li>\n<\/ul>","protected":false},"excerpt":{"rendered":"<p>Her kan du se hvilke stolper og modeller som passer sammen fra STEP-serien med elektriske d\u00f8rstoppere.<\/p>\n<h5><strong><a href=\"https:\/\/steplock.com\/sv\/stolpguide\/#!?lang=sv&amp;blog_id=1&amp;paged=1&amp;number=50\" target=\"_blank\" rel=\"noopener\">TRINN Postveiledning\u00a0<\/a><\/strong><\/h5>\n<h5><strong><a href=\"https:\/\/steplock.com\/sv\/projekteringsguide\/#!?lang=sv&amp;blog_id=1&amp;paged=1&amp;number=999\" target=\"_blank\" rel=\"noopener\">STEP design guide<\/a><\/strong><\/h5>","protected":false},"featured_media":140539,"template":"","meta":{"_acf_changed":false},"product_brand":[],"product_cat":[3355],"product_tag":[4198,4201],"class_list":{"0":"post-140542","1":"product","2":"type-product","3":"status-publish","4":"has-post-thumbnail","6":"product_cat-elslutbleck","7":"product_tag-12v","8":"product_tag-omvand","9":"product_shipping_class-tunga-paket","10":"pa_brands-step","11":"tm-no-options","13":"first","14":"onbackorder","15":"sale","16":"taxable","17":"shipping-taxable","18":"purchasable","19":"product-type-simple"},"acf":[],"_links":{"self":[{"href":"https:\/\/secureus.se\/no\/wp-json\/wp\/v2\/product\/140542","targetHints":{"allow":["GET"]}}],"collection":[{"href":"https:\/\/secureus.se\/no\/wp-json\/wp\/v2\/product"}],"about":[{"href":"https:\/\/secureus.se\/no\/wp-json\/wp\/v2\/types\/product"}],"wp:featuredmedia":[{"embeddable":true,"href":"https:\/\/secureus.se\/no\/wp-json\/wp\/v2\/media\/140539"}],"wp:attachment":[{"href":"https:\/\/secureus.se\/no\/wp-json\/wp\/v2\/media?parent=140542"}],"wp:term":[{"taxonomy":"product_brand","embeddable":true,"href":"https:\/\/secureus.se\/no\/wp-json\/wp\/v2\/product_brand?post=140542"},{"taxonomy":"product_cat","embeddable":true,"href":"https:\/\/secureus.se\/no\/wp-json\/wp\/v2\/product_cat?post=140542"},{"taxonomy":"product_tag","embeddable":true,"href":"https:\/\/secureus.se\/no\/wp-json\/wp\/v2\/product_tag?post=140542"}],"curies":[{"name":"wp","href":"https:\/\/api.w.org\/{rel}","templated":true}]}}