{"id":140549,"date":"2023-09-26T13:07:21","date_gmt":"2023-09-26T11:07:21","guid":{"rendered":"https:\/\/secureus.se\/elslutbleck-step-28e-hoger-omvand-12v-7mm-regel\/"},"modified":"2026-04-08T16:22:03","modified_gmt":"2026-04-08T14:22:03","slug":"elslutbleck-step-28e-hoger-omvand-12v-7mm-regel","status":"publish","type":"product","link":"https:\/\/secureus.se\/no\/elslutbleck-step-28e-hoger-omvand-12v-7mm-regel\/","title":{"rendered":"Elektrisk endeplate STEP 28E H\u00f8yre Revers 12V 7mm Rulle"},"content":{"rendered":"<h1>Elektrisk endeplate STEP 28E H\u00f8yre Revers 12V 7mm Rulle<\/h1>\n<p>STEP 28E Secure er et omvendt elektrisk sluttstykke for h\u00f8yrehengte d\u00f8rer, brannklassifisert til E\/EI 60.<\/p>\n<p>Passer 7 mm boltel\u00e5ser i Connect-serien, manipulasjonssikker og med st\u00f8tte for adgangskontrollsystemer. Inkluderer 5 m halogenfri kabel.<\/p>\n<p class=\"\" data-start=\"435\" data-end=\"903\">STEP 28E Secure er et elektrisk sluttstykke med h\u00f8yt sikkerhetsniv\u00e5 og reversfunksjon \u2013 perfekt for h\u00f8yrehengte d\u00f8rer i milj\u00f8er med krav til b\u00e5de brannsikring og evakuering.<\/p>\n<p class=\"\" data-start=\"435\" data-end=\"903\">I spenningsl\u00f8s stilling er platen l\u00e5st, noe som gir \u00f8kt sikkerhet i anlegg som krever beskyttelse ogs\u00e5 ved str\u00f8mbrudd.<\/p>\n<p class=\"\" data-start=\"435\" data-end=\"903\">Benyttes med sperrel\u00e5s eller krokl\u00e5s med 7 mm stempel, og egner seg spesielt godt i kombinasjon med automatiske d\u00f8rsystemer og r\u00f8mningsl\u00e5s iht SS-EN 179.<\/p>\n<p class=\"\" data-start=\"905\" data-end=\"1226\">Den er branngodkjent opp til E\/EI 60 og har en kraftig konstruksjon med en bruddstyrke p\u00e5 over 15 kN.<\/p>\n<p class=\"\" data-start=\"905\" data-end=\"1226\">Indikasjonsfunksjoner gj\u00f8r det mulig \u00e5 koble den elektriske sluttplaten til adgangskontrollsystemer, alarmsystemer eller andre overv\u00e5kingsfunksjoner.<\/p>\n<p class=\"\" data-start=\"905\" data-end=\"1226\">Indikerer b\u00e5de d\u00f8rstatus (\u00e5pen\/lukket) og l\u00e5sestatus (l\u00e5st\/ul\u00e5st) via innebygde kontakter.<\/p>\n<p class=\"\" data-start=\"1228\" data-end=\"1557\">STEP 28E Secure er ogs\u00e5 manipulasjonssikker og t\u00e5ler trykk p\u00e5 opptil 500 kg. En 5 meter halogenfri tilkoblingskabel er inkludert for enkel installasjon.<\/p>\n<p class=\"\" data-start=\"1228\" data-end=\"1557\">Produktet er byggevarevurdert og godkjent av SundaHus, noe som gj\u00f8r det til et trygt valg ogs\u00e5 fra et b\u00e6rekraftsperspektiv.<\/p>\n<p class=\"\" data-start=\"1228\" data-end=\"1557\">Robust design i rustfritt st\u00e5l med m\u00e5l p\u00e5 230 x 35 x 40 mm.<\/p>","protected":false},"excerpt":{"rendered":"<p>Her kan du se hvilke stolper og modeller som passer sammen fra STEP-serien med elektriske d\u00f8rstoppere.<\/p>\n<h5><strong><a href=\"https:\/\/steplock.com\/sv\/stolpguide\/#!?lang=sv&amp;blog_id=1&amp;paged=1&amp;number=50\" target=\"_blank\" rel=\"noopener\">TRINN Postveiledning\u00a0<\/a><\/strong><\/h5>\n<h5><strong><a href=\"https:\/\/steplock.com\/sv\/projekteringsguide\/#!?lang=sv&amp;blog_id=1&amp;paged=1&amp;number=999\" target=\"_blank\" rel=\"noopener\">STEP design guide<\/a><\/strong><\/h5>","protected":false},"featured_media":140547,"template":"","meta":{"_acf_changed":false},"product_brand":[],"product_cat":[3355],"product_tag":[4198,4201],"class_list":{"0":"post-140549","1":"product","2":"type-product","3":"status-publish","4":"has-post-thumbnail","6":"product_cat-elslutbleck","7":"product_tag-12v","8":"product_tag-omvand","9":"product_shipping_class-tunga-paket","10":"pa_brands-step","11":"tm-no-options","13":"first","14":"onbackorder","15":"sale","16":"taxable","17":"shipping-taxable","18":"purchasable","19":"product-type-simple"},"acf":[],"_links":{"self":[{"href":"https:\/\/secureus.se\/no\/wp-json\/wp\/v2\/product\/140549","targetHints":{"allow":["GET"]}}],"collection":[{"href":"https:\/\/secureus.se\/no\/wp-json\/wp\/v2\/product"}],"about":[{"href":"https:\/\/secureus.se\/no\/wp-json\/wp\/v2\/types\/product"}],"wp:featuredmedia":[{"embeddable":true,"href":"https:\/\/secureus.se\/no\/wp-json\/wp\/v2\/media\/140547"}],"wp:attachment":[{"href":"https:\/\/secureus.se\/no\/wp-json\/wp\/v2\/media?parent=140549"}],"wp:term":[{"taxonomy":"product_brand","embeddable":true,"href":"https:\/\/secureus.se\/no\/wp-json\/wp\/v2\/product_brand?post=140549"},{"taxonomy":"product_cat","embeddable":true,"href":"https:\/\/secureus.se\/no\/wp-json\/wp\/v2\/product_cat?post=140549"},{"taxonomy":"product_tag","embeddable":true,"href":"https:\/\/secureus.se\/no\/wp-json\/wp\/v2\/product_tag?post=140549"}],"curies":[{"name":"wp","href":"https:\/\/api.w.org\/{rel}","templated":true}]}}