{"id":140571,"date":"2023-09-26T13:07:19","date_gmt":"2023-09-26T11:07:19","guid":{"rendered":"https:\/\/secureus.se\/elslutbleck-step-28e-hoger-omvand-12v-9mm-regel\/"},"modified":"2026-04-08T16:22:28","modified_gmt":"2026-04-08T14:22:28","slug":"elslutbleck-step-28e-hoger-omvand-12v-9mm-regel","status":"publish","type":"product","link":"https:\/\/secureus.se\/no\/elslutbleck-step-28e-hoger-omvand-12v-9mm-regel\/","title":{"rendered":"Elektrisk endeplate STEP 28E H\u00f8yre Revers 12V 9mm Rulle"},"content":{"rendered":"<h1>Elektrisk endeplate STEP 28E H\u00f8yre Revers 12V 9mm Rulle<\/h1>\n<p>STEP 28E Secure er et omvendt elektrisk sluttstykke for h\u00f8yrehengte d\u00f8rer med 9 mm boltel\u00e5s.<\/p>\n<p>Brannklasse E\/EI 60, manipulasjonssikker og kompatibel med adgangskontrollsystemer. Inkluderer 5 meter halogenfri kabel.<\/p>\n<p class=\"\" data-start=\"385\" data-end=\"783\">Elektrisk sluttstykke STEP 28E Secure er et h\u00f8yytelses elektrisk sluttstykke utviklet for sikkerhetsklassifiserte installasjoner hvor det stilles h\u00f8ye krav til innbruddssikring, brannsikkerhet og mulighet for evakuering.<\/p>\n<p class=\"\" data-start=\"385\" data-end=\"783\">Platen brukes sammen med boltel\u00e5ser med 9 mm stempel i Connect-serien, og er beregnet p\u00e5 h\u00f8yrehengte d\u00f8rer med reversfunksjon - som betyr at den l\u00e5ses i spenningsl\u00f8s stilling.<\/p>\n<p class=\"\" data-start=\"785\" data-end=\"1145\">Produktet er brannklassifisert opp til E\/EI 60 og er derfor ideelt i d\u00f8rmilj\u00f8er med n\u00f8devakueringsfunksjoner i henhold til SS-EN 179, hvor kombinasjonen av brannkrav, d\u00f8rautomatikk og sikkerhet er avgj\u00f8rende.<\/p>\n<p class=\"\" data-start=\"785\" data-end=\"1145\">STEP 28E har innebygde mikrobrytere for \u00e5 registrere status p\u00e5 d\u00f8r og l\u00e5s.<\/p>\n<p class=\"\" data-start=\"785\" data-end=\"1145\">Disse signalene kan kobles til adgangskontrollsystemer, alarmsystemer eller annen overv\u00e5king.<\/p>\n<p class=\"\" data-start=\"1147\" data-end=\"1475\">Den elektriske slagplaten har en h\u00f8y bruddstyrke p\u00e5 over 15 kN og fungerer ogs\u00e5 under stripetrykk p\u00e5 opptil 500 kg.<\/p>\n<p class=\"\" data-start=\"1147\" data-end=\"1475\">Konstruksjonen er manipulasjonssikker, robust og laget av rustfritt st\u00e5l. En 5 meter lang halogenfri kabel f\u00f8lger med som standard.<\/p>\n<p class=\"\" data-start=\"1147\" data-end=\"1475\">Produktet er byggevarevurdert og godkjent av SundaHus \u2013 et sterkt valg for b\u00e6rekraftige byggeprosjekter.<\/p>","protected":false},"excerpt":{"rendered":"<p>Her kan du se hvilke stolper og modeller som passer sammen fra STEP-serien med elektriske d\u00f8rstoppere.<\/p>\n<h5><strong><a href=\"https:\/\/steplock.com\/sv\/stolpguide\/#!?lang=sv&amp;blog_id=1&amp;paged=1&amp;number=50\" target=\"_blank\" rel=\"noopener\">TRINN Postveiledning\u00a0<\/a><\/strong><\/h5>\n<h5><strong><a href=\"https:\/\/steplock.com\/sv\/projekteringsguide\/#!?lang=sv&amp;blog_id=1&amp;paged=1&amp;number=999\" target=\"_blank\" rel=\"noopener\">STEP design guide<\/a><\/strong><\/h5>","protected":false},"featured_media":140569,"template":"","meta":{"_acf_changed":false},"product_brand":[],"product_cat":[3355],"product_tag":[4198,4201],"class_list":{"0":"post-140571","1":"product","2":"type-product","3":"status-publish","4":"has-post-thumbnail","6":"product_cat-elslutbleck","7":"product_tag-12v","8":"product_tag-omvand","9":"product_shipping_class-tunga-paket","10":"pa_brands-step","11":"tm-no-options","13":"first","14":"onbackorder","15":"sale","16":"taxable","17":"shipping-taxable","18":"purchasable","19":"product-type-simple"},"acf":[],"_links":{"self":[{"href":"https:\/\/secureus.se\/no\/wp-json\/wp\/v2\/product\/140571","targetHints":{"allow":["GET"]}}],"collection":[{"href":"https:\/\/secureus.se\/no\/wp-json\/wp\/v2\/product"}],"about":[{"href":"https:\/\/secureus.se\/no\/wp-json\/wp\/v2\/types\/product"}],"wp:featuredmedia":[{"embeddable":true,"href":"https:\/\/secureus.se\/no\/wp-json\/wp\/v2\/media\/140569"}],"wp:attachment":[{"href":"https:\/\/secureus.se\/no\/wp-json\/wp\/v2\/media?parent=140571"}],"wp:term":[{"taxonomy":"product_brand","embeddable":true,"href":"https:\/\/secureus.se\/no\/wp-json\/wp\/v2\/product_brand?post=140571"},{"taxonomy":"product_cat","embeddable":true,"href":"https:\/\/secureus.se\/no\/wp-json\/wp\/v2\/product_cat?post=140571"},{"taxonomy":"product_tag","embeddable":true,"href":"https:\/\/secureus.se\/no\/wp-json\/wp\/v2\/product_tag?post=140571"}],"curies":[{"name":"wp","href":"https:\/\/api.w.org\/{rel}","templated":true}]}}