{"id":140578,"date":"2023-09-26T13:07:13","date_gmt":"2023-09-26T11:07:13","guid":{"rendered":"https:\/\/secureus.se\/elslutbleck-step-28e-vanster-omvand-12v-12mm-regel\/"},"modified":"2026-03-26T09:51:06","modified_gmt":"2026-03-26T08:51:06","slug":"elslutbleck-step-28e-vanster-omvand-12v-12mm-regel","status":"publish","type":"product","link":"https:\/\/secureus.se\/no\/elslutbleck-step-28e-vanster-omvand-12v-12mm-regel\/","title":{"rendered":"Elektrisk endeplate STEP 28E Venstre Revers 12V 12mm Rulle"},"content":{"rendered":"<h1>Elektrisk endeplate STEP 28E Venstre Revers 12V 12mm Rulle<\/h1>\n<p>TRINN 28E Sikker elektrisk sluttstykke med reversfunksjon for venstrehengte d\u00f8rer. Tilpasset 12 mm stempel i Modul-serien, 12V DC.<\/p>\n<p>Brannklassifisert E\/EI 60 og klar for integrasjon med adgangskontrollsystemer. Leveres med 5 m halogenfri kabel.<\/p>\n<p class=\"\" data-start=\"413\" data-end=\"803\">Elektrisk sluttstykke STEP 28E Secure er et elektrisk sluttstykke av h\u00f8y kvalitet designet for venstrehengte d\u00f8rer hvor sikkerhet, brannsikring og r\u00f8mningsmulighet skal kombineres.<\/p>\n<p class=\"\" data-start=\"413\" data-end=\"803\">Den brukes sammen med 12 mm boltel\u00e5ser i Modul-serien og har en reversfunksjon som holder platen l\u00e5st i spenningsl\u00f8s posisjon \u2013 en kritisk egenskap for sikkerhetsklassifiserte installasjoner.<\/p>\n<p class=\"\" data-start=\"805\" data-end=\"1138\">Takket v\u00e6re sin brannklasse opp til E\/EI 60, brukes STEP 28E ofte i d\u00f8rmilj\u00f8er hvor det kreves r\u00f8mningsl\u00e5s i henhold til SS-EN 179, i kombinasjon med d\u00f8rautomatikk eller trekkh\u00e5ndtak.<\/p>\n<p class=\"\" data-start=\"805\" data-end=\"1138\">Platen er utstyrt med mikrobryter og doble indikatorer (stempel- og l\u00e5sekontakt) for tilkobling til adgangskontrollsystem, alarmsystem eller annen overv\u00e5king.<\/p>\n<p class=\"\" data-start=\"1140\" data-end=\"1515\">Med en bruddstyrke p\u00e5 over 15 kN og motstand mot stripetrykk p\u00e5 opptil 500 kg t\u00e5ler den elektriske sluttplaten selv sv\u00e6rt krevende milj\u00f8er.<\/p>\n<p class=\"\" data-start=\"1140\" data-end=\"1515\">Den robuste, slagsikre rustfrie st\u00e5lkonstruksjonen sikrer lang holdbarhet. Leveres komplett med 5 meter halogenfri tilkoblingskabel.<\/p>\n<p class=\"\" data-start=\"1140\" data-end=\"1515\">Produktet er byggevarevurdert og godkjent av SundaHus og er et trygt valg for profesjonelle prosjekter.<\/p>\n<p class=\"\" data-start=\"1517\" data-end=\"1667\">STEP 28E med 12V DC driftsspenning er ideell for moderne sikkerhetssystemer hvor h\u00f8y ytelse kombineres med driftssikkerhet og tydelig statusoverv\u00e5king.<\/p>","protected":false},"excerpt":{"rendered":"<p>Her kan du se hvilke stolper og modeller som passer sammen fra STEP-serien med elektriske d\u00f8rstoppere.<\/p>\n<h5><strong><a href=\"https:\/\/steplock.com\/sv\/stolpguide\/#!?lang=sv&amp;blog_id=1&amp;paged=1&amp;number=50\" target=\"_blank\" rel=\"noopener\">TRINN Postveiledning\u00a0<\/a><\/strong><\/h5>\n<h5><strong><a href=\"https:\/\/steplock.com\/sv\/projekteringsguide\/#!?lang=sv&amp;blog_id=1&amp;paged=1&amp;number=999\" target=\"_blank\" rel=\"noopener\">STEP design guide<\/a><\/strong><\/h5>","protected":false},"featured_media":140575,"template":"","meta":{"_acf_changed":false},"product_brand":[],"product_cat":[3355],"product_tag":[4198,4201],"class_list":{"0":"post-140578","1":"product","2":"type-product","3":"status-publish","4":"has-post-thumbnail","6":"product_cat-elslutbleck","7":"product_tag-12v","8":"product_tag-omvand","9":"product_shipping_class-tunga-paket","10":"pa_brands-step","11":"tm-no-options","13":"first","14":"instock","15":"sale","16":"taxable","17":"shipping-taxable","18":"purchasable","19":"product-type-simple"},"acf":[],"_links":{"self":[{"href":"https:\/\/secureus.se\/no\/wp-json\/wp\/v2\/product\/140578","targetHints":{"allow":["GET"]}}],"collection":[{"href":"https:\/\/secureus.se\/no\/wp-json\/wp\/v2\/product"}],"about":[{"href":"https:\/\/secureus.se\/no\/wp-json\/wp\/v2\/types\/product"}],"wp:featuredmedia":[{"embeddable":true,"href":"https:\/\/secureus.se\/no\/wp-json\/wp\/v2\/media\/140575"}],"wp:attachment":[{"href":"https:\/\/secureus.se\/no\/wp-json\/wp\/v2\/media?parent=140578"}],"wp:term":[{"taxonomy":"product_brand","embeddable":true,"href":"https:\/\/secureus.se\/no\/wp-json\/wp\/v2\/product_brand?post=140578"},{"taxonomy":"product_cat","embeddable":true,"href":"https:\/\/secureus.se\/no\/wp-json\/wp\/v2\/product_cat?post=140578"},{"taxonomy":"product_tag","embeddable":true,"href":"https:\/\/secureus.se\/no\/wp-json\/wp\/v2\/product_tag?post=140578"}],"curies":[{"name":"wp","href":"https:\/\/api.w.org\/{rel}","templated":true}]}}