{"id":140648,"date":"2023-09-26T13:06:51","date_gmt":"2023-09-26T11:06:51","guid":{"rendered":"https:\/\/secureus.se\/elslutbleck-step-30-omvand-12v-kolvkontakt\/"},"modified":"2026-04-23T12:57:02","modified_gmt":"2026-04-23T10:57:02","slug":"elslutbleck-step-30-omvand-12v-kolvkontakt","status":"publish","type":"product","link":"https:\/\/secureus.se\/no\/elslutbleck-step-30-omvand-12v-kolvkontakt\/","title":{"rendered":"Elektrisk endeplate TRINN 30 Omvendt 12V Stempelkontakt"},"content":{"rendered":"<h1>Elektrisk endeplate TRINN 30 Omvendt 12V Stempelkontakt<\/h1>\n<p>Elektrisk sluttstykke STEP 30 Preload er et kompakt elektrisk sluttstykke designet for \u00e5 erstatte eldre enkle elektriske sluttstykker og skape et p\u00e5litelig d\u00f8rmilj\u00f8, selv i eldre d\u00f8rseksjoner.<\/p>\n<p>Utstyrt med HPR\u00ae-teknologi og bruddstyrke p\u00e5 500 kg.<\/p>\n<p class=\"\" data-start=\"401\" data-end=\"896\">STEP 30 Preload elektrisk sluttstykke er det optimale valget for \u00e5 erstatte eksisterende enkle elektriske sluttstykker og sikre et p\u00e5litelig d\u00f8rmilj\u00f8, selv i eldre d\u00f8rseksjoner og utsparinger.<\/p>\n<p class=\"\" data-start=\"401\" data-end=\"896\">STEP 30 er en del av STEPs Preload-serie, som kombinerer minimale dimensjoner med h\u00f8y kvalitet og fleksibilitet.<\/p>\n<p class=\"\" data-start=\"401\" data-end=\"896\">Dette elektriske sluttstykket er designet for \u00e5 t\u00e5le h\u00f8y \u00e5pningsfrekvens og er utstyrt med STEPs patenterte stripetrykkteknologi, som gj\u00f8r at d\u00f8ren alltid kan \u00e5pnes selv om den utsettes for trykk.<\/p>\n<p class=\"\" data-start=\"898\" data-end=\"1302\">Reversfunksjonen betyr at d\u00f8ren l\u00e5ses opp i spenningsl\u00f8s posisjon, noe som gir rask og enkel \u00e5pning.<\/p>\n<p class=\"\" data-start=\"898\" data-end=\"1302\">Stempelbryteren gir en indikasjon p\u00e5 d\u00f8rens status (lukket\/\u00e5pen), noe som gj\u00f8r den enkel \u00e5 integrere med adgangskontrollsystemer og alarmsystemer.<\/p>\n<p class=\"\" data-start=\"898\" data-end=\"1302\">Med en bruddstyrke p\u00e5 5 kN (ca. 500 kg) og mulighet til \u00e5 \u00e5pne til tross for stripetrykk p\u00e5 opptil 40 kg, tilbyr STEP 30 Preload b\u00e5de sikkerhet og p\u00e5litelighet.<\/p>\n<p class=\"\" data-start=\"1304\" data-end=\"1319\"><strong data-start=\"1304\" data-end=\"1319\">Kjennetegn:<\/strong><\/p>\n<ul data-start=\"1320\" data-end=\"1717\">\n<li class=\"\" data-start=\"1320\" data-end=\"1361\">\n<p class=\"\" data-start=\"1322\" data-end=\"1361\">Reverseringsfunksjon (l\u00e5st i str\u00f8ml\u00f8s modus)<\/p>\n<\/li>\n<li class=\"\" data-start=\"1362\" data-end=\"1417\">\n<p class=\"\" data-start=\"1364\" data-end=\"1417\">Stempelkontakt. D\u00f8rstatusindikasjon (lukket\/\u00e5pen)<\/p>\n<\/li>\n<li class=\"\" data-start=\"1418\" data-end=\"1456\">\n<p class=\"\" data-start=\"1420\" data-end=\"1456\">Innebygd beskyttelsesdiode for \u00f8kt sikkerhet<\/p>\n<\/li>\n<li class=\"\" data-start=\"1457\" data-end=\"1494\">\n<p class=\"\" data-start=\"1459\" data-end=\"1494\">Bruddstyrke p\u00e5 5 kN (ca. 500 kg)<\/p>\n<\/li>\n<li class=\"\" data-start=\"1495\" data-end=\"1597\">\n<p class=\"\" data-start=\"1497\" data-end=\"1597\">Garanterer \u00e5pning til tross for stripetrykk p\u00e5 opptil 0,4 kN (ca. 40 kg) i b\u00e5de forover- og reversfunksjon<\/p>\n<\/li>\n<li class=\"\" data-start=\"1598\" data-end=\"1657\">\n<p class=\"\" data-start=\"1600\" data-end=\"1657\">Bankesikker og vendbar for b\u00e5de h\u00f8yre- og venstred\u00f8rer<\/p>\n<\/li>\n<li class=\"\" data-start=\"1658\" data-end=\"1700\">\n<p class=\"\" data-start=\"1660\" data-end=\"1700\">Egnet for enkeltfl\u00f8yede og tofl\u00f8yede l\u00e5ser<\/p>\n<\/li>\n<li class=\"\" data-start=\"1701\" data-end=\"1717\">\n<p class=\"\" data-start=\"1703\" data-end=\"1717\">Kabel f\u00f8lger ikke med<\/p>\n<\/li>\n<\/ul>\n<p class=\"\" data-start=\"1719\" data-end=\"1748\"><strong data-start=\"1719\" data-end=\"1748\">Tekniske spesifikasjoner:<\/strong><\/p>\n<ul data-start=\"1749\" data-end=\"2399\">\n<li class=\"\" data-start=\"1749\" data-end=\"1856\">\n<p class=\"\" data-start=\"1751\" data-end=\"1856\">Str\u00f8mforsyning: 24 V DC (+15% -10%) 110 mAh \/ maks 300 mA eller 12 V DC (+15% -10%) 220 mAh \/ maks 600 mA<\/p>\n<\/li>\n<li class=\"\" data-start=\"1857\" data-end=\"1920\">\n<p class=\"\" data-start=\"1859\" data-end=\"1920\">Stempelkontakt: Mikrobryter enpolet alternerende, maks. 30V DC, 1A<\/p>\n<\/li>\n<li class=\"\" data-start=\"1921\" data-end=\"1961\">\n<p class=\"\" data-start=\"1923\" data-end=\"1961\">Holdbarhet: Grad X i henhold til SS-EN 14846<\/p>\n<\/li>\n<li class=\"\" data-start=\"1962\" data-end=\"2001\">\n<p class=\"\" data-start=\"1964\" data-end=\"2001\">Korrosjon: Grad M i henhold til SS-EN 14846<\/p>\n<\/li>\n<li class=\"\" data-start=\"2002\" data-end=\"2040\">\n<p class=\"\" data-start=\"2004\" data-end=\"2040\">Sikkerhet: Grad 3 i henhold til SS-EN 14846<\/p>\n<\/li>\n<li class=\"\" data-start=\"2041\" data-end=\"2066\">\n<p class=\"\" data-start=\"2043\" data-end=\"2066\">Bruddstyrke: 500 kg<\/p>\n<\/li>\n<li class=\"\" data-start=\"2067\" data-end=\"2097\">\n<p class=\"\" data-start=\"2069\" data-end=\"2097\">D\u00f8rhengsel: H\u00f8yre, Venstre<\/p>\n<\/li>\n<li class=\"\" data-start=\"2098\" data-end=\"2116\">\n<p class=\"\" data-start=\"2100\" data-end=\"2116\">Listetrykk: 40 kg<\/p>\n<\/li>\n<li class=\"\" data-start=\"2117\" data-end=\"2152\">\n<p class=\"\" data-start=\"2119\" data-end=\"2152\">L\u00e5stype: Enkel l\u00e5s, Dobbel l\u00e5s<\/p>\n<\/li>\n<li class=\"\" data-start=\"2153\" data-end=\"2208\">\n<p class=\"\" data-start=\"2155\" data-end=\"2208\">Produktdimensjoner: Bredde: 20,5 mm, Dybde: 28 mm, H\u00f8yde: 99 mm<\/p>\n<\/li>\n<li class=\"\" data-start=\"2209\" data-end=\"2226\">\n<p class=\"\" data-start=\"2211\" data-end=\"2226\">Stempelkontakt: Ja<\/p>\n<\/li>\n<li class=\"\" data-start=\"2227\" data-end=\"2247\">\n<p class=\"\" data-start=\"2229\" data-end=\"2247\">Spenning AC\/DC: DC<\/p>\n<\/li>\n<li class=\"\" data-start=\"2248\" data-end=\"2270\">\n<p class=\"\" data-start=\"2250\" data-end=\"2270\">Spenning maks: 13,8 V<\/p>\n<\/li>\n<li class=\"\" data-start=\"2271\" data-end=\"2293\">\n<p class=\"\" data-start=\"2273\" data-end=\"2293\">Spenning min: 10,8 V<\/p>\n<\/li>\n<li class=\"\" data-start=\"2294\" data-end=\"2322\">\n<p class=\"\" data-start=\"2296\" data-end=\"2322\">Farge\/finish: Rustfritt st\u00e5l<\/p>\n<\/li>\n<li class=\"\" data-start=\"2323\" data-end=\"2343\">\n<p class=\"\" data-start=\"2325\" data-end=\"2343\">Byggeprodukt vurdert: Ja<\/p>\n<\/li>\n<li class=\"\" data-start=\"2344\" data-end=\"2365\">\n<p class=\"\" data-start=\"2346\" data-end=\"2365\">EPD-verifisert: Nei<\/p>\n<\/li>\n<li class=\"\" data-start=\"2366\" data-end=\"2378\">\n<p class=\"\" data-start=\"2368\" data-end=\"2378\">FINFO: Nei<\/p>\n<\/li>\n<li class=\"\" data-start=\"2379\" data-end=\"2399\">\n<p class=\"\" data-start=\"2381\" data-end=\"2399\">SundaHouse vurdert: Ja<\/p>\n<\/li>\n<\/ul>","protected":false},"excerpt":{"rendered":"<p>Her kan du se hvilke stolper og modeller som passer sammen fra STEP-serien med elektriske d\u00f8rstoppere.<\/p>\n<h5><strong><a href=\"https:\/\/steplock.com\/sv\/stolpguide\/#!?lang=sv&amp;blog_id=1&amp;paged=1&amp;number=50\" target=\"_blank\" rel=\"noopener\">TRINN Postveiledning\u00a0<\/a><\/strong><\/h5>\n<h5><strong><a href=\"https:\/\/steplock.com\/sv\/projekteringsguide\/#!?lang=sv&amp;blog_id=1&amp;paged=1&amp;number=999\" target=\"_blank\" rel=\"noopener\">STEP design guide<\/a><\/strong><\/h5>","protected":false},"featured_media":140647,"template":"","meta":{"_acf_changed":false},"product_brand":[],"product_cat":[3355],"product_tag":[4198,4201],"class_list":{"0":"post-140648","1":"product","2":"type-product","3":"status-publish","4":"has-post-thumbnail","6":"product_cat-elslutbleck","7":"product_tag-12v","8":"product_tag-omvand","9":"product_shipping_class-tunga-paket","10":"pa_brands-step","11":"tm-no-options","13":"first","14":"onbackorder","15":"sale","16":"taxable","17":"shipping-taxable","18":"purchasable","19":"product-type-simple"},"acf":[],"_links":{"self":[{"href":"https:\/\/secureus.se\/no\/wp-json\/wp\/v2\/product\/140648","targetHints":{"allow":["GET"]}}],"collection":[{"href":"https:\/\/secureus.se\/no\/wp-json\/wp\/v2\/product"}],"about":[{"href":"https:\/\/secureus.se\/no\/wp-json\/wp\/v2\/types\/product"}],"wp:featuredmedia":[{"embeddable":true,"href":"https:\/\/secureus.se\/no\/wp-json\/wp\/v2\/media\/140647"}],"wp:attachment":[{"href":"https:\/\/secureus.se\/no\/wp-json\/wp\/v2\/media?parent=140648"}],"wp:term":[{"taxonomy":"product_brand","embeddable":true,"href":"https:\/\/secureus.se\/no\/wp-json\/wp\/v2\/product_brand?post=140648"},{"taxonomy":"product_cat","embeddable":true,"href":"https:\/\/secureus.se\/no\/wp-json\/wp\/v2\/product_cat?post=140648"},{"taxonomy":"product_tag","embeddable":true,"href":"https:\/\/secureus.se\/no\/wp-json\/wp\/v2\/product_tag?post=140648"}],"curies":[{"name":"wp","href":"https:\/\/api.w.org\/{rel}","templated":true}]}}