{"id":140665,"date":"2023-09-26T13:06:49","date_gmt":"2023-09-26T11:06:49","guid":{"rendered":"https:\/\/secureus.se\/elslutbleck-step-30-rattvand-24v-kolvkontakt\/"},"modified":"2026-04-08T16:42:09","modified_gmt":"2026-04-08T14:42:09","slug":"elslutbleck-step-30-rattvand-24v-kolvkontakt","status":"publish","type":"product","link":"https:\/\/secureus.se\/no\/elslutbleck-step-30-rattvand-24v-kolvkontakt\/","title":{"rendered":"Elektrisk klemmeark TRINN 30 H\u00f8yrevendt 24V Stempelkontakt"},"content":{"rendered":"<h1>Elektrisk klemmeark TRINN 30 H\u00f8yrevendt 24V Stempelkontakt<\/h1>\n<p>STEP 30 Preload elektrisk sluttstykke er et kompakt elektrisk sluttstykke designet for \u00e5 erstatte eldre enkle elektriske sluttstykker og skape et p\u00e5litelig d\u00f8rmilj\u00f8.<\/p>\n<p>Utstyrt med HPR\u00ae-teknologi og bruddstyrke p\u00e5 500 kg.<\/p>\n<p class=\"\" data-start=\"379\" data-end=\"807\">Elektrisk sluttstykke STEP 30 Preload tilbyr en h\u00f8ykvalitetsl\u00f8sning for \u00e5 erstatte eldre elektriske sluttstykker og sikre et p\u00e5litelig d\u00f8rmilj\u00f8 selv i eldre d\u00f8rseksjoner og utsparinger.<\/p>\n<p class=\"\" data-start=\"379\" data-end=\"807\">Den er en del av STEPs Preload-serie, som kombinerer minimale dimensjoner med h\u00f8y kvalitet og fleksibilitet.<\/p>\n<p class=\"\" data-start=\"379\" data-end=\"807\">Utstyrt med STEPs patenterte stripetrykkteknologi s\u00f8rger dette elektriske sluttstykket for at d\u00f8ren alltid kan \u00e5pnes, selv n\u00e5r den utsettes for trykk.<\/p>\n<p class=\"\" data-start=\"809\" data-end=\"1241\">Den h\u00f8yrevendte funksjonen gj\u00f8r at d\u00f8ren l\u00e5ses opp i spenningsl\u00f8s stilling, slik at den kan \u00e5pnes raskt og enkelt ved behov.<\/p>\n<p class=\"\" data-start=\"809\" data-end=\"1241\">Stempelbryteren gir en indikasjon p\u00e5 d\u00f8rens status (lukket\/\u00e5pen), noe som gj\u00f8r integrasjon med adgangskontrollsystemer og alarmsystemer enkel.<\/p>\n<p class=\"\" data-start=\"809\" data-end=\"1241\">Med en bruddstyrke p\u00e5 5 kN (ca. 500 kg) og mulighet til \u00e5 \u00e5pne til tross for et stripetrykk p\u00e5 opptil 40 kg, gir STEP 30 Preload b\u00e5de sikkerhet og p\u00e5litelighet.<\/p>\n<p class=\"\" data-start=\"1243\" data-end=\"1258\"><strong data-start=\"1243\" data-end=\"1258\">Kjennetegn:<\/strong><\/p>\n<ul data-start=\"1259\" data-end=\"1659\">\n<li class=\"\" data-start=\"1259\" data-end=\"1303\">\n<p class=\"\" data-start=\"1261\" data-end=\"1303\">H\u00f8yrevendt funksjon (l\u00e5st opp i str\u00f8ml\u00f8s modus)<\/p>\n<\/li>\n<li class=\"\" data-start=\"1304\" data-end=\"1359\">\n<p class=\"\" data-start=\"1306\" data-end=\"1359\">Stempelkontakt. D\u00f8rstatusindikasjon (lukket\/\u00e5pen)<\/p>\n<\/li>\n<li class=\"\" data-start=\"1360\" data-end=\"1398\">\n<p class=\"\" data-start=\"1362\" data-end=\"1398\">Innebygd beskyttelsesdiode for \u00f8kt sikkerhet<\/p>\n<\/li>\n<li class=\"\" data-start=\"1399\" data-end=\"1436\">\n<p class=\"\" data-start=\"1401\" data-end=\"1436\">Bruddstyrke p\u00e5 5 kN (ca. 500 kg)<\/p>\n<\/li>\n<li class=\"\" data-start=\"1437\" data-end=\"1539\">\n<p class=\"\" data-start=\"1439\" data-end=\"1539\">Garanterer \u00e5pning til tross for stripetrykk p\u00e5 opptil 0,4 kN (ca. 40 kg) i b\u00e5de forover- og reversfunksjon<\/p>\n<\/li>\n<li class=\"\" data-start=\"1540\" data-end=\"1599\">\n<p class=\"\" data-start=\"1542\" data-end=\"1599\">Bankesikker og vendbar for b\u00e5de h\u00f8yre- og venstred\u00f8rer<\/p>\n<\/li>\n<li class=\"\" data-start=\"1600\" data-end=\"1642\">\n<p class=\"\" data-start=\"1602\" data-end=\"1642\">Egnet for enkeltfl\u00f8yede og tofl\u00f8yede l\u00e5ser<\/p>\n<\/li>\n<li class=\"\" data-start=\"1643\" data-end=\"1659\">\n<p class=\"\" data-start=\"1645\" data-end=\"1659\">Kabel f\u00f8lger ikke med<\/p>\n<\/li>\n<\/ul>\n<p class=\"\" data-start=\"1661\" data-end=\"1690\"><strong data-start=\"1661\" data-end=\"1690\">Tekniske spesifikasjoner:<\/strong><\/p>\n<ul data-start=\"1691\" data-end=\"2341\">\n<li class=\"\" data-start=\"1691\" data-end=\"1798\">\n<p class=\"\" data-start=\"1693\" data-end=\"1798\">Str\u00f8mforsyning: 24 V DC (+15% -10%) 110 mAh \/ maks 300 mA eller 12 V DC (+15% -10%) 220 mAh \/ maks 600 mA<\/p>\n<\/li>\n<li class=\"\" data-start=\"1799\" data-end=\"1862\">\n<p class=\"\" data-start=\"1801\" data-end=\"1862\">Stempelkontakt: Mikrobryter enpolet alternerende, maks. 30V DC, 1A<\/p>\n<\/li>\n<li class=\"\" data-start=\"1863\" data-end=\"1903\">\n<p class=\"\" data-start=\"1865\" data-end=\"1903\">Holdbarhet: Grad X i henhold til SS-EN 14846<\/p>\n<\/li>\n<li class=\"\" data-start=\"1904\" data-end=\"1943\">\n<p class=\"\" data-start=\"1906\" data-end=\"1943\">Korrosjon: Grad M i henhold til SS-EN 14846<\/p>\n<\/li>\n<li class=\"\" data-start=\"1944\" data-end=\"1982\">\n<p class=\"\" data-start=\"1946\" data-end=\"1982\">Sikkerhet: Grad 3 i henhold til SS-EN 14846<\/p>\n<\/li>\n<li class=\"\" data-start=\"1983\" data-end=\"2008\">\n<p class=\"\" data-start=\"1985\" data-end=\"2008\">Bruddstyrke: 500 kg<\/p>\n<\/li>\n<li class=\"\" data-start=\"2009\" data-end=\"2039\">\n<p class=\"\" data-start=\"2011\" data-end=\"2039\">D\u00f8rhengsel: H\u00f8yre, Venstre<\/p>\n<\/li>\n<li class=\"\" data-start=\"2040\" data-end=\"2058\">\n<p class=\"\" data-start=\"2042\" data-end=\"2058\">Listetrykk: 40 kg<\/p>\n<\/li>\n<li class=\"\" data-start=\"2059\" data-end=\"2094\">\n<p class=\"\" data-start=\"2061\" data-end=\"2094\">L\u00e5stype: Enkel l\u00e5s, Dobbel l\u00e5s<\/p>\n<\/li>\n<li class=\"\" data-start=\"2095\" data-end=\"2150\">\n<p class=\"\" data-start=\"2097\" data-end=\"2150\">Produktdimensjoner: Bredde: 20,5 mm, Dybde: 28 mm, H\u00f8yde: 99 mm<\/p>\n<\/li>\n<li class=\"\" data-start=\"2151\" data-end=\"2168\">\n<p class=\"\" data-start=\"2153\" data-end=\"2168\">Stempelkontakt: Ja<\/p>\n<\/li>\n<li class=\"\" data-start=\"2169\" data-end=\"2189\">\n<p class=\"\" data-start=\"2171\" data-end=\"2189\">Spenning AC\/DC: DC<\/p>\n<\/li>\n<li class=\"\" data-start=\"2190\" data-end=\"2212\">\n<p class=\"\" data-start=\"2192\" data-end=\"2212\">Spenning maks: 27,6 V<\/p>\n<\/li>\n<li class=\"\" data-start=\"2213\" data-end=\"2235\">\n<p class=\"\" data-start=\"2215\" data-end=\"2235\">Spenning min: 21,6 V<\/p>\n<\/li>\n<li class=\"\" data-start=\"2236\" data-end=\"2264\">\n<p class=\"\" data-start=\"2238\" data-end=\"2264\">Farge\/finish: Rustfritt st\u00e5l<\/p>\n<\/li>\n<li class=\"\" data-start=\"2265\" data-end=\"2285\">\n<p class=\"\" data-start=\"2267\" data-end=\"2285\">Byggeprodukt vurdert: Ja<\/p>\n<\/li>\n<li class=\"\" data-start=\"2286\" data-end=\"2307\">\n<p class=\"\" data-start=\"2288\" data-end=\"2307\">EPD-verifisert: Nei<\/p>\n<\/li>\n<li class=\"\" data-start=\"2308\" data-end=\"2320\">\n<p class=\"\" data-start=\"2310\" data-end=\"2320\">FINFO: Nei<\/p>\n<\/li>\n<li class=\"\" data-start=\"2321\" data-end=\"2341\">\n<p class=\"\" data-start=\"2323\" data-end=\"2341\">SundaHouse vurdert: Ja<\/p>\n<\/li>\n<\/ul>","protected":false},"excerpt":{"rendered":"<p>Her kan du se hvilke stolper og modeller som passer sammen fra STEP-serien med elektriske d\u00f8rstoppere.<\/p>\n<h5><strong><a href=\"https:\/\/steplock.com\/sv\/stolpguide\/#!?lang=sv&amp;blog_id=1&amp;paged=1&amp;number=50\" target=\"_blank\" rel=\"noopener\">TRINN Postveiledning\u00a0<\/a><\/strong><\/h5>\n<h5><strong><a href=\"https:\/\/steplock.com\/sv\/projekteringsguide\/#!?lang=sv&amp;blog_id=1&amp;paged=1&amp;number=999\" target=\"_blank\" rel=\"noopener\">STEP design guide<\/a><\/strong><\/h5>","protected":false},"featured_media":140664,"template":"","meta":{"_acf_changed":false},"product_brand":[],"product_cat":[3355],"product_tag":[4197,4200],"class_list":{"0":"post-140665","1":"product","2":"type-product","3":"status-publish","4":"has-post-thumbnail","6":"product_cat-elslutbleck","7":"product_tag-24v","8":"product_tag-rattvand","9":"product_shipping_class-tunga-paket","10":"pa_brands-step","11":"tm-no-options","13":"first","14":"instock","15":"sale","16":"taxable","17":"shipping-taxable","18":"purchasable","19":"product-type-simple"},"acf":[],"_links":{"self":[{"href":"https:\/\/secureus.se\/no\/wp-json\/wp\/v2\/product\/140665","targetHints":{"allow":["GET"]}}],"collection":[{"href":"https:\/\/secureus.se\/no\/wp-json\/wp\/v2\/product"}],"about":[{"href":"https:\/\/secureus.se\/no\/wp-json\/wp\/v2\/types\/product"}],"wp:featuredmedia":[{"embeddable":true,"href":"https:\/\/secureus.se\/no\/wp-json\/wp\/v2\/media\/140664"}],"wp:attachment":[{"href":"https:\/\/secureus.se\/no\/wp-json\/wp\/v2\/media?parent=140665"}],"wp:term":[{"taxonomy":"product_brand","embeddable":true,"href":"https:\/\/secureus.se\/no\/wp-json\/wp\/v2\/product_brand?post=140665"},{"taxonomy":"product_cat","embeddable":true,"href":"https:\/\/secureus.se\/no\/wp-json\/wp\/v2\/product_cat?post=140665"},{"taxonomy":"product_tag","embeddable":true,"href":"https:\/\/secureus.se\/no\/wp-json\/wp\/v2\/product_tag?post=140665"}],"curies":[{"name":"wp","href":"https:\/\/api.w.org\/{rel}","templated":true}]}}