{"id":140669,"date":"2023-09-26T13:06:36","date_gmt":"2023-09-26T11:06:36","guid":{"rendered":"https:\/\/secureus.se\/elslutbleck-step-48-omvand-12v-kolvkontakt\/"},"modified":"2026-04-08T16:46:10","modified_gmt":"2026-04-08T14:46:10","slug":"elslutbleck-step-48-omvand-12v-kolvkontakt","status":"publish","type":"product","link":"https:\/\/secureus.se\/no\/elslutbleck-step-48-omvand-12v-kolvkontakt\/","title":{"rendered":"Elektrisk termineringsark TRINN 48 Omvendt 12V Stempelkontakt"},"content":{"rendered":"<h1>Elektrisk termineringsark TRINN 48 Omvendt 12V Stempelkontakt<\/h1>\n<p>STEP 48 Preload elektrisk sluttstykke er designet for h\u00f8y sikkerhet og p\u00e5litelig \u00e5pning, selv med et slagtrykk p\u00e5 opptil 40 kg.<\/p>\n<p>Utstyrt med stempelkontakt og beskyttelsesdiode for ekstra sikkerhet.<\/p>\n<p class=\"\" data-start=\"353\" data-end=\"702\">STEP 48 Preload elektrisk sluttstykke er ideell for omr\u00e5der som m\u00e5 l\u00e5ses med en knott eller n\u00f8kkel.<\/p>\n<p class=\"\" data-start=\"353\" data-end=\"702\">Den kan ogs\u00e5 monteres med boltindikator (ST4880), som gj\u00f8r det mulig \u00e5 sperre d\u00f8rens adgangssystem eller kodel\u00e5s n\u00e5r l\u00e5shusets krokbolt eller rette bolt er l\u00e5st opp mekanisk.<\/p>\n<p class=\"\" data-start=\"353\" data-end=\"702\">Dette gir ekstra sikkerhet i d\u00f8rsystemet.<\/p>\n<p class=\"\" data-start=\"704\" data-end=\"1084\">STEPs patenterte stripetrykkteknologi sikrer at d\u00f8ren kan \u00e5pnes selv n\u00e5r den utsettes for trykk p\u00e5 opptil 40 kg, noe som gj\u00f8r den til et robust alternativ for d\u00f8rer som utsettes for hyppig \u00e5pning.<\/p>\n<p class=\"\" data-start=\"704\" data-end=\"1084\">Med en bruddstyrke p\u00e5 9 kN (ca. 900 kg), og muligheten til \u00e5 \u00e5pne selv n\u00e5r d\u00f8ren trykkes, gir STEP 48 en langvarig og p\u00e5litelig l\u00f8sning for b\u00e5de forover- og reversfunksjon.<\/p>\n<p class=\"\" data-start=\"1086\" data-end=\"1101\"><strong data-start=\"1086\" data-end=\"1101\">Kjennetegn:<\/strong><\/p>\n<ul data-start=\"1102\" data-end=\"1487\">\n<li class=\"\" data-start=\"1102\" data-end=\"1144\">\n<p class=\"\" data-start=\"1104\" data-end=\"1144\">Reverseringsfunksjon (l\u00e5st opp i str\u00f8ml\u00f8s modus)<\/p>\n<\/li>\n<li class=\"\" data-start=\"1145\" data-end=\"1200\">\n<p class=\"\" data-start=\"1147\" data-end=\"1200\">Stempelkontakt: D\u00f8rstatusindikasjon (lukket\/\u00e5pen)<\/p>\n<\/li>\n<li class=\"\" data-start=\"1201\" data-end=\"1239\">\n<p class=\"\" data-start=\"1203\" data-end=\"1239\">Innebygd beskyttelsesdiode for \u00f8kt sikkerhet<\/p>\n<\/li>\n<li class=\"\" data-start=\"1240\" data-end=\"1277\">\n<p class=\"\" data-start=\"1242\" data-end=\"1277\">Bruddstyrke p\u00e5 9 kN (ca. 900 kg)<\/p>\n<\/li>\n<li class=\"\" data-start=\"1278\" data-end=\"1380\">\n<p class=\"\" data-start=\"1280\" data-end=\"1380\">Garanterer \u00e5pning til tross for stripetrykk p\u00e5 opptil 0,4 kN (ca. 40 kg) i b\u00e5de forover- og reversfunksjon<\/p>\n<\/li>\n<li class=\"\" data-start=\"1381\" data-end=\"1440\">\n<p class=\"\" data-start=\"1383\" data-end=\"1440\">Bankesikker og vendbar for b\u00e5de h\u00f8yre- og venstred\u00f8rer<\/p>\n<\/li>\n<li class=\"\" data-start=\"1441\" data-end=\"1487\">\n<p class=\"\" data-start=\"1443\" data-end=\"1487\">Kan l\u00e5se opp kroklinjal eller rett linjal<\/p>\n<\/li>\n<\/ul>\n<p class=\"\" data-start=\"1489\" data-end=\"1518\"><strong data-start=\"1489\" data-end=\"1518\">Tekniske spesifikasjoner:<\/strong><\/p>\n<ul data-start=\"1519\" data-end=\"2236\">\n<li class=\"\" data-start=\"1519\" data-end=\"1548\">\n<p class=\"\" data-start=\"1521\" data-end=\"1548\">Bruddstyrke maks: 900 kg<\/p>\n<\/li>\n<li class=\"\" data-start=\"1549\" data-end=\"1579\">\n<p class=\"\" data-start=\"1551\" data-end=\"1579\">D\u00f8rhengsel: H\u00f8yre, Venstre<\/p>\n<\/li>\n<li class=\"\" data-start=\"1580\" data-end=\"1598\">\n<p class=\"\" data-start=\"1582\" data-end=\"1598\">Kabel inkludert: Nei<\/p>\n<\/li>\n<li class=\"\" data-start=\"1599\" data-end=\"1617\">\n<p class=\"\" data-start=\"1601\" data-end=\"1617\">Listetrykk: 40 kg<\/p>\n<\/li>\n<li class=\"\" data-start=\"1618\" data-end=\"1653\">\n<p class=\"\" data-start=\"1620\" data-end=\"1653\">L\u00e5stype: Enkel l\u00e5s, Dobbel l\u00e5s<\/p>\n<\/li>\n<li class=\"\" data-start=\"1654\" data-end=\"1676\">\n<p class=\"\" data-start=\"1656\" data-end=\"1676\">Produktbredde: 25 mm<\/p>\n<\/li>\n<li class=\"\" data-start=\"1677\" data-end=\"1697\">\n<p class=\"\" data-start=\"1679\" data-end=\"1697\">Byggeprodukt vurdert: Ja<\/p>\n<\/li>\n<li class=\"\" data-start=\"1698\" data-end=\"1719\">\n<p class=\"\" data-start=\"1700\" data-end=\"1719\">Produktdybde: 35 mm<\/p>\n<\/li>\n<li class=\"\" data-start=\"1720\" data-end=\"1748\">\n<p class=\"\" data-start=\"1722\" data-end=\"1748\">Driftsspenning 12V\/24V: 12V<\/p>\n<\/li>\n<li class=\"\" data-start=\"1749\" data-end=\"1771\">\n<p class=\"\" data-start=\"1751\" data-end=\"1771\">Dobbel vri drop: Nei<\/p>\n<\/li>\n<li class=\"\" data-start=\"1772\" data-end=\"1793\">\n<p class=\"\" data-start=\"1774\" data-end=\"1793\">EPD-verifisert: Nei<\/p>\n<\/li>\n<li class=\"\" data-start=\"1794\" data-end=\"1806\">\n<p class=\"\" data-start=\"1796\" data-end=\"1806\">FINFO: Nei<\/p>\n<\/li>\n<li class=\"\" data-start=\"1807\" data-end=\"1835\">\n<p class=\"\" data-start=\"1809\" data-end=\"1835\">Farge\/finish: Rustfritt st\u00e5l<\/p>\n<\/li>\n<li class=\"\" data-start=\"1836\" data-end=\"1857\">\n<p class=\"\" data-start=\"1838\" data-end=\"1857\">Produkth\u00f8yde: 90 mm<\/p>\n<\/li>\n<li class=\"\" data-start=\"1858\" data-end=\"1875\">\n<p class=\"\" data-start=\"1860\" data-end=\"1875\">Stempelkontakt: Ja<\/p>\n<\/li>\n<li class=\"\" data-start=\"1876\" data-end=\"1901\">\n<p class=\"\" data-start=\"1878\" data-end=\"1901\">H\u00f8yre\/Revers: Revers<\/p>\n<\/li>\n<li class=\"\" data-start=\"1902\" data-end=\"1922\">\n<p class=\"\" data-start=\"1904\" data-end=\"1922\">Spenning AC\/DC: DC<\/p>\n<\/li>\n<li class=\"\" data-start=\"1923\" data-end=\"1945\">\n<p class=\"\" data-start=\"1925\" data-end=\"1945\">Spenning maks: 27,6 V<\/p>\n<\/li>\n<li class=\"\" data-start=\"1946\" data-end=\"1968\">\n<p class=\"\" data-start=\"1948\" data-end=\"1968\">Spenning min: 21,6 V<\/p>\n<\/li>\n<li class=\"\" data-start=\"1969\" data-end=\"1989\">\n<p class=\"\" data-start=\"1971\" data-end=\"1989\">SundaHouse vurdert: Ja<\/p>\n<\/li>\n<li class=\"\" data-start=\"1990\" data-end=\"2053\">\n<p class=\"\" data-start=\"1992\" data-end=\"2053\">Stempelkontakt: Mikrobryter enpolet alternerende, maks. 30V DC, 1A<\/p>\n<\/li>\n<li class=\"\" data-start=\"2054\" data-end=\"2094\">\n<p class=\"\" data-start=\"2056\" data-end=\"2094\">Holdbarhet: Grad X i henhold til SS-EN 14846<\/p>\n<\/li>\n<li class=\"\" data-start=\"2095\" data-end=\"2134\">\n<p class=\"\" data-start=\"2097\" data-end=\"2134\">Korrosjon: Grad M i henhold til SS-EN 14846<\/p>\n<\/li>\n<li class=\"\" data-start=\"2135\" data-end=\"2173\">\n<p class=\"\" data-start=\"2137\" data-end=\"2173\">Sikkerhet: Grad 3 i henhold til SS-EN 14846<\/p>\n<\/li>\n<li class=\"\" data-start=\"2174\" data-end=\"2236\">\n<p class=\"\" data-start=\"2176\" data-end=\"2236\">Sikkerhet elektrisk manipulasjon: Grad 1 i henhold til SS-EN 14846<\/p>\n<\/li>\n<\/ul>","protected":false},"excerpt":{"rendered":"<p>Her kan du se hvilke stolper og modeller som passer sammen fra STEP-serien med elektriske d\u00f8rstoppere.<\/p>\n<h5><strong><a href=\"https:\/\/steplock.com\/sv\/stolpguide\/#!?lang=sv&amp;blog_id=1&amp;paged=1&amp;number=50\" target=\"_blank\" rel=\"noopener\">TRINN Postveiledning\u00a0<\/a><\/strong><\/h5>\n<h5><strong><a href=\"https:\/\/steplock.com\/sv\/projekteringsguide\/#!?lang=sv&amp;blog_id=1&amp;paged=1&amp;number=999\" target=\"_blank\" rel=\"noopener\">STEP design guide<\/a><\/strong><\/h5>","protected":false},"featured_media":140668,"template":"","meta":{"_acf_changed":false},"product_brand":[],"product_cat":[3355],"product_tag":[4198,4201],"class_list":{"0":"post-140669","1":"product","2":"type-product","3":"status-publish","4":"has-post-thumbnail","6":"product_cat-elslutbleck","7":"product_tag-12v","8":"product_tag-omvand","9":"product_shipping_class-tunga-paket","10":"pa_brands-step","11":"tm-no-options","13":"first","14":"onbackorder","15":"sale","16":"taxable","17":"shipping-taxable","18":"purchasable","19":"product-type-simple"},"acf":[],"_links":{"self":[{"href":"https:\/\/secureus.se\/no\/wp-json\/wp\/v2\/product\/140669","targetHints":{"allow":["GET"]}}],"collection":[{"href":"https:\/\/secureus.se\/no\/wp-json\/wp\/v2\/product"}],"about":[{"href":"https:\/\/secureus.se\/no\/wp-json\/wp\/v2\/types\/product"}],"wp:featuredmedia":[{"embeddable":true,"href":"https:\/\/secureus.se\/no\/wp-json\/wp\/v2\/media\/140668"}],"wp:attachment":[{"href":"https:\/\/secureus.se\/no\/wp-json\/wp\/v2\/media?parent=140669"}],"wp:term":[{"taxonomy":"product_brand","embeddable":true,"href":"https:\/\/secureus.se\/no\/wp-json\/wp\/v2\/product_brand?post=140669"},{"taxonomy":"product_cat","embeddable":true,"href":"https:\/\/secureus.se\/no\/wp-json\/wp\/v2\/product_cat?post=140669"},{"taxonomy":"product_tag","embeddable":true,"href":"https:\/\/secureus.se\/no\/wp-json\/wp\/v2\/product_tag?post=140669"}],"curies":[{"name":"wp","href":"https:\/\/api.w.org\/{rel}","templated":true}]}}