{"id":140693,"date":"2023-09-26T13:06:30","date_gmt":"2023-09-26T11:06:30","guid":{"rendered":"https:\/\/secureus.se\/elslutbleck-step-48-omstallbar-12v-kolvkontakt\/"},"modified":"2026-02-20T11:27:56","modified_gmt":"2026-02-20T10:27:56","slug":"elslutbleck-step-48-omstallbar-12v-kolvkontakt","status":"publish","type":"product","link":"https:\/\/secureus.se\/no\/elslutbleck-step-48-omstallbar-12v-kolvkontakt\/","title":{"rendered":"Elektrisk termineringsplate TRINN 48 Justerbar 12V Stempelkontakt"},"content":{"rendered":"<h1>Elektrisk termineringsplate TRINN 48 Justerbar 12V Stempelkontakt<\/h1>\n<p>STEP 48 Preload elektrisk sluttplate gir h\u00f8y sikkerhet med p\u00e5litelig \u00e5pning selv under trykk p\u00e5 opptil 40 kg.<\/p>\n<p>Med justerbar funksjon og stempelkontakt er den perfekt for b\u00e5de nye og eldre d\u00f8rsystemer.<\/p>\n<p class=\"\" data-start=\"386\" data-end=\"915\">STEP 48 Preload elektrisk sluttstykke er den ideelle l\u00f8sningen for d\u00f8rsystemer som krever h\u00f8y sikkerhet og p\u00e5litelighet.<\/p>\n<p class=\"\" data-start=\"386\" data-end=\"915\">Designet for rom som skal l\u00e5ses med en knott eller n\u00f8kkel, tilbyr dette elektriske sluttstykket fleksibel installasjon og p\u00e5litelig funksjon selv under stress.<\/p>\n<p class=\"\" data-start=\"386\" data-end=\"915\">Den patenterte stripetrykkteknologien gj\u00f8r at d\u00f8ren alltid kan \u00e5pnes selv n\u00e5r den utsettes for trykk p\u00e5 opptil 40 kg.<\/p>\n<p class=\"\" data-start=\"386\" data-end=\"915\">STEP 48 er en del av STEPs Preload-serie og tilbyr den nyeste teknologien for h\u00f8ye krav til sikkerhet og holdbarhet.<\/p>\n<p class=\"\" data-start=\"917\" data-end=\"1326\">Med en bruddstyrke p\u00e5 9 kN (ca. 900 kg), og mulighet for montering av ST4880 bolteindikator, kan denne elektriske sluttstykket gi ekstra sikkerhet ved \u00e5 blokkere d\u00f8rens adgangssystem eller kodel\u00e5s n\u00e5r krokbolten eller rett bolten l\u00e5ses mekanisk opp.<\/p>\n<p class=\"\" data-start=\"917\" data-end=\"1326\">Den er ogs\u00e5 slagsikker og vendbar for \u00e5 passe b\u00e5de h\u00f8yre- og venstred\u00f8rer, noe som gj\u00f8r den til en fleksibel l\u00f8sning for mange ulike installasjonsbehov.<\/p>\n<p class=\"\" data-start=\"1328\" data-end=\"1343\"><strong data-start=\"1328\" data-end=\"1343\">Kjennetegn:<\/strong><\/p>\n<ul data-start=\"1344\" data-end=\"1778\">\n<li class=\"\" data-start=\"1344\" data-end=\"1421\">\n<p class=\"\" data-start=\"1346\" data-end=\"1421\">Byttbar forover- og reversfunksjon (l\u00e5st eller ul\u00e5st i spenningsl\u00f8s modus)<\/p>\n<\/li>\n<li class=\"\" data-start=\"1422\" data-end=\"1488\">\n<p class=\"\" data-start=\"1424\" data-end=\"1488\">Stempelkobling. Indikasjon for \u00e5 f\u00f8le at d\u00f8ren er lukket\/\u00e5pen<\/p>\n<\/li>\n<li class=\"\" data-start=\"1489\" data-end=\"1527\">\n<p class=\"\" data-start=\"1491\" data-end=\"1527\">Innebygd beskyttelsesdiode for \u00f8kt sikkerhet<\/p>\n<\/li>\n<li class=\"\" data-start=\"1528\" data-end=\"1565\">\n<p class=\"\" data-start=\"1530\" data-end=\"1565\">Bruddstyrke p\u00e5 9 kN (ca. 900 kg)<\/p>\n<\/li>\n<li class=\"\" data-start=\"1566\" data-end=\"1668\">\n<p class=\"\" data-start=\"1568\" data-end=\"1668\">Garanterer \u00e5pning til tross for stripetrykk p\u00e5 opptil 0,4 kN (ca. 40 kg) i b\u00e5de forover- og reversfunksjon<\/p>\n<\/li>\n<li class=\"\" data-start=\"1669\" data-end=\"1682\">\n<p class=\"\" data-start=\"1671\" data-end=\"1682\">Anti-banking<\/p>\n<\/li>\n<li class=\"\" data-start=\"1683\" data-end=\"1731\">\n<p class=\"\" data-start=\"1685\" data-end=\"1731\">Vendbar for \u00e5 passe h\u00f8yre og venstre d\u00f8rer<\/p>\n<\/li>\n<li class=\"\" data-start=\"1732\" data-end=\"1778\">\n<p class=\"\" data-start=\"1734\" data-end=\"1778\">Kan l\u00e5se opp kroklinjal eller rett linjal<\/p>\n<\/li>\n<\/ul>\n<p class=\"\" data-start=\"1780\" data-end=\"1809\"><strong data-start=\"1780\" data-end=\"1809\">Tekniske spesifikasjoner:<\/strong><\/p>\n<ul data-start=\"1810\" data-end=\"2300\">\n<li class=\"\" data-start=\"1810\" data-end=\"1839\">\n<p class=\"\" data-start=\"1812\" data-end=\"1839\">Bruddstyrke maks: 900 kg<\/p>\n<\/li>\n<li class=\"\" data-start=\"1840\" data-end=\"1870\">\n<p class=\"\" data-start=\"1842\" data-end=\"1870\">D\u00f8rhengsel: H\u00f8yre, Venstre<\/p>\n<\/li>\n<li class=\"\" data-start=\"1871\" data-end=\"1889\">\n<p class=\"\" data-start=\"1873\" data-end=\"1889\">Kabel inkludert: Nei<\/p>\n<\/li>\n<li class=\"\" data-start=\"1890\" data-end=\"1908\">\n<p class=\"\" data-start=\"1892\" data-end=\"1908\">Listetrykk: 40 kg<\/p>\n<\/li>\n<li class=\"\" data-start=\"1909\" data-end=\"1944\">\n<p class=\"\" data-start=\"1911\" data-end=\"1944\">L\u00e5stype: Enkel l\u00e5s, Dobbel l\u00e5s<\/p>\n<\/li>\n<li class=\"\" data-start=\"1945\" data-end=\"1967\">\n<p class=\"\" data-start=\"1947\" data-end=\"1967\">Produktbredde: 25 mm<\/p>\n<\/li>\n<li class=\"\" data-start=\"1968\" data-end=\"1988\">\n<p class=\"\" data-start=\"1970\" data-end=\"1988\">Byggeprodukt vurdert: Ja<\/p>\n<\/li>\n<li class=\"\" data-start=\"1989\" data-end=\"2010\">\n<p class=\"\" data-start=\"1991\" data-end=\"2010\">Produktdybde: 35 mm<\/p>\n<\/li>\n<li class=\"\" data-start=\"2011\" data-end=\"2039\">\n<p class=\"\" data-start=\"2013\" data-end=\"2039\">Driftsspenning 12V\/24V: 12V<\/p>\n<\/li>\n<li class=\"\" data-start=\"2040\" data-end=\"2062\">\n<p class=\"\" data-start=\"2042\" data-end=\"2062\">Dobbel vri drop: Nei<\/p>\n<\/li>\n<li class=\"\" data-start=\"2063\" data-end=\"2084\">\n<p class=\"\" data-start=\"2065\" data-end=\"2084\">EPD-verifisert: Nei<\/p>\n<\/li>\n<li class=\"\" data-start=\"2085\" data-end=\"2097\">\n<p class=\"\" data-start=\"2087\" data-end=\"2097\">FINFO: Nei<\/p>\n<\/li>\n<li class=\"\" data-start=\"2098\" data-end=\"2126\">\n<p class=\"\" data-start=\"2100\" data-end=\"2126\">Farge\/finish: Rustfritt st\u00e5l<\/p>\n<\/li>\n<li class=\"\" data-start=\"2127\" data-end=\"2148\">\n<p class=\"\" data-start=\"2129\" data-end=\"2148\">Produkth\u00f8yde: 90 mm<\/p>\n<\/li>\n<li class=\"\" data-start=\"2149\" data-end=\"2166\">\n<p class=\"\" data-start=\"2151\" data-end=\"2166\">Stempelkontakt: Ja<\/p>\n<\/li>\n<li class=\"\" data-start=\"2167\" data-end=\"2212\">\n<p class=\"\" data-start=\"2169\" data-end=\"2212\">Forover\/bakover: Kan byttes forover\/bakover<\/p>\n<\/li>\n<li class=\"\" data-start=\"2213\" data-end=\"2233\">\n<p class=\"\" data-start=\"2215\" data-end=\"2233\">Spenning AC\/DC: DC<\/p>\n<\/li>\n<li class=\"\" data-start=\"2234\" data-end=\"2256\">\n<p class=\"\" data-start=\"2236\" data-end=\"2256\">Spenning maks: 27,6 V<\/p>\n<\/li>\n<li class=\"\" data-start=\"2257\" data-end=\"2279\">\n<p class=\"\" data-start=\"2259\" data-end=\"2279\">Spenning min: 21,6 V<\/p>\n<\/li>\n<li class=\"\" data-start=\"2280\" data-end=\"2300\">\n<p class=\"\" data-start=\"2282\" data-end=\"2300\">SundaHouse vurdert: Ja<\/p>\n<\/li>\n<\/ul>","protected":false},"excerpt":{"rendered":"<p>Her kan du se hvilke stolper og modeller som passer sammen fra STEP-serien med elektriske d\u00f8rstoppere.<\/p>\n<h5><strong><a href=\"https:\/\/steplock.com\/sv\/stolpguide\/#!?lang=sv&amp;blog_id=1&amp;paged=1&amp;number=50\" target=\"_blank\" rel=\"noopener\">TRINN Postveiledning\u00a0<\/a><\/strong><\/h5>\n<h5><strong><a href=\"https:\/\/steplock.com\/sv\/projekteringsguide\/#!?lang=sv&amp;blog_id=1&amp;paged=1&amp;number=999\" target=\"_blank\" rel=\"noopener\">STEP design guide<\/a><\/strong><\/h5>","protected":false},"featured_media":140692,"template":"","meta":{"_acf_changed":false},"product_brand":[],"product_cat":[3355],"product_tag":[4198,4202],"class_list":{"0":"post-140693","1":"product","2":"type-product","3":"status-publish","4":"has-post-thumbnail","6":"product_cat-elslutbleck","7":"product_tag-12v","8":"product_tag-omstallbar-rattvand-omvand","9":"product_shipping_class-tunga-paket","10":"pa_brands-step","11":"tm-no-options","13":"first","14":"onbackorder","15":"sale","16":"taxable","17":"shipping-taxable","18":"purchasable","19":"product-type-simple"},"acf":[],"_links":{"self":[{"href":"https:\/\/secureus.se\/no\/wp-json\/wp\/v2\/product\/140693","targetHints":{"allow":["GET"]}}],"collection":[{"href":"https:\/\/secureus.se\/no\/wp-json\/wp\/v2\/product"}],"about":[{"href":"https:\/\/secureus.se\/no\/wp-json\/wp\/v2\/types\/product"}],"wp:featuredmedia":[{"embeddable":true,"href":"https:\/\/secureus.se\/no\/wp-json\/wp\/v2\/media\/140692"}],"wp:attachment":[{"href":"https:\/\/secureus.se\/no\/wp-json\/wp\/v2\/media?parent=140693"}],"wp:term":[{"taxonomy":"product_brand","embeddable":true,"href":"https:\/\/secureus.se\/no\/wp-json\/wp\/v2\/product_brand?post=140693"},{"taxonomy":"product_cat","embeddable":true,"href":"https:\/\/secureus.se\/no\/wp-json\/wp\/v2\/product_cat?post=140693"},{"taxonomy":"product_tag","embeddable":true,"href":"https:\/\/secureus.se\/no\/wp-json\/wp\/v2\/product_tag?post=140693"}],"curies":[{"name":"wp","href":"https:\/\/api.w.org\/{rel}","templated":true}]}}