{"id":140705,"date":"2023-09-26T13:06:22","date_gmt":"2023-09-26T11:06:22","guid":{"rendered":"https:\/\/secureus.se\/elslutbleck-step-98-omvand-12v-kolvkontakt\/"},"modified":"2026-03-26T10:05:42","modified_gmt":"2026-03-26T09:05:42","slug":"elslutbleck-step-98-omvand-12v-kolvkontakt","status":"publish","type":"product","link":"https:\/\/secureus.se\/no\/elslutbleck-step-98-omvand-12v-kolvkontakt\/","title":{"rendered":"Elektrisk termineringsark TRINN 98 Omvendt 12V Stempelkontakt"},"content":{"rendered":"<div>\n<h1>Elektrisk termineringsark TRINN 98 Omvendt 12V Stempelkontakt<\/h1>\n<p>Elektrisk sluttstykke STEP 98 Preload HPR er et branngodkjent elektrisk sluttstykke med h\u00f8y sikkerhet og p\u00e5litelig funksjon for d\u00f8rer som krever h\u00f8y inntrengningsmotstand.<\/p>\n<p class=\"\" data-start=\"316\" data-end=\"845\">TRINN 98 Preload HPR er et branngodkjent elektrisk sluttstykke designet for rom som skal l\u00e5ses med knott eller n\u00f8kkel.<\/p>\n<p class=\"\" data-start=\"316\" data-end=\"845\">Den er en del av STEPs Preload-serie, og er spesielt tilpasset d\u00f8rer som krever h\u00f8y driftssikkerhet og lang levetid.<\/p>\n<p class=\"\" data-start=\"316\" data-end=\"845\">STEP 98 Preload bruker den patenterte stripetrykkteknologien som gj\u00f8r at d\u00f8ren alltid kan \u00e5pnes, selv med et trykk p\u00e5 opptil 40 kg.<\/p>\n<p class=\"\" data-start=\"316\" data-end=\"845\">I tillegg er den elektriske sluttplaten sertifisert for brannmotstand opp til E\/EI 120 i henhold til SS-EN 14846:2008, noe som gir ekstra sikkerhet.<\/p>\n<p class=\"\" data-start=\"847\" data-end=\"1186\">Produktet har en reversfunksjon, hvor d\u00f8ren l\u00e5ses opp i spenningsl\u00f8s stilling, og er utstyrt med en stempelbryter for \u00e5 indikere om d\u00f8ren er lukket\/\u00e5pen.<\/p>\n<p class=\"\" data-start=\"847\" data-end=\"1186\">Den er ogs\u00e5 vendbar for \u00e5 passe b\u00e5de h\u00f8yre- og venstrehengte d\u00f8rer.<\/p>\n<p class=\"\" data-start=\"847\" data-end=\"1186\">TRINN 98 Preload kan h\u00e5ndtere l\u00e5se ut krokbolter eller rette bolter og kan brukes med b\u00e5de enkelt- og dobbeltl\u00e5ser.<\/p>\n<div>\n<div>\n<p class=\"\" data-start=\"1188\" data-end=\"1205\"><strong data-start=\"1188\" data-end=\"1202\">Kjennetegn<\/strong>:<\/p>\n<ul data-start=\"1206\" data-end=\"1615\">\n<li class=\"\" data-start=\"1206\" data-end=\"1250\">\n<p class=\"\" data-start=\"1208\" data-end=\"1250\">Reverseringsfunksjon (l\u00e5st opp i str\u00f8ml\u00f8s modus)<\/p>\n<\/li>\n<li class=\"\" data-start=\"1251\" data-end=\"1321\">\n<p class=\"\" data-start=\"1253\" data-end=\"1321\">Stempelkontakt: Indikasjon for registrering av d\u00f8rstatus (lukket\/\u00e5pen)<\/p>\n<\/li>\n<li class=\"\" data-start=\"1322\" data-end=\"1390\">\n<p class=\"\" data-start=\"1324\" data-end=\"1390\">Branngodkjent opp til E\/EI 120 (120 min) i henhold til SS-EN 14846:2008<\/p>\n<\/li>\n<li class=\"\" data-start=\"1391\" data-end=\"1427\">\n<p class=\"\" data-start=\"1393\" data-end=\"1427\">Bruddstyrke 9 kN (ca. 900 kg)<\/p>\n<\/li>\n<li class=\"\" data-start=\"1428\" data-end=\"1509\">\n<p class=\"\" data-start=\"1430\" data-end=\"1509\">Strimmeltrykk p\u00e5 opptil 40 kg garanterer \u00e5pning i forover- og reversfunksjon<\/p>\n<\/li>\n<li class=\"\" data-start=\"1510\" data-end=\"1525\">\n<p class=\"\" data-start=\"1512\" data-end=\"1525\">Anti-banking<\/p>\n<\/li>\n<li class=\"\" data-start=\"1526\" data-end=\"1566\">\n<p class=\"\" data-start=\"1528\" data-end=\"1566\">Vendbar for h\u00f8yre og venstre d\u00f8r<\/p>\n<\/li>\n<li class=\"\" data-start=\"1567\" data-end=\"1615\">\n<p class=\"\" data-start=\"1569\" data-end=\"1615\">Kan l\u00e5se opp kroklinjal eller rett linjal<\/p>\n<\/li>\n<\/ul>\n<p class=\"\" data-start=\"1617\" data-end=\"1648\"><strong data-start=\"1617\" data-end=\"1645\">Tekniske spesifikasjoner<\/strong>:<\/p>\n<ul data-start=\"1649\" data-end=\"2239\">\n<li class=\"\" data-start=\"1649\" data-end=\"1684\">\n<p class=\"\" data-start=\"1651\" data-end=\"1684\"><strong data-start=\"1651\" data-end=\"1674\">Bruddstyrke maks<\/strong>: 900 kg<\/p>\n<\/li>\n<li class=\"\" data-start=\"1685\" data-end=\"1721\">\n<p class=\"\" data-start=\"1687\" data-end=\"1721\"><strong data-start=\"1687\" data-end=\"1703\">D\u00f8r hengende<\/strong>: H\u00f8yre, venstre<\/p>\n<\/li>\n<li class=\"\" data-start=\"1722\" data-end=\"1746\">\n<p class=\"\" data-start=\"1724\" data-end=\"1746\"><strong data-start=\"1724\" data-end=\"1739\">Kabel inkludert<\/strong>: Nei<\/p>\n<\/li>\n<li class=\"\" data-start=\"1747\" data-end=\"1771\">\n<p class=\"\" data-start=\"1749\" data-end=\"1771\"><strong data-start=\"1749\" data-end=\"1762\">Listeutskrift<\/strong>: 40 kg<\/p>\n<\/li>\n<li class=\"\" data-start=\"1772\" data-end=\"1813\">\n<p class=\"\" data-start=\"1774\" data-end=\"1813\"><strong data-start=\"1774\" data-end=\"1784\">L\u00e5s type<\/strong>: Enkel falll\u00e5s, Dobbel falll\u00e5s<\/p>\n<\/li>\n<li class=\"\" data-start=\"1814\" data-end=\"1842\">\n<p class=\"\" data-start=\"1816\" data-end=\"1842\"><strong data-start=\"1816\" data-end=\"1833\">Bredt produkt<\/strong>: 25 mm<\/p>\n<\/li>\n<li class=\"\" data-start=\"1843\" data-end=\"1869\">\n<p class=\"\" data-start=\"1845\" data-end=\"1869\"><strong data-start=\"1845\" data-end=\"1863\">Byggematerialer vurdert<\/strong>: Ja<\/p>\n<\/li>\n<li class=\"\" data-start=\"1870\" data-end=\"1897\">\n<p class=\"\" data-start=\"1872\" data-end=\"1897\"><strong data-start=\"1872\" data-end=\"1888\">Dyp produkt<\/strong>: 35 mm<\/p>\n<\/li>\n<li class=\"\" data-start=\"1898\" data-end=\"1932\">\n<p class=\"\" data-start=\"1900\" data-end=\"1932\"><strong data-start=\"1900\" data-end=\"1925\">Driftsspenning 12V\/24V<\/strong>: 12V<\/p>\n<\/li>\n<li class=\"\" data-start=\"1933\" data-end=\"1961\">\n<p class=\"\" data-start=\"1935\" data-end=\"1961\"><strong data-start=\"1935\" data-end=\"1954\">Dobbel vri etui<\/strong>: Nei<\/p>\n<\/li>\n<li class=\"\" data-start=\"1962\" data-end=\"1989\">\n<p class=\"\" data-start=\"1964\" data-end=\"1989\"><strong data-start=\"1964\" data-end=\"1982\">EPD-verifisert<\/strong>: Nei<\/p>\n<\/li>\n<li class=\"\" data-start=\"1990\" data-end=\"2008\">\n<p class=\"\" data-start=\"1992\" data-end=\"2008\"><strong data-start=\"1992\" data-end=\"2001\">FIN INFO<\/strong>: Nei<\/p>\n<\/li>\n<li class=\"\" data-start=\"2009\" data-end=\"2043\">\n<p class=\"\" data-start=\"2011\" data-end=\"2043\"><strong data-start=\"2011\" data-end=\"2032\">Farge\/Overflatebehandling<\/strong>: Rustfritt st\u00e5l<\/p>\n<\/li>\n<li class=\"\" data-start=\"2044\" data-end=\"2071\">\n<p class=\"\" data-start=\"2046\" data-end=\"2071\"><strong data-start=\"2046\" data-end=\"2062\">Forh\u00f8yet produkt<\/strong>: 90 mm<\/p>\n<\/li>\n<li class=\"\" data-start=\"2072\" data-end=\"2095\">\n<p class=\"\" data-start=\"2074\" data-end=\"2095\"><strong data-start=\"2074\" data-end=\"2089\">Stempelkobling<\/strong>: Ja<\/p>\n<\/li>\n<li class=\"\" data-start=\"2096\" data-end=\"2127\">\n<p class=\"\" data-start=\"2098\" data-end=\"2127\"><strong data-start=\"2098\" data-end=\"2117\">H\u00f8yre\/revers<\/strong>: Omvendt<\/p>\n<\/li>\n<li class=\"\" data-start=\"2128\" data-end=\"2154\">\n<p class=\"\" data-start=\"2130\" data-end=\"2154\"><strong data-start=\"2130\" data-end=\"2148\">Spenning AC\/DC<\/strong>: DC<\/p>\n<\/li>\n<li class=\"\" data-start=\"2155\" data-end=\"2183\">\n<p class=\"\" data-start=\"2157\" data-end=\"2183\"><strong data-start=\"2157\" data-end=\"2173\">Spenning maks<\/strong>: 13,8V<\/p>\n<\/li>\n<li class=\"\" data-start=\"2184\" data-end=\"2212\">\n<p class=\"\" data-start=\"2186\" data-end=\"2212\"><strong data-start=\"2186\" data-end=\"2202\">Spenning min<\/strong>: 10,8V<\/p>\n<\/li>\n<li class=\"\" data-start=\"2213\" data-end=\"2239\">\n<p class=\"\" data-start=\"2215\" data-end=\"2239\"><strong data-start=\"2215\" data-end=\"2233\">SundaHouse vurdert<\/strong>: Ja<\/p>\n<\/li>\n<\/ul>\n<\/div>\n<\/div>\n<\/div>","protected":false},"excerpt":{"rendered":"<p>Her kan du se hvilke stolper og modeller som passer sammen fra STEP-serien med elektriske d\u00f8rstoppere.<\/p>\n<h5><strong><a href=\"https:\/\/steplock.com\/sv\/stolpguide\/#!?lang=sv&amp;blog_id=1&amp;paged=1&amp;number=50\" target=\"_blank\" rel=\"noopener\">TRINN Postveiledning\u00a0<\/a><\/strong><\/h5>\n<h5><strong><a href=\"https:\/\/steplock.com\/sv\/projekteringsguide\/#!?lang=sv&amp;blog_id=1&amp;paged=1&amp;number=999\" target=\"_blank\" rel=\"noopener\">STEP design guide<\/a><\/strong><\/h5>","protected":false},"featured_media":140704,"template":"","meta":{"_acf_changed":false},"product_brand":[],"product_cat":[3355],"product_tag":[4198,4201],"class_list":{"0":"post-140705","1":"product","2":"type-product","3":"status-publish","4":"has-post-thumbnail","6":"product_cat-elslutbleck","7":"product_tag-12v","8":"product_tag-omvand","9":"product_shipping_class-tunga-paket","10":"pa_brands-step","11":"tm-no-options","13":"first","14":"onbackorder","15":"sale","16":"taxable","17":"shipping-taxable","18":"purchasable","19":"product-type-simple"},"acf":[],"_links":{"self":[{"href":"https:\/\/secureus.se\/no\/wp-json\/wp\/v2\/product\/140705","targetHints":{"allow":["GET"]}}],"collection":[{"href":"https:\/\/secureus.se\/no\/wp-json\/wp\/v2\/product"}],"about":[{"href":"https:\/\/secureus.se\/no\/wp-json\/wp\/v2\/types\/product"}],"wp:featuredmedia":[{"embeddable":true,"href":"https:\/\/secureus.se\/no\/wp-json\/wp\/v2\/media\/140704"}],"wp:attachment":[{"href":"https:\/\/secureus.se\/no\/wp-json\/wp\/v2\/media?parent=140705"}],"wp:term":[{"taxonomy":"product_brand","embeddable":true,"href":"https:\/\/secureus.se\/no\/wp-json\/wp\/v2\/product_brand?post=140705"},{"taxonomy":"product_cat","embeddable":true,"href":"https:\/\/secureus.se\/no\/wp-json\/wp\/v2\/product_cat?post=140705"},{"taxonomy":"product_tag","embeddable":true,"href":"https:\/\/secureus.se\/no\/wp-json\/wp\/v2\/product_tag?post=140705"}],"curies":[{"name":"wp","href":"https:\/\/api.w.org\/{rel}","templated":true}]}}