{"id":140729,"date":"2023-09-26T13:06:08","date_gmt":"2023-09-26T11:06:08","guid":{"rendered":"https:\/\/secureus.se\/elslutbleck-step-18-hoger-omvand-12v-for-assa-511\/"},"modified":"2026-04-08T16:46:35","modified_gmt":"2026-04-08T14:46:35","slug":"elslutbleck-step-18-hoger-omvand-12v-for-assa-511","status":"publish","type":"product","link":"https:\/\/secureus.se\/no\/elslutbleck-step-18-hoger-omvand-12v-for-assa-511\/","title":{"rendered":"Elektrisk endeplate TRINN 18 H\u00f8yre Revers 12V for Assa 511"},"content":{"rendered":"<h1>Elektrisk endeplate TRINN 18 H\u00f8yre Revers 12V for Assa 511<\/h1>\n<p>Elektrisk sluttstykke STEP 18 Secure for Assa 511 tilbyr h\u00f8y sikkerhet og branngodkjenning opp til E\/EI 60. Perfekt for d\u00f8rer med h\u00f8ye krav til innbruddsbeskyttelse og h\u00f8y \u00e5pningsfrekvens.<\/p>\n<p class=\"\" data-start=\"407\" data-end=\"826\">TRINN 18 Secure er en h\u00f8ysikkerhets elektrisk l\u00e5s som passer for d\u00f8rer med h\u00f8ye sikkerhetskrav, som fengsler og banker.<\/p>\n<p class=\"\" data-start=\"407\" data-end=\"826\">Med en bruddstyrke p\u00e5 15 kN (ca. 1500 kg) og branngodkjenning opp til E\/EI 60, er STEP 18 Secure designet for \u00e5 gi h\u00f8yeste sikkerhet under krevende forhold.<\/p>\n<p class=\"\" data-start=\"407\" data-end=\"826\">Dette elektriske sluttstykket er egnet for sikkerhetsd\u00f8rer eller d\u00f8rer med evakueringskrav og kan \u00e5pnes raskt og ofte.<\/p>\n<p class=\"\" data-start=\"828\" data-end=\"1203\">Den er spesialdesignet for Assa 511 krokboltl\u00e5s med 10 mm stempel og har en reversfunksjon (l\u00e5st opp i spenningsl\u00f8s posisjon), noe som gj\u00f8r den til et ideelt valg for h\u00f8yfrekvente d\u00f8rer.<\/p>\n<p class=\"\" data-start=\"828\" data-end=\"1203\">Den innebygde stempelbryteren gj\u00f8r det mulig \u00e5 enkelt koble til adgangskontrollsystemer og alarmsystemer for ekstra sikkerhet.<\/p>\n<p class=\"\" data-start=\"828\" data-end=\"1203\">Inkluderer en 5 meter halogenfri tilkoblingskabel for enkel installasjon.<\/p>\n<p class=\"\" data-start=\"1205\" data-end=\"1222\"><strong data-start=\"1205\" data-end=\"1219\">Kjennetegn<\/strong>:<\/p>\n<ul data-start=\"1223\" data-end=\"1659\">\n<li class=\"\" data-start=\"1223\" data-end=\"1266\">\n<p class=\"\" data-start=\"1225\" data-end=\"1266\">For krokstokkl\u00e5s Assa 511 med 10 mm stempel<\/p>\n<\/li>\n<li class=\"\" data-start=\"1267\" data-end=\"1311\">\n<p class=\"\" data-start=\"1269\" data-end=\"1311\">Omvendt funksjon (oppl\u00e5st i str\u00f8ml\u00f8s modus)<\/p>\n<\/li>\n<li class=\"\" data-start=\"1312\" data-end=\"1338\">\n<p class=\"\" data-start=\"1314\" data-end=\"1338\">For h\u00f8yrehengslede d\u00f8rer<\/p>\n<\/li>\n<li class=\"\" data-start=\"1339\" data-end=\"1372\">\n<p class=\"\" data-start=\"1341\" data-end=\"1372\">Branngodkjent opp til E\/EI 60<\/p>\n<\/li>\n<li class=\"\" data-start=\"1373\" data-end=\"1457\">\n<p class=\"\" data-start=\"1375\" data-end=\"1457\">Innebygd stempelbryter for \u00e5 indikere d\u00f8rens lukket\/\u00e5pen og l\u00e5st\/ul\u00e5st status<\/p>\n<\/li>\n<li class=\"\" data-start=\"1458\" data-end=\"1480\">\n<p class=\"\" data-start=\"1460\" data-end=\"1480\">Beskyttelsesdiode innebygd<\/p>\n<\/li>\n<li class=\"\" data-start=\"1481\" data-end=\"1519\">\n<p class=\"\" data-start=\"1483\" data-end=\"1519\">Bruddstyrke 15 kN (ca. 1500 kg)<\/p>\n<\/li>\n<li class=\"\" data-start=\"1520\" data-end=\"1597\">\n<p class=\"\" data-start=\"1522\" data-end=\"1597\">\u00c5pner til tross for et stripetrykk p\u00e5 5 kN (ca. 500 kg) i forover- og reversfunksjon<\/p>\n<\/li>\n<li class=\"\" data-start=\"1598\" data-end=\"1613\">\n<p class=\"\" data-start=\"1600\" data-end=\"1613\">Anti-banking<\/p>\n<\/li>\n<li class=\"\" data-start=\"1614\" data-end=\"1659\">\n<p class=\"\" data-start=\"1616\" data-end=\"1659\">5 meter halogenfri tilkoblingskabel f\u00f8lger med<\/p>\n<\/li>\n<\/ul>\n<p class=\"\" data-start=\"1661\" data-end=\"1692\"><strong data-start=\"1661\" data-end=\"1689\">Tekniske spesifikasjoner<\/strong>:<\/p>\n<ul data-start=\"1693\" data-end=\"2300\">\n<li class=\"\" data-start=\"1693\" data-end=\"1729\">\n<p class=\"\" data-start=\"1695\" data-end=\"1729\"><strong data-start=\"1695\" data-end=\"1718\">Bruddstyrke maks<\/strong>: 1500 kg<\/p>\n<\/li>\n<li class=\"\" data-start=\"1730\" data-end=\"1757\">\n<p class=\"\" data-start=\"1732\" data-end=\"1757\"><strong data-start=\"1732\" data-end=\"1748\">D\u00f8r hengende<\/strong>: H\u00f8yre<\/p>\n<\/li>\n<li class=\"\" data-start=\"1758\" data-end=\"1781\">\n<p class=\"\" data-start=\"1760\" data-end=\"1781\"><strong data-start=\"1760\" data-end=\"1775\">Kabel inkludert<\/strong>: Ja<\/p>\n<\/li>\n<li class=\"\" data-start=\"1782\" data-end=\"1807\">\n<p class=\"\" data-start=\"1784\" data-end=\"1807\"><strong data-start=\"1784\" data-end=\"1797\">Listeutskrift<\/strong>: 500 kg<\/p>\n<\/li>\n<li class=\"\" data-start=\"1808\" data-end=\"1845\">\n<p class=\"\" data-start=\"1810\" data-end=\"1845\"><strong data-start=\"1810\" data-end=\"1820\">L\u00e5s type<\/strong>: Hook rule lock, Rule lock<\/p>\n<\/li>\n<li class=\"\" data-start=\"1846\" data-end=\"1874\">\n<p class=\"\" data-start=\"1848\" data-end=\"1874\"><strong data-start=\"1848\" data-end=\"1865\">Bredt produkt<\/strong>: 35 mm<\/p>\n<\/li>\n<li class=\"\" data-start=\"1875\" data-end=\"1901\">\n<p class=\"\" data-start=\"1877\" data-end=\"1901\"><strong data-start=\"1877\" data-end=\"1895\">Byggematerialer vurdert<\/strong>: Ja<\/p>\n<\/li>\n<li class=\"\" data-start=\"1902\" data-end=\"1929\">\n<p class=\"\" data-start=\"1904\" data-end=\"1929\"><strong data-start=\"1904\" data-end=\"1920\">Dyp produkt<\/strong>: 40 mm<\/p>\n<\/li>\n<li class=\"\" data-start=\"1930\" data-end=\"1964\">\n<p class=\"\" data-start=\"1932\" data-end=\"1964\"><strong data-start=\"1932\" data-end=\"1957\">Driftsspenning 12V\/24V<\/strong>: 12V<\/p>\n<\/li>\n<li class=\"\" data-start=\"1965\" data-end=\"1993\">\n<p class=\"\" data-start=\"1967\" data-end=\"1993\"><strong data-start=\"1967\" data-end=\"1986\">Dobbel vri etui<\/strong>: Nei<\/p>\n<\/li>\n<li class=\"\" data-start=\"1994\" data-end=\"2021\">\n<p class=\"\" data-start=\"1996\" data-end=\"2021\"><strong data-start=\"1996\" data-end=\"2014\">EPD-verifisert<\/strong>: Nei<\/p>\n<\/li>\n<li class=\"\" data-start=\"2022\" data-end=\"2040\">\n<p class=\"\" data-start=\"2024\" data-end=\"2040\"><strong data-start=\"2024\" data-end=\"2033\">FIN INFO<\/strong>: Nei<\/p>\n<\/li>\n<li class=\"\" data-start=\"2041\" data-end=\"2075\">\n<p class=\"\" data-start=\"2043\" data-end=\"2075\"><strong data-start=\"2043\" data-end=\"2064\">Farge\/Overflatebehandling<\/strong>: Rustfritt st\u00e5l<\/p>\n<\/li>\n<li class=\"\" data-start=\"2076\" data-end=\"2104\">\n<p class=\"\" data-start=\"2078\" data-end=\"2104\"><strong data-start=\"2078\" data-end=\"2094\">Forh\u00f8yet produkt<\/strong>: 230 mm<\/p>\n<\/li>\n<li class=\"\" data-start=\"2105\" data-end=\"2132\">\n<p class=\"\" data-start=\"2107\" data-end=\"2132\"><strong data-start=\"2107\" data-end=\"2121\">Kabel lengde<\/strong>: 5 meter<\/p>\n<\/li>\n<li class=\"\" data-start=\"2133\" data-end=\"2156\">\n<p class=\"\" data-start=\"2135\" data-end=\"2156\"><strong data-start=\"2135\" data-end=\"2150\">Stempelkobling<\/strong>: Ja<\/p>\n<\/li>\n<li class=\"\" data-start=\"2157\" data-end=\"2188\">\n<p class=\"\" data-start=\"2159\" data-end=\"2188\"><strong data-start=\"2159\" data-end=\"2178\">H\u00f8yre\/revers<\/strong>: Omvendt<\/p>\n<\/li>\n<li class=\"\" data-start=\"2189\" data-end=\"2215\">\n<p class=\"\" data-start=\"2191\" data-end=\"2215\"><strong data-start=\"2191\" data-end=\"2209\">Spenning AC\/DC<\/strong>: DC<\/p>\n<\/li>\n<li class=\"\" data-start=\"2216\" data-end=\"2244\">\n<p class=\"\" data-start=\"2218\" data-end=\"2244\"><strong data-start=\"2218\" data-end=\"2234\">Spenning maks<\/strong>: 13,8V<\/p>\n<\/li>\n<li class=\"\" data-start=\"2245\" data-end=\"2273\">\n<p class=\"\" data-start=\"2247\" data-end=\"2273\"><strong data-start=\"2247\" data-end=\"2263\">Spenning min<\/strong>: 10,8V<\/p>\n<\/li>\n<li class=\"\" data-start=\"2274\" data-end=\"2300\">\n<p class=\"\" data-start=\"2276\" data-end=\"2300\"><strong data-start=\"2276\" data-end=\"2294\">SundaHouse vurdert<\/strong>: Ja<\/p>\n<\/li>\n<\/ul>","protected":false},"excerpt":{"rendered":"<p>Her kan du se hvilke stolper og modeller som passer sammen fra STEP-serien med elektriske d\u00f8rstoppere.<\/p>\n<h5><strong><a href=\"https:\/\/steplock.com\/sv\/stolpguide\/#!?lang=sv&amp;blog_id=1&amp;paged=1&amp;number=50\" target=\"_blank\" rel=\"noopener\">TRINN Postveiledning\u00a0<\/a><\/strong><\/h5>\n<h5><strong><a href=\"https:\/\/steplock.com\/sv\/projekteringsguide\/#!?lang=sv&amp;blog_id=1&amp;paged=1&amp;number=999\" target=\"_blank\" rel=\"noopener\">STEP design guide<\/a><\/strong><\/h5>","protected":false},"featured_media":140727,"template":"","meta":{"_acf_changed":false},"product_brand":[],"product_cat":[3355],"product_tag":[4198,4201],"class_list":{"0":"post-140729","1":"product","2":"type-product","3":"status-publish","4":"has-post-thumbnail","6":"product_cat-elslutbleck","7":"product_tag-12v","8":"product_tag-omvand","9":"product_shipping_class-tunga-paket","10":"pa_brands-step","11":"tm-no-options","13":"first","14":"onbackorder","15":"sale","16":"taxable","17":"shipping-taxable","18":"purchasable","19":"product-type-simple"},"acf":[],"_links":{"self":[{"href":"https:\/\/secureus.se\/no\/wp-json\/wp\/v2\/product\/140729","targetHints":{"allow":["GET"]}}],"collection":[{"href":"https:\/\/secureus.se\/no\/wp-json\/wp\/v2\/product"}],"about":[{"href":"https:\/\/secureus.se\/no\/wp-json\/wp\/v2\/types\/product"}],"wp:featuredmedia":[{"embeddable":true,"href":"https:\/\/secureus.se\/no\/wp-json\/wp\/v2\/media\/140727"}],"wp:attachment":[{"href":"https:\/\/secureus.se\/no\/wp-json\/wp\/v2\/media?parent=140729"}],"wp:term":[{"taxonomy":"product_brand","embeddable":true,"href":"https:\/\/secureus.se\/no\/wp-json\/wp\/v2\/product_brand?post=140729"},{"taxonomy":"product_cat","embeddable":true,"href":"https:\/\/secureus.se\/no\/wp-json\/wp\/v2\/product_cat?post=140729"},{"taxonomy":"product_tag","embeddable":true,"href":"https:\/\/secureus.se\/no\/wp-json\/wp\/v2\/product_tag?post=140729"}],"curies":[{"name":"wp","href":"https:\/\/api.w.org\/{rel}","templated":true}]}}