{"id":140835,"date":"2023-03-17T09:35:13","date_gmt":"2023-03-17T08:35:13","guid":{"rendered":"https:\/\/secureus.se\/elslutbleck-es22-hoger\/"},"modified":"2026-01-12T13:10:52","modified_gmt":"2026-01-12T12:10:52","slug":"elslutbleck-es22-hoger","status":"publish","type":"product","link":"https:\/\/secureus.se\/no\/elslutbleck-es22-hoger\/","title":{"rendered":"Elektrisk sluttplate ES22 h\u00f8yre"},"content":{"rendered":"<h1>Elektrisk sluttplate ES22 h\u00f8yre<\/h1>\n<p class=\"\" data-start=\"368\" data-end=\"751\">Elektrisk sluttstykke ES22 H for h\u00f8yrehengte d\u00f8rer er en h\u00f8ykvalitets elektrisk sluttstykke som egner seg for d\u00f8rer med krav til b\u00e5de sikkerhet og brannmotstand.<\/p>\n<p class=\"\" data-start=\"368\" data-end=\"751\">Med sine doble vril\u00e5ser muliggj\u00f8r ES22 separat l\u00e5sing av skyvel\u00e5ser og sylinderl\u00e5ser i l\u00e5sehus med doble l\u00e5ser, og gir en l\u00f8sning for kompliserte d\u00f8rmilj\u00f8er som krever b\u00e5de d\u00f8rautomatisering og brannsikring.<\/p>\n<p class=\"\" data-start=\"753\" data-end=\"1047\">Elitel\u00f8sningen egner seg for bruk der det stilles krav til n\u00f8d- og gjeninntreden, mens brannbekjempelse kan oppn\u00e5s via trykkfeller og gjeninntrengning via brannalarm.<\/p>\n<p class=\"\" data-start=\"753\" data-end=\"1047\">Sertifisert og CE-merket for bruk i branncellegrenser med en brannklasse p\u00e5 opptil 120 minutter (E\/EI 120).<\/p>\n<p class=\"\" data-start=\"1049\" data-end=\"1315\">Den propriet\u00e6re stripetrykkteknologien gj\u00f8r at d\u00f8ren \u00e5pnes selv n\u00e5r det er trykk mot d\u00f8ren, og eliminerer problemer for\u00e5rsaket av overtrykk, sn\u00f8 eller skitt i d\u00f8r\u00e5pningen.<\/p>\n<p class=\"\" data-start=\"1049\" data-end=\"1315\">Dette minimerer risikoen for nedetid og sikrer p\u00e5litelig drift i utfordrende milj\u00f8er.<\/p>\n<p class=\"\" data-start=\"1317\" data-end=\"1584\">SAFETRON ES22 er ogs\u00e5 utstyrt med doble stempelkontakter og innebygde sensorer som indikerer n\u00e5r vril\u00e5sene er sammenl\u00e5st.<\/p>\n<p class=\"\" data-start=\"1317\" data-end=\"1584\">Signalet gis kun n\u00e5r stempelkontakten og svingtappen er mekanisk l\u00e5st, noe som gj\u00f8r det til et sv\u00e6rt trygt valg for kritiske d\u00f8rl\u00f8sninger.<\/p>\n<p class=\"\" data-start=\"1586\" data-end=\"1603\"><strong data-start=\"1586\" data-end=\"1600\">Kjennetegn<\/strong>:<\/p>\n<ul data-start=\"1604\" data-end=\"1960\">\n<li class=\"\" data-start=\"1604\" data-end=\"1630\">\n<p class=\"\" data-start=\"1606\" data-end=\"1630\">For h\u00f8yrehengslede d\u00f8rer<\/p>\n<\/li>\n<li class=\"\" data-start=\"1631\" data-end=\"1685\">\n<p class=\"\" data-start=\"1633\" data-end=\"1685\">Brannklassifisert opptil 120 minutter (i henhold til SS-EN 14846)<\/p>\n<\/li>\n<li class=\"\" data-start=\"1686\" data-end=\"1712\">\n<p class=\"\" data-start=\"1688\" data-end=\"1712\">Listetrykk: Over 100 kg<\/p>\n<\/li>\n<li class=\"\" data-start=\"1713\" data-end=\"1752\">\n<p class=\"\" data-start=\"1715\" data-end=\"1752\">Holdekraft: Opptil 1500 kg \/ 15 kN<\/p>\n<\/li>\n<li class=\"\" data-start=\"1753\" data-end=\"1785\">\n<p class=\"\" data-start=\"1755\" data-end=\"1785\">Forover og bakover funksjon<\/p>\n<\/li>\n<li class=\"\" data-start=\"1786\" data-end=\"1816\">\n<p class=\"\" data-start=\"1788\" data-end=\"1816\">Stempelkontakt (ankerkontakt)<\/p>\n<\/li>\n<li class=\"\" data-start=\"1817\" data-end=\"1872\">\n<p class=\"\" data-start=\"1819\" data-end=\"1872\">Passer dobbelthengslede vinduer etter skandinavisk standard<\/p>\n<\/li>\n<li class=\"\" data-start=\"1873\" data-end=\"1896\">\n<p class=\"\" data-start=\"1875\" data-end=\"1896\">Spenning: 12-24 VDC<\/p>\n<\/li>\n<li class=\"\" data-start=\"1897\" data-end=\"1937\">\n<p class=\"\" data-start=\"1899\" data-end=\"1937\">Str\u00f8mforbruk: 35 mA per omdreining<\/p>\n<\/li>\n<li class=\"\" data-start=\"1938\" data-end=\"1960\">\n<p class=\"\" data-start=\"1940\" data-end=\"1960\">Innebygd beskyttelsesdiode<\/p>\n<\/li>\n<\/ul>\n<p class=\"\" data-start=\"1962\" data-end=\"1993\"><strong data-start=\"1962\" data-end=\"1990\">Tekniske spesifikasjoner<\/strong>:<\/p>\n<ul data-start=\"1994\" data-end=\"2566\">\n<li class=\"\" data-start=\"1994\" data-end=\"2030\">\n<p class=\"\" data-start=\"1996\" data-end=\"2030\"><strong data-start=\"1996\" data-end=\"2019\">Bruddstyrke maks<\/strong>: 1500 kg<\/p>\n<\/li>\n<li class=\"\" data-start=\"2031\" data-end=\"2058\">\n<p class=\"\" data-start=\"2033\" data-end=\"2058\"><strong data-start=\"2033\" data-end=\"2049\">D\u00f8r hengende<\/strong>: H\u00f8yre<\/p>\n<\/li>\n<li class=\"\" data-start=\"2059\" data-end=\"2082\">\n<p class=\"\" data-start=\"2061\" data-end=\"2082\"><strong data-start=\"2061\" data-end=\"2076\">Kabel inkludert<\/strong>: Ja<\/p>\n<\/li>\n<li class=\"\" data-start=\"2083\" data-end=\"2108\">\n<p class=\"\" data-start=\"2085\" data-end=\"2108\"><strong data-start=\"2085\" data-end=\"2098\">Listeutskrift<\/strong>: 100 kg<\/p>\n<\/li>\n<li class=\"\" data-start=\"2109\" data-end=\"2140\">\n<p class=\"\" data-start=\"2111\" data-end=\"2140\"><strong data-start=\"2111\" data-end=\"2121\">L\u00e5s type<\/strong>: Tofl\u00f8yet l\u00e5sehus<\/p>\n<\/li>\n<li class=\"\" data-start=\"2141\" data-end=\"2169\">\n<p class=\"\" data-start=\"2143\" data-end=\"2169\"><strong data-start=\"2143\" data-end=\"2160\">Bredt produkt<\/strong>: 35 mm<\/p>\n<\/li>\n<li class=\"\" data-start=\"2170\" data-end=\"2196\">\n<p class=\"\" data-start=\"2172\" data-end=\"2196\"><strong data-start=\"2172\" data-end=\"2190\">Byggematerialer vurdert<\/strong>: Ja<\/p>\n<\/li>\n<li class=\"\" data-start=\"2197\" data-end=\"2224\">\n<p class=\"\" data-start=\"2199\" data-end=\"2224\"><strong data-start=\"2199\" data-end=\"2215\">Dyp produkt<\/strong>: 40 mm<\/p>\n<\/li>\n<li class=\"\" data-start=\"2225\" data-end=\"2259\">\n<p class=\"\" data-start=\"2227\" data-end=\"2259\"><strong data-start=\"2227\" data-end=\"2252\">Driftsspenning 12V\/24V<\/strong>: 12V<\/p>\n<\/li>\n<li class=\"\" data-start=\"2260\" data-end=\"2287\">\n<p class=\"\" data-start=\"2262\" data-end=\"2287\"><strong data-start=\"2262\" data-end=\"2281\">Dobbel vri etui<\/strong>: Ja<\/p>\n<\/li>\n<li class=\"\" data-start=\"2288\" data-end=\"2315\">\n<p class=\"\" data-start=\"2290\" data-end=\"2315\"><strong data-start=\"2290\" data-end=\"2308\">EPD-verifisert<\/strong>: Nei<\/p>\n<\/li>\n<li class=\"\" data-start=\"2316\" data-end=\"2334\">\n<p class=\"\" data-start=\"2318\" data-end=\"2334\"><strong data-start=\"2318\" data-end=\"2327\">FIN INFO<\/strong>: Nei<\/p>\n<\/li>\n<li class=\"\" data-start=\"2335\" data-end=\"2369\">\n<p class=\"\" data-start=\"2337\" data-end=\"2369\"><strong data-start=\"2337\" data-end=\"2358\">Farge\/Overflatebehandling<\/strong>: Rustfritt st\u00e5l<\/p>\n<\/li>\n<li class=\"\" data-start=\"2370\" data-end=\"2398\">\n<p class=\"\" data-start=\"2372\" data-end=\"2398\"><strong data-start=\"2372\" data-end=\"2388\">Forh\u00f8yet produkt<\/strong>: 230 mm<\/p>\n<\/li>\n<li class=\"\" data-start=\"2399\" data-end=\"2422\">\n<p class=\"\" data-start=\"2401\" data-end=\"2422\"><strong data-start=\"2401\" data-end=\"2416\">Stempelkobling<\/strong>: Ja<\/p>\n<\/li>\n<li class=\"\" data-start=\"2423\" data-end=\"2454\">\n<p class=\"\" data-start=\"2425\" data-end=\"2454\"><strong data-start=\"2425\" data-end=\"2444\">H\u00f8yre\/revers<\/strong>: Omvendt<\/p>\n<\/li>\n<li class=\"\" data-start=\"2455\" data-end=\"2481\">\n<p class=\"\" data-start=\"2457\" data-end=\"2481\"><strong data-start=\"2457\" data-end=\"2475\">Spenning AC\/DC<\/strong>: DC<\/p>\n<\/li>\n<li class=\"\" data-start=\"2482\" data-end=\"2510\">\n<p class=\"\" data-start=\"2484\" data-end=\"2510\"><strong data-start=\"2484\" data-end=\"2500\">Spenning maks<\/strong>: 27,6V<\/p>\n<\/li>\n<li class=\"\" data-start=\"2511\" data-end=\"2539\">\n<p class=\"\" data-start=\"2513\" data-end=\"2539\"><strong data-start=\"2513\" data-end=\"2529\">Spenning min<\/strong>: 21,6V<\/p>\n<\/li>\n<li class=\"\" data-start=\"2540\" data-end=\"2566\">\n<p class=\"\" data-start=\"2542\" data-end=\"2566\"><strong data-start=\"2542\" data-end=\"2560\">SundaHouse vurdert<\/strong>: Ja<\/p>\n<\/li>\n<\/ul>","protected":false},"excerpt":{"rendered":"<p>Elektrisk sluttstykke S22 H for h\u00f8yrehengte d\u00f8rer, elektrisk sluttstykke med dobbel pivot.<\/p>\n<p>Brannklassifisert opptil 120 minutter, designet for komplekse d\u00f8rmilj\u00f8er med krav til brannsikring og d\u00f8rautomatisering. Inkluderer unik st\u00f8petrykkteknologi.<\/p>","protected":false},"featured_media":140834,"template":"","meta":{"_acf_changed":false},"product_brand":[],"product_cat":[3355],"product_tag":[4487,4488,4866,4489],"class_list":{"0":"post-140835","1":"product","2":"type-product","3":"status-publish","4":"has-post-thumbnail","6":"product_cat-elslutbleck","7":"product_tag-rel-sa","8":"product_tag-rel-safetron-elslutbleck","9":"product_tag-safetron-20","10":"product_tag-safetron-elslutbleck-es22","11":"product_shipping_class-tunga-paket","12":"pa_brands-7safetron","13":"tm-no-options","15":"first","16":"instock","17":"featured","18":"taxable","19":"shipping-taxable","20":"purchasable","21":"product-type-simple"},"acf":[],"_links":{"self":[{"href":"https:\/\/secureus.se\/no\/wp-json\/wp\/v2\/product\/140835","targetHints":{"allow":["GET"]}}],"collection":[{"href":"https:\/\/secureus.se\/no\/wp-json\/wp\/v2\/product"}],"about":[{"href":"https:\/\/secureus.se\/no\/wp-json\/wp\/v2\/types\/product"}],"wp:featuredmedia":[{"embeddable":true,"href":"https:\/\/secureus.se\/no\/wp-json\/wp\/v2\/media\/140834"}],"wp:attachment":[{"href":"https:\/\/secureus.se\/no\/wp-json\/wp\/v2\/media?parent=140835"}],"wp:term":[{"taxonomy":"product_brand","embeddable":true,"href":"https:\/\/secureus.se\/no\/wp-json\/wp\/v2\/product_brand?post=140835"},{"taxonomy":"product_cat","embeddable":true,"href":"https:\/\/secureus.se\/no\/wp-json\/wp\/v2\/product_cat?post=140835"},{"taxonomy":"product_tag","embeddable":true,"href":"https:\/\/secureus.se\/no\/wp-json\/wp\/v2\/product_tag?post=140835"}],"curies":[{"name":"wp","href":"https:\/\/api.w.org\/{rel}","templated":true}]}}