{"id":141309,"date":"2023-05-10T09:52:40","date_gmt":"2023-05-10T07:52:40","guid":{"rendered":"https:\/\/secureus.se\/elqrb-pure-4x1-vit\/"},"modified":"2026-04-08T16:43:01","modified_gmt":"2026-04-08T14:43:01","slug":"elqrb-pure-4x1-vit","status":"publish","type":"product","link":"https:\/\/secureus.se\/no\/elqrb-pure-4x1-vit\/","title":{"rendered":"ELQRB PURE 4X1 HVIT"},"content":{"rendered":"<p>Halogenfri telekommunikasjonssignalkabel. Avgir ikke etsende gasser og har lav r\u00f8yktetthet ved brann. I teleanlegg for fast installasjon innend\u00f8rs og utend\u00f8rs, p\u00e5 b\u00e6reledning eller i bakken dersom kabelen er beskyttet mot mekanisk skade. R\u00f8d kabel brukes som seksjonsledning i brannalarmanlegg.<\/p>","protected":false},"excerpt":{"rendered":"<p>Halogenfri telesignalkabel. Avger inga korrosiva gaser och har l\u00e5g r\u00f6kt\u00e4thet vid brand. I telesignalanl\u00e4ggningar f\u00f6r fast f\u00f6rl\u00e4ggning inom- och utomhus, p\u00e5 b\u00e4rlina eller i mark om kabeln skyddas mot mekanisk<\/p>","protected":false},"featured_media":141308,"template":"","meta":{"_acf_changed":false},"product_brand":[],"product_cat":[2678],"product_tag":[2487],"class_list":{"0":"post-141309","1":"product","2":"type-product","3":"status-publish","4":"has-post-thumbnail","6":"product_cat-telekabel-oskarmad","7":"product_tag-kabel-oskarmad","8":"product_shipping_class-tunga-paket","9":"tm-no-options","11":"first","12":"instock","13":"taxable","14":"shipping-taxable","15":"purchasable","16":"product-type-simple"},"acf":[],"_links":{"self":[{"href":"https:\/\/secureus.se\/no\/wp-json\/wp\/v2\/product\/141309","targetHints":{"allow":["GET"]}}],"collection":[{"href":"https:\/\/secureus.se\/no\/wp-json\/wp\/v2\/product"}],"about":[{"href":"https:\/\/secureus.se\/no\/wp-json\/wp\/v2\/types\/product"}],"wp:featuredmedia":[{"embeddable":true,"href":"https:\/\/secureus.se\/no\/wp-json\/wp\/v2\/media\/141308"}],"wp:attachment":[{"href":"https:\/\/secureus.se\/no\/wp-json\/wp\/v2\/media?parent=141309"}],"wp:term":[{"taxonomy":"product_brand","embeddable":true,"href":"https:\/\/secureus.se\/no\/wp-json\/wp\/v2\/product_brand?post=141309"},{"taxonomy":"product_cat","embeddable":true,"href":"https:\/\/secureus.se\/no\/wp-json\/wp\/v2\/product_cat?post=141309"},{"taxonomy":"product_tag","embeddable":true,"href":"https:\/\/secureus.se\/no\/wp-json\/wp\/v2\/product_tag?post=141309"}],"curies":[{"name":"wp","href":"https:\/\/api.w.org\/{rel}","templated":true}]}}