{"id":141929,"date":"2022-07-04T10:08:52","date_gmt":"2022-07-04T08:08:52","guid":{"rendered":"https:\/\/secureus.se\/slutbleck-107-8\/"},"modified":"2026-01-12T13:23:18","modified_gmt":"2026-01-12T12:23:18","slug":"slutbleck-107-8","status":"publish","type":"product","link":"https:\/\/secureus.se\/no\/slutbleck-107-8\/","title":{"rendered":"Endeplate 107-8"},"content":{"rendered":"<h1>Endeplate 107-8<\/h1>\n<p class=\"\" data-start=\"223\" data-end=\"715\">Strikeplate 107-8 er en vinklet slagplate, designet for bruk i tre-, aluminiums- eller st\u00e5lrammer.<\/p>\n<p class=\"\" data-start=\"223\" data-end=\"715\">Den kommer med en justerbar magnet og er laget av slitesterkt rustfritt st\u00e5l.<\/p>\n<p class=\"\" data-start=\"223\" data-end=\"715\">Den er kompatibel med utsparinger for elektriske sluttplater med monteringsstolpe SA30-15 \/ ST4002-15, som gj\u00f8r det mulig \u00e5 bruke elektriske trykknappl\u00e5ser eller motorl\u00e5ser i stedet for tradisjonelle l\u00f8sninger.<\/p>\n<p class=\"\" data-start=\"223\" data-end=\"715\">Strikeplate 107-8 er perfekt for bruk med SAFETRON-produktene SL620, SL630, 6500 og 6600.<\/p>\n<p class=\"\" data-start=\"717\" data-end=\"734\"><strong data-start=\"717\" data-end=\"731\">Kjennetegn<\/strong>:<\/p>\n<ul data-start=\"735\" data-end=\"1097\">\n<li class=\"\" data-start=\"735\" data-end=\"781\">\n<p class=\"\" data-start=\"737\" data-end=\"781\">Egnet for tre-, aluminium- eller st\u00e5lrammer<\/p>\n<\/li>\n<li class=\"\" data-start=\"782\" data-end=\"808\">\n<p class=\"\" data-start=\"784\" data-end=\"808\">Justerbar magnet f\u00f8lger med<\/p>\n<\/li>\n<li class=\"\" data-start=\"809\" data-end=\"833\">\n<p class=\"\" data-start=\"811\" data-end=\"833\">Vinklet konstruksjon<\/p>\n<\/li>\n<li class=\"\" data-start=\"834\" data-end=\"885\">\n<p class=\"\" data-start=\"836\" data-end=\"885\">Laget av rustfritt st\u00e5l for lang holdbarhet<\/p>\n<\/li>\n<li class=\"\" data-start=\"886\" data-end=\"975\">\n<p class=\"\" data-start=\"888\" data-end=\"975\">Kan brukes i utsparinger forberedt for elektriske sluttplater med monteringsstolpe SA30-15 \/ ST4002-15<\/p>\n<\/li>\n<li class=\"\" data-start=\"976\" data-end=\"1097\">\n<p class=\"\" data-start=\"978\" data-end=\"1015\">Kompatibel med f\u00f8lgende produkter:<\/p>\n<ul data-start=\"1018\" data-end=\"1097\">\n<li class=\"\" data-start=\"1018\" data-end=\"1036\">\n<p class=\"\" data-start=\"1020\" data-end=\"1036\">SAFETRON SL620<\/p>\n<\/li>\n<li class=\"\" data-start=\"1039\" data-end=\"1057\">\n<p class=\"\" data-start=\"1041\" data-end=\"1057\">SAFETRON SL630<\/p>\n<\/li>\n<li class=\"\" data-start=\"1060\" data-end=\"1077\">\n<p class=\"\" data-start=\"1062\" data-end=\"1077\">SAFETRON 6500<\/p>\n<\/li>\n<li class=\"\" data-start=\"1080\" data-end=\"1097\">\n<p class=\"\" data-start=\"1082\" data-end=\"1097\">SAFETRON 6600<\/p>\n<\/li>\n<\/ul>\n<\/li>\n<li>\n<p class=\"\" data-start=\"1099\" data-end=\"1118\"><strong data-start=\"1099\" data-end=\"1115\">Tekniske data<\/strong>:<\/p>\n<ul data-start=\"1119\" data-end=\"1294\">\n<li class=\"\" data-start=\"1119\" data-end=\"1151\">\n<p class=\"\" data-start=\"1121\" data-end=\"1151\"><strong data-start=\"1121\" data-end=\"1133\">Materiale<\/strong>: Rustfritt st\u00e5l<\/p>\n<\/li>\n<li class=\"\" data-start=\"1152\" data-end=\"1177\">\n<p class=\"\" data-start=\"1154\" data-end=\"1177\"><strong data-start=\"1154\" data-end=\"1164\">Magnet<\/strong>: Justerbar<\/p>\n<\/li>\n<li class=\"\" data-start=\"1178\" data-end=\"1235\">\n<p class=\"\" data-start=\"1180\" data-end=\"1235\"><strong data-start=\"1180\" data-end=\"1198\">Kompatibel med<\/strong>: SA30-15 \/ ST4002-15 monteringsstolpe<\/p>\n<\/li>\n<li class=\"\" data-start=\"1236\" data-end=\"1294\">\n<p class=\"\" data-start=\"1238\" data-end=\"1294\"><strong data-start=\"1238\" data-end=\"1259\">Bruksomr\u00e5de<\/strong>: Tre, aluminium eller st\u00e5lrammer<\/p>\n<\/li>\n<\/ul>\n<\/li>\n<\/ul>","protected":false},"excerpt":{"rendered":"<p>Vinklet endeplate for tre, aluminium eller st\u00e5lrammer. Justerbar magnet medf\u00f8lger, laget av rustfritt st\u00e5l.<\/p>","protected":false},"featured_media":141928,"template":"","meta":{"_acf_changed":false},"product_brand":[],"product_cat":[3355],"product_tag":[4504,4866,4505,4452],"class_list":{"0":"post-141929","1":"product","2":"type-product","3":"status-publish","4":"has-post-thumbnail","6":"product_cat-elslutbleck","7":"product_tag-ellas-tillbehor-slutbleck","8":"product_tag-safetron-20","9":"product_tag-safetron-tillbehor-600-serien","10":"product_tag-safetron-tillbehor-motorlas-6000-serien","11":"product_shipping_class-tunga-paket","12":"pa_brands-7safetron","13":"tm-no-options","15":"first","16":"instock","17":"featured","18":"taxable","19":"shipping-taxable","20":"purchasable","21":"product-type-simple"},"acf":[],"_links":{"self":[{"href":"https:\/\/secureus.se\/no\/wp-json\/wp\/v2\/product\/141929","targetHints":{"allow":["GET"]}}],"collection":[{"href":"https:\/\/secureus.se\/no\/wp-json\/wp\/v2\/product"}],"about":[{"href":"https:\/\/secureus.se\/no\/wp-json\/wp\/v2\/types\/product"}],"wp:featuredmedia":[{"embeddable":true,"href":"https:\/\/secureus.se\/no\/wp-json\/wp\/v2\/media\/141928"}],"wp:attachment":[{"href":"https:\/\/secureus.se\/no\/wp-json\/wp\/v2\/media?parent=141929"}],"wp:term":[{"taxonomy":"product_brand","embeddable":true,"href":"https:\/\/secureus.se\/no\/wp-json\/wp\/v2\/product_brand?post=141929"},{"taxonomy":"product_cat","embeddable":true,"href":"https:\/\/secureus.se\/no\/wp-json\/wp\/v2\/product_cat?post=141929"},{"taxonomy":"product_tag","embeddable":true,"href":"https:\/\/secureus.se\/no\/wp-json\/wp\/v2\/product_tag?post=141929"}],"curies":[{"name":"wp","href":"https:\/\/api.w.org\/{rel}","templated":true}]}}