{"id":141939,"date":"2022-07-04T11:09:39","date_gmt":"2022-07-04T09:09:39","guid":{"rendered":"https:\/\/secureus.se\/slutbleck-106-4\/"},"modified":"2026-01-12T13:16:57","modified_gmt":"2026-01-12T12:16:57","slug":"slutbleck-106-4","status":"publish","type":"product","link":"https:\/\/secureus.se\/no\/slutbleck-106-4\/","title":{"rendered":"Endeplate 106-4"},"content":{"rendered":"<h1>Endeplate 106-4<\/h1>\n<p class=\"\" data-start=\"232\" data-end=\"607\">Strikeplate 106-4 er designet for bruk med Safetrons TwoCom 6000-serie motorl\u00e5ser.<\/p>\n<p class=\"\" data-start=\"232\" data-end=\"607\">Laget av h\u00f8ykvalitets rustfritt st\u00e5l som er elektropolert, noe som gir lang holdbarhet og h\u00f8y motstand mot korrosjon. Magnet inkludert for \u00e5 sikre effektiv l\u00e5sing.<\/p>\n<p class=\"\" data-start=\"232\" data-end=\"607\">Denne slagplaten er et p\u00e5litelig tilbeh\u00f8r for sikker d\u00f8rl\u00e5sing i ulike milj\u00f8er.<\/p>\n<p class=\"\" data-start=\"609\" data-end=\"626\"><strong data-start=\"609\" data-end=\"623\">Kjennetegn<\/strong>:<\/p>\n<ul data-start=\"627\" data-end=\"829\">\n<li class=\"\" data-start=\"627\" data-end=\"679\">\n<p class=\"\" data-start=\"629\" data-end=\"679\">Passer til Safetrons motorl\u00e5s TwoCom 6000-serien<\/p>\n<\/li>\n<li class=\"\" data-start=\"680\" data-end=\"746\">\n<p class=\"\" data-start=\"682\" data-end=\"746\">Laget av elektropolert rustfritt st\u00e5l for \u00f8kt holdbarhet<\/p>\n<\/li>\n<li class=\"\" data-start=\"747\" data-end=\"781\">\n<p class=\"\" data-start=\"749\" data-end=\"781\">Magnet inkludert for sikker l\u00e5sing<\/p>\n<\/li>\n<li class=\"\" data-start=\"782\" data-end=\"807\">\n<p class=\"\" data-start=\"784\" data-end=\"807\">M\u00e5l (hxb): 200\u00d740 mm<\/p>\n<\/li>\n<li class=\"\" data-start=\"808\" data-end=\"829\">\n<p class=\"\" data-start=\"810\" data-end=\"829\">Tungest\u00f8rrelse: 20,5 mm<\/p>\n<\/li>\n<\/ul>\n<p class=\"\" data-start=\"831\" data-end=\"850\"><strong data-start=\"831\" data-end=\"847\">Tekniske data<\/strong>:<\/p>\n<ul data-start=\"851\" data-end=\"979\">\n<li class=\"\" data-start=\"851\" data-end=\"880\">\n<p class=\"\" data-start=\"853\" data-end=\"880\"><strong data-start=\"853\" data-end=\"867\">Dimensjoner (hxb)<\/strong>: 200\u00d740 mm<\/p>\n<\/li>\n<li class=\"\" data-start=\"881\" data-end=\"906\">\n<p class=\"\" data-start=\"883\" data-end=\"906\"><strong data-start=\"883\" data-end=\"895\">Tungem\u00e5l<\/strong>: 20,5 mm<\/p>\n<\/li>\n<li class=\"\" data-start=\"907\" data-end=\"954\">\n<p class=\"\" data-start=\"909\" data-end=\"954\"><strong data-start=\"909\" data-end=\"921\">Materiale<\/strong>: Elektropolert rustfritt st\u00e5l<\/p>\n<\/li>\n<li class=\"\" data-start=\"955\" data-end=\"979\">\n<p class=\"\" data-start=\"957\" data-end=\"979\"><strong data-start=\"957\" data-end=\"973\">Magnet inkludert<\/strong>: Ja<\/p>\n<\/li>\n<\/ul>","protected":false},"excerpt":{"rendered":"<p>Endeplate 106-4 for Safetrons motorl\u00e5s TwoCom 6000-serien. Laget av elektropolert rustfritt st\u00e5l, magnet inkludert.<\/p>","protected":false},"featured_media":141938,"template":"","meta":{"_acf_changed":false},"product_brand":[],"product_cat":[3355],"product_tag":[4504,4866,4503],"class_list":{"0":"post-141939","1":"product","2":"type-product","3":"status-publish","4":"has-post-thumbnail","6":"product_cat-elslutbleck","7":"product_tag-ellas-tillbehor-slutbleck","8":"product_tag-safetron-20","9":"product_tag-safetron-tillbehor-motorlas-5000-serien","10":"product_shipping_class-tunga-paket","11":"pa_brands-7safetron","12":"tm-no-options","14":"first","15":"instock","16":"featured","17":"taxable","18":"shipping-taxable","19":"purchasable","20":"product-type-simple"},"acf":[],"_links":{"self":[{"href":"https:\/\/secureus.se\/no\/wp-json\/wp\/v2\/product\/141939","targetHints":{"allow":["GET"]}}],"collection":[{"href":"https:\/\/secureus.se\/no\/wp-json\/wp\/v2\/product"}],"about":[{"href":"https:\/\/secureus.se\/no\/wp-json\/wp\/v2\/types\/product"}],"wp:featuredmedia":[{"embeddable":true,"href":"https:\/\/secureus.se\/no\/wp-json\/wp\/v2\/media\/141938"}],"wp:attachment":[{"href":"https:\/\/secureus.se\/no\/wp-json\/wp\/v2\/media?parent=141939"}],"wp:term":[{"taxonomy":"product_brand","embeddable":true,"href":"https:\/\/secureus.se\/no\/wp-json\/wp\/v2\/product_brand?post=141939"},{"taxonomy":"product_cat","embeddable":true,"href":"https:\/\/secureus.se\/no\/wp-json\/wp\/v2\/product_cat?post=141939"},{"taxonomy":"product_tag","embeddable":true,"href":"https:\/\/secureus.se\/no\/wp-json\/wp\/v2\/product_tag?post=141939"}],"curies":[{"name":"wp","href":"https:\/\/api.w.org\/{rel}","templated":true}]}}