{"id":142007,"date":"2022-07-04T07:49:42","date_gmt":"2022-07-04T05:49:42","guid":{"rendered":"https:\/\/secureus.se\/motorlas-6500-kpl-2\/"},"modified":"2026-01-12T13:18:34","modified_gmt":"2026-01-12T12:18:34","slug":"motorlas-6500-kpl-2","status":"publish","type":"product","link":"https:\/\/secureus.se\/no\/motorlas-6500-kpl-2\/","title":{"rendered":"Safetron Motorl\u00e5s 6500 kpl"},"content":{"rendered":"<p>SAFETRON 6500 i settemballasje. Settpakken inneholder: motorl\u00e5s 6500, styreenhet CU2, tilkoblingskabel C06 (10m), endeplate 107-2 og rammeoverf\u00f8ring CT81.<\/p>\n<p>SAFETRON 6500 er markedets mest komplette motorl\u00e5s med moderne stempelplassering \u2013 identisk med l\u00e5ser i ASSA connect-serien. Det betyr at motorl\u00e5sen er tilpasset moderne d\u00f8rutsparinger, uansett om det er faste eller utskiftbare endeplater. SAFETRON 6500 deaktiveres p\u00e5 0,1 sekunder og derfor er det normalt ikke n\u00f8dvendig med egen dagl\u00e5s p\u00e5 h\u00f8yfrekvente d\u00f8rer. SAFETRON 6500 er tilpasset for bruk sammen med d\u00f8rautomatikk.<\/p>\n<p>Typiske bruksomr\u00e5der er dag-, natt- og sikkerhetsl\u00e5sing i handel, kontor og industri og hvor det stilles sv\u00e6rt h\u00f8ye krav til sikkerhet. Motorl\u00e5sene er sertifisert i henhold til SSF-3522 l\u00e5sklasse 2B, 3, 4 og 5 samt SS-EN 14846 Grade 7.<\/p>\n<p>SAFETRON 6500 kan brukes i r\u00f8mningsveier sammen med SAFETRON r\u00f8mningsutstyr 795 i henhold til den europeiske standarden SS-EN 179:2008, samt SSF 3522 klasse 2B.<\/p>\n<p>SAFETRON 6000-serien tilbyr integrert kontroll mot flere av markedets store leverand\u00f8rer av adgangssystem. Dette betyr at motorl\u00e5sene kan kobles direkte til adgangssystemets d\u00f8rsentral uten kontrollenhet og kan deretter konfigureres gjennom tilgangssystemets programvare, noe som gir en forenklet installasjon og et mer kostnadseffektivt d\u00f8rmilj\u00f8. Velg et halvt sett hvis du skal koble motorl\u00e5sen integrert til et adgangssystem eller om det skal brukes to motorl\u00e5ser med en styreenhet.<\/p>\n<p>SAFETRON 6500 har et forsterket krokkontrollstempel og er godkjent i RC3- og RC4-d\u00f8rer av de store portprodusentene. Motorl\u00e5ser i 6000-serien bruker 128-bits kryptering for maksimal sikkerhet og tillater kabellengder p\u00e5 opptil 100 meter mellom motorl\u00e5ser og kontrollenhet. Dette betyr at kontrollenheten kan installeres i beskyttede milj\u00f8er som str\u00f8msentraler eller serverrom.<\/p>\n<p>\u2022 Sertifisert i henhold til SSF-3522 l\u00e5s klasse 2B, 3, 4 og 5 og SS-EN 14846 grad 7<br \/>\n\u2022 Dorndybde 50 mm<br \/>\n\u2022 Forsterket kroklinjalstempel<br \/>\n\u2022 Integrert kontroll mot tilgangssystemer<br \/>\n\u2022 Stempelplassering samme som ASSA connect<br \/>\n\u2022 \u00c5pningshastighet: 0,1 sekunder<br \/>\n\u2022 Kan \u00e5pnes med n\u00f8kkel\/knott (90 graders rotasjon)<br \/>\n\u2022 Tilpasset d\u00f8rautomatikk<br \/>\n\u2022 N\u00f8devakuering\/gjeninnkvartering sammen med n\u00f8devakueringstilbeh\u00f8r 795<br \/>\n\u2022 Automatisk initialisering<br \/>\n\u2022 Hendelseslogg<br \/>\n\u2022 Seriekobling, opptil to motorl\u00e5ser til en kontrollenhet<\/p>","protected":false},"excerpt":{"rendered":"<p>SAFETRON 6500 i satsf\u00f6rpackning. Satsf\u00f6rpackningen inneh\u00e5ller: motorl\u00e5s 6500, styrenhet CU2, anslutningskabel C06 (10m), slutbleck 107-2 samt karm\u00f6verf\u00f6ring CT81. SAFETRON 6500 \u00e4r marknadens mest kompletta motorl\u00e5s med modern kolvplacering &#8211; identisk<\/p>","protected":false},"featured_media":142003,"template":"","meta":{"_acf_changed":false},"product_brand":[],"product_cat":[2874],"product_tag":[4512,4542,4500,4866,4501],"class_list":{"0":"post-142007","1":"product","2":"type-product","3":"status-publish","4":"has-post-thumbnail","6":"product_cat-motorlas","7":"product_tag-motorlas-komplett-kpl","8":"product_tag-panikutrymning-nej","9":"product_tag-rel-safetron-motorlas","10":"product_tag-safetron-20","11":"product_tag-safetron-motorlas","12":"product_shipping_class-tunga-paket","13":"pa_brands-7safetron","14":"tm-no-options","16":"first","17":"instock","18":"sale","19":"featured","20":"taxable","21":"shipping-taxable","22":"purchasable","23":"product-type-simple"},"acf":[],"_links":{"self":[{"href":"https:\/\/secureus.se\/no\/wp-json\/wp\/v2\/product\/142007","targetHints":{"allow":["GET"]}}],"collection":[{"href":"https:\/\/secureus.se\/no\/wp-json\/wp\/v2\/product"}],"about":[{"href":"https:\/\/secureus.se\/no\/wp-json\/wp\/v2\/types\/product"}],"wp:featuredmedia":[{"embeddable":true,"href":"https:\/\/secureus.se\/no\/wp-json\/wp\/v2\/media\/142003"}],"wp:attachment":[{"href":"https:\/\/secureus.se\/no\/wp-json\/wp\/v2\/media?parent=142007"}],"wp:term":[{"taxonomy":"product_brand","embeddable":true,"href":"https:\/\/secureus.se\/no\/wp-json\/wp\/v2\/product_brand?post=142007"},{"taxonomy":"product_cat","embeddable":true,"href":"https:\/\/secureus.se\/no\/wp-json\/wp\/v2\/product_cat?post=142007"},{"taxonomy":"product_tag","embeddable":true,"href":"https:\/\/secureus.se\/no\/wp-json\/wp\/v2\/product_tag?post=142007"}],"curies":[{"name":"wp","href":"https:\/\/api.w.org\/{rel}","templated":true}]}}