{"id":142174,"date":"2022-07-04T10:08:35","date_gmt":"2022-07-04T08:08:35","guid":{"rendered":"https:\/\/secureus.se\/slutbleck-107-5\/"},"modified":"2026-01-12T13:15:43","modified_gmt":"2026-01-12T12:15:43","slug":"slutbleck-107-5","status":"publish","type":"product","link":"https:\/\/secureus.se\/no\/slutbleck-107-5\/","title":{"rendered":"Endeplate 107-5"},"content":{"rendered":"<h1>Endeplate 107-5<\/h1>\n<p class=\"\" data-start=\"265\" data-end=\"719\">Slagplate 107-5 er en smalprofilslageplate som er tilpasset bruk i tre-, aluminiums- eller st\u00e5lrammer.<\/p>\n<p class=\"\" data-start=\"265\" data-end=\"719\">Den er sertifisert i henhold til SSF 3522 l\u00e5s klasse 5, noe som sikrer h\u00f8y sikkerhet og p\u00e5litelighet.<\/p>\n<p class=\"\" data-start=\"265\" data-end=\"719\">Slagplaten kommer med en justerbar magnet og er laget av rustfritt st\u00e5l for lang holdbarhet. Slagplate 107-5 brukes sammen med SAFETRON 6500 og gir en robust l\u00f8sning for d\u00f8rer som krever h\u00f8y sikkerhet.<\/p>\n<p class=\"\" data-start=\"721\" data-end=\"738\"><strong data-start=\"721\" data-end=\"735\">Kjennetegn<\/strong>:<\/p>\n<ul data-start=\"739\" data-end=\"954\">\n<li class=\"\" data-start=\"739\" data-end=\"798\">\n<p class=\"\" data-start=\"741\" data-end=\"798\">Smal profildesign for tre-, aluminium- eller st\u00e5lrammer<\/p>\n<\/li>\n<li class=\"\" data-start=\"799\" data-end=\"841\">\n<p class=\"\" data-start=\"801\" data-end=\"841\">Sertifisert i henhold til SSF 3522 l\u00e5s klasse 5<\/p>\n<\/li>\n<li class=\"\" data-start=\"842\" data-end=\"868\">\n<p class=\"\" data-start=\"844\" data-end=\"868\">Justerbar magnet f\u00f8lger med<\/p>\n<\/li>\n<li class=\"\" data-start=\"869\" data-end=\"920\">\n<p class=\"\" data-start=\"871\" data-end=\"920\">Laget av rustfritt st\u00e5l for lang holdbarhet<\/p>\n<\/li>\n<li class=\"\" data-start=\"921\" data-end=\"954\">\n<p class=\"\" data-start=\"923\" data-end=\"954\">Kompatibel med SAFETRON 6500<\/p>\n<\/li>\n<\/ul>\n<p class=\"\" data-start=\"956\" data-end=\"975\"><strong data-start=\"956\" data-end=\"972\">Tekniske data<\/strong>:<\/p>\n<ul data-start=\"976\" data-end=\"1114\">\n<li class=\"\" data-start=\"976\" data-end=\"1008\">\n<p class=\"\" data-start=\"978\" data-end=\"1008\"><strong data-start=\"978\" data-end=\"990\">Materiale<\/strong>: Rustfritt st\u00e5l<\/p>\n<\/li>\n<li class=\"\" data-start=\"1009\" data-end=\"1034\">\n<p class=\"\" data-start=\"1011\" data-end=\"1034\"><strong data-start=\"1011\" data-end=\"1021\">Magnet<\/strong>: Justerbar<\/p>\n<\/li>\n<li class=\"\" data-start=\"1035\" data-end=\"1072\">\n<p class=\"\" data-start=\"1037\" data-end=\"1072\"><strong data-start=\"1037\" data-end=\"1055\">Kompatibel med<\/strong>: SAFETRON 6500<\/p>\n<\/li>\n<li class=\"\" data-start=\"1073\" data-end=\"1114\">\n<p class=\"\" data-start=\"1075\" data-end=\"1114\"><strong data-start=\"1075\" data-end=\"1091\">Sertifisering<\/strong>: SSF 3522 l\u00e5s klasse 5<\/p>\n<\/li>\n<\/ul>","protected":false},"excerpt":{"rendered":"<p>Smal profil endeplate sertifisert i henhold til SSF 3522 l\u00e5sklasse 5, for tre, aluminium eller st\u00e5lrammer. Justerbar magnet medf\u00f8lger, laget av rustfritt st\u00e5l.<\/p>","protected":false},"featured_media":142173,"template":"","meta":{"_acf_changed":false},"product_brand":[],"product_cat":[3355],"product_tag":[4504,4866,4505],"class_list":{"0":"post-142174","1":"product","2":"type-product","3":"status-publish","4":"has-post-thumbnail","6":"product_cat-elslutbleck","7":"product_tag-ellas-tillbehor-slutbleck","8":"product_tag-safetron-20","9":"product_tag-safetron-tillbehor-600-serien","10":"product_shipping_class-tunga-paket","11":"pa_brands-7safetron","12":"tm-has-options","14":"first","15":"instock","16":"featured","17":"taxable","18":"shipping-taxable","19":"purchasable","20":"product-type-simple"},"acf":[],"_links":{"self":[{"href":"https:\/\/secureus.se\/no\/wp-json\/wp\/v2\/product\/142174","targetHints":{"allow":["GET"]}}],"collection":[{"href":"https:\/\/secureus.se\/no\/wp-json\/wp\/v2\/product"}],"about":[{"href":"https:\/\/secureus.se\/no\/wp-json\/wp\/v2\/types\/product"}],"wp:featuredmedia":[{"embeddable":true,"href":"https:\/\/secureus.se\/no\/wp-json\/wp\/v2\/media\/142173"}],"wp:attachment":[{"href":"https:\/\/secureus.se\/no\/wp-json\/wp\/v2\/media?parent=142174"}],"wp:term":[{"taxonomy":"product_brand","embeddable":true,"href":"https:\/\/secureus.se\/no\/wp-json\/wp\/v2\/product_brand?post=142174"},{"taxonomy":"product_cat","embeddable":true,"href":"https:\/\/secureus.se\/no\/wp-json\/wp\/v2\/product_cat?post=142174"},{"taxonomy":"product_tag","embeddable":true,"href":"https:\/\/secureus.se\/no\/wp-json\/wp\/v2\/product_tag?post=142174"}],"curies":[{"name":"wp","href":"https:\/\/api.w.org\/{rel}","templated":true}]}}