{"id":142333,"date":"2022-06-29T12:46:56","date_gmt":"2022-06-29T10:46:56","guid":{"rendered":"https:\/\/secureus.se\/ir-detektor-60m-ve735\/"},"modified":"2026-03-26T11:49:04","modified_gmt":"2026-03-26T10:49:04","slug":"ir-detektor-60m-ve735","status":"publish","type":"product","link":"https:\/\/secureus.se\/no\/ir-detektor-60m-ve735\/","title":{"rendered":"IR Detektor Ve735 \u2013 20 meter vinkel eller 60 meter lang str\u00e5le"},"content":{"rendered":"<h1>IR Detektor Ve735 \u2013 20 meter vinkel eller 60 meter lang str\u00e5le<\/h1>\n<p data-start=\"339\" data-end=\"1577\">VE735 IR-detektoren er en avansert PIR-detektor som tilbyr 20 meters vinkel eller 60 meters langdistansedekning.<\/p>\n<p data-start=\"339\" data-end=\"1577\">VE735 er utstyrt med et patentert pyroelement og DSP-algoritmer, og gir et flerdimensjonalt signalbilde som ikke bare identifiserer tilstedev\u00e6relsen av en varmekilde, men ogs\u00e5 bestemmer dens retning.<\/p>\n<p data-start=\"339\" data-end=\"1577\">Denne unike designen gir en betydelig forbedring av PIR-deteksjonsteknologien.<br data-start=\"761\" data-end=\"764\" \/>VE735s deteksjon er basert p\u00e5 et flerdimensjonalt signal fra pyroelementet, som gj\u00f8r at den kan skille mellom ulike typer varmekilder, inkludert statiske kilder som ikke genererer alarmer.<\/p>\n<p data-start=\"339\" data-end=\"1577\">Takket v\u00e6re DSP-algoritmene kan VE735 filtrere ut signaler fra statiske termiske kilder og bare varsle om bevegelsesm\u00f8nstre som indikerer en potensiell inntrenger.<\/p>\n<p data-start=\"339\" data-end=\"1577\">Dette betyr h\u00f8y sikkerhet og n\u00f8yaktig deteksjon uten falske alarmer.<br data-start=\"1191\" data-end=\"1194\" \/>For \u00e5 forbedre deteksjonen ytterligere bruker VE735 speilteknologi med h\u00f8ydensitetsoptikk (HDO). HDO gir flere og bredere gardiner uten at speilet m\u00e5 \u00f8kes.<\/p>\n<p data-start=\"339\" data-end=\"1577\">Med et 90-graders speil og 11 gardiner kan den skape effektiv og omfattende beskyttelse.<\/p>\n<p data-start=\"339\" data-end=\"1577\">Dette gj\u00f8r VE735 til en optimal l\u00f8sning for \u00e5 sikre h\u00f8y sikkerhet i b\u00e5de vinkel- og langbjelkeapplikasjoner.<\/p>\n<p data-start=\"1579\" data-end=\"1609\"><strong data-start=\"1579\" data-end=\"1607\">Funksjoner og fordeler:<\/strong><\/p>\n<ul data-start=\"1610\" data-end=\"2079\">\n<li data-start=\"1610\" data-end=\"1693\">\n<p data-start=\"1612\" data-end=\"1693\">20 meter vinkel eller 60 meter lang str\u00e5ledekning for fleksibel installasjon<\/p>\n<\/li>\n<li data-start=\"1694\" data-end=\"1770\">\n<p data-start=\"1696\" data-end=\"1770\">Patentert pyroelement for flerdimensjonal deteksjon og presis sikting<\/p>\n<\/li>\n<li data-start=\"1771\" data-end=\"1852\">\n<p data-start=\"1773\" data-end=\"1852\">DSP-algoritmer for \u00e5 filtrere ut interferens fra statiske termiske kilder<\/p>\n<\/li>\n<li data-start=\"1853\" data-end=\"1937\">\n<p data-start=\"1855\" data-end=\"1937\">H\u00f8y sikkerhet med filtrering av kun bevegelsesm\u00f8nstre fra potensielle inntrengere<\/p>\n<\/li>\n<li data-start=\"1938\" data-end=\"2009\">\n<p data-start=\"1940\" data-end=\"2009\">HDO speilopptikk for flere og bredere gardiner uten \u00e5 \u00f8ke speilst\u00f8rrelsen<\/p>\n<\/li>\n<li data-start=\"2010\" data-end=\"2079\">\n<p data-start=\"2012\" data-end=\"2079\">90-graders speil og 11 gardiner for effektiv og n\u00f8yaktig deteksjon<\/p>\n<\/li>\n<\/ul>\n<p data-start=\"2081\" data-end=\"2112\"><strong data-start=\"2081\" data-end=\"2110\">Tekniske spesifikasjoner:<\/strong><\/p>\n<ul data-start=\"2113\" data-end=\"2416\">\n<li data-start=\"2113\" data-end=\"2171\">\n<p data-start=\"2115\" data-end=\"2171\">Dekning: 20 meter vinkel eller 60 meter lang str\u00e5le<\/p>\n<\/li>\n<li data-start=\"2172\" data-end=\"2214\">\n<p data-start=\"2174\" data-end=\"2214\">Dekning: 90 grader med 11 gardiner<\/p>\n<\/li>\n<li data-start=\"2215\" data-end=\"2272\">\n<p data-start=\"2217\" data-end=\"2272\">Teknologi: Patentert pyroelement- og DSP-deteksjon<\/p>\n<\/li>\n<li data-start=\"2273\" data-end=\"2313\">\n<p data-start=\"2275\" data-end=\"2313\">HDO-speilopptikk for maksimal dekning<\/p>\n<\/li>\n<li data-start=\"2314\" data-end=\"2346\">\n<p data-start=\"2316\" data-end=\"2346\">Str\u00f8mforsyning: 9\u201315 VDC<\/p>\n<\/li>\n<li data-start=\"2347\" data-end=\"2374\">\n<p data-start=\"2349\" data-end=\"2374\">Str\u00f8mforbruk: 10 mA<\/p>\n<\/li>\n<li data-start=\"2375\" data-end=\"2416\">\n<p data-start=\"2377\" data-end=\"2416\">Dimensjoner: Standarddimensjoner for PIR-detektorer<\/p>\n<\/li>\n<\/ul>","protected":false},"excerpt":{"rendered":"<p>PIR-detektor med 20 meters vinkel eller 60 meters langrekkevidde.<\/p>\n<p>Patenterte pyroelement- og DSP-algoritmer for flerdimensjonal deteksjon og h\u00f8y sikkerhet.<\/p>","protected":false},"featured_media":142331,"template":"","meta":{"_acf_changed":false},"product_brand":[],"product_cat":[1325],"product_tag":[2145,2465],"class_list":{"0":"post-142333","1":"product","2":"type-product","3":"status-publish","4":"has-post-thumbnail","6":"product_cat-larmgivare-skalskydd","7":"product_tag-rorelsedetektor-ir-detektorer","8":"product_tag-sbsc-larmklass2","9":"product_shipping_class-tunga-paket","10":"pa_brands-aritech","11":"tm-no-options","13":"first","14":"instock","15":"sale","16":"taxable","17":"shipping-taxable","18":"purchasable","19":"product-type-simple"},"acf":[],"_links":{"self":[{"href":"https:\/\/secureus.se\/no\/wp-json\/wp\/v2\/product\/142333","targetHints":{"allow":["GET"]}}],"collection":[{"href":"https:\/\/secureus.se\/no\/wp-json\/wp\/v2\/product"}],"about":[{"href":"https:\/\/secureus.se\/no\/wp-json\/wp\/v2\/types\/product"}],"wp:featuredmedia":[{"embeddable":true,"href":"https:\/\/secureus.se\/no\/wp-json\/wp\/v2\/media\/142331"}],"wp:attachment":[{"href":"https:\/\/secureus.se\/no\/wp-json\/wp\/v2\/media?parent=142333"}],"wp:term":[{"taxonomy":"product_brand","embeddable":true,"href":"https:\/\/secureus.se\/no\/wp-json\/wp\/v2\/product_brand?post=142333"},{"taxonomy":"product_cat","embeddable":true,"href":"https:\/\/secureus.se\/no\/wp-json\/wp\/v2\/product_cat?post=142333"},{"taxonomy":"product_tag","embeddable":true,"href":"https:\/\/secureus.se\/no\/wp-json\/wp\/v2\/product_tag?post=142333"}],"curies":[{"name":"wp","href":"https:\/\/api.w.org\/{rel}","templated":true}]}}