{"id":142542,"date":"2022-06-29T12:46:31","date_gmt":"2022-06-29T10:46:31","guid":{"rendered":"https:\/\/secureus.se\/ir-detektor-tak-ir261\/"},"modified":"2026-04-08T16:52:42","modified_gmt":"2026-04-08T14:52:42","slug":"ir-detektor-tak-ir261","status":"publish","type":"product","link":"https:\/\/secureus.se\/no\/ir-detektor-tak-ir261\/","title":{"rendered":"IR-detektortak IR261 \u2013 360 grader 4,2 til 18,2 meter avhengig av installasjonsh\u00f8yde"},"content":{"rendered":"<h1>IR-detektortak IR261 \u2013 360 grader 4,2 til 18,2 meter avhengig av installasjonsh\u00f8yde<\/h1>\n<p data-start=\"316\" data-end=\"1255\">IR-detektoren Ceiling IR261 er en p\u00e5litelig og enkel \u00e5 installere detektor med 360-graders dekning, designet for \u00e5 gi n\u00f8yaktig deteksjon i store rom, \u00e5pne kontorlokaler, butikklokaler, korridorkryss og lagerbygninger.<\/p>\n<p data-start=\"316\" data-end=\"1255\">Med en rekkevidde p\u00e5 opptil 18,2 meter avhengig av installasjonsh\u00f8yde, tilbyr IR261 fleksibilitet for \u00e5 m\u00f8te behovene i ulike typer milj\u00f8er.<br data-start=\"708\" data-end=\"711\" \/>Den har fire niv\u00e5er for f\u00f8lsomhetsjustering og en LED-indikator for gangtest, noe som gj\u00f8r det enkelt \u00e5 tilpasse detektoren til spesifikke installasjonskrav.<\/p>\n<p data-start=\"316\" data-end=\"1255\">IR261 har et str\u00f8mforbruk p\u00e5 25 mA (35 mA ved alarm) og en spenningsforsyning mellom 10,5 og 18 V DC.<br data-start=\"976\" data-end=\"979\" \/>For \u00e5 \u00f8ke sikkerheten er den utstyrt med en sabotasjeutgang (NC \/ 30 V DC, 50 mA).<\/p>\n<p data-start=\"316\" data-end=\"1255\">Den er ogs\u00e5 godkjent for bruk i et temperaturomr\u00e5de fra -15 \u00b0C til +55 \u00b0C og har en kapslingsgrad p\u00e5 IP41 i henhold til IEC529, noe som gj\u00f8r den robust nok til bruk i mange forskjellige milj\u00f8er.<\/p>\n<p data-start=\"1257\" data-end=\"1287\"><strong data-start=\"1257\" data-end=\"1285\">Funksjoner og fordeler:<\/strong><\/p>\n<ul data-start=\"1288\" data-end=\"1728\">\n<li data-start=\"1288\" data-end=\"1336\">\n<p data-start=\"1290\" data-end=\"1336\">360-graders overv\u00e5king for omfattende dekning<\/p>\n<\/li>\n<li data-start=\"1337\" data-end=\"1399\">\n<p data-start=\"1339\" data-end=\"1399\">Rekkevidde opptil 18,2 meter avhengig av installasjonsh\u00f8yde<\/p>\n<\/li>\n<li data-start=\"1400\" data-end=\"1465\">\n<p data-start=\"1402\" data-end=\"1465\">Passer for store rom, \u00e5pne kontoromr\u00e5der og lagerbygninger<\/p>\n<\/li>\n<li data-start=\"1466\" data-end=\"1532\">\n<p data-start=\"1468\" data-end=\"1532\">Fire f\u00f8lsomhetsniv\u00e5er for tilpasset deteksjon<\/p>\n<\/li>\n<li data-start=\"1533\" data-end=\"1587\">\n<p data-start=\"1535\" data-end=\"1587\">LED-indikasjon for gangtest og rask installasjon<\/p>\n<\/li>\n<li data-start=\"1588\" data-end=\"1647\">\n<p data-start=\"1590\" data-end=\"1647\">Sabotasjeutgang (NC \/ 30 V DC, 50 mA) for ekstra sikkerhet<\/p>\n<\/li>\n<li data-start=\"1648\" data-end=\"1685\">\n<p data-start=\"1650\" data-end=\"1685\">Temperaturbestandig: -15 \u00b0C til +55 \u00b0C<\/p>\n<\/li>\n<li data-start=\"1686\" data-end=\"1728\">\n<p data-start=\"1688\" data-end=\"1728\">IP41-beskyttelsesklasse for robust ytelse<\/p>\n<\/li>\n<\/ul>\n<p data-start=\"1730\" data-end=\"1761\"><strong data-start=\"1730\" data-end=\"1759\">Tekniske spesifikasjoner:<\/strong><\/p>\n<ul data-start=\"1762\" data-end=\"2153\">\n<li data-start=\"1762\" data-end=\"1827\">\n<p data-start=\"1764\" data-end=\"1827\">Rekkevidde: 18,2 meter i diameter (avhengig av installasjonsh\u00f8yde)<\/p>\n<\/li>\n<li data-start=\"1828\" data-end=\"1864\">\n<p data-start=\"1830\" data-end=\"1864\">Str\u00f8mforsyning: 10,5\u201318 V likestr\u00f8m<\/p>\n<\/li>\n<li data-start=\"1865\" data-end=\"1909\">\n<p data-start=\"1867\" data-end=\"1909\">Str\u00f8mforbruk: 25 mA (35 mA ved alarm)<\/p>\n<\/li>\n<li data-start=\"1910\" data-end=\"1962\">\n<p data-start=\"1912\" data-end=\"1962\">Alarmutgang: Sabotasjeutgang (NC \/ 30 V DC, 50 mA)<\/p>\n<\/li>\n<li data-start=\"1963\" data-end=\"1990\">\n<p data-start=\"1965\" data-end=\"1990\">Indikasjon for gangtest: LED<\/p>\n<\/li>\n<li data-start=\"1991\" data-end=\"2027\">\n<p data-start=\"1993\" data-end=\"2027\">F\u00f8lsomhetsinnstilling: 4 niv\u00e5er<\/p>\n<\/li>\n<li data-start=\"2028\" data-end=\"2066\">\n<p data-start=\"2030\" data-end=\"2066\">Arbeidstemperatur: -15 \u00b0C til +55 \u00b0C<\/p>\n<\/li>\n<li data-start=\"2067\" data-end=\"2100\">\n<p data-start=\"2069\" data-end=\"2100\">Kapslingsklasse (IEC529): IP41<\/p>\n<\/li>\n<li data-start=\"2101\" data-end=\"2153\">\n<p data-start=\"2103\" data-end=\"2153\">M\u00e5l: Standardm\u00e5l for takmonterte PIR-detektorer<\/p>\n<\/li>\n<\/ul>","protected":false},"excerpt":{"rendered":"<p>IR-detektor med 360-graders dekning og en rekkevidde p\u00e5 opptil 18,2 meter.<\/p>\n<p>Fleksibel installasjon for store rom, kontorlokaler og lagerlokaler.<\/p>","protected":false},"featured_media":142541,"template":"","meta":{"_acf_changed":false},"product_brand":[],"product_cat":[1325],"product_tag":[2145],"class_list":{"0":"post-142542","1":"product","2":"type-product","3":"status-publish","4":"has-post-thumbnail","6":"product_cat-larmgivare-skalskydd","7":"product_tag-rorelsedetektor-ir-detektorer","8":"product_shipping_class-tunga-paket","9":"pa_brands-6vanderbilt","10":"tm-no-options","12":"first","13":"instock","14":"sale","15":"taxable","16":"shipping-taxable","17":"purchasable","18":"product-type-simple"},"acf":[],"_links":{"self":[{"href":"https:\/\/secureus.se\/no\/wp-json\/wp\/v2\/product\/142542","targetHints":{"allow":["GET"]}}],"collection":[{"href":"https:\/\/secureus.se\/no\/wp-json\/wp\/v2\/product"}],"about":[{"href":"https:\/\/secureus.se\/no\/wp-json\/wp\/v2\/types\/product"}],"wp:featuredmedia":[{"embeddable":true,"href":"https:\/\/secureus.se\/no\/wp-json\/wp\/v2\/media\/142541"}],"wp:attachment":[{"href":"https:\/\/secureus.se\/no\/wp-json\/wp\/v2\/media?parent=142542"}],"wp:term":[{"taxonomy":"product_brand","embeddable":true,"href":"https:\/\/secureus.se\/no\/wp-json\/wp\/v2\/product_brand?post=142542"},{"taxonomy":"product_cat","embeddable":true,"href":"https:\/\/secureus.se\/no\/wp-json\/wp\/v2\/product_cat?post=142542"},{"taxonomy":"product_tag","embeddable":true,"href":"https:\/\/secureus.se\/no\/wp-json\/wp\/v2\/product_tag?post=142542"}],"curies":[{"name":"wp","href":"https:\/\/api.w.org\/{rel}","templated":true}]}}