{"id":142982,"date":"2022-06-28T13:05:17","date_gmt":"2022-06-28T11:05:17","guid":{"rendered":"https:\/\/secureus.se\/seismisk-detektor-gm-730-2\/"},"modified":"2025-09-15T13:19:34","modified_gmt":"2025-09-15T11:19:34","slug":"seismisk-detektor-gm-730-2","status":"publish","type":"product","link":"https:\/\/secureus.se\/no\/seismisk-detektor-gm-730-2\/","title":{"rendered":"Seismisk detektor Gm 730"},"content":{"rendered":"<p>Seismisk detektor i lavprofildesign for bruk p\u00e5 st\u00e5l eller betong. 24-timers overv\u00e5king av safer, minibanker, servicebokser og billett- og seddelautomater. Individuell programmering med SensTool-programvaren. Enkel test av installasjon og funksjon med GMXS1 testsender, (separat tilbeh\u00f8r). SENSTEC\u00ae Bimorph sensor og intelligent mikroprosessorbasert signalbehandling. Tekniske data: Overv\u00e5kingsomr\u00e5de: 4 m radius \/ 50 m2. Forsyningsspenning: 8 \u2013 16 VDC. Str\u00f8mforbruk: Sleep 3 mA \/ Alarm 5 mA. Alarmutgang: NC \/ 30 V DC \/ 100 mA \/ Ri.<\/p>","protected":false},"excerpt":{"rendered":"<p>Seismisk detektor i lavprofildesign for bruk p\u00e5 st\u00e5l eller betong. 24-timers sikkerhet for safer, minibanker, servicebokser og billett- og seddelautomater. Individuell programmering med SensTool programvare. Enkel installasjon og testing<\/p>","protected":false},"featured_media":142981,"template":"","meta":{"_acf_changed":false},"product_brand":[],"product_cat":[3085],"product_tag":[4521],"class_list":{"0":"post-142982","1":"product","2":"type-product","3":"status-publish","4":"has-post-thumbnail","6":"product_cat-vibationsdetektorer-glaskrossdetektorer","7":"product_tag-sbsc-larmklass3_4","8":"product_shipping_class-tunga-paket","9":"pa_brands-6vanderbilt","10":"tm-no-options","12":"first","13":"instock","14":"featured","15":"taxable","16":"shipping-taxable","17":"purchasable","18":"product-type-simple"},"acf":[],"_links":{"self":[{"href":"https:\/\/secureus.se\/no\/wp-json\/wp\/v2\/product\/142982","targetHints":{"allow":["GET"]}}],"collection":[{"href":"https:\/\/secureus.se\/no\/wp-json\/wp\/v2\/product"}],"about":[{"href":"https:\/\/secureus.se\/no\/wp-json\/wp\/v2\/types\/product"}],"wp:featuredmedia":[{"embeddable":true,"href":"https:\/\/secureus.se\/no\/wp-json\/wp\/v2\/media\/142981"}],"wp:attachment":[{"href":"https:\/\/secureus.se\/no\/wp-json\/wp\/v2\/media?parent=142982"}],"wp:term":[{"taxonomy":"product_brand","embeddable":true,"href":"https:\/\/secureus.se\/no\/wp-json\/wp\/v2\/product_brand?post=142982"},{"taxonomy":"product_cat","embeddable":true,"href":"https:\/\/secureus.se\/no\/wp-json\/wp\/v2\/product_cat?post=142982"},{"taxonomy":"product_tag","embeddable":true,"href":"https:\/\/secureus.se\/no\/wp-json\/wp\/v2\/product_tag?post=142982"}],"curies":[{"name":"wp","href":"https:\/\/api.w.org\/{rel}","templated":true}]}}