{"id":145145,"date":"2022-03-10T15:47:00","date_gmt":"2022-03-10T14:47:00","guid":{"rendered":"https:\/\/secureus.se\/vibrationsdetektor-cd400-alarmtech\/"},"modified":"2025-12-31T19:43:46","modified_gmt":"2025-12-31T18:43:46","slug":"vibrationsdetektor-cd400-alarmtech","status":"publish","type":"product","link":"https:\/\/secureus.se\/no\/vibrationsdetektor-cd400-alarmtech\/","title":{"rendered":"Vibrasjonsdetektor CD400 Alarmtech"},"content":{"rendered":"<p>Sjokkdetektoren CD 400 gir p\u00e5litelig beskyttelse for vinduer, d\u00f8rer og vegger laget av mykere materialer mot innbruddsverkt\u00f8y med sterk kraft. Den har digital signalbehandling med en avansert deteksjonsalgoritme. Dette betyr at detektoren har h\u00f8y deteksjonsevne og h\u00f8y immunitet mot forstyrrelser i milj\u00f8et. F\u00f8lsomheten til detektoren CD 400 kan enkelt justeres via et potensiometer.<\/p>\n<p>Kontaktdata100 mA maks, 50 V maks, Rs 30 Ohm<\/p>\n<p>SabotasjebeskyttelseJa Tilkobling Skrueterminal Hus ABS plast Farge Hvit<\/p>\n<p>Arbeidstemperatur -10 til +70\u00b0C<\/p>\n<p>Beskyttelsesklasse IP 42 St\u00f8rrelse (LxBxH) mm91x31x23<\/p>\n<p>Vekt kg0,051<\/p>\n<p>Str\u00f8mforbruk i hvile 9 mA Str\u00f8mforbruk under alarm 11 mA<\/p>\n<p>Alarmutgang Rel\u00e9, NC Alarmindikasjons-LED<\/p>","protected":false},"excerpt":{"rendered":"<p>Produkter fra det profesjonelle markedet - Alarmtech - Alltid lav pris<\/p>","protected":false},"featured_media":145143,"template":"","meta":{"_acf_changed":false},"product_brand":[],"product_cat":[3085],"product_tag":[2418],"class_list":{"0":"post-145145","1":"product","2":"type-product","3":"status-publish","4":"has-post-thumbnail","6":"product_cat-vibationsdetektorer-glaskrossdetektorer","7":"product_tag-rel-larmgivare","8":"product_shipping_class-postnord-varubrev","9":"pa_brands-alarmtech","10":"tm-no-options","12":"first","13":"instock","14":"featured","15":"taxable","16":"shipping-taxable","17":"purchasable","18":"product-type-simple"},"acf":[],"_links":{"self":[{"href":"https:\/\/secureus.se\/no\/wp-json\/wp\/v2\/product\/145145","targetHints":{"allow":["GET"]}}],"collection":[{"href":"https:\/\/secureus.se\/no\/wp-json\/wp\/v2\/product"}],"about":[{"href":"https:\/\/secureus.se\/no\/wp-json\/wp\/v2\/types\/product"}],"wp:featuredmedia":[{"embeddable":true,"href":"https:\/\/secureus.se\/no\/wp-json\/wp\/v2\/media\/145143"}],"wp:attachment":[{"href":"https:\/\/secureus.se\/no\/wp-json\/wp\/v2\/media?parent=145145"}],"wp:term":[{"taxonomy":"product_brand","embeddable":true,"href":"https:\/\/secureus.se\/no\/wp-json\/wp\/v2\/product_brand?post=145145"},{"taxonomy":"product_cat","embeddable":true,"href":"https:\/\/secureus.se\/no\/wp-json\/wp\/v2\/product_cat?post=145145"},{"taxonomy":"product_tag","embeddable":true,"href":"https:\/\/secureus.se\/no\/wp-json\/wp\/v2\/product_tag?post=145145"}],"curies":[{"name":"wp","href":"https:\/\/api.w.org\/{rel}","templated":true}]}}