{"id":145555,"date":"2022-03-10T15:26:00","date_gmt":"2022-03-10T14:26:00","guid":{"rendered":"https:\/\/secureus.se\/liten-pase-70x100-aterforslutningsbarskrivfalt-25-pack\/"},"modified":"2025-12-31T19:36:31","modified_gmt":"2025-12-31T18:36:31","slug":"liten-pase-70x100-aterforslutningsbarskrivfalt-25-pack","status":"publish","type":"product","link":"https:\/\/secureus.se\/no\/liten-pase-70x100-aterforslutningsbarskrivfalt-25-pack\/","title":{"rendered":"Liten pose 25-Pak 70\u00d7100 Gjenlukkbar+skrivbart felt"},"content":{"rendered":"<div>\n<p>Ziplock-poser er flotte n\u00e5r du enkelt vil forsegle, \u00e5pne og forsegle en pose.<\/p>\n<ul>\n<li>Glidel\u00e5sposene er laget av milj\u00f8vennlig polyetylen og utstyrt med glidel\u00e5s.<\/li>\n<li>Leveres med stanset hull, 6 mm, over lukkingen.<\/li>\n<li>Kommer med skrivefelt hvor du kan fylle ut det som inneholder er.<\/li>\n<li>Leveres i 25 pakker&nbsp;<\/li>\n<\/ul>\n<\/div>","protected":false},"excerpt":{"rendered":"<p>Blixl&aring;sp&aring;sar &auml;r bra n&auml;r du enkelt vill f&ouml;rsluta, &ouml;ppna och &aring;terf&ouml;rsluta en p&aring;se. Blixtl&aring;sp&aring;sarna &auml;r tillverkad av milj&ouml;v&auml;nlig polyeten och f&ouml;rsedda med blixtl&aring;s. Levereras med utstansat h&aring;l, 6 mm, &ouml;ver<\/p>","protected":false},"featured_media":145554,"template":"","meta":{"_acf_changed":false},"product_brand":[],"product_cat":[1692],"product_tag":[],"class_list":{"0":"post-145555","1":"product","2":"type-product","3":"status-publish","4":"has-post-thumbnail","6":"product_cat-kortklamma-montering","7":"product_shipping_class-postnord-varubrev","8":"pa_brands-stonehouse-security","9":"pa_rfid-tillbehor-clips-montering","10":"tm-no-options","12":"first","13":"instock","14":"sale","15":"featured","16":"taxable","17":"shipping-taxable","18":"purchasable","19":"product-type-simple"},"acf":[],"_links":{"self":[{"href":"https:\/\/secureus.se\/no\/wp-json\/wp\/v2\/product\/145555","targetHints":{"allow":["GET"]}}],"collection":[{"href":"https:\/\/secureus.se\/no\/wp-json\/wp\/v2\/product"}],"about":[{"href":"https:\/\/secureus.se\/no\/wp-json\/wp\/v2\/types\/product"}],"wp:featuredmedia":[{"embeddable":true,"href":"https:\/\/secureus.se\/no\/wp-json\/wp\/v2\/media\/145554"}],"wp:attachment":[{"href":"https:\/\/secureus.se\/no\/wp-json\/wp\/v2\/media?parent=145555"}],"wp:term":[{"taxonomy":"product_brand","embeddable":true,"href":"https:\/\/secureus.se\/no\/wp-json\/wp\/v2\/product_brand?post=145555"},{"taxonomy":"product_cat","embeddable":true,"href":"https:\/\/secureus.se\/no\/wp-json\/wp\/v2\/product_cat?post=145555"},{"taxonomy":"product_tag","embeddable":true,"href":"https:\/\/secureus.se\/no\/wp-json\/wp\/v2\/product_tag?post=145555"}],"curies":[{"name":"wp","href":"https:\/\/api.w.org\/{rel}","templated":true}]}}