{"id":145678,"date":"2022-03-10T14:57:00","date_gmt":"2022-03-10T13:57:00","guid":{"rendered":"https:\/\/secureus.se\/risco-agility-gsm-gprs-3g-modul\/"},"modified":"2026-04-22T14:17:09","modified_gmt":"2026-04-22T12:17:09","slug":"risco-agility-gsm-gprs-3g-modul","status":"publish","type":"product","link":"https:\/\/secureus.se\/no\/risco-agility-gsm-gprs-3g-modul\/","title":{"rendered":"Risco Agility GSM\/GPRS 3G-MODUL"},"content":{"rendered":"<div>\n<h1>Risco Agility GSM\/GPRS 3G-MODUL<\/h1>\n<p data-start=\"484\" data-end=\"886\">Risco Agility GSM\/GPRS 3G-modulen (mod. RW132G30000) er en plugin-kortl\u00f8sning som legger til kommunikasjonsmuligheter via GSM\/GPRS-nettverket til Agility-sikkerhetssystemet.<\/p>\n<p data-start=\"484\" data-end=\"886\">Denne modulen gj\u00f8r det mulig for Agility 3-systemet \u00e5 sende alarmer og systemhendelser til kontaktpersoner via SMS eller taleoppringing, samt \u00e5 overf\u00f8re alarmer til alarmsentraler i tradisjonelle formater som ContactID eller SIA.<\/p>\n<p data-start=\"888\" data-end=\"1266\">Ved installasjon av Agility 3 leveres systemet med et nettverkskort for tilkobling til Risco Cloud, men for \u00e5 kunne overf\u00f8re alarmer via GSM\/GPRS og for \u00e5 bruke tradisjonelle alarmformater m\u00e5 dette plugin-kortet installeres.<\/p>\n<p data-start=\"888\" data-end=\"1266\">Dette gj\u00f8r det mulig for brukeren \u00e5 ha et system som kan kommunisere via GSM\/GPRS hvis digital eller IP-kommunikasjon ikke er tilgjengelig.<\/p>\n<p data-start=\"1268\" data-end=\"1584\">Risco Agility GSM\/GPRS 3G-modulen gj\u00f8r det mulig for systemet \u00e5 sende alarmer med taleoppringing til kontaktpersoner, noe som gj\u00f8r det enklere \u00e5 raskt motta informasjon om alarmhendelser.<\/p>\n<p data-start=\"1268\" data-end=\"1584\">Det er ogs\u00e5 mulighet for fjernstyring av Agility-systemet via en stemmemeny, noe som gir ekstra kontroll og bekvemmelighet.<\/p>\n<p data-start=\"1586\" data-end=\"1921\">Alarmoverf\u00f8ring til alarmsentraler kan gj\u00f8res via GSM i ContactID- eller SIA-format, samt via GPRS i SIA IP-format, noe som gj\u00f8r modulen kompatibel med et bredt spekter av alarmsentraler.<\/p>\n<p data-start=\"1586\" data-end=\"1921\">I tillegg betyr tilkoblingen til Risco Cloud via GPRS at brukerne fortsatt kan overv\u00e5ke og kontrollere systemet eksternt via smarttelefoner og nettbrett.<\/p>\n<p data-start=\"1923\" data-end=\"1953\"><strong data-start=\"1923\" data-end=\"1951\">Hovedfunksjoner:<\/strong><\/p>\n<ul data-start=\"1954\" data-end=\"2669\">\n<li data-start=\"1954\" data-end=\"2054\">\n<p data-start=\"1956\" data-end=\"2054\"><strong data-start=\"1956\" data-end=\"1977\">SMS og talealarm:<\/strong> Sender SMS- og talevarsler til kontaktpersoner ved systemhendelser og alarmer<\/p>\n<\/li>\n<li data-start=\"2055\" data-end=\"2145\">\n<p data-start=\"2057\" data-end=\"2145\"><strong data-start=\"2057\" data-end=\"2077\">Taleoppringing:<\/strong> Taleoppringing til kontaktpersoner i tilfelle alarmer og systemhendelser<\/p>\n<\/li>\n<li data-start=\"2146\" data-end=\"2215\">\n<p data-start=\"2148\" data-end=\"2215\"><strong data-start=\"2148\" data-end=\"2166\">Fjernkontroll:<\/strong> Talemeny for fjernkontroll av Agility-systemet<\/p>\n<\/li>\n<li data-start=\"2216\" data-end=\"2333\">\n<p data-start=\"2218\" data-end=\"2333\"><strong data-start=\"2218\" data-end=\"2254\">Alarmoverf\u00f8ring til alarmsentral:<\/strong> St\u00f8tter GSM-alarmer i ContactID- og SIA-format, samt GPRS-alarmer i SIA IP-format<\/p>\n<\/li>\n<li data-start=\"2334\" data-end=\"2438\">\n<p data-start=\"2336\" data-end=\"2438\"><strong data-start=\"2336\" data-end=\"2368\">Tilkobling til Risco Cloud:<\/strong> Muliggj\u00f8r tilkobling til Risco Cloud via GPRS for fjernoverv\u00e5king<\/p>\n<\/li>\n<li data-start=\"2439\" data-end=\"2536\">\n<p data-start=\"2441\" data-end=\"2536\"><strong data-start=\"2441\" data-end=\"2460\">Kompatibilitet:<\/strong> Kan brukes til \u00e5 legge til GSM\/GPRS-kommunikasjon i Agility-systemet<\/p>\n<\/li>\n<li data-start=\"2537\" data-end=\"2669\">\n<p data-start=\"2539\" data-end=\"2669\"><strong data-start=\"2539\" data-end=\"2575\">Kan ikke kombineres med Risco Cloud:<\/strong> GSM\/GPRS-alarmoverf\u00f8ring kan ikke brukes samtidig med Risco Cloud-tilkobling p\u00e5 denne modulen.<\/p>\n<\/li>\n<\/ul>\n<p data-start=\"2671\" data-end=\"2702\"><strong data-start=\"2671\" data-end=\"2700\">Tekniske spesifikasjoner:<\/strong><\/p>\n<ul data-start=\"2703\" data-end=\"2944\">\n<li data-start=\"2703\" data-end=\"2739\">\n<p data-start=\"2705\" data-end=\"2739\"><strong data-start=\"2705\" data-end=\"2723\">Kommunikasjon:<\/strong> GSM\/GPRS (3G)<\/p>\n<\/li>\n<li data-start=\"2740\" data-end=\"2795\">\n<p data-start=\"2742\" data-end=\"2795\"><strong data-start=\"2742\" data-end=\"2757\">Alarmformat:<\/strong> Kontakt-ID, SIA (GSM), SIA IP (GPRS)<\/p>\n<\/li>\n<li data-start=\"2796\" data-end=\"2835\">\n<p data-start=\"2798\" data-end=\"2835\"><strong data-start=\"2798\" data-end=\"2816\">Fjernkontroll:<\/strong> Ja, via talemenyen<\/p>\n<\/li>\n<li data-start=\"2836\" data-end=\"2895\">\n<p data-start=\"2838\" data-end=\"2895\"><strong data-start=\"2838\" data-end=\"2861\">Installasjonsmetode:<\/strong> Plug-in-kort i Agility-systemet<\/p>\n<\/li>\n<li data-start=\"2896\" data-end=\"2944\">\n<p data-start=\"2898\" data-end=\"2944\"><strong data-start=\"2898\" data-end=\"2930\">Leverand\u00f8rens artikkelnummer:<\/strong> RW132G30000<\/p>\n<\/li>\n<\/ul>\n<p data-start=\"2946\" data-end=\"3217\">Risco Agility GSM\/GPRS 3G-modulen gir brukerne en p\u00e5litelig metode for alarmoverf\u00f8ring via GSM\/GPRS, samt muligheten til \u00e5 koble til Risco Cloud for fjernoverv\u00e5king, noe som gj\u00f8r den til et utmerket valg for brukere som trenger fleksibel kommunikasjon i sikkerhetssystemene sine.<\/p>\n<\/div>","protected":false},"excerpt":{"rendered":"<p>Risco Agility GSM\/GPRS 3G-modulen (RW132G30000) er et plugin-kort som gir Agility-systemet muligheten til \u00e5 kommunisere via GSM\/GPRS for tradisjonell alarmoverf\u00f8ring.<\/p>\n<p>Den muliggj\u00f8r SMS- og talealarmer for \u00e5 kontakte personer og tilkobling til alarmsentraler via GSM eller GPRS. Modulen st\u00f8tter ogs\u00e5 tilkobling til Risco Cloud via GPRS.<\/p>","protected":false},"featured_media":145677,"template":"","meta":{"_acf_changed":false},"product_brand":[],"product_cat":[4882],"product_tag":[],"class_list":{"0":"post-145678","1":"product","2":"type-product","3":"status-publish","4":"has-post-thumbnail","6":"product_cat-agility-v4-3-2","7":"product_shipping_class-postnord-varubrev","8":"pa_brands-4risco","9":"pa_risco-produkter-agility-2","10":"pa_risco-produkter-agility-3","11":"pa_risco-produkter-agility-4","12":"tm-no-options","14":"first","15":"outofstock","16":"sale","17":"featured","18":"taxable","19":"shipping-taxable","20":"purchasable","21":"product-type-simple"},"acf":[],"_links":{"self":[{"href":"https:\/\/secureus.se\/no\/wp-json\/wp\/v2\/product\/145678","targetHints":{"allow":["GET"]}}],"collection":[{"href":"https:\/\/secureus.se\/no\/wp-json\/wp\/v2\/product"}],"about":[{"href":"https:\/\/secureus.se\/no\/wp-json\/wp\/v2\/types\/product"}],"wp:featuredmedia":[{"embeddable":true,"href":"https:\/\/secureus.se\/no\/wp-json\/wp\/v2\/media\/145677"}],"wp:attachment":[{"href":"https:\/\/secureus.se\/no\/wp-json\/wp\/v2\/media?parent=145678"}],"wp:term":[{"taxonomy":"product_brand","embeddable":true,"href":"https:\/\/secureus.se\/no\/wp-json\/wp\/v2\/product_brand?post=145678"},{"taxonomy":"product_cat","embeddable":true,"href":"https:\/\/secureus.se\/no\/wp-json\/wp\/v2\/product_cat?post=145678"},{"taxonomy":"product_tag","embeddable":true,"href":"https:\/\/secureus.se\/no\/wp-json\/wp\/v2\/product_tag?post=145678"}],"curies":[{"name":"wp","href":"https:\/\/api.w.org\/{rel}","templated":true}]}}