{"id":145723,"date":"2024-12-09T13:08:43","date_gmt":"2024-12-09T12:08:43","guid":{"rendered":"https:\/\/secureus.se\/fargband-evolis-r5f208e100-ymcko-colour-ribbon-300-utskrifter\/"},"modified":"2026-04-27T12:55:11","modified_gmt":"2026-04-27T10:55:11","slug":"fargband-evolis-r5f208e100-ymcko-colour-ribbon-300-utskrifter","status":"publish","type":"product","link":"https:\/\/secureus.se\/no\/fargband-evolis-r5f208e100-ymcko-colour-ribbon-300-utskrifter\/","title":{"rendered":"Evolis YMCKO-b\u00e5nd R5F208E100 \u2013 300 utskrifter"},"content":{"rendered":"<h1>B\u00e5nd<br \/>\n  Evolis YMCKO &#8211; 300<\/h1>\n<p>F\u00e4rgband Evolis YMCKO &#8211; 300 \u00e4r ett f\u00e4rgband f\u00f6r utskrift av<br \/>\n  plastkort med skarpa f\u00e4rger, tydlig text och bra detalj\u00e5tergivning. Bandtypen<br \/>\n  YMCKO ger r\u00e4tt kombination av f\u00e4rgpaneler och skyddande overlay f\u00f6r<br \/>\n  profesjonell korttrykking.<\/p>\n<p>Passer for ID-kort, adgangskort, medlemskort og annet<br \/>\n  plastkort der h\u00f8y utskriftskvalitet og p\u00e5litelighet er viktig<br \/>\n  viktig.<\/p>\n<ul>\n<li>Kapasitet: opptil 300 utskrifter<\/li>\n<li>B\u00e5ndtype: YMCKO<\/li>\n<li>Artikkelnummer: R5F208E100<\/li>\n<\/ul>\n<p><strong>Kompatibel med Evolis Primacy 2-kortskriver<br \/>\n  bare.<\/strong><\/p>\n<p><strong>Produktvekt:<\/strong> 0,20 kg<\/p>","protected":false},"excerpt":{"rendered":"<p>F\u00e4rgband Evolis YMCKO &#8211; 300 F\u00e4rgband Evolis YMCKO &#8211; 300 \u00e4r ett f\u00e4rgband f\u00f6r utskrift av plastkort med skarpa f\u00e4rger, tydlig text och bra detalj\u00e5tergivning. Bandtypen YMCKO ger r\u00e4tt kombination<\/p>","protected":false},"featured_media":145722,"template":"","meta":{"_acf_changed":false},"product_brand":[],"product_cat":[3213,4859],"product_tag":[],"class_list":{"0":"post-145723","1":"product","2":"type-product","3":"status-publish","4":"has-post-thumbnail","6":"product_cat-evolis-fargband-retransfer","7":"product_cat-primacy-2","8":"pa_brands-evolis","9":"tm-has-options","11":"first","12":"instock","13":"sale","14":"taxable","15":"shipping-taxable","16":"purchasable","17":"product-type-simple"},"acf":[],"_links":{"self":[{"href":"https:\/\/secureus.se\/no\/wp-json\/wp\/v2\/product\/145723","targetHints":{"allow":["GET"]}}],"collection":[{"href":"https:\/\/secureus.se\/no\/wp-json\/wp\/v2\/product"}],"about":[{"href":"https:\/\/secureus.se\/no\/wp-json\/wp\/v2\/types\/product"}],"wp:featuredmedia":[{"embeddable":true,"href":"https:\/\/secureus.se\/no\/wp-json\/wp\/v2\/media\/145722"}],"wp:attachment":[{"href":"https:\/\/secureus.se\/no\/wp-json\/wp\/v2\/media?parent=145723"}],"wp:term":[{"taxonomy":"product_brand","embeddable":true,"href":"https:\/\/secureus.se\/no\/wp-json\/wp\/v2\/product_brand?post=145723"},{"taxonomy":"product_cat","embeddable":true,"href":"https:\/\/secureus.se\/no\/wp-json\/wp\/v2\/product_cat?post=145723"},{"taxonomy":"product_tag","embeddable":true,"href":"https:\/\/secureus.se\/no\/wp-json\/wp\/v2\/product_tag?post=145723"}],"curies":[{"name":"wp","href":"https:\/\/api.w.org\/{rel}","templated":true}]}}