{"id":145782,"date":"2024-12-10T13:24:21","date_gmt":"2024-12-10T12:24:21","guid":{"rendered":"https:\/\/secureus.se\/?post_type=product&#038;p=145782"},"modified":"2025-10-21T11:53:43","modified_gmt":"2025-10-21T09:53:43","slug":"paket-halvsats-abloy-eltryckeslas-el402-rattvand-kabel-ea220-2","status":"publish","type":"product","link":"https:\/\/secureus.se\/no\/paket-halvsats-abloy-eltryckeslas-el402-rattvand-kabel-ea220-2\/","title":{"rendered":"Pakke - halvsett: Abloy Elektrisk skyvel\u00e5s EL402 H\u00f8yrevendt + kabel EA220"},"content":{"rendered":"<p>Komplett sett best\u00e5ende av 1 stk av: 1 stk L\u00e5s EL402 H\u00f8yrevendt 1 stk Kabel EA220 10 meter<\/p>","protected":false},"excerpt":{"rendered":"<p>L\u00e5ser fra Assa Abloy til laveste pris.<\/p>","protected":false},"featured_media":140031,"template":"","meta":{"_acf_changed":false},"product_brand":[],"product_cat":[2429],"product_tag":[2290,4863],"class_list":{"0":"post-145782","1":"product","2":"type-product","3":"status-publish","4":"has-post-thumbnail","6":"product_cat-ellas","7":"product_tag-ellas-komplett-sats-kpl","8":"product_tag-pf","9":"pa_brands-abloy","10":"tm-no-options","12":"first","13":"instock","14":"sale","15":"taxable","16":"shipping-taxable","17":"purchasable","18":"product-type-woosb"},"acf":[],"_links":{"self":[{"href":"https:\/\/secureus.se\/no\/wp-json\/wp\/v2\/product\/145782","targetHints":{"allow":["GET"]}}],"collection":[{"href":"https:\/\/secureus.se\/no\/wp-json\/wp\/v2\/product"}],"about":[{"href":"https:\/\/secureus.se\/no\/wp-json\/wp\/v2\/types\/product"}],"wp:featuredmedia":[{"embeddable":true,"href":"https:\/\/secureus.se\/no\/wp-json\/wp\/v2\/media\/140031"}],"wp:attachment":[{"href":"https:\/\/secureus.se\/no\/wp-json\/wp\/v2\/media?parent=145782"}],"wp:term":[{"taxonomy":"product_brand","embeddable":true,"href":"https:\/\/secureus.se\/no\/wp-json\/wp\/v2\/product_brand?post=145782"},{"taxonomy":"product_cat","embeddable":true,"href":"https:\/\/secureus.se\/no\/wp-json\/wp\/v2\/product_cat?post=145782"},{"taxonomy":"product_tag","embeddable":true,"href":"https:\/\/secureus.se\/no\/wp-json\/wp\/v2\/product_tag?post=145782"}],"curies":[{"name":"wp","href":"https:\/\/api.w.org\/{rel}","templated":true}]}}