{"id":145788,"date":"2024-12-10T13:27:11","date_gmt":"2024-12-10T12:27:11","guid":{"rendered":"https:\/\/secureus.se\/?post_type=product&#038;p=145788"},"modified":"2025-10-21T11:53:37","modified_gmt":"2025-10-21T09:53:37","slug":"paket-abloy-eltryckeslas-el502-rattvand-kabel-ea220-ea281-2","status":"publish","type":"product","link":"https:\/\/secureus.se\/no\/paket-abloy-eltryckeslas-el502-rattvand-kabel-ea220-ea281-2\/","title":{"rendered":"Pakke \u2013 Abloy Elektrisk skyvel\u00e5s EL502 H\u00f8yrevendt + kabel EA220 + EA281"},"content":{"rendered":"<p>Komplett sett best\u00e5ende av 1 av: 1 L\u00e5s EL502 H\u00f8yrevendt 1 Kabel EA220 10 meter 1 Rammeoverf\u00f8ring EA281<\/p>","protected":false},"excerpt":{"rendered":"<p>L\u00e5ser fra Assa Abloy til laveste pris.<\/p>","protected":false},"featured_media":140042,"template":"","meta":{"_acf_changed":false},"product_brand":[],"product_cat":[2429],"product_tag":[2290,4863],"class_list":{"0":"post-145788","1":"product","2":"type-product","3":"status-publish","4":"has-post-thumbnail","6":"product_cat-ellas","7":"product_tag-ellas-komplett-sats-kpl","8":"product_tag-pf","9":"tm-no-options","11":"first","12":"instock","13":"sale","14":"taxable","15":"shipping-taxable","16":"purchasable","17":"product-type-woosb"},"acf":[],"_links":{"self":[{"href":"https:\/\/secureus.se\/no\/wp-json\/wp\/v2\/product\/145788","targetHints":{"allow":["GET"]}}],"collection":[{"href":"https:\/\/secureus.se\/no\/wp-json\/wp\/v2\/product"}],"about":[{"href":"https:\/\/secureus.se\/no\/wp-json\/wp\/v2\/types\/product"}],"wp:featuredmedia":[{"embeddable":true,"href":"https:\/\/secureus.se\/no\/wp-json\/wp\/v2\/media\/140042"}],"wp:attachment":[{"href":"https:\/\/secureus.se\/no\/wp-json\/wp\/v2\/media?parent=145788"}],"wp:term":[{"taxonomy":"product_brand","embeddable":true,"href":"https:\/\/secureus.se\/no\/wp-json\/wp\/v2\/product_brand?post=145788"},{"taxonomy":"product_cat","embeddable":true,"href":"https:\/\/secureus.se\/no\/wp-json\/wp\/v2\/product_cat?post=145788"},{"taxonomy":"product_tag","embeddable":true,"href":"https:\/\/secureus.se\/no\/wp-json\/wp\/v2\/product_tag?post=145788"}],"curies":[{"name":"wp","href":"https:\/\/api.w.org\/{rel}","templated":true}]}}