{"id":145856,"date":"2024-12-12T13:28:01","date_gmt":"2024-12-12T12:28:01","guid":{"rendered":"https:\/\/secureus.se\/?post_type=product&#038;p=145856"},"modified":"2026-04-04T14:30:59","modified_gmt":"2026-04-04T12:30:59","slug":"larmdekal-dubbelsidig-sjalvhaftande-overvakat-6pack","status":"publish","type":"product","link":"https:\/\/secureus.se\/no\/larmdekal-dubbelsidig-sjalvhaftande-overvakat-6pack\/","title":{"rendered":"Alarmklistremerke Dobbeltsidig Selvklebende Overv\u00e5ket - 6 stk"},"content":{"rendered":"<p><em>Forsterk sikkerheten din med v\u00e5r praktiske 6-pakning med selvklebende dobbeltsidige alarmklistremerker. Dette settet inkluderer 2 A6-st\u00f8rrelser og 4 A8-st\u00f8rrelser, noe som gir deg en allsidig l\u00f8sning for \u00e5 merke viktige inngangspunkter. V\u00e5re alarmdekaler er laget av h\u00f8ykvalitets polykarbonat med god slitestyrke og evne til \u00e5 t\u00e5le temperaturp\u00e5virkninger. Med dette settet kan du sikre at omr\u00e5dene dine er tydelig merket og synlig b\u00e5de innend\u00f8rs og utend\u00f8rs. Forbedre sikkerheten din med denne 6-pakken \u2013 en enkel, effektiv og p\u00e5litelig l\u00f8sning.<\/em><\/p>\n<p>Alarmdekaler fungerer som en sterk visuell avskrekkende for potensielle inntrengingsfors\u00f8k.<\/p>\n<p><strong>Robust og slitesterk<\/strong><br \/>\nLaget av h\u00f8ykvalitets polykarbonat. V\u00e5re alarmdekaler er designet for \u00e5 t\u00e5le b\u00e5de slitasje og temperatur.<\/p>\n<p><strong>Dobbeltsidig design<\/strong><br \/>\nDen beste egenskapen til disse alarmklistremerkene er at de er tosidige. Dette gj\u00f8r at motivet er synlig b\u00e5de innend\u00f8rs og utend\u00f8rs, noe som gir ekstra trygghet og synlighet uansett hvor du befinner deg.<\/p>\n<p>Denne alarmdekalen er like effektiv innend\u00f8rs som utend\u00f8rs. For ytterligere \u00e5 \u00f8ke holdbarheten kan de plasseres innend\u00f8rs for ekstra beskyttelse. Det gir deg fleksibiliteten til \u00e5 tilpasse sikkerhetstiltaket til dine spesifikke behov.<\/p>\n<h3>Bruksomr\u00e5der:<\/h3>\n<ul>\n<li><strong>Hjemmet:<\/strong> Beskytt din familie og hjemme ved \u00e5 bruke disse alarmdekalene p\u00e5 alle viktige innganger.<br \/>\n<strong>Selskap:<\/strong> Forbedre sikkerheten p\u00e5 arbeidsplassen din ved \u00e5 gj\u00f8re de mest kritiske omr\u00e5dene synlige for b\u00e5de ansatte og bes\u00f8kende.<br \/>\n<strong>Butikker og bedrifter:<\/strong> Skap et tryggere milj\u00f8 for dine kunder og ansatte ved \u00e5 merke de mest relevante inngangene og utgangene.<\/li>\n<\/ul>\n<h3>Produktspesifikasjoner:<\/h3>\n<ul>\n<li>Materiale: Polykarbonat<\/li>\n<li>M\u00e5l: 2 stk 105 x 148,5 mm<b>\u00a0 \u2013 <\/b>4 stk 52 x 74 mm<\/li>\n<\/ul>\n<h3>Pakken inkluderer:<\/h3>\n<ul>\n<li>2 stk 105 x 148,5 mm dobbeltsidige selvklebende alarmklistremerker<\/li>\n<li><b><\/b>4 stk 52 x 74 mm dobbeltsidige selvklebende alarmklistremerker<\/li>\n<\/ul>\n<p>\u00d8k sikkerhetsniv\u00e5et med v\u00e5re p\u00e5litelige selvklebende dobbeltsidige alarmklistremerker. Hvert dekal er en investering i din sikkerhet!<\/p>","protected":false},"excerpt":{"rendered":"<p><em><strong><img decoding=\"async\" class=\"alignnone wp-image-145862 alignleft\" src=\"https:\/\/secureus.se\/wp-content\/uploads\/2024\/12\/6pack-300x125.png\" alt=\"\" width=\"151\" height=\"63\" srcset=\"https:\/\/secureus.se\/wp-content\/uploads\/2024\/12\/6pack-300x125.png 300w, https:\/\/secureus.se\/wp-content\/uploads\/2024\/12\/6pack-350x145.png 350w, https:\/\/secureus.se\/wp-content\/uploads\/2024\/12\/6pack-64x27.png 64w, https:\/\/secureus.se\/wp-content\/uploads\/2024\/12\/6pack-18x7.png 18w, https:\/\/secureus.se\/wp-content\/uploads\/2024\/12\/6pack.png 390w\" sizes=\"(max-width: 151px) 100vw, 151px\" \/><\/strong><\/em><\/p>\n<p style=\"text-align: left;\"><em>Merk inngangspunktene dine med v\u00e5rt selvklebende dobbeltsidige alarmdekal. Laget av slitesterk polykarbonat. Med synlighet b\u00e5de innend\u00f8rs og utend\u00f8rs er dette et must for \u00f8kt sikkerhet. Inkluderer 2 A6-st\u00f8rrelser og 4 A8-st\u00f8rrelser for fleksibel plassering. V\u00e6r synlig og trygg.<\/em><\/p>","protected":false},"featured_media":145859,"template":"","meta":{"_acf_changed":false},"product_brand":[],"product_cat":[1323],"product_tag":[3053],"class_list":{"0":"post-145856","1":"product","2":"type-product","3":"status-publish","4":"has-post-thumbnail","6":"product_cat-larmdekaler","7":"product_tag-nyhet","8":"product_shipping_class-dekaler-skyltar","9":"tm-no-options","11":"first","12":"instock","13":"sale","14":"featured","15":"taxable","16":"shipping-taxable","17":"purchasable","18":"product-type-woosb"},"acf":[],"_links":{"self":[{"href":"https:\/\/secureus.se\/no\/wp-json\/wp\/v2\/product\/145856","targetHints":{"allow":["GET"]}}],"collection":[{"href":"https:\/\/secureus.se\/no\/wp-json\/wp\/v2\/product"}],"about":[{"href":"https:\/\/secureus.se\/no\/wp-json\/wp\/v2\/types\/product"}],"wp:featuredmedia":[{"embeddable":true,"href":"https:\/\/secureus.se\/no\/wp-json\/wp\/v2\/media\/145859"}],"wp:attachment":[{"href":"https:\/\/secureus.se\/no\/wp-json\/wp\/v2\/media?parent=145856"}],"wp:term":[{"taxonomy":"product_brand","embeddable":true,"href":"https:\/\/secureus.se\/no\/wp-json\/wp\/v2\/product_brand?post=145856"},{"taxonomy":"product_cat","embeddable":true,"href":"https:\/\/secureus.se\/no\/wp-json\/wp\/v2\/product_cat?post=145856"},{"taxonomy":"product_tag","embeddable":true,"href":"https:\/\/secureus.se\/no\/wp-json\/wp\/v2\/product_tag?post=145856"}],"curies":[{"name":"wp","href":"https:\/\/api.w.org\/{rel}","templated":true}]}}