{"id":146113,"date":"2024-12-28T12:23:33","date_gmt":"2024-12-28T11:23:33","guid":{"rendered":"https:\/\/secureus.se\/?post_type=product&#038;p=146113"},"modified":"2026-03-30T14:22:57","modified_gmt":"2026-03-30T12:22:57","slug":"system-sensor-eco1005-a-eco-konventionell-varmedetektor-stigningshastighet","status":"publish","type":"product","link":"https:\/\/secureus.se\/no\/system-sensor-eco1005-a-eco-konventionell-varmedetektor-stigningshastighet\/","title":{"rendered":"Systemsensor ECO1005 A ECO Konvensjonell varmedetektor, stigningshastighet"},"content":{"rendered":"<div class=\"headernamehrnone\">ECO1005 A-varmedetektoren tilh\u00f8rer System Sensors ECO1000-serien av detektorer. ECO1000 er en serie konvensjonelle detektorer som er produsert med den nyeste produksjonsteknologien.<br \/>\nog utstyrt med en rekke avanserte funksjoner, noe som gj\u00f8r dem \u00abbedre av design\u00bb.<\/p>\n<p>ECO1005 A-termodetektoren bruker et toppmoderne termisk element i kombinasjon med en applikasjonsspesifikk integrert krets (ASIC) for rask og n\u00f8yaktig branndeteksjon. Detektoren har b\u00e5de stigende og statiske elementer og er egnet for alle omr\u00e5der der omgivelsesforholdene vanligvis ikke viser raske temperaturendringer.<\/p>\n<p>En laserbasert h\u00e5ndholdt fjerntestenhet kan brukes med ECO1000-detektorene for alarmtesting. Enheten sender en kodet melding som forhindrer at falske alarmer genereres av andre laserbaserte enheter. Med en rekkevidde p\u00e5 flere meter er den h\u00e5ndholdte testenheten en enkel m\u00e5te \u00e5 alarmteste ECO1000-detektorene eksternt, og brukeren trenger ikke \u00e5 ha direkte fysisk tilgang til detektoren.<\/p>\n<p>ECO1005 A-detektoren har ogs\u00e5 en innebygd LED-lampe som lyser for \u00e5 gi et lokalt alarmsignal. Denne l\u00e5ser seg og forblir tent til detektoren tilbakestilles av et midlertidig str\u00f8mbrudd. En ekstern LED-indikator kan brukes til \u00e5 gjenta et alarmsignal.<\/p>\n<p>En rekke detektorbaser kan brukes med ECO1005 A-detektoren, noe som gir fleksibilitet og kompatibilitet med et bredt spekter av brannalarmsentraler. Alle baser er utstyrt med en kortslutningsfj\u00e6r for \u00e5 muliggj\u00f8re kretstesting f\u00f8r montering av detektoren, og har en manipulasjonssikker funksjon som, n\u00e5r den aktiveres, forhindrer fjerning av detektoren uten bruk av verkt\u00f8y.<\/p><\/div>\n<div class=\"row headername\">\n<div class=\"item-header rd-hyg-item-header\"><strong>Hovedtrekk<\/strong><\/div>\n<div class=\"row\">\n<ul>\n<li>Lav profil design<\/li>\n<li>Lavt str\u00f8mforbruk<\/li>\n<li>58 \u00b0C driftstemperatur<\/li>\n<li>Fungerer med 12 og 24 VDC<\/li>\n<li>Fjernalarmtestfunksjon<\/li>\n<li>Enkelt vedlikehold<\/li>\n<li>Godkjent i henhold til EN54-5:2000 klasse A1R<\/li>\n<\/ul>\n<\/div>\n<\/div>","protected":false},"excerpt":{"rendered":"<p>Systemsensor ECO1005 A ECO Konvensjonell varmedetektor, stigningshastighet<\/p>\n<ul class=\"UnorderedListStyle--1koui9a ksyVRL mainfeatureslist\">\n<li class=\"ListItemStyle--1yqofwy kEFzCE\">Lav profil design<\/li>\n<li class=\"ListItemStyle--1yqofwy kEFzCE\">Lavt str\u00f8mforbruk<\/li>\n<li class=\"ListItemStyle--1yqofwy kEFzCE\">58 \u00b0C driftstemperatur<\/li>\n<\/ul>","protected":false},"featured_media":146112,"template":"","meta":{"_acf_changed":false},"product_brand":[],"product_cat":[4755,4157],"product_tag":[],"class_list":{"0":"post-146113","1":"product","2":"type-product","3":"status-publish","4":"has-post-thumbnail","6":"product_cat-eco-1000-serien","7":"product_cat-varmedetektor","8":"product_shipping_class-tunga-paket","9":"pa_brands-system-sensor","10":"tm-no-options","12":"first","13":"instock","14":"taxable","15":"shipping-taxable","16":"purchasable","17":"product-type-simple"},"acf":[],"_links":{"self":[{"href":"https:\/\/secureus.se\/no\/wp-json\/wp\/v2\/product\/146113","targetHints":{"allow":["GET"]}}],"collection":[{"href":"https:\/\/secureus.se\/no\/wp-json\/wp\/v2\/product"}],"about":[{"href":"https:\/\/secureus.se\/no\/wp-json\/wp\/v2\/types\/product"}],"wp:featuredmedia":[{"embeddable":true,"href":"https:\/\/secureus.se\/no\/wp-json\/wp\/v2\/media\/146112"}],"wp:attachment":[{"href":"https:\/\/secureus.se\/no\/wp-json\/wp\/v2\/media?parent=146113"}],"wp:term":[{"taxonomy":"product_brand","embeddable":true,"href":"https:\/\/secureus.se\/no\/wp-json\/wp\/v2\/product_brand?post=146113"},{"taxonomy":"product_cat","embeddable":true,"href":"https:\/\/secureus.se\/no\/wp-json\/wp\/v2\/product_cat?post=146113"},{"taxonomy":"product_tag","embeddable":true,"href":"https:\/\/secureus.se\/no\/wp-json\/wp\/v2\/product_tag?post=146113"}],"curies":[{"name":"wp","href":"https:\/\/api.w.org\/{rel}","templated":true}]}}