{"id":146316,"date":"2025-01-08T17:08:18","date_gmt":"2025-01-08T16:08:18","guid":{"rendered":"https:\/\/secureus.se\/?post_type=product&#038;p=146316"},"modified":"2026-01-06T20:58:26","modified_gmt":"2026-01-06T19:58:26","slug":"risco-2mp-vupoint-p2p-ir-ip-kamera-28-mm-objektiv-rvcm52w1400a","status":"publish","type":"product","link":"https:\/\/secureus.se\/no\/risco-2mp-vupoint-p2p-ir-ip-kamera-28-mm-objektiv-rvcm52w1400a\/","title":{"rendered":"RISCO 2MP VUpoint P2P IR IP-kamera, 2,8 mm linse RVCM52W1400A"},"content":{"rendered":"<h1>RISCO 2MP VUpoint P2P IR IP-kamera, 2,8 mm linse RVCM52W1400A<\/h1>\n<p data-start=\"459\" data-end=\"794\">RISCO 2MP VUpoint P2P IR IP-kamera (modell RVCM52W1400A) er en avansert sikkerhetsl\u00f8sning som gir tydelig og detaljert videooverv\u00e5king b\u00e5de dag og natt.<\/p>\n<p data-start=\"459\" data-end=\"794\">Med en oppl\u00f8sning p\u00e5 1920\u00d71080 (Full HD) f\u00e5r brukerne krystallklare bilder, noe som er avgj\u00f8rende for \u00e5 sikre h\u00f8y sikkerhet og rask identifisering av objekter eller personer.<\/p>\n<p data-start=\"796\" data-end=\"1231\">Dette IP-kameraet bruker tr\u00e5dl\u00f8s P2P-teknologi (peer-to-peer), noe som gj\u00f8r installasjonen enkel og rask.<\/p>\n<p data-start=\"796\" data-end=\"1231\">Kameraet krever ikke komplisert nettverkskonfigurasjon, og kobles direkte til systemet ditt via en app eller nettet.<\/p>\n<p data-start=\"796\" data-end=\"1231\">Den har et fast objektiv med en brennvidde p\u00e5 2,8 mm, som gir vidvinkel for \u00e5 dekke et stort omr\u00e5de, og et synsfelt p\u00e5 hele 114,6\u00b0.<\/p>\n<p data-start=\"796\" data-end=\"1231\">Dette gj\u00f8r den perfekt for overv\u00e5king av b\u00e5de innend\u00f8rs og utend\u00f8rs omr\u00e5der.<\/p>\n<p data-start=\"1233\" data-end=\"1561\">En av de mest imponerende funksjonene til dette kameraet er nattsynet.<\/p>\n<p data-start=\"1233\" data-end=\"1561\">Den innebygde infrar\u00f8de belysningen lar kameraet ta klare bilder opptil 30 meter unna, selv i m\u00f8rke forhold.<\/p>\n<p data-start=\"1233\" data-end=\"1561\">Dette gj\u00f8r kameraet p\u00e5litelig selv i de m\u00f8rke nattetimer, og sikrer kontinuerlig sikkerhet d\u00f8gnet rundt.<\/p>\n<p data-start=\"1563\" data-end=\"1906\">Den har ogs\u00e5 en innebygd mikrofon som lar deg lytte til omgivelsene dine, noe som er en flott funksjon for \u00e5 overv\u00e5ke lyd sammen med video.<\/p>\n<p data-start=\"1563\" data-end=\"1906\">En annen nyttig funksjon er alternativet for lokal lagring via SD-kort, som lar brukere lagre innspilt video p\u00e5 selve kameraet, noe som gir ekstra sikkerhet og p\u00e5litelighet.<\/p>\n<p data-start=\"1908\" data-end=\"2186\">Med en IP67-klassifisering er kameraet fullstendig beskyttet mot st\u00f8v og t\u00e5ler regn og andre v\u00e6rforhold, noe som gj\u00f8r det perfekt for b\u00e5de innend\u00f8rs og utend\u00f8rs bruk.<\/p>\n<p data-start=\"1908\" data-end=\"2186\">Dette gj\u00f8r at den kan brukes under alle v\u00e6rforhold og gi sikker videooverv\u00e5king n\u00e5r det er mest behov.<\/p>\n<p data-start=\"2188\" data-end=\"2492\">Dette kameraet er en ideell l\u00f8sning for brukere som \u00f8nsker et p\u00e5litelig, h\u00f8yoppl\u00f8selig og brukervennlig sikkerhetskamera.<\/p>\n<p data-start=\"2188\" data-end=\"2492\">Enten du vil holde \u00f8ye med hjemmet, kontoret eller andre eiendommer, tilbyr dette kameraet all funksjonaliteten og fleksibiliteten du trenger for \u00e5 opprettholde sikkerheten.<\/p>","protected":false},"excerpt":{"rendered":"<p>RISCO 2MP VUpoint P2P IR IP-kamera er et sikkerhetskamera med h\u00f8y oppl\u00f8sning for b\u00e5de innend\u00f8rs og utend\u00f8rs bruk.<\/p>\n<p>Den har en oppl\u00f8sning p\u00e5 1920\u00d71080 og er utstyrt med fargenattsyn som rekker opptil 30 meter.<\/p>\n<p>Kameraet er enkelt \u00e5 installere og har tr\u00e5dl\u00f8s tilkobling via P2P-teknologi.<\/p>","protected":false},"featured_media":146315,"template":"","meta":{"_acf_changed":false},"product_brand":[],"product_cat":[3192],"product_tag":[],"class_list":{"0":"post-146316","1":"product","2":"type-product","3":"status-publish","4":"has-post-thumbnail","6":"product_cat-risco-ip-kamera","7":"pa_brands-4risco","8":"tm-no-options","10":"first","11":"onbackorder","12":"taxable","13":"shipping-taxable","14":"purchasable","15":"product-type-simple"},"acf":[],"_links":{"self":[{"href":"https:\/\/secureus.se\/no\/wp-json\/wp\/v2\/product\/146316","targetHints":{"allow":["GET"]}}],"collection":[{"href":"https:\/\/secureus.se\/no\/wp-json\/wp\/v2\/product"}],"about":[{"href":"https:\/\/secureus.se\/no\/wp-json\/wp\/v2\/types\/product"}],"wp:featuredmedia":[{"embeddable":true,"href":"https:\/\/secureus.se\/no\/wp-json\/wp\/v2\/media\/146315"}],"wp:attachment":[{"href":"https:\/\/secureus.se\/no\/wp-json\/wp\/v2\/media?parent=146316"}],"wp:term":[{"taxonomy":"product_brand","embeddable":true,"href":"https:\/\/secureus.se\/no\/wp-json\/wp\/v2\/product_brand?post=146316"},{"taxonomy":"product_cat","embeddable":true,"href":"https:\/\/secureus.se\/no\/wp-json\/wp\/v2\/product_cat?post=146316"},{"taxonomy":"product_tag","embeddable":true,"href":"https:\/\/secureus.se\/no\/wp-json\/wp\/v2\/product_tag?post=146316"}],"curies":[{"name":"wp","href":"https:\/\/api.w.org\/{rel}","templated":true}]}}