{"id":146326,"date":"2025-01-09T10:49:42","date_gmt":"2025-01-09T09:49:42","guid":{"rendered":"https:\/\/secureus.se\/risco-rvcm32w1600b-vupoint-2mp-inomhus-utomhus-p2p-ir-dome-kamera-28-mm-fast-objektiv\/"},"modified":"2026-03-26T14:11:41","modified_gmt":"2026-03-26T13:11:41","slug":"risco-vupoint-2mp-inomhus-utomhus-p2p-ir-dome-kamera-28-mm-fast-objektiv-rvcm32w1600b","status":"publish","type":"product","link":"https:\/\/secureus.se\/no\/risco-vupoint-2mp-inomhus-utomhus-p2p-ir-dome-kamera-28-mm-fast-objektiv-rvcm32w1600b\/","title":{"rendered":"RISCO VUPoint 2MP innend\u00f8rs\/utend\u00f8rs P2P IR-domekamera, 2,8 mm fast linse RVCM32W1600B"},"content":{"rendered":"<div class=\"row headername\">\n<div class=\"row\">\n<h1>RISCO VUPoint 2MP innend\u00f8rs\/utend\u00f8rs P2P IR-domekamera, 2,8 mm fast linse RVCM32W1600B<\/h1>\n<p data-start=\"486\" data-end=\"898\">RISCO VUPoint 2MP innend\u00f8rs\/utend\u00f8rs P2P IR-kuppelkamera (modell RVCM32W1600B) er en avansert sikkerhetsl\u00f8sning som kombinerer HD-videoopptak, p\u00e5litelig funksjonalitet og enkel installasjon for b\u00e5de innend\u00f8rs og utend\u00f8rs bruk.<\/p>\n<p data-start=\"486\" data-end=\"898\">Med en oppl\u00f8sning p\u00e5 2 MP leverer kameraet krystallklar video som lar brukerne n\u00f8ye overv\u00e5ke eiendommene sine, enten de er p\u00e5 stedet eller eksternt.<\/p>\n<p data-start=\"900\" data-end=\"1312\">Den integrerte P2P-teknologien (peer-to-peer) gj\u00f8r installasjonen rask og enkel, uten behov for avansert nettverkskonfigurasjon.<\/p>\n<p data-start=\"900\" data-end=\"1312\">Du kan enkelt koble kameraet til systemet ditt og begynne \u00e5 str\u00f8mme video direkte via smarttelefonen eller datamaskinen din.<\/p>\n<p data-start=\"900\" data-end=\"1312\">N\u00e5r kameraet er koblet til RISCO Cloud, f\u00e5r brukerne tilgang til avanserte videoh\u00e5ndteringsfunksjoner som sanntidsalarmverifisering, livevisning og opptak.<\/p>\n<p data-start=\"1314\" data-end=\"1797\">Dette kameraet er perfekt for sikkerhetssystemer som krever b\u00e5de fleksibilitet og p\u00e5litelighet. Med sitt faste 2,8 mm objektiv tilbyr den et bredt synsfelt p\u00e5 114,6\u00b0, noe som gir en vidvinkelvisning for \u00e5 dekke st\u00f8rre omr\u00e5der.<\/p>\n<p data-start=\"1314\" data-end=\"1797\">Kameraet er ogs\u00e5 utstyrt med infrar\u00f8de (IR) LED-lys for \u00e5 gi et klart bilde selv i svakt lys, med en nattesynsavstand p\u00e5 opptil 20 meter. Dette gj\u00f8r at kameraet kan brukes effektivt b\u00e5de dag og natt, og sikrer kontinuerlig overv\u00e5king.<\/p>\n<p data-start=\"1799\" data-end=\"2198\">Kameraet er designet for b\u00e5de innend\u00f8rs og utend\u00f8rs bruk, noe som gj\u00f8r det sv\u00e6rt allsidig. Med en IP67-klassifisering er den beskyttet mot st\u00f8v og vann, noe som gj\u00f8r den slitesterk nok til \u00e5 t\u00e5le v\u00e6rforhold som regn og sn\u00f8.<\/p>\n<p data-start=\"1799\" data-end=\"2198\">I tillegg er kameraet bygget for \u00e5 t\u00e5le ekstreme temperaturer, med et driftstemperaturomr\u00e5de fra -20 \u00b0C til +60 \u00b0C, noe som gj\u00f8r det til et godt valg for bruk i ulike klimaer.<\/p>\n<p data-start=\"2200\" data-end=\"2511\">En annen viktig funksjon er det innebygde mekaniske ICR (infrar\u00f8dt filter) for dag\/natt-funksjon, som sikrer at kameraet leverer n\u00f8yaktige bilder b\u00e5de p\u00e5 dagtid og om natten.<\/p>\n<p data-start=\"2200\" data-end=\"2511\">Kameraet st\u00f8tter ogs\u00e5 lokal lagring via et SD-kort, noe som gir en sikker og p\u00e5litelig metode for lagring av videoopptak.<\/p>\n<p data-start=\"2513\" data-end=\"2820\">For brukere som \u00f8nsker et profesjonelt videosystem, tilbyr RISCO VUPoint en omfattende l\u00f8sning med st\u00f8tte for flere kameraer, NVR-systemer og et kraftig PC-program for livevisning og avspilling av video p\u00e5 flere steder.<\/p>\n<p data-start=\"2513\" data-end=\"2820\">Dette gj\u00f8r det til et utmerket valg for b\u00e5de sm\u00e5 og store sikkerhetssystemer.<\/p>\n<p data-start=\"2822\" data-end=\"2852\"><strong data-start=\"2822\" data-end=\"2850\">Hovedfunksjoner:<\/strong><\/p>\n<ul data-start=\"2853\" data-end=\"3444\">\n<li data-start=\"2853\" data-end=\"2896\">\n<p data-start=\"2855\" data-end=\"2896\">2 MP oppl\u00f8sning for klar videokvalitet<\/p>\n<\/li>\n<li data-start=\"2897\" data-end=\"2950\">\n<p data-start=\"2899\" data-end=\"2950\">2,8 mm fast linse for vidvinkelvisning (114,6\u00b0 synsfelt)<\/p>\n<\/li>\n<li data-start=\"2951\" data-end=\"3006\">\n<p data-start=\"2953\" data-end=\"3006\">P2P-teknologi for enkel installasjon og tilkobling<\/p>\n<\/li>\n<li data-start=\"3007\" data-end=\"3058\">\n<p data-start=\"3009\" data-end=\"3058\">Infrar\u00f8dt nattsyn med opptil 20 m sikt<\/p>\n<\/li>\n<li data-start=\"3059\" data-end=\"3111\">\n<p data-start=\"3061\" data-end=\"3111\">Full HD-opptak og lokal lagring via SD-kort<\/p>\n<\/li>\n<li data-start=\"3112\" data-end=\"3163\">\n<p data-start=\"3114\" data-end=\"3163\">IP67-klassifisering for b\u00e5de innend\u00f8rs og utend\u00f8rs bruk<\/p>\n<\/li>\n<li data-start=\"3164\" data-end=\"3210\">\n<p data-start=\"3166\" data-end=\"3210\">Innebygd mekanisk ICR for dag\/natt-funksjon<\/p>\n<\/li>\n<li data-start=\"3211\" data-end=\"3264\">\n<p data-start=\"3213\" data-end=\"3264\">Kompatibel med RISCO Cloud og sikkerhetsl\u00f8sninger<\/p>\n<\/li>\n<li data-start=\"3265\" data-end=\"3328\">\n<p data-start=\"3267\" data-end=\"3328\">Enkel integrering med RISCOs profesjonelle sikkerhetssystemer<\/p>\n<\/li>\n<li data-start=\"3329\" data-end=\"3388\">\n<p data-start=\"3331\" data-end=\"3388\">Fullt kompatibel med RISCO VMS- og NVR-l\u00f8sninger<\/p>\n<\/li>\n<li data-start=\"3389\" data-end=\"3444\">\n<p data-start=\"3391\" data-end=\"3444\">Sertifisert for bruk i ulike milj\u00f8er og klimaer<\/p>\n<\/li>\n<\/ul>\n<p data-start=\"3446\" data-end=\"3477\"><strong data-start=\"3446\" data-end=\"3475\">Tekniske spesifikasjoner:<\/strong><\/p>\n<ul data-start=\"3478\" data-end=\"3833\">\n<li data-start=\"3478\" data-end=\"3501\">\n<p data-start=\"3480\" data-end=\"3501\"><strong data-start=\"3480\" data-end=\"3495\">Vedtak:<\/strong> 2 MP<\/p>\n<\/li>\n<li data-start=\"3502\" data-end=\"3528\">\n<p data-start=\"3504\" data-end=\"3528\"><strong data-start=\"3504\" data-end=\"3519\">Brennvidde:<\/strong> 2,8 mm<\/p>\n<\/li>\n<li data-start=\"3529\" data-end=\"3581\">\n<p data-start=\"3531\" data-end=\"3581\"><strong data-start=\"3531\" data-end=\"3559\">Maksimal videooppl\u00f8sning:<\/strong> 1920\u00d71080 (Full HD)<\/p>\n<\/li>\n<li data-start=\"3582\" data-end=\"3620\">\n<p data-start=\"3584\" data-end=\"3620\"><strong data-start=\"3584\" data-end=\"3596\">Oppbevaring:<\/strong> SD-kort lokal lagring<\/p>\n<\/li>\n<li data-start=\"3621\" data-end=\"3644\">\n<p data-start=\"3623\" data-end=\"3644\"><strong data-start=\"3623\" data-end=\"3635\">Synsfelt:<\/strong> 114,6\u00b0<\/p>\n<\/li>\n<li data-start=\"3645\" data-end=\"3686\">\n<p data-start=\"3647\" data-end=\"3686\"><strong data-start=\"3647\" data-end=\"3662\">Nattesyn:<\/strong> Ja, opptil 20 meter<\/p>\n<\/li>\n<li data-start=\"3687\" data-end=\"3745\">\n<p data-start=\"3689\" data-end=\"3745\"><strong data-start=\"3689\" data-end=\"3708\">Klassifisering:<\/strong> IP67 (vanntett og st\u00f8vtett)<\/p>\n<\/li>\n<li data-start=\"3746\" data-end=\"3790\">\n<p data-start=\"3748\" data-end=\"3790\"><strong data-start=\"3748\" data-end=\"3772\">Temperaturomr\u00e5de:<\/strong> -20 \u00b0C til 60 \u00b0C<\/p>\n<\/li>\n<li data-start=\"3791\" data-end=\"3815\">\n<p data-start=\"3793\" data-end=\"3815\"><strong data-start=\"3793\" data-end=\"3806\">Spenning:<\/strong> 12V DC<\/p>\n<\/li>\n<li data-start=\"3816\" data-end=\"3833\">\n<p data-start=\"3818\" data-end=\"3833\"><strong data-start=\"3818\" data-end=\"3827\">Vekt:<\/strong> 180 g<\/p>\n<\/li>\n<\/ul>\n<\/div>\n<\/div>","protected":false},"excerpt":{"rendered":"<p>RISCO VUPoint 2MP innend\u00f8rs\/utend\u00f8rs P2P IR-kuppelkamera er et sikkerhetskamera av h\u00f8y kvalitet med 2MP-oppl\u00f8sning, perfekt for b\u00e5de innend\u00f8rs og utend\u00f8rs bruk.<\/p>\n<p>Utstyrt med et 2,8 mm fast objektiv og IR-nattesyn, tilbyr den klar videokvalitet og problemfri installasjon via P2P-teknologi.<\/p>","protected":false},"featured_media":146325,"template":"","meta":{"_acf_changed":false},"product_brand":[],"product_cat":[3192],"product_tag":[],"class_list":{"0":"post-146326","1":"product","2":"type-product","3":"status-publish","4":"has-post-thumbnail","6":"product_cat-risco-ip-kamera","7":"pa_brands-4risco","8":"tm-no-options","10":"first","11":"onbackorder","12":"sale","13":"taxable","14":"shipping-taxable","15":"purchasable","16":"product-type-simple"},"acf":[],"_links":{"self":[{"href":"https:\/\/secureus.se\/no\/wp-json\/wp\/v2\/product\/146326","targetHints":{"allow":["GET"]}}],"collection":[{"href":"https:\/\/secureus.se\/no\/wp-json\/wp\/v2\/product"}],"about":[{"href":"https:\/\/secureus.se\/no\/wp-json\/wp\/v2\/types\/product"}],"wp:featuredmedia":[{"embeddable":true,"href":"https:\/\/secureus.se\/no\/wp-json\/wp\/v2\/media\/146325"}],"wp:attachment":[{"href":"https:\/\/secureus.se\/no\/wp-json\/wp\/v2\/media?parent=146326"}],"wp:term":[{"taxonomy":"product_brand","embeddable":true,"href":"https:\/\/secureus.se\/no\/wp-json\/wp\/v2\/product_brand?post=146326"},{"taxonomy":"product_cat","embeddable":true,"href":"https:\/\/secureus.se\/no\/wp-json\/wp\/v2\/product_cat?post=146326"},{"taxonomy":"product_tag","embeddable":true,"href":"https:\/\/secureus.se\/no\/wp-json\/wp\/v2\/product_tag?post=146326"}],"curies":[{"name":"wp","href":"https:\/\/api.w.org\/{rel}","templated":true}]}}