{"id":146340,"date":"2025-01-09T14:37:23","date_gmt":"2025-01-09T13:37:23","guid":{"rendered":"https:\/\/secureus.se\/risco-rvdba701000a-video-dorrklocka-kit-ip-wi-fi-radio-868mhz\/"},"modified":"2026-04-23T13:29:52","modified_gmt":"2026-04-23T11:29:52","slug":"risco-video-dorrklocka-kit-ip-wi-fi-radio-868mhz-rvdba701000a","status":"publish","type":"product","link":"https:\/\/secureus.se\/no\/risco-video-dorrklocka-kit-ip-wi-fi-radio-868mhz-rvdba701000a\/","title":{"rendered":"RISCO Video-ringeklokkesett IP\/Wi-Fi-radio 868 MHz RVDBA701000A"},"content":{"rendered":"<h1>RISCO Video-ringeklokkesett IP\/Wi-Fi-radio 868 MHz RVDBA701000A<\/h1>\n<p data-start=\"492\" data-end=\"957\">RISCO RVDBA701000A videod\u00f8rklokkesett er designet for \u00e5 gi b\u00e5de sikkerhet og bekvemmelighet for brukerne, og er en perfekt l\u00f8sning for \u00e5 holde \u00f8ye med hva som skjer ved inngangsd\u00f8ren.<\/p>\n<p data-start=\"492\" data-end=\"957\">Den er fullt integrert med RISCO Cloud og fungerer som et supplement til RISCOs alarmsystem og VUpoint Video Solution.<\/p>\n<p data-start=\"492\" data-end=\"957\">Denne avanserte videoringeklokken lar brukere samhandle med bes\u00f8kende n\u00e5r som helst via en smarttelefonapp, selv n\u00e5r de ikke er hjemme.<\/p>\n<p data-start=\"959\" data-end=\"1316\">Med et HD-kamera som tilbyr en synsvinkel p\u00e5 140\u00b0, kan brukerne se sine bes\u00f8kende tydelig og kommunisere direkte gjennom den innebygde mikrofonen og h\u00f8yttaleren.<\/p>\n<p data-start=\"959\" data-end=\"1316\">Dette muliggj\u00f8r s\u00f8ml\u00f8s toveiskommunikasjon i sanntid.<\/p>\n<p data-start=\"959\" data-end=\"1316\">Ringeklokken er ogs\u00e5 utstyrt med infrar\u00f8de LED-lys, slik at brukerne f\u00e5r klare bilder selv i svakt lys.<\/p>\n<p data-start=\"1318\" data-end=\"1686\">Videoringeklokken er enkel \u00e5 installere og kan raskt konfigureres ved hjelp av RISCO Cloud Installer Admin-grensesnittet og HandyApp.<\/p>\n<p data-start=\"1318\" data-end=\"1686\">Installat\u00f8rer kan bruke eksisterende ringeklokkeledninger for en enkel og rask installasjon.<\/p>\n<p data-start=\"1318\" data-end=\"1686\">Sluttbrukere mottar varsler i sanntid direkte i iRISCO-appen sin, noe som betyr at de ikke g\u00e5r glipp av noe viktig n\u00e5r de er borte fra hjemmet.<\/p>\n<p data-start=\"1688\" data-end=\"1953\">En ekstra sikkerhetsfunksjon er bevegelsesdeteksjon, som automatisk sender varsler til brukerens enhet n\u00e5r bevegelse oppdages i n\u00e6rheten av inngangsd\u00f8ren.<\/p>\n<p data-start=\"1688\" data-end=\"1953\">Dette gj\u00f8r at brukerne kan v\u00e6re oppmerksomme p\u00e5 all bevegelse ved d\u00f8ren, selv om ingen ringer p\u00e5 d\u00f8rklokken.<\/p>\n<p data-start=\"1955\" data-end=\"2228\">RISCO Video Doorbell Kit gir en komplett l\u00f8sning for sikkerhet og kommunikasjon, og er perfekt for b\u00e5de hjemme- og forretningsbruk.<\/p>\n<p data-start=\"1955\" data-end=\"2228\">Med moderne design og brukervennlige funksjoner f\u00e5r brukerne et effektivt verkt\u00f8y for \u00e5 overv\u00e5ke og samhandle med bes\u00f8kende.<\/p>","protected":false},"excerpt":{"rendered":"<p>RISCO RVDBA701000A videod\u00f8rklokkesett er en h\u00f8yteknologisk enhet som forbedrer sikkerheten og bekvemmeligheten for hjemme- og bedriftseiere.<\/p>\n<p>Ved \u00e5 bruke RISCO Cloud og iRISCO-appen kan brukere svare p\u00e5 videosamtaler og kommunisere med bes\u00f8kende hvor som helst og n\u00e5r som helst.<\/p>","protected":false},"featured_media":146339,"template":"","meta":{"_acf_changed":false},"product_brand":[],"product_cat":[3193,4608],"product_tag":[],"class_list":{"0":"post-146340","1":"product","2":"type-product","3":"status-publish","4":"has-post-thumbnail","6":"product_cat-smarta-hem-risco-larm","7":"product_cat-risco-smart-dorrklocka","8":"pa_brands-4risco","9":"tm-no-options","11":"first","12":"instock","13":"sale","14":"taxable","15":"shipping-taxable","16":"purchasable","17":"product-type-simple"},"acf":[],"_links":{"self":[{"href":"https:\/\/secureus.se\/no\/wp-json\/wp\/v2\/product\/146340","targetHints":{"allow":["GET"]}}],"collection":[{"href":"https:\/\/secureus.se\/no\/wp-json\/wp\/v2\/product"}],"about":[{"href":"https:\/\/secureus.se\/no\/wp-json\/wp\/v2\/types\/product"}],"wp:featuredmedia":[{"embeddable":true,"href":"https:\/\/secureus.se\/no\/wp-json\/wp\/v2\/media\/146339"}],"wp:attachment":[{"href":"https:\/\/secureus.se\/no\/wp-json\/wp\/v2\/media?parent=146340"}],"wp:term":[{"taxonomy":"product_brand","embeddable":true,"href":"https:\/\/secureus.se\/no\/wp-json\/wp\/v2\/product_brand?post=146340"},{"taxonomy":"product_cat","embeddable":true,"href":"https:\/\/secureus.se\/no\/wp-json\/wp\/v2\/product_cat?post=146340"},{"taxonomy":"product_tag","embeddable":true,"href":"https:\/\/secureus.se\/no\/wp-json\/wp\/v2\/product_tag?post=146340"}],"curies":[{"name":"wp","href":"https:\/\/api.w.org\/{rel}","templated":true}]}}