{"id":146351,"date":"2025-01-09T18:18:16","date_gmt":"2025-01-09T17:18:16","guid":{"rendered":"https:\/\/secureus.se\/plastkort-premium-kombi-em4200mifare1k-med-magnet-hico\/"},"modified":"2025-12-31T21:39:44","modified_gmt":"2025-12-31T20:39:44","slug":"plastkort-premium-kombi-em4200mifare1k-med-magnet-hico","status":"publish","type":"product","link":"https:\/\/secureus.se\/no\/plastkort-premium-kombi-em4200mifare1k-med-magnet-hico\/","title":{"rendered":"Plastkort Premium Combi EM4200+Mifare1k med Magnet HiCo"},"content":{"rendered":"<p>Kort av ekstra h\u00f8y kvalitet laget i Sverige med en matt, stilig finish som er perfekt hvis du \u00f8nsker \u00e5 ha trykk og bilder til din bedrift p\u00e5 kortet.<\/p>\n<p>Kortet er ogs\u00e5 beregnet p\u00e5 de som krever litt mer utseende og ekstra god kvalitet sammenlignet med standard PVC-plastkort.<\/p>\n<p>RFID-kombinasjonskort med EM4200 og Mifare1k-brikke \u2013 HiCo magnetstripe.<\/p>\n<p>PMM + RCO-nummer for EM.<\/p>\n<p>Magnetstripen er kodet med RCO, samme kode som p\u00e5 kortet.<\/p>\n<p>Ny versjon med nytt kortfag, visittkort av h\u00f8y kvalitet<\/p>","protected":false},"excerpt":{"rendered":"<p>Kortet er ogs\u00e5 beregnet p\u00e5 de som krever litt mer utseende og ekstra god kvalitet sammenlignet med standard PVC-plastkort.<\/p>","protected":false},"featured_media":146349,"template":"","meta":{"_acf_changed":false},"product_brand":[],"product_cat":[1324,4224],"product_tag":[],"class_list":{"0":"post-146351","1":"product","2":"type-product","3":"status-publish","4":"has-post-thumbnail","6":"product_cat-outlet","7":"product_cat-rfid-kort-mifare1k-em4200-kombinerade","8":"pa_brands-stonehouse-security","9":"tm-has-options","11":"first","12":"instock","13":"sale","14":"taxable","15":"shipping-taxable","16":"purchasable","17":"product-type-simple"},"acf":[],"_links":{"self":[{"href":"https:\/\/secureus.se\/no\/wp-json\/wp\/v2\/product\/146351","targetHints":{"allow":["GET"]}}],"collection":[{"href":"https:\/\/secureus.se\/no\/wp-json\/wp\/v2\/product"}],"about":[{"href":"https:\/\/secureus.se\/no\/wp-json\/wp\/v2\/types\/product"}],"wp:featuredmedia":[{"embeddable":true,"href":"https:\/\/secureus.se\/no\/wp-json\/wp\/v2\/media\/146349"}],"wp:attachment":[{"href":"https:\/\/secureus.se\/no\/wp-json\/wp\/v2\/media?parent=146351"}],"wp:term":[{"taxonomy":"product_brand","embeddable":true,"href":"https:\/\/secureus.se\/no\/wp-json\/wp\/v2\/product_brand?post=146351"},{"taxonomy":"product_cat","embeddable":true,"href":"https:\/\/secureus.se\/no\/wp-json\/wp\/v2\/product_cat?post=146351"},{"taxonomy":"product_tag","embeddable":true,"href":"https:\/\/secureus.se\/no\/wp-json\/wp\/v2\/product_tag?post=146351"}],"curies":[{"name":"wp","href":"https:\/\/api.w.org\/{rel}","templated":true}]}}