{"id":146561,"date":"2025-01-22T17:22:41","date_gmt":"2025-01-22T16:22:41","guid":{"rendered":"https:\/\/secureus.se\/cranford-controls-511-099l-vtb-sounder-beacon-grunt-bas-rod-kropp-gul-lins\/"},"modified":"2026-04-23T13:29:20","modified_gmt":"2026-04-23T11:29:20","slug":"cranford-controls-511-099l-vtb-sounder-beacon-grunt-bas-rod-kropp-gul-lins","status":"publish","type":"product","link":"https:\/\/secureus.se\/no\/cranford-controls-511-099l-vtb-sounder-beacon-grunt-bas-rod-kropp-gul-lins\/","title":{"rendered":"Cranford Controls 511-099L VTB ekkolodd \/ fyr, grunn bass, r\u00f8d kropp, gul linse"},"content":{"rendered":"<h1>Cranford Controls 511-099L VTB ekkolodd<\/h1>\n<div class=\"item-header rd-hyg-item-header\">Cranford Controls 511-099L VTB Ekkolodd\/Beacon er designet for \u00e5 gi b\u00e5de h\u00f8rbar og visuell varsling i industrielle og kommersielle milj\u00f8er.<\/div>\n<div><\/div>\n<div class=\"item-header rd-hyg-item-header\">Den har 32 toner, inkludert en valgbar overstyrt tone, slik at den kan tilpasses ulike behov.<\/div>\n<div><\/div>\n<div class=\"item-header rd-hyg-item-header\">Produktet er tilgjengelig i to versjoner, en med en grunn base (IP43) og en med en dyp base (IP65), noe som gj\u00f8r den egnet for b\u00e5de innend\u00f8rs og utend\u00f8rs bruk.<\/div>\n<div><\/div>\n<div class=\"item-header rd-hyg-item-header\">Den omskiftbare funksjonen gj\u00f8r det mulig \u00e5 bruke den utelukkende som et fyrt\u00e5rn ved behov.<\/div>\n<div><\/div>\n<div class=\"item-header rd-hyg-item-header\">Det unike bajonettmonteringssystemet gj\u00f8r installasjonen rask og enkel, og det avtagbare dekselet p\u00e5 den dype basen gj\u00f8r at kabler kan f\u00f8res utenfor enheten.<\/div>\n<div><\/div>\n<div class=\"item-header rd-hyg-item-header\">For ekstra sikkerhet kommer basisl\u00e5sesystemet som standard, og gir en sikker og stabil installasjon.<\/div>","protected":false},"excerpt":{"rendered":"<p>Cranford Controls 511-099L VTB Ekkolodd\/Beacon tilbyr en p\u00e5litelig og effektiv l\u00f8sning for lyd- og lysvarsling i en rekke milj\u00f8er.<\/p>\n<p>Med 32 toner og en valgbar overdrevet tone er versjoner tilgjengelige med b\u00e5de grunn bass (IP43) og dyp bass (IP65) for fleksibel installasjon.<\/p>\n<p>Det unike bajonettmonteringssystemet muliggj\u00f8r enkel installasjon, og det avtagbare dekselet p\u00e5 den dype basen st\u00f8tter overflatemontert kabling.<\/p>","protected":false},"featured_media":146560,"template":"","meta":{"_acf_changed":false},"product_brand":[],"product_cat":[5097,1562,1825],"product_tag":[],"class_list":{"0":"post-146561","1":"product","2":"type-product","3":"status-publish","4":"has-post-thumbnail","6":"product_cat-kombisiren-blixt-brand","7":"product_cat-larmdon-blixtljus","8":"product_cat-sirener-brand","9":"product_shipping_class-tunga-paket","10":"tm-no-options","12":"first","13":"onbackorder","14":"sale","15":"taxable","16":"shipping-taxable","17":"purchasable","18":"product-type-simple"},"acf":[],"_links":{"self":[{"href":"https:\/\/secureus.se\/no\/wp-json\/wp\/v2\/product\/146561","targetHints":{"allow":["GET"]}}],"collection":[{"href":"https:\/\/secureus.se\/no\/wp-json\/wp\/v2\/product"}],"about":[{"href":"https:\/\/secureus.se\/no\/wp-json\/wp\/v2\/types\/product"}],"wp:featuredmedia":[{"embeddable":true,"href":"https:\/\/secureus.se\/no\/wp-json\/wp\/v2\/media\/146560"}],"wp:attachment":[{"href":"https:\/\/secureus.se\/no\/wp-json\/wp\/v2\/media?parent=146561"}],"wp:term":[{"taxonomy":"product_brand","embeddable":true,"href":"https:\/\/secureus.se\/no\/wp-json\/wp\/v2\/product_brand?post=146561"},{"taxonomy":"product_cat","embeddable":true,"href":"https:\/\/secureus.se\/no\/wp-json\/wp\/v2\/product_cat?post=146561"},{"taxonomy":"product_tag","embeddable":true,"href":"https:\/\/secureus.se\/no\/wp-json\/wp\/v2\/product_tag?post=146561"}],"curies":[{"name":"wp","href":"https:\/\/api.w.org\/{rel}","templated":true}]}}