{"id":147328,"date":"2023-09-26T13:10:35","date_gmt":"2023-09-26T11:10:35","guid":{"rendered":"https:\/\/secureus.se\/elslutbleck-step-40-rattvand-24v\/"},"modified":"2026-04-23T12:32:31","modified_gmt":"2026-04-23T10:32:31","slug":"elslutbleck-step-40-rattvand-24v","status":"publish","type":"product","link":"https:\/\/secureus.se\/no\/elslutbleck-step-40-rattvand-24v\/","title":{"rendered":"Elektrisk sluttplate TRINN 40 H\u00f8yrevendt 24V"},"content":{"rendered":"<h1>Elektrisk sluttplate TRINN 40 H\u00f8yrevendt 24V<\/h1>\n<p>Electric strike STEP 40 er en h\u00f8ykvalitets elektrisk strike med h\u00f8yreh\u00e5ndsfunksjon og patentert HPR\u00ae-teknologi. Den er designet for sikker og p\u00e5litelig dagl\u00e5sing, selv med h\u00f8yt trykk p\u00e5 d\u00f8ren.<\/p>\n<p class=\"\" data-start=\"318\" data-end=\"772\">STEP 40 Preload HPR setter en h\u00f8y standard for elektriske sluttplater med sine kompakte dimensjoner og patenterte HPR\u00ae-teknologi. Denne elektriske l\u00e5sen er perfekt for bruk som dagl\u00e5s i ulike sikkerhetsapplikasjoner og garanterer h\u00f8y driftssikkerhet og holdbarhet.<\/p>\n<p class=\"\" data-start=\"318\" data-end=\"772\">Med sin minimale st\u00f8rrelse og stripetrykkteknologien, som gj\u00f8r at d\u00f8ren kan l\u00e5ses opp selv ved et trykk p\u00e5 opptil 250 kg, tilbyr STEP 40 p\u00e5litelig funksjon selv under t\u00f8ffe forhold.<\/p>\n<p class=\"\" data-start=\"774\" data-end=\"1111\">Produktet er fabrikktestet til 1 500 000 sykluser, noe som gj\u00f8r det til en langvarig l\u00f8sning for b\u00e5de enkelt- og tofl\u00f8yede l\u00e5ser. Den vendbare utformingen passer b\u00e5de h\u00f8yre- og venstred\u00f8rer, og beskyttelsesdioden forhindrer elektriske skader.<\/p>\n<p class=\"\" data-start=\"774\" data-end=\"1111\">STEP 40 er ogs\u00e5 slagsikker og oppfyller h\u00f8ye krav til sikkerhet og holdbarhet i henhold til SS-EN 14846.<\/p>\n<p class=\"\" data-start=\"1113\" data-end=\"1128\"><strong data-start=\"1113\" data-end=\"1128\">Kjennetegn:<\/strong><\/p>\n<ul data-start=\"1129\" data-end=\"1462\">\n<li class=\"\" data-start=\"1129\" data-end=\"1172\">\n<p class=\"\" data-start=\"1131\" data-end=\"1172\">H\u00f8yrevendt funksjon (l\u00e5st i str\u00f8ml\u00f8s modus)<\/p>\n<\/li>\n<li class=\"\" data-start=\"1173\" data-end=\"1247\">\n<p class=\"\" data-start=\"1175\" data-end=\"1247\">HPR\u00ae-teknologi som lar d\u00f8ren \u00e5pne til tross for trykk p\u00e5 opptil 250 kg<\/p>\n<\/li>\n<li class=\"\" data-start=\"1248\" data-end=\"1288\">\n<p class=\"\" data-start=\"1250\" data-end=\"1288\">Bruddstyrke p\u00e5 1200 kg (ca. 12 kN)<\/p>\n<\/li>\n<li class=\"\" data-start=\"1289\" data-end=\"1326\">\n<p class=\"\" data-start=\"1291\" data-end=\"1326\">Fabrikktestet til 1 500 000 sykluser<\/p>\n<\/li>\n<li class=\"\" data-start=\"1327\" data-end=\"1386\">\n<p class=\"\" data-start=\"1329\" data-end=\"1386\">Bankesikker og vendbar for b\u00e5de h\u00f8yre- og venstred\u00f8rer<\/p>\n<\/li>\n<li class=\"\" data-start=\"1387\" data-end=\"1417\">\n<p class=\"\" data-start=\"1389\" data-end=\"1417\">For enkel eller dobbel falll\u00e5s<\/p>\n<\/li>\n<li class=\"\" data-start=\"1418\" data-end=\"1462\">\n<p class=\"\" data-start=\"1420\" data-end=\"1462\">Skruhull for skr\u00e5skruer i bakkant<\/p>\n<\/li>\n<\/ul>\n<p class=\"\" data-start=\"1464\" data-end=\"1493\"><strong data-start=\"1464\" data-end=\"1493\">Tekniske spesifikasjoner:<\/strong><\/p>\n<ul data-start=\"1494\" data-end=\"2011\">\n<li class=\"\" data-start=\"1494\" data-end=\"1601\">\n<p class=\"\" data-start=\"1496\" data-end=\"1601\">Str\u00f8mforsyning: 12 V DC (+15% -10%) 220 mAh \/ maks 600 mA eller 24 V DC (+15% -10%) 110 mAh \/ maks 300 mA<\/p>\n<\/li>\n<li class=\"\" data-start=\"1602\" data-end=\"1642\">\n<p class=\"\" data-start=\"1604\" data-end=\"1642\">Holdbarhet: Grad X i henhold til SS-EN 14846<\/p>\n<\/li>\n<li class=\"\" data-start=\"1643\" data-end=\"1682\">\n<p class=\"\" data-start=\"1645\" data-end=\"1682\">Korrosjon: Grad M i henhold til SS-EN 14846<\/p>\n<\/li>\n<li class=\"\" data-start=\"1683\" data-end=\"1721\">\n<p class=\"\" data-start=\"1685\" data-end=\"1721\">Sikkerhet: Grad 3 i henhold til SS-EN 14846<\/p>\n<\/li>\n<li class=\"\" data-start=\"1722\" data-end=\"1784\">\n<p class=\"\" data-start=\"1724\" data-end=\"1784\">Sikkerhet elektrisk manipulasjon: Grad 1 i henhold til SS-EN 14846<\/p>\n<\/li>\n<li class=\"\" data-start=\"1785\" data-end=\"1811\">\n<p class=\"\" data-start=\"1787\" data-end=\"1811\">Bruddstyrke: 1200 kg<\/p>\n<\/li>\n<li class=\"\" data-start=\"1812\" data-end=\"1842\">\n<p class=\"\" data-start=\"1814\" data-end=\"1842\">D\u00f8rhengsel: H\u00f8yre, Venstre<\/p>\n<\/li>\n<li class=\"\" data-start=\"1843\" data-end=\"1861\">\n<p class=\"\" data-start=\"1845\" data-end=\"1861\">Kabel inkludert: Nei<\/p>\n<\/li>\n<li class=\"\" data-start=\"1862\" data-end=\"1881\">\n<p class=\"\" data-start=\"1864\" data-end=\"1881\">Strimmeltrykk: 250 kg<\/p>\n<\/li>\n<li class=\"\" data-start=\"1882\" data-end=\"1917\">\n<p class=\"\" data-start=\"1884\" data-end=\"1917\">L\u00e5stype: Enkel l\u00e5s, Dobbel l\u00e5s<\/p>\n<\/li>\n<li class=\"\" data-start=\"1918\" data-end=\"1971\">\n<p class=\"\" data-start=\"1920\" data-end=\"1971\">Produktdimensjoner: Bredde: 25 mm, Dybde: 28 mm, H\u00f8yde: 90 mm<\/p>\n<\/li>\n<li class=\"\" data-start=\"1972\" data-end=\"1990\">\n<p class=\"\" data-start=\"1974\" data-end=\"1990\">Stempelkontakt: Nei<\/p>\n<\/li>\n<li class=\"\" data-start=\"1991\" data-end=\"2011\">\n<p class=\"\" data-start=\"1993\" data-end=\"2011\">Spenning AC\/DC: DC<\/p>\n<\/li>\n<\/ul>","protected":false},"excerpt":{"rendered":"<p>Elektrisk sluttplate STEP 40 Preload 24V Rettvinklet gir overlegen driftssikkerhet og fleksibilitet.<\/p>\n<p>Med STEPs patenterte stripetrykkteknologi kan den h\u00e5ndtere d\u00f8rer som utsettes for trykk p\u00e5 opptil 250 kg, noe som gj\u00f8r den ideell for h\u00f8yfrekvent bruk.<\/p>\n<p>Her kan du se hvilke stolper og modeller som passer sammen fra STEP-serien med elektriske d\u00f8rstoppere.<\/p>\n<h5><strong><a href=\"https:\/\/steplock.com\/sv\/stolpguide\/#!?lang=sv&amp;blog_id=1&amp;paged=1&amp;number=50\" target=\"_blank\" rel=\"noopener\">TRINN Postveiledning\u00a0<\/a><\/strong><\/h5>\n<h5><strong><a href=\"https:\/\/steplock.com\/sv\/projekteringsguide\/#!?lang=sv&amp;blog_id=1&amp;paged=1&amp;number=999\" target=\"_blank\" rel=\"noopener\">STEP design guide<\/a><\/strong><\/h5>","protected":false},"featured_media":147325,"template":"","meta":{"_acf_changed":false},"product_brand":[],"product_cat":[3355],"product_tag":[4197,4200],"class_list":{"0":"post-147328","1":"product","2":"type-product","3":"status-publish","4":"has-post-thumbnail","6":"product_cat-elslutbleck","7":"product_tag-24v","8":"product_tag-rattvand","9":"product_shipping_class-tunga-paket","10":"pa_brands-step","11":"tm-no-options","13":"first","14":"instock","15":"sale","16":"taxable","17":"shipping-taxable","18":"purchasable","19":"product-type-simple"},"acf":[],"_links":{"self":[{"href":"https:\/\/secureus.se\/no\/wp-json\/wp\/v2\/product\/147328","targetHints":{"allow":["GET"]}}],"collection":[{"href":"https:\/\/secureus.se\/no\/wp-json\/wp\/v2\/product"}],"about":[{"href":"https:\/\/secureus.se\/no\/wp-json\/wp\/v2\/types\/product"}],"wp:featuredmedia":[{"embeddable":true,"href":"https:\/\/secureus.se\/no\/wp-json\/wp\/v2\/media\/147325"}],"wp:attachment":[{"href":"https:\/\/secureus.se\/no\/wp-json\/wp\/v2\/media?parent=147328"}],"wp:term":[{"taxonomy":"product_brand","embeddable":true,"href":"https:\/\/secureus.se\/no\/wp-json\/wp\/v2\/product_brand?post=147328"},{"taxonomy":"product_cat","embeddable":true,"href":"https:\/\/secureus.se\/no\/wp-json\/wp\/v2\/product_cat?post=147328"},{"taxonomy":"product_tag","embeddable":true,"href":"https:\/\/secureus.se\/no\/wp-json\/wp\/v2\/product_tag?post=147328"}],"curies":[{"name":"wp","href":"https:\/\/api.w.org\/{rel}","templated":true}]}}