{"id":147332,"date":"2023-09-26T13:10:34","date_gmt":"2023-09-26T11:10:34","guid":{"rendered":"https:\/\/secureus.se\/elslutbleck-step-90-rattvand-24v\/"},"modified":"2026-04-23T12:27:39","modified_gmt":"2026-04-23T10:27:39","slug":"elslutbleck-step-90-rattvand-24v","status":"publish","type":"product","link":"https:\/\/secureus.se\/no\/elslutbleck-step-90-rattvand-24v\/","title":{"rendered":"Elektrisk sluttplate STEP 90 H\u00f8yrevendt 24V"},"content":{"rendered":"<h1>Elektrisk sluttplate STEP 90 H\u00f8yrevendt 24V<\/h1>\n<p class=\"\" data-start=\"121\" data-end=\"327\">STEP 90 er et branngodkjent elektrisk sluttstykke med minimale dimensjoner og h\u00f8y driftssikkerhet. Perfekt for bruk i milj\u00f8er med h\u00f8y sikkerhet og branncellegrenser, med en bruddstyrke p\u00e5 1200 kg.<\/p>\n<p class=\"\" data-start=\"329\" data-end=\"758\">STEP 90 Preload HPR er en elektrisk sluttplate av h\u00f8y kvalitet som kombinerer minimale dimensjoner med overlegen driftssikkerhet og lang levetid.<\/p>\n<p class=\"\" data-start=\"329\" data-end=\"758\">Den er branngodkjent opp til E\/EI120 i henhold til SS-EN 14846:2008, noe som gj\u00f8r den til et utmerket valg for sikkerhetsl\u00f8sninger i branncellegrenser.<\/p>\n<p class=\"\" data-start=\"329\" data-end=\"758\">Denne elektriske strikken er ogs\u00e5 utstyrt med STEPs patenterte HPR\u00ae-teknologi, som garanterer \u00e5pning selv ved et trykk p\u00e5 opptil 250 kg.<\/p>\n<p class=\"\" data-start=\"760\" data-end=\"1164\">Med sine sm\u00e5 dimensjoner og vendbare design passer den til b\u00e5de h\u00f8yre- og venstrehengte d\u00f8rer og kan enkelt monteres i d\u00f8rsystemer med en- eller tofl\u00f8yet l\u00e5s.<\/p>\n<p class=\"\" data-start=\"760\" data-end=\"1164\">STEP 90 er ogs\u00e5 testet og sertifisert for brannmotstand og har en bruddstyrke p\u00e5 1200 kg (ca. 12 kN), noe som sikrer at den t\u00e5ler store belastninger.<\/p>\n<p class=\"\" data-start=\"760\" data-end=\"1164\">I tillegg er den manipulasjonssikker og har innebygget beskyttelsesdiode for \u00f8kt elektrisk sikkerhet.<\/p>\n<p class=\"\" data-start=\"1166\" data-end=\"1181\"><strong data-start=\"1166\" data-end=\"1181\">Kjennetegn:<\/strong><\/p>\n<ul data-start=\"1182\" data-end=\"1702\">\n<li class=\"\" data-start=\"1182\" data-end=\"1225\">\n<p class=\"\" data-start=\"1184\" data-end=\"1225\">H\u00f8yrevendt funksjon (l\u00e5st i str\u00f8ml\u00f8s modus)<\/p>\n<\/li>\n<li class=\"\" data-start=\"1226\" data-end=\"1292\">\n<p class=\"\" data-start=\"1228\" data-end=\"1292\">Branngodkjent for opp til klasse E\/EI 120 i henhold til SS-EN 14846:2008<\/p>\n<\/li>\n<li class=\"\" data-start=\"1293\" data-end=\"1332\">\n<p class=\"\" data-start=\"1295\" data-end=\"1332\">Innebygd beskyttelsesdiode for ekstra sikkerhet<\/p>\n<\/li>\n<li class=\"\" data-start=\"1333\" data-end=\"1404\">\n<p class=\"\" data-start=\"1335\" data-end=\"1404\">D\u00f8rstatusindikasjon (lukket\/\u00e5pen) p\u00e5 produkter med stempelkontakt<\/p>\n<\/li>\n<li class=\"\" data-start=\"1405\" data-end=\"1445\">\n<p class=\"\" data-start=\"1407\" data-end=\"1445\">Bruddstyrke p\u00e5 1200 kg (ca. 12 kN)<\/p>\n<\/li>\n<li class=\"\" data-start=\"1446\" data-end=\"1516\">\n<p class=\"\" data-start=\"1448\" data-end=\"1516\">HPR\u00ae-teknologi garanterer \u00e5pning til tross for et stripetrykk p\u00e5 250 kg (ca. 2,5 kN)<\/p>\n<\/li>\n<li class=\"\" data-start=\"1517\" data-end=\"1576\">\n<p class=\"\" data-start=\"1519\" data-end=\"1576\">Bankesikker og vendbar for b\u00e5de h\u00f8yre- og venstred\u00f8rer<\/p>\n<\/li>\n<li class=\"\" data-start=\"1577\" data-end=\"1621\">\n<p class=\"\" data-start=\"1579\" data-end=\"1621\">Skruhull for skr\u00e5skruer i bakkant<\/p>\n<\/li>\n<li class=\"\" data-start=\"1622\" data-end=\"1702\">\n<p class=\"\" data-start=\"1624\" data-end=\"1702\">Egnet for enkelt- og dobbeltl\u00e5ser i seriene Connect, Modul og Narrow Profile<\/p>\n<\/li>\n<\/ul>\n<p class=\"\" data-start=\"1704\" data-end=\"1733\"><strong data-start=\"1704\" data-end=\"1733\">Tekniske spesifikasjoner:<\/strong><\/p>\n<ul data-start=\"1734\" data-end=\"2274\">\n<li class=\"\" data-start=\"1734\" data-end=\"1841\">\n<p class=\"\" data-start=\"1736\" data-end=\"1841\">Str\u00f8mforsyning: 12 V DC (+15% -10%) 220 mAh \/ maks 600 mA eller 24 V DC (+15% -10%) 110 mAh \/ maks 300 mA<\/p>\n<\/li>\n<li class=\"\" data-start=\"1842\" data-end=\"1882\">\n<p class=\"\" data-start=\"1844\" data-end=\"1882\">Holdbarhet: Grad X i henhold til SS-EN 14846<\/p>\n<\/li>\n<li class=\"\" data-start=\"1883\" data-end=\"1922\">\n<p class=\"\" data-start=\"1885\" data-end=\"1922\">Korrosjon: Grad M i henhold til SS-EN 14846<\/p>\n<\/li>\n<li class=\"\" data-start=\"1923\" data-end=\"1961\">\n<p class=\"\" data-start=\"1925\" data-end=\"1961\">Sikkerhet: Grad 3 i henhold til SS-EN 14846<\/p>\n<\/li>\n<li class=\"\" data-start=\"1962\" data-end=\"2024\">\n<p class=\"\" data-start=\"1964\" data-end=\"2024\">Sikkerhet elektrisk manipulasjon: Grad 1 i henhold til SS-EN 14846<\/p>\n<\/li>\n<li class=\"\" data-start=\"2025\" data-end=\"2047\">\n<p class=\"\" data-start=\"2027\" data-end=\"2047\">Branntestet: 120 min<\/p>\n<\/li>\n<li class=\"\" data-start=\"2048\" data-end=\"2074\">\n<p class=\"\" data-start=\"2050\" data-end=\"2074\">Bruddstyrke: 1200 kg<\/p>\n<\/li>\n<li class=\"\" data-start=\"2075\" data-end=\"2105\">\n<p class=\"\" data-start=\"2077\" data-end=\"2105\">D\u00f8rhengsel: H\u00f8yre, Venstre<\/p>\n<\/li>\n<li class=\"\" data-start=\"2106\" data-end=\"2124\">\n<p class=\"\" data-start=\"2108\" data-end=\"2124\">Kabel inkludert: Nei<\/p>\n<\/li>\n<li class=\"\" data-start=\"2125\" data-end=\"2144\">\n<p class=\"\" data-start=\"2127\" data-end=\"2144\">Strimmeltrykk: 250 kg<\/p>\n<\/li>\n<li class=\"\" data-start=\"2145\" data-end=\"2180\">\n<p class=\"\" data-start=\"2147\" data-end=\"2180\">L\u00e5stype: Enkel l\u00e5s, Dobbel l\u00e5s<\/p>\n<\/li>\n<li class=\"\" data-start=\"2181\" data-end=\"2234\">\n<p class=\"\" data-start=\"2183\" data-end=\"2234\">Produktdimensjoner: Bredde: 25 mm, Dybde: 28 mm, H\u00f8yde: 90 mm<\/p>\n<\/li>\n<li class=\"\" data-start=\"2235\" data-end=\"2253\">\n<p class=\"\" data-start=\"2237\" data-end=\"2253\">Stempelkontakt: Nei<\/p>\n<\/li>\n<li class=\"\" data-start=\"2254\" data-end=\"2274\">\n<p class=\"\" data-start=\"2256\" data-end=\"2274\">Spenning AC\/DC: D<\/p>\n<\/li>\n<\/ul>\n<p data-start=\"329\" data-end=\"561\">","protected":false},"excerpt":{"rendered":"<p>Her kan du se hvilke stolper og modeller som passer sammen fra STEP-serien med elektriske d\u00f8rstoppere.<\/p>\n<h5><strong><a href=\"https:\/\/steplock.com\/sv\/stolpguide\/#!?lang=sv&amp;blog_id=1&amp;paged=1&amp;number=50\" target=\"_blank\" rel=\"noopener\">TRINN Postveiledning\u00a0<\/a><\/strong><\/h5>\n<h5><strong><a href=\"https:\/\/steplock.com\/sv\/projekteringsguide\/#!?lang=sv&amp;blog_id=1&amp;paged=1&amp;number=999\" target=\"_blank\" rel=\"noopener\">STEP design guide<\/a><\/strong><\/h5>","protected":false},"featured_media":147329,"template":"","meta":{"_acf_changed":false},"product_brand":[],"product_cat":[3355],"product_tag":[4197,4200],"class_list":{"0":"post-147332","1":"product","2":"type-product","3":"status-publish","4":"has-post-thumbnail","6":"product_cat-elslutbleck","7":"product_tag-24v","8":"product_tag-rattvand","9":"product_shipping_class-tunga-paket","10":"pa_brands-step","11":"tm-no-options","13":"first","14":"instock","15":"sale","16":"taxable","17":"shipping-taxable","18":"purchasable","19":"product-type-simple"},"acf":[],"_links":{"self":[{"href":"https:\/\/secureus.se\/no\/wp-json\/wp\/v2\/product\/147332","targetHints":{"allow":["GET"]}}],"collection":[{"href":"https:\/\/secureus.se\/no\/wp-json\/wp\/v2\/product"}],"about":[{"href":"https:\/\/secureus.se\/no\/wp-json\/wp\/v2\/types\/product"}],"wp:featuredmedia":[{"embeddable":true,"href":"https:\/\/secureus.se\/no\/wp-json\/wp\/v2\/media\/147329"}],"wp:attachment":[{"href":"https:\/\/secureus.se\/no\/wp-json\/wp\/v2\/media?parent=147332"}],"wp:term":[{"taxonomy":"product_brand","embeddable":true,"href":"https:\/\/secureus.se\/no\/wp-json\/wp\/v2\/product_brand?post=147332"},{"taxonomy":"product_cat","embeddable":true,"href":"https:\/\/secureus.se\/no\/wp-json\/wp\/v2\/product_cat?post=147332"},{"taxonomy":"product_tag","embeddable":true,"href":"https:\/\/secureus.se\/no\/wp-json\/wp\/v2\/product_tag?post=147332"}],"curies":[{"name":"wp","href":"https:\/\/api.w.org\/{rel}","templated":true}]}}