{"id":147341,"date":"2023-09-26T13:10:31","date_gmt":"2023-09-26T11:10:31","guid":{"rendered":"https:\/\/secureus.se\/elslutbleck-step-90-rattvand-24v-kolvkontakt\/"},"modified":"2026-04-23T12:30:40","modified_gmt":"2026-04-23T10:30:40","slug":"elslutbleck-step-90-rattvand-24v-kolvkontakt","status":"publish","type":"product","link":"https:\/\/secureus.se\/no\/elslutbleck-step-90-rattvand-24v-kolvkontakt\/","title":{"rendered":"Elektrisk sluttplate STEP 90 H\u00f8yrevendt 24V Stempelkontakt"},"content":{"rendered":"<h1>Elektrisk sluttplate STEP 90 H\u00f8yrevendt 24V Stempelkontakt<\/h1>\n<p>STEP 90 er et branngodkjent elektrisk sluttstykke med minimale dimensjoner og HPR\u00ae-teknologi, ideelt for branncellegrenser. Utstyrt med stempelkontakt og bruddstyrke p\u00e5 1200 kg, garanterer den p\u00e5litelig funksjon selv ved h\u00f8yt stripetrykk.<\/p>\n<p>Elektrisk sluttplate TRINN 90<\/p>\n<p class=\"\" data-start=\"381\" data-end=\"831\">Preload HPR er en elektrisk streik av h\u00f8y kvalitet som tilbyr b\u00e5de sikkerhet og p\u00e5litelighet.<\/p>\n<p class=\"\" data-start=\"381\" data-end=\"831\">Med sine minimale dimensjoner og avanserte stripeutskriftsteknologi er den designet for \u00e5 gi h\u00f8y driftssikkerhet og lang levetid, noe som gj\u00f8r den perfekt for bruksomr\u00e5der hvor plass og holdbarhet er viktig.<\/p>\n<p class=\"\" data-start=\"381\" data-end=\"831\">STEP 90 er branngodkjent opp til E\/EI120 i henhold til SS-EN 14846:2008, noe som gj\u00f8r den til en ideell l\u00f8sning for branncellegrenser.<\/p>\n<p class=\"\" data-start=\"833\" data-end=\"1185\">Den patenterte HPR\u00ae-teknologien sikrer at d\u00f8ren kan \u00e5pnes selv n\u00e5r den utsettes for et trykk p\u00e5 opptil 250 kg.<\/p>\n<p class=\"\" data-start=\"833\" data-end=\"1185\">STEP 90 er ogs\u00e5 utstyrt med en stempelbryter for \u00e5 indikere om d\u00f8ren er lukket eller \u00e5pen.<\/p>\n<p class=\"\" data-start=\"833\" data-end=\"1185\">Den er testet og sertifisert for brannmotstand og har en bruddstyrke p\u00e5 1200 kg (ca. 12 kN), noe som gj\u00f8r den b\u00e5de robust og slitesterk.<\/p>\n<p class=\"\" data-start=\"1187\" data-end=\"1202\"><strong data-start=\"1187\" data-end=\"1202\">Kjennetegn:<\/strong><\/p>\n<ul data-start=\"1203\" data-end=\"1718\">\n<li class=\"\" data-start=\"1203\" data-end=\"1246\">\n<p class=\"\" data-start=\"1205\" data-end=\"1246\">H\u00f8yrevendt funksjon (l\u00e5st i str\u00f8ml\u00f8s modus)<\/p>\n<\/li>\n<li class=\"\" data-start=\"1247\" data-end=\"1305\">\n<p class=\"\" data-start=\"1249\" data-end=\"1305\">Stempelkontakt med d\u00f8rstatusindikasjon (lukket\/\u00e5pen)<\/p>\n<\/li>\n<li class=\"\" data-start=\"1306\" data-end=\"1371\">\n<p class=\"\" data-start=\"1308\" data-end=\"1371\">Branntestet for opp til klasse E\/EI 120 i henhold til SS-EN 14846:2008<\/p>\n<\/li>\n<li class=\"\" data-start=\"1372\" data-end=\"1420\">\n<p class=\"\" data-start=\"1374\" data-end=\"1420\">Innebygd beskyttelsesdiode for \u00f8kt elektrisk sikkerhet<\/p>\n<\/li>\n<li class=\"\" data-start=\"1421\" data-end=\"1491\">\n<p class=\"\" data-start=\"1423\" data-end=\"1491\">HPR\u00ae-teknologi garanterer \u00e5pning til tross for et stripetrykk p\u00e5 250 kg (ca. 2,5 kN)<\/p>\n<\/li>\n<li class=\"\" data-start=\"1492\" data-end=\"1532\">\n<p class=\"\" data-start=\"1494\" data-end=\"1532\">Bruddstyrke p\u00e5 1200 kg (ca. 12 kN)<\/p>\n<\/li>\n<li class=\"\" data-start=\"1533\" data-end=\"1592\">\n<p class=\"\" data-start=\"1535\" data-end=\"1592\">Bankesikker og vendbar for b\u00e5de h\u00f8yre- og venstred\u00f8rer<\/p>\n<\/li>\n<li class=\"\" data-start=\"1593\" data-end=\"1637\">\n<p class=\"\" data-start=\"1595\" data-end=\"1637\">Skruhull for skr\u00e5skruer i bakkant<\/p>\n<\/li>\n<li class=\"\" data-start=\"1638\" data-end=\"1718\">\n<p class=\"\" data-start=\"1640\" data-end=\"1718\">Egnet for enkelt- og dobbeltl\u00e5ser i seriene Connect, Modul og Narrow Profile<\/p>\n<\/li>\n<\/ul>\n<p class=\"\" data-start=\"1720\" data-end=\"1749\"><strong data-start=\"1720\" data-end=\"1749\">Tekniske spesifikasjoner:<\/strong><\/p>\n<ul data-start=\"1750\" data-end=\"2353\">\n<li class=\"\" data-start=\"1750\" data-end=\"1857\">\n<p class=\"\" data-start=\"1752\" data-end=\"1857\">Str\u00f8mforsyning: 12 V DC (+15% -10%) 220 mAh \/ maks 600 mA eller 24 V DC (+15% -10%) 110 mAh \/ maks 300 mA<\/p>\n<\/li>\n<li class=\"\" data-start=\"1858\" data-end=\"1921\">\n<p class=\"\" data-start=\"1860\" data-end=\"1921\">Stempelkontakt: Mikrobryter enpolet alternerende, maks. 30V DC, 1A<\/p>\n<\/li>\n<li class=\"\" data-start=\"1922\" data-end=\"1962\">\n<p class=\"\" data-start=\"1924\" data-end=\"1962\">Holdbarhet: Grad X i henhold til SS-EN 14846<\/p>\n<\/li>\n<li class=\"\" data-start=\"1963\" data-end=\"2002\">\n<p class=\"\" data-start=\"1965\" data-end=\"2002\">Korrosjon: Grad M i henhold til SS-EN 14846<\/p>\n<\/li>\n<li class=\"\" data-start=\"2003\" data-end=\"2041\">\n<p class=\"\" data-start=\"2005\" data-end=\"2041\">Sikkerhet: Grad 3 i henhold til SS-EN 14846<\/p>\n<\/li>\n<li class=\"\" data-start=\"2042\" data-end=\"2104\">\n<p class=\"\" data-start=\"2044\" data-end=\"2104\">Sikkerhet elektrisk manipulasjon: Grad 1 i henhold til SS-EN 14846<\/p>\n<\/li>\n<li class=\"\" data-start=\"2105\" data-end=\"2127\">\n<p class=\"\" data-start=\"2107\" data-end=\"2127\">Branntestet: 120 min<\/p>\n<\/li>\n<li class=\"\" data-start=\"2128\" data-end=\"2154\">\n<p class=\"\" data-start=\"2130\" data-end=\"2154\">Bruddstyrke: 1200 kg<\/p>\n<\/li>\n<li class=\"\" data-start=\"2155\" data-end=\"2185\">\n<p class=\"\" data-start=\"2157\" data-end=\"2185\">D\u00f8rhengsel: H\u00f8yre, Venstre<\/p>\n<\/li>\n<li class=\"\" data-start=\"2186\" data-end=\"2204\">\n<p class=\"\" data-start=\"2188\" data-end=\"2204\">Kabel inkludert: Nei<\/p>\n<\/li>\n<li class=\"\" data-start=\"2205\" data-end=\"2224\">\n<p class=\"\" data-start=\"2207\" data-end=\"2224\">Strimmeltrykk: 250 kg<\/p>\n<\/li>\n<li class=\"\" data-start=\"2225\" data-end=\"2260\">\n<p class=\"\" data-start=\"2227\" data-end=\"2260\">L\u00e5stype: Enkel l\u00e5s, Dobbel l\u00e5s<\/p>\n<\/li>\n<li class=\"\" data-start=\"2261\" data-end=\"2314\">\n<p class=\"\" data-start=\"2263\" data-end=\"2314\">Produktdimensjoner: Bredde: 25 mm, Dybde: 28 mm, H\u00f8yde: 90 mm<\/p>\n<\/li>\n<li class=\"\" data-start=\"2315\" data-end=\"2332\">\n<p class=\"\" data-start=\"2317\" data-end=\"2332\">Stempelkontakt: Ja<\/p>\n<\/li>\n<li class=\"\" data-start=\"2333\" data-end=\"2353\">\n<p class=\"\" data-start=\"2335\" data-end=\"2353\">Spenning AC\/DC: DC<\/p>\n<\/li>\n<\/ul>\n<p>&nbsp;<\/p>","protected":false},"excerpt":{"rendered":"<p>Her kan du se hvilke stolper og modeller som passer sammen fra STEP-serien med elektriske d\u00f8rstoppere.<\/p>\n<h5><strong><a href=\"https:\/\/steplock.com\/sv\/stolpguide\/#!?lang=sv&amp;blog_id=1&amp;paged=1&amp;number=50\" target=\"_blank\" rel=\"noopener\">TRINN Postveiledning\u00a0<\/a><\/strong><\/h5>\n<h5><strong><a href=\"https:\/\/steplock.com\/sv\/projekteringsguide\/#!?lang=sv&amp;blog_id=1&amp;paged=1&amp;number=999\" target=\"_blank\" rel=\"noopener\">STEP design guide<\/a><\/strong><\/h5>","protected":false},"featured_media":147337,"template":"","meta":{"_acf_changed":false},"product_brand":[],"product_cat":[3355],"product_tag":[4197,4200],"class_list":{"0":"post-147341","1":"product","2":"type-product","3":"status-publish","4":"has-post-thumbnail","6":"product_cat-elslutbleck","7":"product_tag-24v","8":"product_tag-rattvand","9":"product_shipping_class-tunga-paket","10":"pa_brands-step","11":"tm-no-options","13":"first","14":"onbackorder","15":"sale","16":"taxable","17":"shipping-taxable","18":"purchasable","19":"product-type-simple"},"acf":[],"_links":{"self":[{"href":"https:\/\/secureus.se\/no\/wp-json\/wp\/v2\/product\/147341","targetHints":{"allow":["GET"]}}],"collection":[{"href":"https:\/\/secureus.se\/no\/wp-json\/wp\/v2\/product"}],"about":[{"href":"https:\/\/secureus.se\/no\/wp-json\/wp\/v2\/types\/product"}],"wp:featuredmedia":[{"embeddable":true,"href":"https:\/\/secureus.se\/no\/wp-json\/wp\/v2\/media\/147337"}],"wp:attachment":[{"href":"https:\/\/secureus.se\/no\/wp-json\/wp\/v2\/media?parent=147341"}],"wp:term":[{"taxonomy":"product_brand","embeddable":true,"href":"https:\/\/secureus.se\/no\/wp-json\/wp\/v2\/product_brand?post=147341"},{"taxonomy":"product_cat","embeddable":true,"href":"https:\/\/secureus.se\/no\/wp-json\/wp\/v2\/product_cat?post=147341"},{"taxonomy":"product_tag","embeddable":true,"href":"https:\/\/secureus.se\/no\/wp-json\/wp\/v2\/product_tag?post=147341"}],"curies":[{"name":"wp","href":"https:\/\/api.w.org\/{rel}","templated":true}]}}