{"id":147345,"date":"2023-09-26T13:10:29","date_gmt":"2023-09-26T11:10:29","guid":{"rendered":"https:\/\/secureus.se\/elslutbleck-step-40-omstallbar-24v\/"},"modified":"2026-04-08T16:06:49","modified_gmt":"2026-04-08T14:06:49","slug":"elslutbleck-step-40-omstallbar-24v","status":"publish","type":"product","link":"https:\/\/secureus.se\/no\/elslutbleck-step-40-omstallbar-24v\/","title":{"rendered":"Elektrisk sluttstykke STEP 40 Justerbar 24V"},"content":{"rendered":"<h1>Elektrisk sluttstykke STEP 40 Justerbar 24V<\/h1>\n<p>STEP 40 er et elektrisk sluttstykke med justerbar funksjon, ideelt for dagl\u00e5sing og h\u00f8ysikkerhetsapplikasjoner. Utstyrt med HPR\u00ae-teknologi og en bruddstyrke p\u00e5 1200 kg.<\/p>\n<p>Elektrisk strike STEP 40 Preload HPR er en h\u00f8ykvalitets elektrisk strike som tilbyr b\u00e5de p\u00e5litelighet og fleksibilitet.<\/p>\n<p>Med sine kompakte dimensjoner og patenterte stripetrykkteknologi garanterer den at d\u00f8ren \u00e5pnes selv n\u00e5r den utsettes for trykk p\u00e5 opptil 250 kg.<\/p>\n<p>STEP 40 er en del av STEPs Preload-serie, som betyr at produktet er testet for \u00e5 h\u00e5ndtere h\u00f8ye \u00e5pningsfrekvenser og er driftssikkert i lang tid.<\/p>\n<p class=\"\" data-start=\"750\" data-end=\"1174\">Den vendbare funksjonen gj\u00f8r at STEP 40 kan v\u00e6re enten forovervendt eller bakovervendt (l\u00e5st eller ul\u00e5st i spenningsl\u00f8s stilling), noe som gir fleksibilitet i installasjonen.<\/p>\n<p class=\"\" data-start=\"750\" data-end=\"1174\">Med en bruddstyrke p\u00e5 1 200 kg (ca. 12 kN) og en fabrikktestet levetid p\u00e5 1 500 000 sykluser er STEP 40 en holdbar l\u00f8sning for b\u00e5de enkelt- og tofl\u00f8yede l\u00e5ser.<\/p>\n<p class=\"\" data-start=\"750\" data-end=\"1174\">Den elektriske sluttplaten er ogs\u00e5 manipulasjonssikker og har skruehull for vinklede skruer for enkel montering.<\/p>\n<p class=\"\" data-start=\"1176\" data-end=\"1191\"><strong data-start=\"1176\" data-end=\"1191\">Kjennetegn:<\/strong><\/p>\n<ul data-start=\"1192\" data-end=\"1621\">\n<li class=\"\" data-start=\"1192\" data-end=\"1271\">\n<p class=\"\" data-start=\"1194\" data-end=\"1271\">Byttbar forover- eller reversfunksjon (l\u00e5st eller ul\u00e5st i spenningsl\u00f8s modus)<\/p>\n<\/li>\n<li class=\"\" data-start=\"1272\" data-end=\"1320\">\n<p class=\"\" data-start=\"1274\" data-end=\"1320\">Innebygd beskyttelsesdiode for \u00f8kt elektrisk sikkerhet<\/p>\n<\/li>\n<li class=\"\" data-start=\"1321\" data-end=\"1395\">\n<p class=\"\" data-start=\"1323\" data-end=\"1395\">HPR\u00ae-teknologi som garanterer \u00e5pning til tross for et stripetrykk p\u00e5 250 kg (ca. 2,5 kN)<\/p>\n<\/li>\n<li class=\"\" data-start=\"1396\" data-end=\"1436\">\n<p class=\"\" data-start=\"1398\" data-end=\"1436\">Bruddstyrke p\u00e5 1200 kg (ca. 12 kN)<\/p>\n<\/li>\n<li class=\"\" data-start=\"1437\" data-end=\"1474\">\n<p class=\"\" data-start=\"1439\" data-end=\"1474\">Fabrikktestet til 1 500 000 sykluser<\/p>\n<\/li>\n<li class=\"\" data-start=\"1475\" data-end=\"1534\">\n<p class=\"\" data-start=\"1477\" data-end=\"1534\">Bankesikker og vendbar for b\u00e5de h\u00f8yre- og venstred\u00f8rer<\/p>\n<\/li>\n<li class=\"\" data-start=\"1535\" data-end=\"1579\">\n<p class=\"\" data-start=\"1537\" data-end=\"1579\">Skruhull for skr\u00e5skruer i bakkant<\/p>\n<\/li>\n<li class=\"\" data-start=\"1580\" data-end=\"1621\">\n<p class=\"\" data-start=\"1582\" data-end=\"1621\">Egnet for enkeltfl\u00f8yede og tofl\u00f8yede l\u00e5ser<\/p>\n<\/li>\n<\/ul>\n<p class=\"\" data-start=\"1623\" data-end=\"1652\"><strong data-start=\"1623\" data-end=\"1652\">Tekniske spesifikasjoner:<\/strong><\/p>\n<ul data-start=\"1653\" data-end=\"2170\">\n<li class=\"\" data-start=\"1653\" data-end=\"1760\">\n<p class=\"\" data-start=\"1655\" data-end=\"1760\">Str\u00f8mforsyning: 12 V DC (+15% -10%) 220 mAh \/ maks 600 mA eller 24 V DC (+15% -10%) 110 mAh \/ maks 300 mA<\/p>\n<\/li>\n<li class=\"\" data-start=\"1761\" data-end=\"1801\">\n<p class=\"\" data-start=\"1763\" data-end=\"1801\">Holdbarhet: Grad X i henhold til SS-EN 14846<\/p>\n<\/li>\n<li class=\"\" data-start=\"1802\" data-end=\"1841\">\n<p class=\"\" data-start=\"1804\" data-end=\"1841\">Korrosjon: Grad M i henhold til SS-EN 14846<\/p>\n<\/li>\n<li class=\"\" data-start=\"1842\" data-end=\"1880\">\n<p class=\"\" data-start=\"1844\" data-end=\"1880\">Sikkerhet: Grad 3 i henhold til SS-EN 14846<\/p>\n<\/li>\n<li class=\"\" data-start=\"1881\" data-end=\"1943\">\n<p class=\"\" data-start=\"1883\" data-end=\"1943\">Sikkerhet elektrisk manipulasjon: Grad 1 i henhold til SS-EN 14846<\/p>\n<\/li>\n<li class=\"\" data-start=\"1944\" data-end=\"1970\">\n<p class=\"\" data-start=\"1946\" data-end=\"1970\">Bruddstyrke: 1200 kg<\/p>\n<\/li>\n<li class=\"\" data-start=\"1971\" data-end=\"2001\">\n<p class=\"\" data-start=\"1973\" data-end=\"2001\">D\u00f8rhengsel: H\u00f8yre, Venstre<\/p>\n<\/li>\n<li class=\"\" data-start=\"2002\" data-end=\"2020\">\n<p class=\"\" data-start=\"2004\" data-end=\"2020\">Kabel inkludert: Nei<\/p>\n<\/li>\n<li class=\"\" data-start=\"2021\" data-end=\"2040\">\n<p class=\"\" data-start=\"2023\" data-end=\"2040\">Strimmeltrykk: 250 kg<\/p>\n<\/li>\n<li class=\"\" data-start=\"2041\" data-end=\"2076\">\n<p class=\"\" data-start=\"2043\" data-end=\"2076\">L\u00e5stype: Enkel l\u00e5s, Dobbel l\u00e5s<\/p>\n<\/li>\n<li class=\"\" data-start=\"2077\" data-end=\"2130\">\n<p class=\"\" data-start=\"2079\" data-end=\"2130\">Produktdimensjoner: Bredde: 25 mm, Dybde: 28 mm, H\u00f8yde: 90 mm<\/p>\n<\/li>\n<li class=\"\" data-start=\"2131\" data-end=\"2149\">\n<p class=\"\" data-start=\"2133\" data-end=\"2149\">Stempelkontakt: Nei<\/p>\n<\/li>\n<li class=\"\" data-start=\"2150\" data-end=\"2170\">\n<p class=\"\" data-start=\"2152\" data-end=\"2170\">Spenning AC\/DC: DC<\/p>\n<\/li>\n<\/ul>","protected":false},"excerpt":{"rendered":"<p>Her kan du se hvilke stolper og modeller som passer sammen fra STEP-serien med elektriske d\u00f8rstoppere.<\/p>\n<h5><strong><a href=\"https:\/\/steplock.com\/sv\/stolpguide\/#!?lang=sv&amp;blog_id=1&amp;paged=1&amp;number=50\" target=\"_blank\" rel=\"noopener\">TRINN Postveiledning\u00a0<\/a><\/strong><\/h5>\n<h5><strong><a href=\"https:\/\/steplock.com\/sv\/projekteringsguide\/#!?lang=sv&amp;blog_id=1&amp;paged=1&amp;number=999\" target=\"_blank\" rel=\"noopener\">STEP design guide<\/a><\/strong><\/h5>","protected":false},"featured_media":147342,"template":"","meta":{"_acf_changed":false},"product_brand":[],"product_cat":[3355],"product_tag":[4197,4202],"class_list":{"0":"post-147345","1":"product","2":"type-product","3":"status-publish","4":"has-post-thumbnail","6":"product_cat-elslutbleck","7":"product_tag-24v","8":"product_tag-omstallbar-rattvand-omvand","9":"product_shipping_class-tunga-paket","10":"pa_brands-step","11":"tm-no-options","13":"first","14":"instock","15":"sale","16":"taxable","17":"shipping-taxable","18":"purchasable","19":"product-type-simple"},"acf":[],"_links":{"self":[{"href":"https:\/\/secureus.se\/no\/wp-json\/wp\/v2\/product\/147345","targetHints":{"allow":["GET"]}}],"collection":[{"href":"https:\/\/secureus.se\/no\/wp-json\/wp\/v2\/product"}],"about":[{"href":"https:\/\/secureus.se\/no\/wp-json\/wp\/v2\/types\/product"}],"wp:featuredmedia":[{"embeddable":true,"href":"https:\/\/secureus.se\/no\/wp-json\/wp\/v2\/media\/147342"}],"wp:attachment":[{"href":"https:\/\/secureus.se\/no\/wp-json\/wp\/v2\/media?parent=147345"}],"wp:term":[{"taxonomy":"product_brand","embeddable":true,"href":"https:\/\/secureus.se\/no\/wp-json\/wp\/v2\/product_brand?post=147345"},{"taxonomy":"product_cat","embeddable":true,"href":"https:\/\/secureus.se\/no\/wp-json\/wp\/v2\/product_cat?post=147345"},{"taxonomy":"product_tag","embeddable":true,"href":"https:\/\/secureus.se\/no\/wp-json\/wp\/v2\/product_tag?post=147345"}],"curies":[{"name":"wp","href":"https:\/\/api.w.org\/{rel}","templated":true}]}}