{"id":147349,"date":"2023-09-26T13:10:28","date_gmt":"2023-09-26T11:10:28","guid":{"rendered":"https:\/\/secureus.se\/elslutbleck-step-40-omvand-24v\/"},"modified":"2026-04-23T12:33:53","modified_gmt":"2026-04-23T10:33:53","slug":"elslutbleck-step-40-omvand-24v","status":"publish","type":"product","link":"https:\/\/secureus.se\/no\/elslutbleck-step-40-omvand-24v\/","title":{"rendered":"Elektrisk sluttstykke STEP 40 Revers 24V"},"content":{"rendered":"<div><\/div>\n<div>\n<h1>Elektrisk sluttstykke STEP 40 Revers 24V<\/h1>\n<p>STEP 40 er en elektrisk endeplate med reversfunksjon, designet for sikker dagl\u00e5sing. Utstyrt med HPR\u00ae-teknologi og en bruddstyrke p\u00e5 1200 kg t\u00e5ler den h\u00f8yt st\u00f8petrykk og er fabrikktestet for lang holdbarhet.<\/p>\n<p class=\"\" data-start=\"348\" data-end=\"712\">Elektrisk endeplate STEP 40 Preload HPR er en elektrisk endeplate av h\u00f8y kvalitet som tilbyr p\u00e5litelig sikkerhet og lang holdbarhet. Reversfunksjonen gj\u00f8r at den elektriske endeplaten l\u00e5ses opp i spenningsl\u00f8s modus, noe som gir en sikker og fleksibel l\u00f8sning for dagl\u00e5sing. STEP 40 er en del av STEPs Preload-serie og kombinerer minimale dimensjoner med h\u00f8y kvalitet og fleksibilitet.<\/p>\n<p class=\"\" data-start=\"714\" data-end=\"1105\">Med den patenterte HPR\u00ae-teknologien er det sikret at d\u00f8ren \u00e5pner selv ved et trykk p\u00e5 opptil 250 kg. Den elektriske endeplaten har en fabrikktestet levetid p\u00e5 1 500 000 sykluser, noe som gj\u00f8r den til en p\u00e5litelig og langvarig l\u00f8sning for b\u00e5de enkelt- og dobbeltfallsl\u00e5ser. Den er anti-banke og vendbar for b\u00e5de h\u00f8yre og venstre d\u00f8r og har skruehull for vinklede skruer for enkel montering.<\/p>\n<p class=\"\" data-start=\"1107\" data-end=\"1122\"><strong data-start=\"1107\" data-end=\"1122\">Kjennetegn:<\/strong><\/p>\n<ul data-start=\"1123\" data-end=\"1512\">\n<li class=\"\" data-start=\"1123\" data-end=\"1165\">\n<p class=\"\" data-start=\"1125\" data-end=\"1165\">Reverseringsfunksjon (l\u00e5st opp i str\u00f8ml\u00f8s modus)<\/p>\n<\/li>\n<li class=\"\" data-start=\"1166\" data-end=\"1215\">\n<p class=\"\" data-start=\"1168\" data-end=\"1215\">Beskyttelsesdiode innebygd for ekstra elektrisk sikkerhet<\/p>\n<\/li>\n<li class=\"\" data-start=\"1216\" data-end=\"1286\">\n<p class=\"\" data-start=\"1218\" data-end=\"1286\">HPR\u00ae-teknologi garanterer \u00e5pning til tross for et stripetrykk p\u00e5 250 kg (ca. 2,5 kN)<\/p>\n<\/li>\n<li class=\"\" data-start=\"1287\" data-end=\"1327\">\n<p class=\"\" data-start=\"1289\" data-end=\"1327\">Bruddstyrke p\u00e5 1200 kg (ca. 12 kN)<\/p>\n<\/li>\n<li class=\"\" data-start=\"1328\" data-end=\"1365\">\n<p class=\"\" data-start=\"1330\" data-end=\"1365\">Fabrikktestet til 1 500 000 sykluser<\/p>\n<\/li>\n<li class=\"\" data-start=\"1366\" data-end=\"1425\">\n<p class=\"\" data-start=\"1368\" data-end=\"1425\">Bankesikker og vendbar for b\u00e5de h\u00f8yre- og venstred\u00f8rer<\/p>\n<\/li>\n<li class=\"\" data-start=\"1426\" data-end=\"1470\">\n<p class=\"\" data-start=\"1428\" data-end=\"1470\">Skruhull for skr\u00e5skruer i bakkant<\/p>\n<\/li>\n<li class=\"\" data-start=\"1471\" data-end=\"1512\">\n<p class=\"\" data-start=\"1473\" data-end=\"1512\">Egnet for enkeltfl\u00f8yede og tofl\u00f8yede l\u00e5ser<\/p>\n<\/li>\n<\/ul>\n<p class=\"\" data-start=\"1514\" data-end=\"1543\"><strong data-start=\"1514\" data-end=\"1543\">Tekniske spesifikasjoner:<\/strong><\/p>\n<ul data-start=\"1544\" data-end=\"2061\">\n<li class=\"\" data-start=\"1544\" data-end=\"1651\">\n<p class=\"\" data-start=\"1546\" data-end=\"1651\">Str\u00f8mforsyning: 12 V DC (+15% -10%) 220 mAh \/ maks 600 mA eller 24 V DC (+15% -10%) 110 mAh \/ maks 300 mA<\/p>\n<\/li>\n<li class=\"\" data-start=\"1652\" data-end=\"1692\">\n<p class=\"\" data-start=\"1654\" data-end=\"1692\">Holdbarhet: Grad X i henhold til SS-EN 14846<\/p>\n<\/li>\n<li class=\"\" data-start=\"1693\" data-end=\"1732\">\n<p class=\"\" data-start=\"1695\" data-end=\"1732\">Korrosjon: Grad M i henhold til SS-EN 14846<\/p>\n<\/li>\n<li class=\"\" data-start=\"1733\" data-end=\"1771\">\n<p class=\"\" data-start=\"1735\" data-end=\"1771\">Sikkerhet: Grad 3 i henhold til SS-EN 14846<\/p>\n<\/li>\n<li class=\"\" data-start=\"1772\" data-end=\"1834\">\n<p class=\"\" data-start=\"1774\" data-end=\"1834\">Sikkerhet elektrisk manipulasjon: Grad 1 i henhold til SS-EN 14846<\/p>\n<\/li>\n<li class=\"\" data-start=\"1835\" data-end=\"1861\">\n<p class=\"\" data-start=\"1837\" data-end=\"1861\">Bruddstyrke: 1200 kg<\/p>\n<\/li>\n<li class=\"\" data-start=\"1862\" data-end=\"1892\">\n<p class=\"\" data-start=\"1864\" data-end=\"1892\">D\u00f8rhengsel: H\u00f8yre, Venstre<\/p>\n<\/li>\n<li class=\"\" data-start=\"1893\" data-end=\"1911\">\n<p class=\"\" data-start=\"1895\" data-end=\"1911\">Kabel inkludert: Nei<\/p>\n<\/li>\n<li class=\"\" data-start=\"1912\" data-end=\"1931\">\n<p class=\"\" data-start=\"1914\" data-end=\"1931\">Strimmeltrykk: 250 kg<\/p>\n<\/li>\n<li class=\"\" data-start=\"1932\" data-end=\"1967\">\n<p class=\"\" data-start=\"1934\" data-end=\"1967\">L\u00e5stype: Enkel l\u00e5s, Dobbel l\u00e5s<\/p>\n<\/li>\n<li class=\"\" data-start=\"1968\" data-end=\"2021\">\n<p class=\"\" data-start=\"1970\" data-end=\"2021\">Produktdimensjoner: Bredde: 25 mm, Dybde: 28 mm, H\u00f8yde: 90 mm<\/p>\n<\/li>\n<li class=\"\" data-start=\"2022\" data-end=\"2040\">\n<p class=\"\" data-start=\"2024\" data-end=\"2040\">Stempelkontakt: Nei<\/p>\n<\/li>\n<li class=\"\" data-start=\"2041\" data-end=\"2061\">\n<p class=\"\" data-start=\"2043\" data-end=\"2061\">Spenning AC\/DC: DC<\/p>\n<\/li>\n<\/ul>\n<\/div>\n<div>\n<\/div>","protected":false},"excerpt":{"rendered":"<p>Her kan du se hvilke stolper og modeller som passer sammen fra STEP-serien med elektriske d\u00f8rstoppere.<\/p>\n<h5><strong><a href=\"https:\/\/steplock.com\/sv\/stolpguide\/#!?lang=sv&amp;blog_id=1&amp;paged=1&amp;number=50\" target=\"_blank\" rel=\"noopener\">TRINN Postveiledning\u00a0<\/a><\/strong><\/h5>\n<h5><strong><a href=\"https:\/\/steplock.com\/sv\/projekteringsguide\/#!?lang=sv&amp;blog_id=1&amp;paged=1&amp;number=999\" target=\"_blank\" rel=\"noopener\">STEP design guide<\/a><\/strong><\/h5>","protected":false},"featured_media":147346,"template":"","meta":{"_acf_changed":false},"product_brand":[],"product_cat":[3355],"product_tag":[4197,4201],"class_list":{"0":"post-147349","1":"product","2":"type-product","3":"status-publish","4":"has-post-thumbnail","6":"product_cat-elslutbleck","7":"product_tag-24v","8":"product_tag-omvand","9":"product_shipping_class-tunga-paket","10":"pa_brands-step","11":"tm-no-options","13":"first","14":"onbackorder","15":"sale","16":"taxable","17":"shipping-taxable","18":"purchasable","19":"product-type-simple"},"acf":[],"_links":{"self":[{"href":"https:\/\/secureus.se\/no\/wp-json\/wp\/v2\/product\/147349","targetHints":{"allow":["GET"]}}],"collection":[{"href":"https:\/\/secureus.se\/no\/wp-json\/wp\/v2\/product"}],"about":[{"href":"https:\/\/secureus.se\/no\/wp-json\/wp\/v2\/types\/product"}],"wp:featuredmedia":[{"embeddable":true,"href":"https:\/\/secureus.se\/no\/wp-json\/wp\/v2\/media\/147346"}],"wp:attachment":[{"href":"https:\/\/secureus.se\/no\/wp-json\/wp\/v2\/media?parent=147349"}],"wp:term":[{"taxonomy":"product_brand","embeddable":true,"href":"https:\/\/secureus.se\/no\/wp-json\/wp\/v2\/product_brand?post=147349"},{"taxonomy":"product_cat","embeddable":true,"href":"https:\/\/secureus.se\/no\/wp-json\/wp\/v2\/product_cat?post=147349"},{"taxonomy":"product_tag","embeddable":true,"href":"https:\/\/secureus.se\/no\/wp-json\/wp\/v2\/product_tag?post=147349"}],"curies":[{"name":"wp","href":"https:\/\/api.w.org\/{rel}","templated":true}]}}