{"id":147367,"date":"2023-09-26T13:10:21","date_gmt":"2023-09-26T11:10:21","guid":{"rendered":"https:\/\/secureus.se\/elslutbleck-step-60-rattvand-24v-kolvkontakt-10m-kabel\/"},"modified":"2026-04-08T16:02:12","modified_gmt":"2026-04-08T14:02:12","slug":"elslutbleck-step-60-rattvand-24v-kolvkontakt-10m-kabel","status":"publish","type":"product","link":"https:\/\/secureus.se\/no\/elslutbleck-step-60-rattvand-24v-kolvkontakt-10m-kabel\/","title":{"rendered":"Elektrisk sluttplate STEP 60 H\u00f8yrevendt 24V Stempelkontakt 10m Kabel"},"content":{"rendered":"<h1>Elektrisk sluttplate STEP 60 H\u00f8yrevendt 24V Stempelkontakt 10m Kabel<\/h1>\n<p>STEP 60 Silent er et h\u00f8yytelses elektrisk sluttstykke med enkel funksjon, stilleg\u00e5ende drift og h\u00f8y sikkerhet. Utstyrt med stempelkontakt og 10 m halogenfri kabel, brannklassifisert E\/EI120 og ideell for ofte brukte d\u00f8rer.<\/p>\n<div>\n<div>STEP 60 Silent elektrisk sluttstykke tilbyr overlegen sikkerhet og stilleg\u00e5ende drift, noe som gj\u00f8r den ideell for milj\u00f8er der st\u00f8yreduksjon og driftssikkerhet er viktig.<\/div>\n<div>Med en robust konstruksjon og STEPs patenterte lydl\u00f8se teknologi er den spesielt egnet for d\u00f8rer som brukes ofte, som for eksempel i skoler, kontorer eller leilighetsbygg.<\/div>\n<div>\n<p class=\"\" data-start=\"815\" data-end=\"1201\">Denne elektriske sluttplaten er branngodkjent opp til E\/EI120 i henhold til SS-EN 14846:2008 og har en imponerende bruddstyrke p\u00e5 16 kN (ca. 1600 kg).<\/p>\n<p class=\"\" data-start=\"815\" data-end=\"1201\">Den er h\u00f8yrevendt \u2013 dvs. l\u00e5st i spenningsl\u00f8s stilling \u2013 og utstyrt med en innebygd stempelbryter som muliggj\u00f8r indikasjon av d\u00f8rens status (\u00e5pen\/lukket, l\u00e5st\/ul\u00e5st).<\/p>\n<p class=\"\" data-start=\"815\" data-end=\"1201\">Den medf\u00f8lgende 10 meter halogenfri kabelen gj\u00f8r installasjonen enkel selv over lengre avstander.<\/p>\n<p class=\"\" data-start=\"1203\" data-end=\"1432\">STEP 60 er manipulasjonssikker, har innebygget beskyttelsesdiode og sperrekontakt for integrasjon med adgangskontrollsystemer og alarmsystemer.<\/p>\n<p class=\"\" data-start=\"1203\" data-end=\"1432\">Til tross for stripetrykk p\u00e5 opptil 100 kg, er \u00e5pning garantert, noe som gj\u00f8r den sv\u00e6rt p\u00e5litelig selv i krevende milj\u00f8er.<\/p>\n<p class=\"\" data-start=\"1434\" data-end=\"1460\"><strong data-start=\"1434\" data-end=\"1460\">Funksjoner og fordeler:<\/strong><\/p>\n<ul data-start=\"1461\" data-end=\"1698\">\n<li class=\"\" data-start=\"1461\" data-end=\"1498\">\n<p class=\"\" data-start=\"1463\" data-end=\"1498\">Riktig funksjon (l\u00e5st uten str\u00f8m)<\/p>\n<\/li>\n<li class=\"\" data-start=\"1499\" data-end=\"1541\">\n<p class=\"\" data-start=\"1501\" data-end=\"1541\">Stempelkontakt og l\u00e5sekontakt integrert<\/p>\n<\/li>\n<li class=\"\" data-start=\"1542\" data-end=\"1565\">\n<p class=\"\" data-start=\"1544\" data-end=\"1565\">Bruddstyrke 16 kN<\/p>\n<\/li>\n<li class=\"\" data-start=\"1566\" data-end=\"1600\">\n<p class=\"\" data-start=\"1568\" data-end=\"1600\">Stilleg\u00e5ende drift med STEP Silent-teknologi<\/p>\n<\/li>\n<li class=\"\" data-start=\"1601\" data-end=\"1634\">\n<p class=\"\" data-start=\"1603\" data-end=\"1634\">10 m halogenfri kabel medf\u00f8lger<\/p>\n<\/li>\n<li class=\"\" data-start=\"1635\" data-end=\"1657\">\n<p class=\"\" data-start=\"1637\" data-end=\"1657\">Brannklassifisert E\/EI120<\/p>\n<\/li>\n<li class=\"\" data-start=\"1658\" data-end=\"1698\">\n<p class=\"\" data-start=\"1660\" data-end=\"1698\">Sl\u00e5sikker og med innebygd beskyttelsesdiode<\/p>\n<\/li>\n<\/ul>\n<p class=\"\" data-start=\"1700\" data-end=\"1856\"><strong data-start=\"1700\" data-end=\"1723\">Bruksomr\u00e5der:<\/strong><br data-start=\"1723\" data-end=\"1726\" \/>Egnet for offentlige milj\u00f8er, skoler, helseinstitusjoner, kontorer og leilighetsbygg hvor b\u00e5de sikkerhet og stille drift er \u00f8nskelig.<\/p>\n<p class=\"\" data-start=\"1858\" data-end=\"1887\"><strong data-start=\"1858\" data-end=\"1887\">Tekniske spesifikasjoner:<\/strong><\/p>\n<ul data-start=\"1888\" data-end=\"2198\">\n<li class=\"\" data-start=\"1888\" data-end=\"1926\">\n<p class=\"\" data-start=\"1890\" data-end=\"1926\">Driftsspenning: 24 V DC (21,6-27,6 V)<\/p>\n<\/li>\n<li class=\"\" data-start=\"1927\" data-end=\"1960\">\n<p class=\"\" data-start=\"1929\" data-end=\"1960\">Maks str\u00f8m: 250 mA, 121 mA ul\u00e5st<\/p>\n<\/li>\n<li class=\"\" data-start=\"1961\" data-end=\"1987\">\n<p class=\"\" data-start=\"1963\" data-end=\"1987\">Bruddstyrke: 1600 kg<\/p>\n<\/li>\n<li class=\"\" data-start=\"1988\" data-end=\"2017\">\n<p class=\"\" data-start=\"1990\" data-end=\"2017\">D\u00f8rhengsel: H\u00f8yre\/Venstre<\/p>\n<\/li>\n<li class=\"\" data-start=\"2018\" data-end=\"2040\">\n<p class=\"\" data-start=\"2020\" data-end=\"2040\">Kabellengde: 10 meter<\/p>\n<\/li>\n<li class=\"\" data-start=\"2041\" data-end=\"2060\">\n<p class=\"\" data-start=\"2043\" data-end=\"2060\">Listetrykk: 100 kg<\/p>\n<\/li>\n<li class=\"\" data-start=\"2061\" data-end=\"2095\">\n<p class=\"\" data-start=\"2063\" data-end=\"2095\">Dimensjoner (BxDxH): 28 x 34 x 149,5 mm<\/p>\n<\/li>\n<li class=\"\" data-start=\"2096\" data-end=\"2124\">\n<p class=\"\" data-start=\"2098\" data-end=\"2124\">Farge\/finish: Rustfritt st\u00e5l<\/p>\n<\/li>\n<li class=\"\" data-start=\"2125\" data-end=\"2158\">\n<p class=\"\" data-start=\"2127\" data-end=\"2158\">L\u00e5stype: Enkel og dobbel fold l\u00e5s<\/p>\n<\/li>\n<li class=\"\" data-start=\"2159\" data-end=\"2198\">\n<p class=\"\" data-start=\"2161\" data-end=\"2198\">Vurderinger: SundaHus, Byggevarevurdering<\/p>\n<\/li>\n<\/ul>\n<\/div>\n<\/div>","protected":false},"excerpt":{"rendered":"<p>Her kan du se hvilke stolper og modeller som passer sammen fra STEP-serien med elektriske d\u00f8rstoppere.<\/p>\n<h5><strong><a href=\"https:\/\/steplock.com\/sv\/stolpguide\/#!?lang=sv&amp;blog_id=1&amp;paged=1&amp;number=50\" target=\"_blank\" rel=\"noopener\">TRINN Postveiledning\u00a0<\/a><\/strong><\/h5>\n<h5><strong><a href=\"https:\/\/steplock.com\/sv\/projekteringsguide\/#!?lang=sv&amp;blog_id=1&amp;paged=1&amp;number=999\" target=\"_blank\" rel=\"noopener\">STEP design guide<\/a><\/strong><\/h5>","protected":false},"featured_media":147365,"template":"","meta":{"_acf_changed":false},"product_brand":[],"product_cat":[3355],"product_tag":[4197,4200],"class_list":{"0":"post-147367","1":"product","2":"type-product","3":"status-publish","4":"has-post-thumbnail","6":"product_cat-elslutbleck","7":"product_tag-24v","8":"product_tag-rattvand","9":"product_shipping_class-tunga-paket","10":"pa_brands-step","11":"tm-no-options","13":"first","14":"instock","15":"sale","16":"taxable","17":"shipping-taxable","18":"purchasable","19":"product-type-simple"},"acf":[],"_links":{"self":[{"href":"https:\/\/secureus.se\/no\/wp-json\/wp\/v2\/product\/147367","targetHints":{"allow":["GET"]}}],"collection":[{"href":"https:\/\/secureus.se\/no\/wp-json\/wp\/v2\/product"}],"about":[{"href":"https:\/\/secureus.se\/no\/wp-json\/wp\/v2\/types\/product"}],"wp:featuredmedia":[{"embeddable":true,"href":"https:\/\/secureus.se\/no\/wp-json\/wp\/v2\/media\/147365"}],"wp:attachment":[{"href":"https:\/\/secureus.se\/no\/wp-json\/wp\/v2\/media?parent=147367"}],"wp:term":[{"taxonomy":"product_brand","embeddable":true,"href":"https:\/\/secureus.se\/no\/wp-json\/wp\/v2\/product_brand?post=147367"},{"taxonomy":"product_cat","embeddable":true,"href":"https:\/\/secureus.se\/no\/wp-json\/wp\/v2\/product_cat?post=147367"},{"taxonomy":"product_tag","embeddable":true,"href":"https:\/\/secureus.se\/no\/wp-json\/wp\/v2\/product_tag?post=147367"}],"curies":[{"name":"wp","href":"https:\/\/api.w.org\/{rel}","templated":true}]}}