{"id":147378,"date":"2023-09-26T13:10:20","date_gmt":"2023-09-26T11:10:20","guid":{"rendered":"https:\/\/secureus.se\/elslutbleck-step-18-vanster-rattvand-24v-9mm-regel-connect\/"},"modified":"2026-04-23T12:29:18","modified_gmt":"2026-04-23T10:29:18","slug":"elslutbleck-step-18-vanster-rattvand-24v-9mm-regel-connect","status":"publish","type":"product","link":"https:\/\/secureus.se\/no\/elslutbleck-step-18-vanster-rattvand-24v-9mm-regel-connect\/","title":{"rendered":"Elektrisk sluttstykke TRINN 18 Venstre H\u00f8yre 24V 9mm Rule Connect"},"content":{"rendered":"<h1>Elektrisk sluttstykke TRINN 18 Venstre H\u00f8yre 24V 9mm Rule Connect<\/h1>\n<p>TRINN 18 Secure er en h\u00f8ysikkerhets elektrisk endeplate med h\u00f8yrevendt funksjon for venstrehengte d\u00f8rer. Med hurtigl\u00e5sing, 9 mm reguleringsfunksjon og 5 m kabel passer den til d\u00f8rmilj\u00f8er med h\u00f8ye krav som sikkerhetsd\u00f8rer og r\u00f8mningsveier.<\/p>\n<p>Elektrisk sluttplate STEP 18 Secure er en elektrisk h\u00f8ysikkerhetsl\u00e5s designet for milj\u00f8er med ekstreme krav til b\u00e5de innbruddsbeskyttelse og driftssikkerhet.<\/p>\n<p>Den er optimalisert for 9 mm stempelkontrolll\u00e5sen innenfor Connect-serien og har en h\u00f8yrevendt funksjon \u2013 det vil si l\u00e5st i spenningsl\u00f8s posisjon \u2013 som gir \u00f8kt sikkerhet.<\/p>\n<p class=\"\" data-start=\"861\" data-end=\"1122\">Med en bruddstyrke p\u00e5 15 kN (ca. 1500 kg) er STEP 18 Secure godkjent for sikkerhetsd\u00f8rer opp til RC4 og brannklassifisert E\/EI60.<\/p>\n<p class=\"\" data-start=\"861\" data-end=\"1122\">Den kraftige konstruksjonen er holdbar nok for d\u00f8rer med hyppig bruk, som i banker, fengsler og andre h\u00f8yrisikomilj\u00f8er.<\/p>\n<p class=\"\" data-start=\"1124\" data-end=\"1431\">Produktets integrerte stempel- og l\u00e5sekontakter muliggj\u00f8r statusindikering (l\u00e5st\/ul\u00e5st, \u00e5pen\/lukket) for tilkobling til tilgangssystemer og alarmer.<\/p>\n<p class=\"\" data-start=\"1124\" data-end=\"1431\">Til tross for stripetrykk p\u00e5 opptil 500 kg fungerer \u00e5pningen feilfritt. Produktet er ogs\u00e5 anti-banke, utstyrt med beskyttelsesdiode og leveres med 5 meter halogenfri kabel.<\/p>\n<p class=\"\" data-start=\"1433\" data-end=\"1459\"><strong data-start=\"1433\" data-end=\"1459\">Funksjoner og fordeler:<\/strong><\/p>\n<ul data-start=\"1460\" data-end=\"1727\">\n<li class=\"\" data-start=\"1460\" data-end=\"1497\">\n<p class=\"\" data-start=\"1462\" data-end=\"1497\">Riktig funksjon (l\u00e5st uten str\u00f8m)<\/p>\n<\/li>\n<li class=\"\" data-start=\"1498\" data-end=\"1527\">\n<p class=\"\" data-start=\"1500\" data-end=\"1527\">Passer til venstrehengslede d\u00f8rer<\/p>\n<\/li>\n<li class=\"\" data-start=\"1528\" data-end=\"1567\">\n<p class=\"\" data-start=\"1530\" data-end=\"1567\">9 mm linjalfunksjon for Connect-serien<\/p>\n<\/li>\n<li class=\"\" data-start=\"1568\" data-end=\"1613\">\n<p class=\"\" data-start=\"1570\" data-end=\"1613\">Stempel- og sperrebryter for statusindikasjon<\/p>\n<\/li>\n<li class=\"\" data-start=\"1614\" data-end=\"1637\">\n<p class=\"\" data-start=\"1616\" data-end=\"1637\">Bruddstyrke 15 kN<\/p>\n<\/li>\n<li class=\"\" data-start=\"1638\" data-end=\"1659\">\n<p class=\"\" data-start=\"1640\" data-end=\"1659\">Brannklassifisert E\/EI60<\/p>\n<\/li>\n<li class=\"\" data-start=\"1660\" data-end=\"1689\">\n<p class=\"\" data-start=\"1662\" data-end=\"1689\">Beskyttelsesdiode og bankebeskyttelse<\/p>\n<\/li>\n<li class=\"\" data-start=\"1690\" data-end=\"1727\">\n<p class=\"\" data-start=\"1692\" data-end=\"1727\">5 meter halogenfri tilkoblingskabel<\/p>\n<\/li>\n<\/ul>\n<p class=\"\" data-start=\"1729\" data-end=\"1907\"><strong data-start=\"1729\" data-end=\"1752\">Bruksomr\u00e5der:<\/strong><br data-start=\"1752\" data-end=\"1755\" \/>Perfekt for h\u00f8ysikkerhetsmilj\u00f8er som fengsler, banker, offentlige lokaler og andre rom med h\u00f8ye krav til sikkerhet og p\u00e5litelig adgangskontroll.<\/p>\n<p class=\"\" data-start=\"1909\" data-end=\"1938\"><strong data-start=\"1909\" data-end=\"1938\">Tekniske spesifikasjoner:<\/strong><\/p>\n<ul data-start=\"1939\" data-end=\"2234\">\n<li class=\"\" data-start=\"1939\" data-end=\"1977\">\n<p class=\"\" data-start=\"1941\" data-end=\"1977\">Driftsspenning: 24 V DC (21,6-27,6 V)<\/p>\n<\/li>\n<li class=\"\" data-start=\"1978\" data-end=\"2010\">\n<p class=\"\" data-start=\"1980\" data-end=\"2010\">Str\u00f8mforbruk: 313 mA ul\u00e5st<\/p>\n<\/li>\n<li class=\"\" data-start=\"2011\" data-end=\"2034\">\n<p class=\"\" data-start=\"2013\" data-end=\"2034\">D\u00f8rhengsel: Venstre<\/p>\n<\/li>\n<li class=\"\" data-start=\"2035\" data-end=\"2056\">\n<p class=\"\" data-start=\"2037\" data-end=\"2056\">Kabellengde: 5 meter<\/p>\n<\/li>\n<li class=\"\" data-start=\"2057\" data-end=\"2083\">\n<p class=\"\" data-start=\"2059\" data-end=\"2083\">Bruddstyrke: 1500 kg<\/p>\n<\/li>\n<li class=\"\" data-start=\"2084\" data-end=\"2103\">\n<p class=\"\" data-start=\"2086\" data-end=\"2103\">Listetrykk: 500 kg<\/p>\n<\/li>\n<li class=\"\" data-start=\"2104\" data-end=\"2136\">\n<p class=\"\" data-start=\"2106\" data-end=\"2136\">M\u00e5l (BxDxH): 35 x 40 x 230 mm<\/p>\n<\/li>\n<li class=\"\" data-start=\"2137\" data-end=\"2165\">\n<p class=\"\" data-start=\"2139\" data-end=\"2165\">Farge\/finish: Rustfritt st\u00e5l<\/p>\n<\/li>\n<li class=\"\" data-start=\"2166\" data-end=\"2194\">\n<p class=\"\" data-start=\"2168\" data-end=\"2194\">L\u00e5stype: Krokl\u00e5s, Boltel\u00e5s<\/p>\n<\/li>\n<li class=\"\" data-start=\"2195\" data-end=\"2234\">\n<p class=\"\" data-start=\"2197\" data-end=\"2234\">Vurderinger: SundaHus, Byggevarevurdering<\/p>\n<\/li>\n<\/ul>","protected":false},"excerpt":{"rendered":"<p>Her kan du se hvilke stolper og modeller som passer sammen fra STEP-serien med elektriske d\u00f8rstoppere.<\/p>\n<h5><strong><a href=\"https:\/\/steplock.com\/sv\/stolpguide\/#!?lang=sv&amp;blog_id=1&amp;paged=1&amp;number=50\" target=\"_blank\" rel=\"noopener\">TRINN Postveiledning\u00a0<\/a><\/strong><\/h5>\n<h5><strong><a href=\"https:\/\/steplock.com\/sv\/projekteringsguide\/#!?lang=sv&amp;blog_id=1&amp;paged=1&amp;number=999\" target=\"_blank\" rel=\"noopener\">STEP design guide<\/a><\/strong><\/h5>","protected":false},"featured_media":147371,"template":"","meta":{"_acf_changed":false},"product_brand":[],"product_cat":[3355],"product_tag":[4197,4200],"class_list":{"0":"post-147378","1":"product","2":"type-product","3":"status-publish","4":"has-post-thumbnail","6":"product_cat-elslutbleck","7":"product_tag-24v","8":"product_tag-rattvand","9":"product_shipping_class-tunga-paket","10":"pa_brands-step","11":"tm-no-options","13":"first","14":"instock","15":"sale","16":"taxable","17":"shipping-taxable","18":"purchasable","19":"product-type-simple"},"acf":[],"_links":{"self":[{"href":"https:\/\/secureus.se\/no\/wp-json\/wp\/v2\/product\/147378","targetHints":{"allow":["GET"]}}],"collection":[{"href":"https:\/\/secureus.se\/no\/wp-json\/wp\/v2\/product"}],"about":[{"href":"https:\/\/secureus.se\/no\/wp-json\/wp\/v2\/types\/product"}],"wp:featuredmedia":[{"embeddable":true,"href":"https:\/\/secureus.se\/no\/wp-json\/wp\/v2\/media\/147371"}],"wp:attachment":[{"href":"https:\/\/secureus.se\/no\/wp-json\/wp\/v2\/media?parent=147378"}],"wp:term":[{"taxonomy":"product_brand","embeddable":true,"href":"https:\/\/secureus.se\/no\/wp-json\/wp\/v2\/product_brand?post=147378"},{"taxonomy":"product_cat","embeddable":true,"href":"https:\/\/secureus.se\/no\/wp-json\/wp\/v2\/product_cat?post=147378"},{"taxonomy":"product_tag","embeddable":true,"href":"https:\/\/secureus.se\/no\/wp-json\/wp\/v2\/product_tag?post=147378"}],"curies":[{"name":"wp","href":"https:\/\/api.w.org\/{rel}","templated":true}]}}