{"id":147383,"date":"2023-09-26T13:10:11","date_gmt":"2023-09-26T11:10:11","guid":{"rendered":"https:\/\/secureus.se\/elslutbleck-step-18-hoger-rattvand-24v-9mm-regel-connect\/"},"modified":"2026-03-26T09:45:22","modified_gmt":"2026-03-26T08:45:22","slug":"elslutbleck-step-18-hoger-rattvand-24v-9mm-regel-connect","status":"publish","type":"product","link":"https:\/\/secureus.se\/no\/elslutbleck-step-18-hoger-rattvand-24v-9mm-regel-connect\/","title":{"rendered":"Elektrisk sluttplate TRINN 18 H\u00f8yre Rett 24V 9mm Rule Connect"},"content":{"rendered":"<h1>Elektrisk sluttplate TRINN 18 H\u00f8yre Rett 24V 9mm Rule Connect<\/h1>\n<p>TRINN 18 Secure er et kraftig elektrisk sluttstykke med h\u00f8yrehendt funksjon for h\u00f8yrehengte d\u00f8rer. Tilpasset 9 mm boltel\u00e5ser i Connect-serien. Brannklassifisert, h\u00f8y bruddstyrke og 5 m kabel inkludert.<\/p>\n<p>STEP 18 Secure elektrisk sluttstykke er en p\u00e5litelig og robust l\u00f8sning for d\u00f8rmilj\u00f8er med h\u00f8ye sikkerhetskrav.<\/p>\n<p>Denne modellen er spesielt utviklet for boltel\u00e5ser med 9 mm stempel i Connect-serien og er tilpasset h\u00f8yrehengte d\u00f8rer.<\/p>\n<p>Med den h\u00f8yrevendte funksjonen l\u00e5ses den i spenningsl\u00f8s stilling, noe som gir \u00f8kt sikkerhet ved str\u00f8mbrudd.<\/p>\n<p class=\"\" data-start=\"836\" data-end=\"1110\">Den er en del av STEPs Secure-serie og egner seg spesielt godt til montering i for eksempel sikkerhetsd\u00f8rer, fengsler, banker eller andre milj\u00f8er hvor det kreves b\u00e5de h\u00f8y \u00e5pningsfrekvens og innbruddssikring.<\/p>\n<p class=\"\" data-start=\"836\" data-end=\"1110\">Den elektriske sluttplaten er godkjent for brannklasse E\/EI60 og opp til RC4 beskyttelsesniv\u00e5.<\/p>\n<p class=\"\" data-start=\"1112\" data-end=\"1451\">Med en bruddstyrke p\u00e5 hele 15 kN (ca. 1500 kg) og evne til \u00e5 \u00e5pne til tross for et stripetrykk p\u00e5 5 kN (ca. 500 kg), er STEP 18 b\u00e5de sterk og p\u00e5litelig.<\/p>\n<p class=\"\" data-start=\"1112\" data-end=\"1451\">Innebygde stempel- og l\u00e5sekontakter muliggj\u00f8r integrasjon med adgangskontrollsystemer og alarmer, og gir full kontroll over d\u00f8rens status. Beskyttelsesdiode, anti-bankesikring og 5 meter halogenfri kabel medf\u00f8lger.<\/p>\n<p class=\"\" data-start=\"1453\" data-end=\"1479\"><strong data-start=\"1453\" data-end=\"1479\">Funksjoner og fordeler:<\/strong><\/p>\n<ul data-start=\"1480\" data-end=\"1809\">\n<li class=\"\" data-start=\"1480\" data-end=\"1532\">\n<p class=\"\" data-start=\"1482\" data-end=\"1532\">Tilpasset boltel\u00e5ser (9 mm stempel) i Connect-serien<\/p>\n<\/li>\n<li class=\"\" data-start=\"1533\" data-end=\"1570\">\n<p class=\"\" data-start=\"1535\" data-end=\"1570\">Riktig funksjon (l\u00e5st uten str\u00f8m)<\/p>\n<\/li>\n<li class=\"\" data-start=\"1571\" data-end=\"1595\">\n<p class=\"\" data-start=\"1573\" data-end=\"1595\">For h\u00f8yrehengslede d\u00f8rer<\/p>\n<\/li>\n<li class=\"\" data-start=\"1596\" data-end=\"1641\">\n<p class=\"\" data-start=\"1598\" data-end=\"1641\">Stempelkontakt og l\u00e5sekontakt for indikasjon<\/p>\n<\/li>\n<li class=\"\" data-start=\"1642\" data-end=\"1665\">\n<p class=\"\" data-start=\"1644\" data-end=\"1665\">Bruddstyrke 15 kN<\/p>\n<\/li>\n<li class=\"\" data-start=\"1666\" data-end=\"1700\">\n<p class=\"\" data-start=\"1668\" data-end=\"1700\">T\u00e5ler st\u00f8petrykk opp til 500 kg<\/p>\n<\/li>\n<li class=\"\" data-start=\"1701\" data-end=\"1739\">\n<p class=\"\" data-start=\"1703\" data-end=\"1739\">Brannklassifisert E\/EI60, godkjent for RC4<\/p>\n<\/li>\n<li class=\"\" data-start=\"1740\" data-end=\"1768\">\n<p class=\"\" data-start=\"1742\" data-end=\"1768\">Beskyttelsesdiode og st\u00f8tsikker<\/p>\n<\/li>\n<li class=\"\" data-start=\"1769\" data-end=\"1809\">\n<p class=\"\" data-start=\"1771\" data-end=\"1809\">Leveres med 5 meter halogenfri kabel<\/p>\n<\/li>\n<\/ul>\n<p class=\"\" data-start=\"1811\" data-end=\"1972\"><strong data-start=\"1811\" data-end=\"1834\">Bruksomr\u00e5der:<\/strong><br data-start=\"1834\" data-end=\"1837\" \/>Egnet for sikkerhetsd\u00f8rer i fengsler, banker, offentlige etater og andre d\u00f8rmilj\u00f8er med h\u00f8ye krav til hyppig passasje og maksimal sikkerhet.<\/p>\n<p class=\"\" data-start=\"1974\" data-end=\"2003\"><strong data-start=\"1974\" data-end=\"2003\">Tekniske spesifikasjoner:<\/strong><\/p>\n<ul data-start=\"2004\" data-end=\"2345\">\n<li class=\"\" data-start=\"2004\" data-end=\"2042\">\n<p class=\"\" data-start=\"2006\" data-end=\"2042\">Driftsspenning: 24 V DC (21,6-27,6 V)<\/p>\n<\/li>\n<li class=\"\" data-start=\"2043\" data-end=\"2075\">\n<p class=\"\" data-start=\"2045\" data-end=\"2075\">Str\u00f8mforbruk: 313 mA ul\u00e5st<\/p>\n<\/li>\n<li class=\"\" data-start=\"2076\" data-end=\"2097\">\n<p class=\"\" data-start=\"2078\" data-end=\"2097\">D\u00f8rhengsel: H\u00f8yre<\/p>\n<\/li>\n<li class=\"\" data-start=\"2098\" data-end=\"2119\">\n<p class=\"\" data-start=\"2100\" data-end=\"2119\">Kabellengde: 5 meter<\/p>\n<\/li>\n<li class=\"\" data-start=\"2120\" data-end=\"2139\">\n<p class=\"\" data-start=\"2122\" data-end=\"2139\">Listetrykk: 500 kg<\/p>\n<\/li>\n<li class=\"\" data-start=\"2140\" data-end=\"2166\">\n<p class=\"\" data-start=\"2142\" data-end=\"2166\">Bruddstyrke: 1500 kg<\/p>\n<\/li>\n<li class=\"\" data-start=\"2167\" data-end=\"2199\">\n<p class=\"\" data-start=\"2169\" data-end=\"2199\">M\u00e5l (BxDxH): 35 x 40 x 230 mm<\/p>\n<\/li>\n<li class=\"\" data-start=\"2200\" data-end=\"2228\">\n<p class=\"\" data-start=\"2202\" data-end=\"2228\">L\u00e5stype: Krokl\u00e5s, Boltel\u00e5s<\/p>\n<\/li>\n<li class=\"\" data-start=\"2229\" data-end=\"2276\">\n<p class=\"\" data-start=\"2231\" data-end=\"2276\">Stempelkontakt: Mikrobryter, maks. 30V DC \/ 1A<\/p>\n<\/li>\n<li class=\"\" data-start=\"2277\" data-end=\"2305\">\n<p class=\"\" data-start=\"2279\" data-end=\"2305\">Farge\/finish: Rustfritt st\u00e5l<\/p>\n<\/li>\n<li class=\"\" data-start=\"2306\" data-end=\"2345\">\n<p class=\"\" data-start=\"2308\" data-end=\"2345\">Vurderinger: SundaHus, Byggevarevurdering<\/p>\n<\/li>\n<\/ul>","protected":false},"excerpt":{"rendered":"<p>Her kan du se hvilke stolper og modeller som passer sammen fra STEP-serien med elektriske d\u00f8rstoppere.<\/p>\n<h5><strong><a href=\"https:\/\/steplock.com\/sv\/stolpguide\/#!?lang=sv&amp;blog_id=1&amp;paged=1&amp;number=50\" target=\"_blank\" rel=\"noopener\">TRINN Postveiledning\u00a0<\/a><\/strong><\/h5>\n<h5><strong><a href=\"https:\/\/steplock.com\/sv\/projekteringsguide\/#!?lang=sv&amp;blog_id=1&amp;paged=1&amp;number=999\" target=\"_blank\" rel=\"noopener\">STEP design guide<\/a><\/strong><\/h5>","protected":false},"featured_media":147379,"template":"","meta":{"_acf_changed":false},"product_brand":[],"product_cat":[3355],"product_tag":[4197,4200],"class_list":{"0":"post-147383","1":"product","2":"type-product","3":"status-publish","4":"has-post-thumbnail","6":"product_cat-elslutbleck","7":"product_tag-24v","8":"product_tag-rattvand","9":"product_shipping_class-tunga-paket","10":"pa_brands-step","11":"tm-no-options","13":"first","14":"instock","15":"sale","16":"taxable","17":"shipping-taxable","18":"purchasable","19":"product-type-simple"},"acf":[],"_links":{"self":[{"href":"https:\/\/secureus.se\/no\/wp-json\/wp\/v2\/product\/147383","targetHints":{"allow":["GET"]}}],"collection":[{"href":"https:\/\/secureus.se\/no\/wp-json\/wp\/v2\/product"}],"about":[{"href":"https:\/\/secureus.se\/no\/wp-json\/wp\/v2\/types\/product"}],"wp:featuredmedia":[{"embeddable":true,"href":"https:\/\/secureus.se\/no\/wp-json\/wp\/v2\/media\/147379"}],"wp:attachment":[{"href":"https:\/\/secureus.se\/no\/wp-json\/wp\/v2\/media?parent=147383"}],"wp:term":[{"taxonomy":"product_brand","embeddable":true,"href":"https:\/\/secureus.se\/no\/wp-json\/wp\/v2\/product_brand?post=147383"},{"taxonomy":"product_cat","embeddable":true,"href":"https:\/\/secureus.se\/no\/wp-json\/wp\/v2\/product_cat?post=147383"},{"taxonomy":"product_tag","embeddable":true,"href":"https:\/\/secureus.se\/no\/wp-json\/wp\/v2\/product_tag?post=147383"}],"curies":[{"name":"wp","href":"https:\/\/api.w.org\/{rel}","templated":true}]}}