{"id":147397,"date":"2023-09-26T13:10:06","date_gmt":"2023-09-26T11:10:06","guid":{"rendered":"https:\/\/secureus.se\/elslutbleck-step-28e-hoger-rattvand-24v-9mm-regel\/"},"modified":"2026-03-26T09:43:49","modified_gmt":"2026-03-26T08:43:49","slug":"elslutbleck-step-28e-hoger-rattvand-24v-9mm-regel","status":"publish","type":"product","link":"https:\/\/secureus.se\/no\/elslutbleck-step-28e-hoger-rattvand-24v-9mm-regel\/","title":{"rendered":"Elektrisk sluttstykke STEP 28E H\u00f8yre Rett 24V 9mm Rulle"},"content":{"rendered":"<h1>Elektrisk sluttstykke STEP 28E H\u00f8yre Rett 24V 9mm Rulle<\/h1>\n<p>STEP 28E Secure er en brannklassifisert elektrisk endeplate med h\u00f8yrevendt funksjon, stempelkontakt og 5 m kabel. Tilpasset h\u00f8yrehengte d\u00f8rer med 9 mm reguleringsl\u00e5s i Connect-serien og oppfyller h\u00f8ye sikkerhets- og r\u00f8mningskrav.<\/p>\n<p>Elektrisk sluttplate STEP 28E Secure er en robust elektrisk sluttplate som muliggj\u00f8r kombinasjonen av sikker l\u00e5sing, brannkrav og evakuering sammen med d\u00f8rautomatikk.<\/p>\n<p class=\"\" data-start=\"425\" data-end=\"914\">Denne modellen er beregnet for h\u00f8yrehengslede d\u00f8rer og brukes med en l\u00e5sel\u00e5s eller en l\u00e5s med 9 mm stempel i Connect-serien, noe som gir h\u00f8y inntrengningssikkerhet uten at det g\u00e5r p\u00e5 bekostning av r\u00f8mningsfunksjonen.<\/p>\n<p class=\"\" data-start=\"916\" data-end=\"1248\">Med h\u00f8yrevendt funksjon \u2013 som betyr at den elektriske endeplaten er l\u00e5st i spenningsl\u00f8s posisjon \u2013 oppfyller STEP 28E sikkerhetskravene i kritiske milj\u00f8er.<\/p>\n<p class=\"\" data-start=\"916\" data-end=\"1248\">Den er brannklassifisert opp til E\/EI60 og er vanlig \u00e5 finne i d\u00f8rmilj\u00f8er hvor r\u00f8mningsl\u00e5s i henhold til SS-EN 179 brukes, for eksempel i skoler, helseinstitusjoner og offentlige bygg.<\/p>\n<p class=\"\" data-start=\"1250\" data-end=\"1624\">Den elektriske endeplaten har innebygget stempelkontakt og l\u00e5sekontakt som gir oversiktlig statusoverv\u00e5king og muliggj\u00f8r integrasjon med adgangssystemer eller alarmer.<\/p>\n<p class=\"\" data-start=\"1250\" data-end=\"1624\">Med en bruddstyrke p\u00e5 over 15 kN og evne til \u00e5 \u00e5pne til tross for stripetrykk p\u00e5 opptil 500 kg, er STEP 28E en sterk og p\u00e5litelig l\u00f8sning. Produktet er slagsikkert, har beskyttelsesdiode og leveres med 5 meter halogenfri kabel.<\/p>\n<p class=\"\" data-start=\"1626\" data-end=\"1652\"><strong data-start=\"1626\" data-end=\"1652\">Funksjoner og fordeler:<\/strong><\/p>\n<ul data-start=\"1653\" data-end=\"1956\">\n<li class=\"\" data-start=\"1653\" data-end=\"1690\">\n<p class=\"\" data-start=\"1655\" data-end=\"1690\">H\u00f8yrevendt funksjon - l\u00e5st uten str\u00f8m<\/p>\n<\/li>\n<li class=\"\" data-start=\"1691\" data-end=\"1733\">\n<p class=\"\" data-start=\"1693\" data-end=\"1733\">For h\u00f8yrehengslede d\u00f8rer med 9 mm regell\u00e5s<\/p>\n<\/li>\n<li class=\"\" data-start=\"1734\" data-end=\"1779\">\n<p class=\"\" data-start=\"1736\" data-end=\"1779\">Brannklassifisert E\/EI60 i henhold til SS-EN 14846:2008<\/p>\n<\/li>\n<li class=\"\" data-start=\"1780\" data-end=\"1826\">\n<p class=\"\" data-start=\"1782\" data-end=\"1826\">Stempel og l\u00e5sekontakt for statusoverv\u00e5king<\/p>\n<\/li>\n<li class=\"\" data-start=\"1827\" data-end=\"1883\">\n<p class=\"\" data-start=\"1829\" data-end=\"1883\">T\u00e5ler 500 kg stripetrykk og over 15 kN bruddstyrke<\/p>\n<\/li>\n<li class=\"\" data-start=\"1884\" data-end=\"1915\">\n<p class=\"\" data-start=\"1886\" data-end=\"1915\">Antibankbeskyttelse, beskyttelsesdiode inkludert<\/p>\n<\/li>\n<li class=\"\" data-start=\"1916\" data-end=\"1956\">\n<p class=\"\" data-start=\"1918\" data-end=\"1956\">Leveres med 5 meter halogenfri kabel<\/p>\n<\/li>\n<\/ul>\n<p class=\"\" data-start=\"1958\" data-end=\"2148\"><strong data-start=\"1958\" data-end=\"1981\">Bruksomr\u00e5der:<\/strong><br data-start=\"1981\" data-end=\"1984\" \/>Perfekt for sikkerhetsklassifiserte innerd\u00f8rer i milj\u00f8er hvor krav til evakuering, brannmotstand og adkomstsystemer fungerer sammen \u2013 f.eks. skoler, kontorer og offentlige bygg.<\/p>\n<p class=\"\" data-start=\"2150\" data-end=\"2179\"><strong data-start=\"2150\" data-end=\"2179\">Tekniske spesifikasjoner:<\/strong><\/p>\n<ul data-start=\"2180\" data-end=\"2524\">\n<li class=\"\" data-start=\"2180\" data-end=\"2218\">\n<p class=\"\" data-start=\"2182\" data-end=\"2218\">Driftsspenning: 24 V DC (21,6-27,6 V)<\/p>\n<\/li>\n<li class=\"\" data-start=\"2219\" data-end=\"2251\">\n<p class=\"\" data-start=\"2221\" data-end=\"2251\">Str\u00f8mforbruk: 500 mA ul\u00e5st<\/p>\n<\/li>\n<li class=\"\" data-start=\"2252\" data-end=\"2273\">\n<p class=\"\" data-start=\"2254\" data-end=\"2273\">D\u00f8rhengsel: H\u00f8yre<\/p>\n<\/li>\n<li class=\"\" data-start=\"2274\" data-end=\"2295\">\n<p class=\"\" data-start=\"2276\" data-end=\"2295\">Kabellengde: 5 meter<\/p>\n<\/li>\n<li class=\"\" data-start=\"2296\" data-end=\"2322\">\n<p class=\"\" data-start=\"2298\" data-end=\"2322\">Bruddstyrke: 1500 kg<\/p>\n<\/li>\n<li class=\"\" data-start=\"2323\" data-end=\"2342\">\n<p class=\"\" data-start=\"2325\" data-end=\"2342\">Listetrykk: 500 kg<\/p>\n<\/li>\n<li class=\"\" data-start=\"2343\" data-end=\"2375\">\n<p class=\"\" data-start=\"2345\" data-end=\"2375\">M\u00e5l (BxDxH): 35 x 40 x 230 mm<\/p>\n<\/li>\n<li class=\"\" data-start=\"2376\" data-end=\"2407\">\n<p class=\"\" data-start=\"2378\" data-end=\"2407\">L\u00e5stype: Krokl\u00e5s, L\u00e5sel\u00e5s<\/p>\n<\/li>\n<li class=\"\" data-start=\"2408\" data-end=\"2455\">\n<p class=\"\" data-start=\"2410\" data-end=\"2455\">Stempelkontakt: Mikrobryter, maks. 30V DC \/ 1A<\/p>\n<\/li>\n<li class=\"\" data-start=\"2456\" data-end=\"2484\">\n<p class=\"\" data-start=\"2458\" data-end=\"2484\">Farge\/finish: Rustfritt st\u00e5l<\/p>\n<\/li>\n<li class=\"\" data-start=\"2485\" data-end=\"2524\">\n<p class=\"\" data-start=\"2487\" data-end=\"2524\">Vurderinger: SundaHus, Byggevarevurdering<\/p>\n<\/li>\n<\/ul>","protected":false},"excerpt":{"rendered":"<p>Her kan du se hvilke stolper og modeller som passer sammen fra STEP-serien med elektriske d\u00f8rstoppere.<\/p>\n<h5><strong><a href=\"https:\/\/steplock.com\/sv\/stolpguide\/#!?lang=sv&amp;blog_id=1&amp;paged=1&amp;number=50\" target=\"_blank\" rel=\"noopener\">TRINN Postveiledning\u00a0<\/a><\/strong><\/h5>\n<h5><strong><a href=\"https:\/\/steplock.com\/sv\/projekteringsguide\/#!?lang=sv&amp;blog_id=1&amp;paged=1&amp;number=999\" target=\"_blank\" rel=\"noopener\">STEP design guide<\/a><\/strong><\/h5>","protected":false},"featured_media":147393,"template":"","meta":{"_acf_changed":false},"product_brand":[],"product_cat":[3355],"product_tag":[4197,4200],"class_list":{"0":"post-147397","1":"product","2":"type-product","3":"status-publish","4":"has-post-thumbnail","6":"product_cat-elslutbleck","7":"product_tag-24v","8":"product_tag-rattvand","9":"product_shipping_class-tunga-paket","10":"pa_brands-step","11":"tm-no-options","13":"first","14":"instock","15":"sale","16":"taxable","17":"shipping-taxable","18":"purchasable","19":"product-type-simple"},"acf":[],"_links":{"self":[{"href":"https:\/\/secureus.se\/no\/wp-json\/wp\/v2\/product\/147397","targetHints":{"allow":["GET"]}}],"collection":[{"href":"https:\/\/secureus.se\/no\/wp-json\/wp\/v2\/product"}],"about":[{"href":"https:\/\/secureus.se\/no\/wp-json\/wp\/v2\/types\/product"}],"wp:featuredmedia":[{"embeddable":true,"href":"https:\/\/secureus.se\/no\/wp-json\/wp\/v2\/media\/147393"}],"wp:attachment":[{"href":"https:\/\/secureus.se\/no\/wp-json\/wp\/v2\/media?parent=147397"}],"wp:term":[{"taxonomy":"product_brand","embeddable":true,"href":"https:\/\/secureus.se\/no\/wp-json\/wp\/v2\/product_brand?post=147397"},{"taxonomy":"product_cat","embeddable":true,"href":"https:\/\/secureus.se\/no\/wp-json\/wp\/v2\/product_cat?post=147397"},{"taxonomy":"product_tag","embeddable":true,"href":"https:\/\/secureus.se\/no\/wp-json\/wp\/v2\/product_tag?post=147397"}],"curies":[{"name":"wp","href":"https:\/\/api.w.org\/{rel}","templated":true}]}}