{"id":147400,"date":"2023-09-26T13:10:12","date_gmt":"2023-09-26T11:10:12","guid":{"rendered":"https:\/\/secureus.se\/elslutbleck-step-48-rattvand-24v\/"},"modified":"2026-03-26T09:45:11","modified_gmt":"2026-03-26T08:45:11","slug":"elslutbleck-step-48-rattvand-24v","status":"publish","type":"product","link":"https:\/\/secureus.se\/no\/elslutbleck-step-48-rattvand-24v\/","title":{"rendered":"Elektrisk sluttplate TRINN 48 H\u00f8yrevendt 24V"},"content":{"rendered":"<h1>Elektrisk sluttplate TRINN 48 H\u00f8yrevendt 24V<\/h1>\n<p>STEP 48 Preload er en kompakt og sikker elektrisk endeplate med st\u00e5ende funksjon og STEPs stripetrykkteknologi. Klarer st\u00f8petrykk opp til 40 kg og er vendbar for h\u00f8yre\/venstre d\u00f8rer.<\/p>\n<p>Elektrisk endeplate STEP 48 Preload er en fleksibel og p\u00e5litelig elektrisk endeplate med h\u00f8yrevendt funksjon, designet for milj\u00f8er hvor d\u00f8ren m\u00e5 l\u00e5ses med n\u00f8kkel eller vrider.<\/p>\n<p>Den er en del av STEPs Preload-serie og tilbyr en kompakt design kombinert med avansert teknologi for \u00e5 sikre p\u00e5litelig drift \u2013 selv n\u00e5r den presses mot d\u00f8ren.<\/p>\n<p class=\"\" data-start=\"812\" data-end=\"1088\">Takket v\u00e6re STEPs patenterte stripetrykkteknologi kan d\u00f8ren l\u00e5ses opp selv om den utsettes for stripetrykk p\u00e5 opptil 40 kg.<\/p>\n<p class=\"\" data-start=\"812\" data-end=\"1088\">Dette gj\u00f8r produktet spesielt egnet i rom med krav til jevn \u00e5pning ogs\u00e5 under belastning, som i kontorlokaler, leilighetsbygg eller offentlige milj\u00f8er.<\/p>\n<p class=\"\" data-start=\"1090\" data-end=\"1454\">Den elektriske endeplaten er vendbar for b\u00e5de h\u00f8yre- og venstrehengte d\u00f8rer og er slagsikker og utstyrt med innebygget beskyttelsesdiode.<\/p>\n<p class=\"\" data-start=\"1090\" data-end=\"1454\">Den har en bruddstyrke p\u00e5 9 kN (ca. 900 kg) og kan brukes med b\u00e5de enkelt- og dobbeltfallsl\u00e5ser.<\/p>\n<p class=\"\" data-start=\"1090\" data-end=\"1454\">Det er ogs\u00e5 mulig \u00e5 supplere med regelangivelse (ST4880) som sperrer adgangssystemet n\u00e5r mekanisk l\u00e5sing har funnet sted - for \u00f8kt sikkerhet.<\/p>\n<p class=\"\" data-start=\"1456\" data-end=\"1482\"><strong data-start=\"1456\" data-end=\"1482\">Funksjoner og fordeler:<\/strong><\/p>\n<ul data-start=\"1483\" data-end=\"1754\">\n<li class=\"\" data-start=\"1483\" data-end=\"1520\">\n<p class=\"\" data-start=\"1485\" data-end=\"1520\">Riktig funksjon (l\u00e5st uten str\u00f8m)<\/p>\n<\/li>\n<li class=\"\" data-start=\"1521\" data-end=\"1560\">\n<p class=\"\" data-start=\"1523\" data-end=\"1560\">Kompatibel med kroklinjal og rett linjal<\/p>\n<\/li>\n<li class=\"\" data-start=\"1561\" data-end=\"1592\">\n<p class=\"\" data-start=\"1563\" data-end=\"1592\">Bruddstyrke 9 kN (900 kg)<\/p>\n<\/li>\n<li class=\"\" data-start=\"1593\" data-end=\"1626\">\n<p class=\"\" data-start=\"1595\" data-end=\"1626\">Klarer stripetrykk opp til 40 kg<\/p>\n<\/li>\n<li class=\"\" data-start=\"1627\" data-end=\"1675\">\n<p class=\"\" data-start=\"1629\" data-end=\"1675\">Vendbar - passer b\u00e5de h\u00f8yre og venstre d\u00f8r<\/p>\n<\/li>\n<li class=\"\" data-start=\"1676\" data-end=\"1708\">\n<p class=\"\" data-start=\"1678\" data-end=\"1708\">Sl\u00e5sikker og med beskyttelsesdiode<\/p>\n<\/li>\n<li class=\"\" data-start=\"1709\" data-end=\"1754\">\n<p class=\"\" data-start=\"1711\" data-end=\"1754\">Kan suppleres med regelangivelse ST4880<\/p>\n<\/li>\n<\/ul>\n<p class=\"\" data-start=\"1756\" data-end=\"1910\"><strong data-start=\"1756\" data-end=\"1779\">Bruksomr\u00e5der:<\/strong><br data-start=\"1779\" data-end=\"1782\" \/>Egnet for leilighetsbygg, kontorer, gangd\u00f8rer og andre innemilj\u00f8er hvor det kreves en trygg, fleksibel og kompakt l\u00f8sning.<\/p>\n<p class=\"\" data-start=\"1912\" data-end=\"1941\"><strong data-start=\"1912\" data-end=\"1941\">Tekniske spesifikasjoner:<\/strong><\/p>\n<ul data-start=\"1942\" data-end=\"2284\">\n<li class=\"\" data-start=\"1942\" data-end=\"1980\">\n<p class=\"\" data-start=\"1944\" data-end=\"1980\">Driftsspenning: 24 V DC (21,6-27,6 V)<\/p>\n<\/li>\n<li class=\"\" data-start=\"1981\" data-end=\"2027\">\n<p class=\"\" data-start=\"1983\" data-end=\"2027\">Str\u00f8mforbruk: 110 mA (ul\u00e5st), maks 300 mA<\/p>\n<\/li>\n<li class=\"\" data-start=\"2028\" data-end=\"2067\">\n<p class=\"\" data-start=\"2030\" data-end=\"2067\">D\u00f8rhengsel: H\u00f8yre\/Venstre (vendbar)<\/p>\n<\/li>\n<li class=\"\" data-start=\"2068\" data-end=\"2099\">\n<p class=\"\" data-start=\"2070\" data-end=\"2099\">M\u00e5l (BxDxH): 25 x 35 x 90 mm<\/p>\n<\/li>\n<li class=\"\" data-start=\"2100\" data-end=\"2125\">\n<p class=\"\" data-start=\"2102\" data-end=\"2125\">Bruddstyrke: 900 kg<\/p>\n<\/li>\n<li class=\"\" data-start=\"2126\" data-end=\"2144\">\n<p class=\"\" data-start=\"2128\" data-end=\"2144\">Listetrykk: 40 kg<\/p>\n<\/li>\n<li class=\"\" data-start=\"2145\" data-end=\"2178\">\n<p class=\"\" data-start=\"2147\" data-end=\"2178\">L\u00e5stype: Enkel og dobbel fold l\u00e5s<\/p>\n<\/li>\n<li class=\"\" data-start=\"2179\" data-end=\"2197\">\n<p class=\"\" data-start=\"2181\" data-end=\"2197\">Stempelkontakt: Nei<\/p>\n<\/li>\n<li class=\"\" data-start=\"2198\" data-end=\"2226\">\n<p class=\"\" data-start=\"2200\" data-end=\"2226\">Farge\/finish: Rustfritt st\u00e5l<\/p>\n<\/li>\n<li class=\"\" data-start=\"2227\" data-end=\"2244\">\n<p class=\"\" data-start=\"2229\" data-end=\"2244\">Kabel: Ikke inkludert<\/p>\n<\/li>\n<li class=\"\" data-start=\"2245\" data-end=\"2284\">\n<p class=\"\" data-start=\"2247\" data-end=\"2284\">Vurderinger: SundaHus, Byggevarevurdering<\/p>\n<\/li>\n<\/ul>","protected":false},"excerpt":{"rendered":"<p>Her kan du se hvilke stolper og modeller som passer sammen fra STEP-serien med elektriske d\u00f8rstoppere.<\/p>\n<h5><strong><a href=\"https:\/\/steplock.com\/sv\/stolpguide\/#!?lang=sv&amp;blog_id=1&amp;paged=1&amp;number=50\" target=\"_blank\" rel=\"noopener\">TRINN Postveiledning\u00a0<\/a><\/strong><\/h5>\n<h5><strong><a href=\"https:\/\/steplock.com\/sv\/projekteringsguide\/#!?lang=sv&amp;blog_id=1&amp;paged=1&amp;number=999\" target=\"_blank\" rel=\"noopener\">STEP design guide<\/a><\/strong><\/h5>","protected":false},"featured_media":147398,"template":"","meta":{"_acf_changed":false},"product_brand":[],"product_cat":[3355],"product_tag":[4197,4200],"class_list":{"0":"post-147400","1":"product","2":"type-product","3":"status-publish","4":"has-post-thumbnail","6":"product_cat-elslutbleck","7":"product_tag-24v","8":"product_tag-rattvand","9":"product_shipping_class-tunga-paket","10":"pa_brands-step","11":"tm-no-options","13":"first","14":"instock","15":"sale","16":"taxable","17":"shipping-taxable","18":"purchasable","19":"product-type-simple"},"acf":[],"_links":{"self":[{"href":"https:\/\/secureus.se\/no\/wp-json\/wp\/v2\/product\/147400","targetHints":{"allow":["GET"]}}],"collection":[{"href":"https:\/\/secureus.se\/no\/wp-json\/wp\/v2\/product"}],"about":[{"href":"https:\/\/secureus.se\/no\/wp-json\/wp\/v2\/types\/product"}],"wp:featuredmedia":[{"embeddable":true,"href":"https:\/\/secureus.se\/no\/wp-json\/wp\/v2\/media\/147398"}],"wp:attachment":[{"href":"https:\/\/secureus.se\/no\/wp-json\/wp\/v2\/media?parent=147400"}],"wp:term":[{"taxonomy":"product_brand","embeddable":true,"href":"https:\/\/secureus.se\/no\/wp-json\/wp\/v2\/product_brand?post=147400"},{"taxonomy":"product_cat","embeddable":true,"href":"https:\/\/secureus.se\/no\/wp-json\/wp\/v2\/product_cat?post=147400"},{"taxonomy":"product_tag","embeddable":true,"href":"https:\/\/secureus.se\/no\/wp-json\/wp\/v2\/product_tag?post=147400"}],"curies":[{"name":"wp","href":"https:\/\/api.w.org\/{rel}","templated":true}]}}