{"id":147404,"date":"2023-09-26T13:10:01","date_gmt":"2023-09-26T11:10:01","guid":{"rendered":"https:\/\/secureus.se\/elslutbleck-step-40-rattvand-12v\/"},"modified":"2026-03-26T09:46:00","modified_gmt":"2026-03-26T08:46:00","slug":"elslutbleck-step-40-rattvand-12v","status":"publish","type":"product","link":"https:\/\/secureus.se\/no\/elslutbleck-step-40-rattvand-12v\/","title":{"rendered":"Elektrisk sluttplate TRINN 40 H\u00f8yrevendt 12V"},"content":{"rendered":"<h1>Elektrisk sluttplate TRINN 40 H\u00f8yrevendt 12V<\/h1>\n<p>STEP 40 Preload er et kompakt elektrisk sluttstykke med forovervendt funksjon og 12V driftsspenning. Med HPR-teknologi og h\u00f8y bruddstyrke er den et p\u00e5litelig valg for dagl\u00e5sing i ofte brukte d\u00f8rer.<\/p>\n<p>STEP 40 Preload electric strike er en elektrisk strike i STEPs Preload-serie - en serie designet for \u00e5 kombinere kompakt format med h\u00f8y driftssikkerhet og kvalitet.<\/p>\n<p>Med h\u00f8yrefunksjon (l\u00e5st ved str\u00f8mbrudd) er STEP 40 egnet for d\u00f8rer som krever sikker dagl\u00e5sing.<\/p>\n<p class=\"\" data-start=\"763\" data-end=\"1143\">Dette elektriske sluttstykket er utstyrt med patentert HPR\u00ae-teknologi, som muliggj\u00f8r oppl\u00e5sing selv n\u00e5r d\u00f8ren utsettes for listtrykk p\u00e5 opptil 250 kg, noe som sikrer p\u00e5litelig funksjon selv i trykksatte milj\u00f8er.<\/p>\n<p class=\"\" data-start=\"763\" data-end=\"1143\">Med en bruddstyrke p\u00e5 1200 kg og en levetid p\u00e5 1,5 millioner sykluser er STEP 40 designet for \u00e5 t\u00e5le sv\u00e6rt hyppig bruk over lang tid.<\/p>\n<p class=\"\" data-start=\"1145\" data-end=\"1466\">STEP 40 er vendbar for b\u00e5de h\u00f8yre- og venstred\u00f8rer og passer med l\u00e5sehus for enkelt- og dobbell\u00e5s. Den har en kompakt design p\u00e5 kun 90 mm i h\u00f8yden og skruehull i bakkant for vinklet montering.<\/p>\n<p class=\"\" data-start=\"1145\" data-end=\"1466\">I tillegg er den manipulasjonssikker og har innebygget beskyttelsesdiode, som gir b\u00e5de fysisk og elektronisk sikkerhet.<\/p>\n<p class=\"\" data-start=\"1468\" data-end=\"1494\"><strong data-start=\"1468\" data-end=\"1494\">Funksjoner og fordeler:<\/strong><\/p>\n<ul data-start=\"1495\" data-end=\"1768\">\n<li class=\"\" data-start=\"1495\" data-end=\"1532\">\n<p class=\"\" data-start=\"1497\" data-end=\"1532\">H\u00f8yrevendt funksjon - l\u00e5st uten str\u00f8m<\/p>\n<\/li>\n<li class=\"\" data-start=\"1533\" data-end=\"1556\">\n<p class=\"\" data-start=\"1535\" data-end=\"1556\">Driftsspenning: 12V DC<\/p>\n<\/li>\n<li class=\"\" data-start=\"1557\" data-end=\"1605\">\n<p class=\"\" data-start=\"1559\" data-end=\"1605\">HPR\u00ae-teknologi \u2013 t\u00e5ler st\u00f8petrykk opptil 250 kg<\/p>\n<\/li>\n<li class=\"\" data-start=\"1606\" data-end=\"1632\">\n<p class=\"\" data-start=\"1608\" data-end=\"1632\">Bruddstyrke: 1200 kg<\/p>\n<\/li>\n<li class=\"\" data-start=\"1633\" data-end=\"1662\">\n<p class=\"\" data-start=\"1635\" data-end=\"1662\">Testet i 1 500 000 sykluser<\/p>\n<\/li>\n<li class=\"\" data-start=\"1663\" data-end=\"1691\">\n<p class=\"\" data-start=\"1665\" data-end=\"1691\">Antibankbeskyttelse med beskyttelsesdiode<\/p>\n<\/li>\n<li class=\"\" data-start=\"1692\" data-end=\"1735\">\n<p class=\"\" data-start=\"1694\" data-end=\"1735\">Vendbar \u2013 passer til h\u00f8yre og venstre d\u00f8r<\/p>\n<\/li>\n<li class=\"\" data-start=\"1736\" data-end=\"1768\">\n<p class=\"\" data-start=\"1738\" data-end=\"1768\">Passer til enkle og doble falll\u00e5ser<\/p>\n<\/li>\n<\/ul>\n<p class=\"\" data-start=\"1770\" data-end=\"1938\"><strong data-start=\"1770\" data-end=\"1793\">Bruksomr\u00e5der:<\/strong><br data-start=\"1793\" data-end=\"1796\" \/>Egnet for kontorer, gangd\u00f8rer, leilighetsinnganger og andre innemilj\u00f8er hvor det kreves p\u00e5litelig og sikker dagl\u00e5sing i et kompakt format.<\/p>\n<p class=\"\" data-start=\"1940\" data-end=\"1969\"><strong data-start=\"1940\" data-end=\"1969\">Tekniske spesifikasjoner:<\/strong><\/p>\n<ul data-start=\"1970\" data-end=\"2314\">\n<li class=\"\" data-start=\"1970\" data-end=\"2008\">\n<p class=\"\" data-start=\"1972\" data-end=\"2008\">Driftsspenning: 12 V DC (10,8-13,8 V)<\/p>\n<\/li>\n<li class=\"\" data-start=\"2009\" data-end=\"2055\">\n<p class=\"\" data-start=\"2011\" data-end=\"2055\">Str\u00f8mforbruk: 220 mA (ul\u00e5st), maks 600 mA<\/p>\n<\/li>\n<li class=\"\" data-start=\"2056\" data-end=\"2095\">\n<p class=\"\" data-start=\"2058\" data-end=\"2095\">D\u00f8rhengsel: H\u00f8yre\/Venstre (vendbar)<\/p>\n<\/li>\n<li class=\"\" data-start=\"2096\" data-end=\"2127\">\n<p class=\"\" data-start=\"2098\" data-end=\"2127\">M\u00e5l (BxDxH): 25 x 28 x 90 mm<\/p>\n<\/li>\n<li class=\"\" data-start=\"2128\" data-end=\"2154\">\n<p class=\"\" data-start=\"2130\" data-end=\"2154\">Bruddstyrke: 1200 kg<\/p>\n<\/li>\n<li class=\"\" data-start=\"2155\" data-end=\"2174\">\n<p class=\"\" data-start=\"2157\" data-end=\"2174\">Strimmeltrykk: 250 kg<\/p>\n<\/li>\n<li class=\"\" data-start=\"2175\" data-end=\"2193\">\n<p class=\"\" data-start=\"2177\" data-end=\"2193\">Stempelkontakt: Nei<\/p>\n<\/li>\n<li class=\"\" data-start=\"2194\" data-end=\"2211\">\n<p class=\"\" data-start=\"2196\" data-end=\"2211\">Kabel: Ikke inkludert<\/p>\n<\/li>\n<li class=\"\" data-start=\"2212\" data-end=\"2245\">\n<p class=\"\" data-start=\"2214\" data-end=\"2245\">L\u00e5stype: Enkel og dobbel fold l\u00e5s<\/p>\n<\/li>\n<li class=\"\" data-start=\"2246\" data-end=\"2274\">\n<p class=\"\" data-start=\"2248\" data-end=\"2274\">Farge\/finish: Rustfritt st\u00e5l<\/p>\n<\/li>\n<li class=\"\" data-start=\"2275\" data-end=\"2314\">\n<p class=\"\" data-start=\"2277\" data-end=\"2314\">Vurderinger: SundaHus, Byggevarevurdering<\/p>\n<\/li>\n<\/ul>","protected":false},"excerpt":{"rendered":"<p>Her kan du se hvilke stolper og modeller som passer sammen fra STEP-serien med elektriske d\u00f8rstoppere.<\/p>\n<h5><strong><a href=\"https:\/\/steplock.com\/sv\/stolpguide\/#!?lang=sv&amp;blog_id=1&amp;paged=1&amp;number=50\" target=\"_blank\" rel=\"noopener\">TRINN Postveiledning\u00a0<\/a><\/strong><\/h5>\n<h5><strong><a href=\"https:\/\/steplock.com\/sv\/projekteringsguide\/#!?lang=sv&amp;blog_id=1&amp;paged=1&amp;number=999\" target=\"_blank\" rel=\"noopener\">STEP design guide<\/a><\/strong><\/h5>","protected":false},"featured_media":147401,"template":"","meta":{"_acf_changed":false},"product_brand":[],"product_cat":[3355],"product_tag":[4198,4200],"class_list":{"0":"post-147404","1":"product","2":"type-product","3":"status-publish","4":"has-post-thumbnail","6":"product_cat-elslutbleck","7":"product_tag-12v","8":"product_tag-rattvand","9":"product_shipping_class-tunga-paket","10":"pa_brands-step","11":"tm-no-options","13":"first","14":"instock","15":"sale","16":"taxable","17":"shipping-taxable","18":"purchasable","19":"product-type-simple"},"acf":[],"_links":{"self":[{"href":"https:\/\/secureus.se\/no\/wp-json\/wp\/v2\/product\/147404","targetHints":{"allow":["GET"]}}],"collection":[{"href":"https:\/\/secureus.se\/no\/wp-json\/wp\/v2\/product"}],"about":[{"href":"https:\/\/secureus.se\/no\/wp-json\/wp\/v2\/types\/product"}],"wp:featuredmedia":[{"embeddable":true,"href":"https:\/\/secureus.se\/no\/wp-json\/wp\/v2\/media\/147401"}],"wp:attachment":[{"href":"https:\/\/secureus.se\/no\/wp-json\/wp\/v2\/media?parent=147404"}],"wp:term":[{"taxonomy":"product_brand","embeddable":true,"href":"https:\/\/secureus.se\/no\/wp-json\/wp\/v2\/product_brand?post=147404"},{"taxonomy":"product_cat","embeddable":true,"href":"https:\/\/secureus.se\/no\/wp-json\/wp\/v2\/product_cat?post=147404"},{"taxonomy":"product_tag","embeddable":true,"href":"https:\/\/secureus.se\/no\/wp-json\/wp\/v2\/product_tag?post=147404"}],"curies":[{"name":"wp","href":"https:\/\/api.w.org\/{rel}","templated":true}]}}