{"id":147408,"date":"2023-09-26T13:08:37","date_gmt":"2023-09-26T11:08:37","guid":{"rendered":"https:\/\/secureus.se\/elslutbleck-step-40-rattvand-12v-kolvkontakt\/"},"modified":"2026-04-23T12:34:10","modified_gmt":"2026-04-23T10:34:10","slug":"elslutbleck-step-40-rattvand-12v-kolvkontakt","status":"publish","type":"product","link":"https:\/\/secureus.se\/no\/elslutbleck-step-40-rattvand-12v-kolvkontakt\/","title":{"rendered":"Elektrisk sluttplate TRINN 40 H\u00f8yrevendt 12V Stempelkontakt"},"content":{"rendered":"<h1>Elektrisk sluttplate TRINN 40 H\u00f8yrevendt 12V Stempelkontakt<\/h1>\n<p>STEP 40 Preload er et kompakt elektrisk sluttstykke med foroverfunksjon, stempelkontakt og 12V-drift. Med HPR-teknologi, h\u00f8y bruddstyrke og 1,5 millioner sykluser er den et p\u00e5litelig valg for dagl\u00e5sing.<\/p>\n<p>STEP 40 Preload elektrisk strike er en elektrisk strike i STEPs Preload-serie som kombinerer kompakt design med eksepsjonell driftssikkerhet og lang levetid.<\/p>\n<p>Med h\u00f8yreh\u00e5ndsfunksjonen (l\u00e5st i spenningsl\u00f8s posisjon) er STEP 40 egnet for milj\u00f8er hvor sikker dagtidsl\u00e5sing er viktig, som kontord\u00f8rer, inngangsd\u00f8rer og gangd\u00f8rer.<\/p>\n<p class=\"\" data-start=\"835\" data-end=\"1162\">Takket v\u00e6re STEPs patenterte HPR\u00ae-teknologi er \u00e5pning garantert selv om d\u00f8ren utsettes for stripetrykk p\u00e5 opptil 250 kg, noe som gir enest\u00e5ende funksjonalitet i daglig bruk.<\/p>\n<p class=\"\" data-start=\"835\" data-end=\"1162\">Den h\u00f8ye bruddstyrken p\u00e5 1 200 kg og testing av opptil 1 500 000 sykluser sikrer at STEP 40 t\u00e5ler h\u00f8ye \u00e5pningsfrekvenser i lang tid.<\/p>\n<p class=\"\" data-start=\"1164\" data-end=\"1459\">Med en innebygd stempelkontakt f\u00e5r du tydelig indikasjon p\u00e5 om d\u00f8ren er \u00e5pen eller lukket \u2013 ideell for integrering i adgangskontrollsystemer.<\/p>\n<p class=\"\" data-start=\"1164\" data-end=\"1459\">Det elektriske sluttstykket er ogs\u00e5 sabotasjesikkert, har innebygget beskyttelsesdiode og er vendbart for b\u00e5de h\u00f8yre- og venstrehengte d\u00f8rer. Egnet for enkelt- og tofl\u00f8yede l\u00e5ser.<\/p>\n<p class=\"\" data-start=\"1461\" data-end=\"1487\"><strong data-start=\"1461\" data-end=\"1487\">Funksjoner og fordeler:<\/strong><\/p>\n<ul data-start=\"1488\" data-end=\"1786\">\n<li class=\"\" data-start=\"1488\" data-end=\"1525\">\n<p class=\"\" data-start=\"1490\" data-end=\"1525\">H\u00f8yrevendt funksjon - l\u00e5st uten str\u00f8m<\/p>\n<\/li>\n<li class=\"\" data-start=\"1526\" data-end=\"1549\">\n<p class=\"\" data-start=\"1528\" data-end=\"1549\">Driftsspenning: 12V DC<\/p>\n<\/li>\n<li class=\"\" data-start=\"1550\" data-end=\"1584\">\n<p class=\"\" data-start=\"1552\" data-end=\"1584\">Stempelkontakt for statusindikasjon<\/p>\n<\/li>\n<li class=\"\" data-start=\"1585\" data-end=\"1630\">\n<p class=\"\" data-start=\"1587\" data-end=\"1630\">HPR\u00ae-teknologi \u2013 \u00e5pner til tross for 250 kg stripetrykk<\/p>\n<\/li>\n<li class=\"\" data-start=\"1631\" data-end=\"1658\">\n<p class=\"\" data-start=\"1633\" data-end=\"1658\">Bruddstyrke: 1.200 kg<\/p>\n<\/li>\n<li class=\"\" data-start=\"1659\" data-end=\"1688\">\n<p class=\"\" data-start=\"1661\" data-end=\"1688\">Testet i 1 500 000 sykluser<\/p>\n<\/li>\n<li class=\"\" data-start=\"1689\" data-end=\"1723\">\n<p class=\"\" data-start=\"1691\" data-end=\"1723\">Vendbar for h\u00f8yre\/venstre d\u00f8rer<\/p>\n<\/li>\n<li class=\"\" data-start=\"1724\" data-end=\"1753\">\n<p class=\"\" data-start=\"1726\" data-end=\"1753\">Beskyttelsesdiode og bankebeskyttelse<\/p>\n<\/li>\n<li class=\"\" data-start=\"1754\" data-end=\"1786\">\n<p class=\"\" data-start=\"1756\" data-end=\"1786\">Passer til enkle og doble falll\u00e5ser<\/p>\n<\/li>\n<\/ul>\n<p class=\"\" data-start=\"1788\" data-end=\"1935\"><strong data-start=\"1788\" data-end=\"1811\">Bruksomr\u00e5der:<\/strong><br data-start=\"1811\" data-end=\"1814\" \/>Perfekt for d\u00f8rer som krever stilleg\u00e5ende og p\u00e5litelig dagl\u00e5sing, f.eks. i kontorer, offentlige lokaler og leilighetsinnganger.<\/p>\n<p class=\"\" data-start=\"1937\" data-end=\"1966\"><strong data-start=\"1937\" data-end=\"1966\">Tekniske spesifikasjoner:<\/strong><\/p>\n<ul data-start=\"1967\" data-end=\"2339\">\n<li class=\"\" data-start=\"1967\" data-end=\"2005\">\n<p class=\"\" data-start=\"1969\" data-end=\"2005\">Driftsspenning: 12 V DC (10,8-13,8 V)<\/p>\n<\/li>\n<li class=\"\" data-start=\"2006\" data-end=\"2050\">\n<p class=\"\" data-start=\"2008\" data-end=\"2050\">Str\u00f8mforbruk: 220 mA ul\u00e5st, maks 600 mA<\/p>\n<\/li>\n<li class=\"\" data-start=\"2051\" data-end=\"2098\">\n<p class=\"\" data-start=\"2053\" data-end=\"2098\">Stempelkontakt: Mikrobryter, maks. 30V DC \/ 1A<\/p>\n<\/li>\n<li class=\"\" data-start=\"2099\" data-end=\"2138\">\n<p class=\"\" data-start=\"2101\" data-end=\"2138\">D\u00f8rhengsel: H\u00f8yre\/Venstre (vendbar)<\/p>\n<\/li>\n<li class=\"\" data-start=\"2139\" data-end=\"2170\">\n<p class=\"\" data-start=\"2141\" data-end=\"2170\">M\u00e5l (BxDxH): 25 x 28 x 90 mm<\/p>\n<\/li>\n<li class=\"\" data-start=\"2171\" data-end=\"2198\">\n<p class=\"\" data-start=\"2173\" data-end=\"2198\">Bruddstyrke: 1.200 kg<\/p>\n<\/li>\n<li class=\"\" data-start=\"2199\" data-end=\"2218\">\n<p class=\"\" data-start=\"2201\" data-end=\"2218\">Strimmeltrykk: 250 kg<\/p>\n<\/li>\n<li class=\"\" data-start=\"2219\" data-end=\"2236\">\n<p class=\"\" data-start=\"2221\" data-end=\"2236\">Kabel: Ikke inkludert<\/p>\n<\/li>\n<li class=\"\" data-start=\"2237\" data-end=\"2270\">\n<p class=\"\" data-start=\"2239\" data-end=\"2270\">L\u00e5stype: Enkel og dobbel fold l\u00e5s<\/p>\n<\/li>\n<li class=\"\" data-start=\"2271\" data-end=\"2299\">\n<p class=\"\" data-start=\"2273\" data-end=\"2299\">Farge\/finish: Rustfritt st\u00e5l<\/p>\n<\/li>\n<li class=\"\" data-start=\"2300\" data-end=\"2339\">\n<p class=\"\" data-start=\"2302\" data-end=\"2339\">Vurderinger: SundaHus, Byggevarevurdering<\/p>\n<\/li>\n<\/ul>","protected":false},"excerpt":{"rendered":"<p>Her kan du se hvilke stolper og modeller som passer sammen fra STEP-serien med elektriske d\u00f8rstoppere.<\/p>\n<h5><strong><a href=\"https:\/\/steplock.com\/sv\/stolpguide\/#!?lang=sv&amp;blog_id=1&amp;paged=1&amp;number=50\" target=\"_blank\" rel=\"noopener\">TRINN Postveiledning\u00a0<\/a><\/strong><\/h5>\n<h5><strong><a href=\"https:\/\/steplock.com\/sv\/projekteringsguide\/#!?lang=sv&amp;blog_id=1&amp;paged=1&amp;number=999\" target=\"_blank\" rel=\"noopener\">STEP design guide<\/a><\/strong><\/h5>","protected":false},"featured_media":147405,"template":"","meta":{"_acf_changed":false},"product_brand":[],"product_cat":[3355],"product_tag":[4198,4200],"class_list":{"0":"post-147408","1":"product","2":"type-product","3":"status-publish","4":"has-post-thumbnail","6":"product_cat-elslutbleck","7":"product_tag-12v","8":"product_tag-rattvand","9":"product_shipping_class-tunga-paket","10":"pa_brands-step","11":"tm-no-options","13":"first","14":"onbackorder","15":"sale","16":"taxable","17":"shipping-taxable","18":"purchasable","19":"product-type-simple"},"acf":[],"_links":{"self":[{"href":"https:\/\/secureus.se\/no\/wp-json\/wp\/v2\/product\/147408","targetHints":{"allow":["GET"]}}],"collection":[{"href":"https:\/\/secureus.se\/no\/wp-json\/wp\/v2\/product"}],"about":[{"href":"https:\/\/secureus.se\/no\/wp-json\/wp\/v2\/types\/product"}],"wp:featuredmedia":[{"embeddable":true,"href":"https:\/\/secureus.se\/no\/wp-json\/wp\/v2\/media\/147405"}],"wp:attachment":[{"href":"https:\/\/secureus.se\/no\/wp-json\/wp\/v2\/media?parent=147408"}],"wp:term":[{"taxonomy":"product_brand","embeddable":true,"href":"https:\/\/secureus.se\/no\/wp-json\/wp\/v2\/product_brand?post=147408"},{"taxonomy":"product_cat","embeddable":true,"href":"https:\/\/secureus.se\/no\/wp-json\/wp\/v2\/product_cat?post=147408"},{"taxonomy":"product_tag","embeddable":true,"href":"https:\/\/secureus.se\/no\/wp-json\/wp\/v2\/product_tag?post=147408"}],"curies":[{"name":"wp","href":"https:\/\/api.w.org\/{rel}","templated":true}]}}