{"id":147415,"date":"2023-09-26T13:10:10","date_gmt":"2023-09-26T11:10:10","guid":{"rendered":"https:\/\/secureus.se\/elslutbleck-step-90-omvand-24v-kolvkontakt\/"},"modified":"2026-04-08T16:03:57","modified_gmt":"2026-04-08T14:03:57","slug":"elslutbleck-step-90-omvand-24v-kolvkontakt","status":"publish","type":"product","link":"https:\/\/secureus.se\/no\/elslutbleck-step-90-omvand-24v-kolvkontakt\/","title":{"rendered":"Elektrisk sluttstykke TRINN 90 Revers 24V Stempelkontakt"},"content":{"rendered":"<h1>Elektrisk sluttstykke TRINN 90 Revers 24V Stempelkontakt<\/h1>\n<p>STEP 90 Preload er et kompakt elektrisk sluttstykke med reversfunksjon, stempelkontakt og brannklasse E\/EI120. Med HPR-teknologi t\u00e5ler den stripetrykk p\u00e5 opptil 250 kg og passer for flere l\u00e5styper.<\/p>\n<p>STEP 90 Preload elektrisk strike er en jevn og kraftig elektrisk strike fra STEPs Preload-serie, utviklet for \u00e5 gi h\u00f8y driftssikkerhet i kompakte rom.<\/p>\n<p>Med sin reversfunksjon \u2013 som gj\u00f8r at l\u00e5sen l\u00e5ses opp i spenningsl\u00f8s posisjon \u2013 er STEP 90 spesielt godt egnet for r\u00f8mningsveier og andre milj\u00f8er hvor sikker evakuering er viktig.<\/p>\n<p class=\"\" data-start=\"851\" data-end=\"1253\">Takket v\u00e6re STEPs patenterte HPR\u00ae-teknologi kan den elektriske sluttplaten \u00e5pnes til tross for stripetrykk p\u00e5 opptil 250 kg.<\/p>\n<p class=\"\" data-start=\"851\" data-end=\"1253\">Dette er kombinert med en bruddstyrke p\u00e5 1200 kg og en konstruksjon sertifisert for brannmotstand opp til E\/EI120, i henhold til SS-EN 14846:2008.<\/p>\n<p class=\"\" data-start=\"851\" data-end=\"1253\">Stempelkontakt gir statusindikering (d\u00f8r \u00e5pen\/lukket) for integrasjon med alarm- eller adgangskontrollsystemer, og innebygd beskyttelsesdiode beskytter elektronikken.<\/p>\n<p class=\"\" data-start=\"1255\" data-end=\"1483\">STEP 90 er vendbar for b\u00e5de h\u00f8yre- og venstred\u00f8rer og passer til l\u00e5sehus i seriene Connect, Modul og Narrow Profile med enkelt- eller dobbell\u00e5s.<\/p>\n<p class=\"\" data-start=\"1255\" data-end=\"1483\">Produktet er ogs\u00e5 manipulasjonssikkert og har skruehull tilpasset for enkel montering.<\/p>\n<p class=\"\" data-start=\"1485\" data-end=\"1511\"><strong>Funksjoner og fordeler:<\/strong><\/p>\n<ul data-start=\"1512\" data-end=\"1822\">\n<li class=\"\" data-start=\"1512\" data-end=\"1548\">\n<p class=\"\" data-start=\"1514\" data-end=\"1548\">Reverseringsfunksjon \u2013 l\u00e5st opp uten str\u00f8m<\/p>\n<\/li>\n<li class=\"\" data-start=\"1549\" data-end=\"1596\">\n<p class=\"\" data-start=\"1551\" data-end=\"1596\">HPR\u00ae-teknologi: t\u00e5ler st\u00f8petrykk opptil 250 kg<\/p>\n<\/li>\n<li class=\"\" data-start=\"1597\" data-end=\"1628\">\n<p class=\"\" data-start=\"1599\" data-end=\"1628\">Brannklassifisert opp til E\/EI120<\/p>\n<\/li>\n<li class=\"\" data-start=\"1629\" data-end=\"1664\">\n<p class=\"\" data-start=\"1631\" data-end=\"1664\">Kompakt design - kun 90 mm h\u00f8y<\/p>\n<\/li>\n<li class=\"\" data-start=\"1665\" data-end=\"1693\">\n<p class=\"\" data-start=\"1667\" data-end=\"1693\">Stempelbryter for d\u00f8rstatus<\/p>\n<\/li>\n<li class=\"\" data-start=\"1694\" data-end=\"1719\">\n<p class=\"\" data-start=\"1696\" data-end=\"1719\">Vendbar (venstre\/h\u00f8yre)<\/p>\n<\/li>\n<li class=\"\" data-start=\"1720\" data-end=\"1746\">\n<p class=\"\" data-start=\"1722\" data-end=\"1746\">Bruddstyrke: 1200 kg<\/p>\n<\/li>\n<li class=\"\" data-start=\"1747\" data-end=\"1776\">\n<p class=\"\" data-start=\"1749\" data-end=\"1776\">Beskyttelsesdiode og bankebeskyttelse<\/p>\n<\/li>\n<li class=\"\" data-start=\"1777\" data-end=\"1822\">\n<p class=\"\" data-start=\"1779\" data-end=\"1822\">Passer til Connect, Modul og Narrow Profile l\u00e5sehus<\/p>\n<\/li>\n<\/ul>\n<p class=\"\" data-start=\"1824\" data-end=\"1995\"><strong>Bruksomr\u00e5der:<\/strong><br data-start=\"1847\" data-end=\"1850\" \/>Perfekt for innemilj\u00f8er og r\u00f8mningsveier i for eksempel skoler, kontorer og offentlige bygg hvor sikkerhet og smidig funksjon er prioritert.<\/p>\n<p class=\"\" data-start=\"1997\" data-end=\"2026\"><strong>Tekniske spesifikasjoner:<\/strong><\/p>\n<ul data-start=\"2027\" data-end=\"2400\">\n<li class=\"\" data-start=\"2027\" data-end=\"2065\">\n<p class=\"\" data-start=\"2029\" data-end=\"2065\">Driftsspenning: 24 V DC (21,6-27,6 V)<\/p>\n<\/li>\n<li class=\"\" data-start=\"2066\" data-end=\"2112\">\n<p class=\"\" data-start=\"2068\" data-end=\"2112\">Str\u00f8mforbruk: 110 mA (ul\u00e5st), maks 300 mA<\/p>\n<\/li>\n<li class=\"\" data-start=\"2113\" data-end=\"2160\">\n<p class=\"\" data-start=\"2115\" data-end=\"2160\">Stempelkontakt: Mikrobryter, maks. 30V DC \/ 1A<\/p>\n<\/li>\n<li class=\"\" data-start=\"2161\" data-end=\"2200\">\n<p class=\"\" data-start=\"2163\" data-end=\"2200\">D\u00f8rhengsel: H\u00f8yre\/Venstre (vendbar)<\/p>\n<\/li>\n<li class=\"\" data-start=\"2201\" data-end=\"2232\">\n<p class=\"\" data-start=\"2203\" data-end=\"2232\">M\u00e5l (BxDxH): 25 x 28 x 90 mm<\/p>\n<\/li>\n<li class=\"\" data-start=\"2233\" data-end=\"2259\">\n<p class=\"\" data-start=\"2235\" data-end=\"2259\">Bruddstyrke: 1200 kg<\/p>\n<\/li>\n<li class=\"\" data-start=\"2260\" data-end=\"2279\">\n<p class=\"\" data-start=\"2262\" data-end=\"2279\">Strimmeltrykk: 250 kg<\/p>\n<\/li>\n<li class=\"\" data-start=\"2280\" data-end=\"2313\">\n<p class=\"\" data-start=\"2282\" data-end=\"2313\">L\u00e5stype: Enkel og dobbel fold l\u00e5s<\/p>\n<\/li>\n<li class=\"\" data-start=\"2314\" data-end=\"2331\">\n<p class=\"\" data-start=\"2316\" data-end=\"2331\">Kabel: Ikke inkludert<\/p>\n<\/li>\n<li class=\"\" data-start=\"2332\" data-end=\"2360\">\n<p class=\"\" data-start=\"2334\" data-end=\"2360\">Farge\/finish: Rustfritt st\u00e5l<\/p>\n<\/li>\n<li class=\"\" data-start=\"2361\" data-end=\"2400\">\n<p class=\"\" data-start=\"2363\" data-end=\"2400\">Vurderinger: SundaHus, Byggevarevurdering<\/p>\n<\/li>\n<\/ul>","protected":false},"excerpt":{"rendered":"<p>Her kan du se hvilke stolper og modeller som passer sammen fra STEP-serien med elektriske d\u00f8rstoppere.<\/p>\n<h5><strong><a href=\"https:\/\/steplock.com\/sv\/stolpguide\/#!?lang=sv&amp;blog_id=1&amp;paged=1&amp;number=50\" target=\"_blank\" rel=\"noopener\">TRINN Postveiledning\u00a0<\/a><\/strong><\/h5>\n<h5><strong><a href=\"https:\/\/steplock.com\/sv\/projekteringsguide\/#!?lang=sv&amp;blog_id=1&amp;paged=1&amp;number=999\" target=\"_blank\" rel=\"noopener\">STEP design guide<\/a><\/strong><\/h5>","protected":false},"featured_media":147409,"template":"","meta":{"_acf_changed":false},"product_brand":[],"product_cat":[3355],"product_tag":[4197,4201],"class_list":{"0":"post-147415","1":"product","2":"type-product","3":"status-publish","4":"has-post-thumbnail","6":"product_cat-elslutbleck","7":"product_tag-24v","8":"product_tag-omvand","9":"product_shipping_class-tunga-paket","10":"pa_brands-step","11":"tm-no-options","13":"first","14":"instock","15":"sale","16":"taxable","17":"shipping-taxable","18":"purchasable","19":"product-type-simple"},"acf":[],"_links":{"self":[{"href":"https:\/\/secureus.se\/no\/wp-json\/wp\/v2\/product\/147415","targetHints":{"allow":["GET"]}}],"collection":[{"href":"https:\/\/secureus.se\/no\/wp-json\/wp\/v2\/product"}],"about":[{"href":"https:\/\/secureus.se\/no\/wp-json\/wp\/v2\/types\/product"}],"wp:featuredmedia":[{"embeddable":true,"href":"https:\/\/secureus.se\/no\/wp-json\/wp\/v2\/media\/147409"}],"wp:attachment":[{"href":"https:\/\/secureus.se\/no\/wp-json\/wp\/v2\/media?parent=147415"}],"wp:term":[{"taxonomy":"product_brand","embeddable":true,"href":"https:\/\/secureus.se\/no\/wp-json\/wp\/v2\/product_brand?post=147415"},{"taxonomy":"product_cat","embeddable":true,"href":"https:\/\/secureus.se\/no\/wp-json\/wp\/v2\/product_cat?post=147415"},{"taxonomy":"product_tag","embeddable":true,"href":"https:\/\/secureus.se\/no\/wp-json\/wp\/v2\/product_tag?post=147415"}],"curies":[{"name":"wp","href":"https:\/\/api.w.org\/{rel}","templated":true}]}}