{"id":147422,"date":"2023-09-26T13:10:07","date_gmt":"2023-09-26T11:10:07","guid":{"rendered":"https:\/\/secureus.se\/elslutbleck-step-98-rattvand-24v\/"},"modified":"2026-04-08T16:02:59","modified_gmt":"2026-04-08T14:02:59","slug":"elslutbleck-step-98-rattvand-24v","status":"publish","type":"product","link":"https:\/\/secureus.se\/no\/elslutbleck-step-98-rattvand-24v\/","title":{"rendered":"Elektrisk sluttplate TRINN 98 H\u00f8yrevendt 24V"},"content":{"rendered":"<h1>Elektrisk sluttplate TRINN 98 H\u00f8yrevendt 24V<\/h1>\n<p>STEP 98 Preload er et kompakt, brannklassifisert elektrisk sluttstykke med h\u00f8yresvingfunksjon og innebygd st\u00f8peteknologi. Egnet for knott eller n\u00f8kkell\u00e5s, t\u00e5ler 40 kg listtrykk og er vendbar for h\u00f8yre\/venstre d\u00f8rer.<\/p>\n<p>STEP 98 Preload elektrisk sluttstykke er et p\u00e5litelig elektrisk sluttstykke fra STEPs Preload-serie - designet for d\u00f8rmilj\u00f8er hvor funksjon, sikkerhet og enkel installasjon er i fokus.<\/p>\n<p>Med h\u00f8yreh\u00e5ndsfunksjonen (l\u00e5ses ved str\u00f8mbrudd) er den ideell for d\u00f8rer som l\u00e5ses med vrider eller n\u00f8kkel, for eksempel i byg\u00e5rder, kontorer eller tekniske rom.<\/p>\n<p class=\"\" data-start=\"843\" data-end=\"1137\">Det elektriske sluttstykket er brannklassifisert i henhold til E\/EI120 og kan l\u00e5ses opp selv om d\u00f8ren utsettes for listtrykk p\u00e5 opptil 40 kg, takket v\u00e6re STEPs patenterte stripetrykkteknologi.<\/p>\n<p class=\"\" data-start=\"843\" data-end=\"1137\">Den er ogs\u00e5 manipulasjonssikker, har innebygget beskyttelsesdiode og er vendbar for b\u00e5de h\u00f8yre- og venstrehengte d\u00f8rer.<\/p>\n<p class=\"\" data-start=\"1139\" data-end=\"1431\">STEP 98 er kompatibel med b\u00e5de enkelt- og dobbeltl\u00e5ser, samt med n\u00f8dr\u00f8mningsl\u00e5ser der manuell l\u00e5sing er n\u00f8dvendig.<\/p>\n<p class=\"\" data-start=\"1139\" data-end=\"1431\">Det er ogs\u00e5 mulig \u00e5 supplere med ST4880 boltindikator, som muliggj\u00f8r automatisk sperring av tilgangssystemet n\u00e5r krokbolten eller rettbolten er l\u00e5st ute.<\/p>\n<p class=\"\" data-start=\"1433\" data-end=\"1459\"><strong data-start=\"1433\" data-end=\"1459\">Funksjoner og fordeler:<\/strong><\/p>\n<ul data-start=\"1460\" data-end=\"1768\">\n<li class=\"\" data-start=\"1460\" data-end=\"1503\">\n<p class=\"\" data-start=\"1462\" data-end=\"1503\">H\u00f8yrevendt funksjon \u2013 l\u00e5st i spenningsl\u00f8s modus<\/p>\n<\/li>\n<li class=\"\" data-start=\"1504\" data-end=\"1548\">\n<p class=\"\" data-start=\"1506\" data-end=\"1548\">Brannklasse E\/EI120 i henhold til SS-EN 14846:2008<\/p>\n<\/li>\n<li class=\"\" data-start=\"1549\" data-end=\"1582\">\n<p class=\"\" data-start=\"1551\" data-end=\"1582\">Klarer stripetrykk opp til 40 kg<\/p>\n<\/li>\n<li class=\"\" data-start=\"1583\" data-end=\"1607\">\n<p class=\"\" data-start=\"1585\" data-end=\"1607\">Bruddstyrke 900 kg<\/p>\n<\/li>\n<li class=\"\" data-start=\"1608\" data-end=\"1642\">\n<p class=\"\" data-start=\"1610\" data-end=\"1642\">Antibanke og beskyttelsesdiode inkludert<\/p>\n<\/li>\n<li class=\"\" data-start=\"1643\" data-end=\"1682\">\n<p class=\"\" data-start=\"1645\" data-end=\"1682\">Kompatibel med kroklinjal og rett linjal<\/p>\n<\/li>\n<li class=\"\" data-start=\"1683\" data-end=\"1726\">\n<p class=\"\" data-start=\"1685\" data-end=\"1726\">Vendbar \u2013 passer til h\u00f8yre og venstre d\u00f8r<\/p>\n<\/li>\n<li class=\"\" data-start=\"1727\" data-end=\"1768\">\n<p class=\"\" data-start=\"1729\" data-end=\"1768\">Mulighet for regelindikasjon (ST4880)<\/p>\n<\/li>\n<\/ul>\n<p class=\"\" data-start=\"1770\" data-end=\"1966\"><strong data-start=\"1770\" data-end=\"1793\">Bruksomr\u00e5der:<\/strong><br data-start=\"1793\" data-end=\"1796\" \/>Ideell for innerd\u00f8rer, gangd\u00f8rer, tekniske rom eller flerfamilieinnganger hvor sikkerhet og driftssikkerhet kreves i kombinasjon med brannklassifisering og enkel installasjon.<\/p>\n<p class=\"\" data-start=\"1968\" data-end=\"1997\"><strong data-start=\"1968\" data-end=\"1997\">Tekniske spesifikasjoner:<\/strong><\/p>\n<ul data-start=\"1998\" data-end=\"2338\">\n<li class=\"\" data-start=\"1998\" data-end=\"2036\">\n<p class=\"\" data-start=\"2000\" data-end=\"2036\">Driftsspenning: 24 V DC (21,6-27,6 V)<\/p>\n<\/li>\n<li class=\"\" data-start=\"2037\" data-end=\"2081\">\n<p class=\"\" data-start=\"2039\" data-end=\"2081\">Str\u00f8mforbruk: 110 mA ul\u00e5st, maks 300 mA<\/p>\n<\/li>\n<li class=\"\" data-start=\"2082\" data-end=\"2121\">\n<p class=\"\" data-start=\"2084\" data-end=\"2121\">D\u00f8rhengsel: H\u00f8yre\/Venstre (vendbar)<\/p>\n<\/li>\n<li class=\"\" data-start=\"2122\" data-end=\"2153\">\n<p class=\"\" data-start=\"2124\" data-end=\"2153\">M\u00e5l (BxDxH): 25 x 35 x 90 mm<\/p>\n<\/li>\n<li class=\"\" data-start=\"2154\" data-end=\"2179\">\n<p class=\"\" data-start=\"2156\" data-end=\"2179\">Bruddstyrke: 900 kg<\/p>\n<\/li>\n<li class=\"\" data-start=\"2180\" data-end=\"2198\">\n<p class=\"\" data-start=\"2182\" data-end=\"2198\">Listetrykk: 40 kg<\/p>\n<\/li>\n<li class=\"\" data-start=\"2199\" data-end=\"2217\">\n<p class=\"\" data-start=\"2201\" data-end=\"2217\">Stempelkontakt: Nei<\/p>\n<\/li>\n<li class=\"\" data-start=\"2218\" data-end=\"2235\">\n<p class=\"\" data-start=\"2220\" data-end=\"2235\">Kabel: Ikke inkludert<\/p>\n<\/li>\n<li class=\"\" data-start=\"2236\" data-end=\"2269\">\n<p class=\"\" data-start=\"2238\" data-end=\"2269\">L\u00e5stype: Enkel og dobbel fold l\u00e5s<\/p>\n<\/li>\n<li class=\"\" data-start=\"2270\" data-end=\"2298\">\n<p class=\"\" data-start=\"2272\" data-end=\"2298\">Farge\/finish: Rustfritt st\u00e5l<\/p>\n<\/li>\n<li class=\"\" data-start=\"2299\" data-end=\"2338\">\n<p class=\"\" data-start=\"2301\" data-end=\"2338\">Vurderinger: SundaHus, Byggevarevurdering<\/p>\n<\/li>\n<\/ul>","protected":false},"excerpt":{"rendered":"<p>Her kan du se hvilke stolper og modeller som passer sammen fra STEP-serien med elektriske d\u00f8rstoppere.<\/p>\n<h5><strong><a href=\"https:\/\/steplock.com\/sv\/stolpguide\/#!?lang=sv&amp;blog_id=1&amp;paged=1&amp;number=50\" target=\"_blank\" rel=\"noopener\">TRINN Postveiledning\u00a0<\/a><\/strong><\/h5>\n<h5><strong><a href=\"https:\/\/steplock.com\/sv\/projekteringsguide\/#!?lang=sv&amp;blog_id=1&amp;paged=1&amp;number=999\" target=\"_blank\" rel=\"noopener\">STEP design guide<\/a><\/strong><\/h5>","protected":false},"featured_media":147421,"template":"","meta":{"_acf_changed":false},"product_brand":[],"product_cat":[3355],"product_tag":[4197,4200],"class_list":{"0":"post-147422","1":"product","2":"type-product","3":"status-publish","4":"has-post-thumbnail","6":"product_cat-elslutbleck","7":"product_tag-24v","8":"product_tag-rattvand","9":"product_shipping_class-tunga-paket","10":"pa_brands-step","11":"tm-no-options","13":"first","14":"instock","15":"sale","16":"taxable","17":"shipping-taxable","18":"purchasable","19":"product-type-simple"},"acf":[],"_links":{"self":[{"href":"https:\/\/secureus.se\/no\/wp-json\/wp\/v2\/product\/147422","targetHints":{"allow":["GET"]}}],"collection":[{"href":"https:\/\/secureus.se\/no\/wp-json\/wp\/v2\/product"}],"about":[{"href":"https:\/\/secureus.se\/no\/wp-json\/wp\/v2\/types\/product"}],"wp:featuredmedia":[{"embeddable":true,"href":"https:\/\/secureus.se\/no\/wp-json\/wp\/v2\/media\/147421"}],"wp:attachment":[{"href":"https:\/\/secureus.se\/no\/wp-json\/wp\/v2\/media?parent=147422"}],"wp:term":[{"taxonomy":"product_brand","embeddable":true,"href":"https:\/\/secureus.se\/no\/wp-json\/wp\/v2\/product_brand?post=147422"},{"taxonomy":"product_cat","embeddable":true,"href":"https:\/\/secureus.se\/no\/wp-json\/wp\/v2\/product_cat?post=147422"},{"taxonomy":"product_tag","embeddable":true,"href":"https:\/\/secureus.se\/no\/wp-json\/wp\/v2\/product_tag?post=147422"}],"curies":[{"name":"wp","href":"https:\/\/api.w.org\/{rel}","templated":true}]}}