{"id":147425,"date":"2023-09-26T13:08:28","date_gmt":"2023-09-26T11:08:28","guid":{"rendered":"https:\/\/secureus.se\/elslutbleck-step-18-vanster-rattvand-24v-12mm-regel\/"},"modified":"2026-04-08T16:04:01","modified_gmt":"2026-04-08T14:04:01","slug":"elslutbleck-step-18-vanster-rattvand-24v-12mm-regel","status":"publish","type":"product","link":"https:\/\/secureus.se\/no\/elslutbleck-step-18-vanster-rattvand-24v-12mm-regel\/","title":{"rendered":"Elektrisk sluttplate TRINN 18 Venstre H\u00f8yre 24V 12mm Linjal"},"content":{"rendered":"<h1>Elektrisk sluttplate TRINN 18 Venstre H\u00f8yre 24V 12mm Linjal<\/h1>\n<p>TRINN 18 Secure er et h\u00f8ysikkerhets elektrisk sluttstykke med h\u00f8yreh\u00e5ndsfunksjon for venstrehengte d\u00f8rer. Tilpasset 12 mm stempel i Modul-serien. Brannklassifisert E\/EI60, med stempelkobling og 5 meter kabel.<\/p>\n<p>STEP 18 Secure elektrisk sluttstykke er et kraftig elektrisk sluttstykke i STEPs Secure-serie \u2013 spesielt utviklet for d\u00f8rmilj\u00f8er hvor sikkerhet, p\u00e5litelighet og raske \u00e5pninger er avgj\u00f8rende.<\/p>\n<p>Denne modellen er tilpasset boltel\u00e5ser med 12 mm stempel i Modul-serien og monteres i venstrehengte d\u00f8rer.<\/p>\n<p class=\"\" data-start=\"817\" data-end=\"1104\">Med h\u00f8yreh\u00e5ndsfunksjonen l\u00e5ses det elektriske sluttstykket i spenningsl\u00f8s posisjon, som egner seg for sikkerhetsklassifiserte d\u00f8rer hvor uautorisert passasje m\u00e5 forhindres ved str\u00f8mbrudd.<\/p>\n<p class=\"\" data-start=\"817\" data-end=\"1104\">Produktet er brannklassifisert opp til E\/EI60 og godkjent for RC4-klassifiserte sikkerhetsd\u00f8rer i henhold til gjeldende standarder.<\/p>\n<p class=\"\" data-start=\"1106\" data-end=\"1496\">Takket v\u00e6re stempelkontakten og l\u00e5sekontakten er full overv\u00e5king av d\u00f8rens status (\u00e5pen\/lukket, l\u00e5st\/ul\u00e5st) mulig, noe som gj\u00f8r det elektriske sluttstykket perfekt for integrasjon med adgangskontrollsystemer og alarml\u00f8sninger.<\/p>\n<p class=\"\" data-start=\"1106\" data-end=\"1496\">Med en bruddstyrke p\u00e5 15 kN (1500 kg) og evne til \u00e5 \u00e5pne til tross for stripetrykk p\u00e5 opptil 5 kN (500 kg), er STEP 18 bygget for intensiv bruk i milj\u00f8er med h\u00f8y gjennomstr\u00f8mning.<\/p>\n<p class=\"\" data-start=\"1498\" data-end=\"1681\">Produktet leveres komplett med 5 meter halogenfri tilkoblingskabel, har innebygget beskyttelsesdiode, er st\u00f8tsikker og optimert for \u00e5 h\u00e5ndtere b\u00e5de forover- og bakoverfunksjon.<\/p>\n<p class=\"\" data-start=\"1683\" data-end=\"1709\"><strong data-start=\"1683\" data-end=\"1709\">Funksjoner og fordeler:<\/strong><\/p>\n<ul data-start=\"1710\" data-end=\"2033\">\n<li class=\"\" data-start=\"1710\" data-end=\"1747\">\n<p class=\"\" data-start=\"1712\" data-end=\"1747\">H\u00f8yrevendt funksjon - l\u00e5st uten str\u00f8m<\/p>\n<\/li>\n<li class=\"\" data-start=\"1748\" data-end=\"1787\">\n<p class=\"\" data-start=\"1750\" data-end=\"1787\">Tilpasset Modul-serien, 12 mm stempel<\/p>\n<\/li>\n<li class=\"\" data-start=\"1788\" data-end=\"1814\">\n<p class=\"\" data-start=\"1790\" data-end=\"1814\">For venstrehengslede d\u00f8rer<\/p>\n<\/li>\n<li class=\"\" data-start=\"1815\" data-end=\"1852\">\n<p class=\"\" data-start=\"1817\" data-end=\"1852\">Brannklassifisert E\/EI60 og RC4 godkjent<\/p>\n<\/li>\n<li class=\"\" data-start=\"1853\" data-end=\"1899\">\n<p class=\"\" data-start=\"1855\" data-end=\"1899\">Stempel og l\u00e5sekontakt for statusoverv\u00e5king<\/p>\n<\/li>\n<li class=\"\" data-start=\"1900\" data-end=\"1923\">\n<p class=\"\" data-start=\"1902\" data-end=\"1923\">Bruddstyrke 15 kN<\/p>\n<\/li>\n<li class=\"\" data-start=\"1924\" data-end=\"1958\">\n<p class=\"\" data-start=\"1926\" data-end=\"1958\">T\u00e5ler st\u00f8petrykk opp til 500 kg<\/p>\n<\/li>\n<li class=\"\" data-start=\"1959\" data-end=\"1992\">\n<p class=\"\" data-start=\"1961\" data-end=\"1992\">Sl\u00e5ssikker, innebygd beskyttelsesdiode<\/p>\n<\/li>\n<li class=\"\" data-start=\"1993\" data-end=\"2033\">\n<p class=\"\" data-start=\"1995\" data-end=\"2033\">Leveres med 5 meter halogenfri kabel<\/p>\n<\/li>\n<\/ul>\n<p class=\"\" data-start=\"2035\" data-end=\"2188\"><strong data-start=\"2035\" data-end=\"2058\">Bruksomr\u00e5der:<\/strong><br data-start=\"2058\" data-end=\"2061\" \/>Egnet for sikkerhetsd\u00f8rer, fengsler, banker og andre h\u00f8ysikkerhetsmilj\u00f8er hvor det kreves elektrisk l\u00e5sing med h\u00f8y driftssikkerhet.<\/p>\n<p class=\"\" data-start=\"2190\" data-end=\"2219\"><strong data-start=\"2190\" data-end=\"2219\">Tekniske spesifikasjoner:<\/strong><\/p>\n<ul data-start=\"2220\" data-end=\"2566\">\n<li class=\"\" data-start=\"2220\" data-end=\"2258\">\n<p class=\"\" data-start=\"2222\" data-end=\"2258\">Driftsspenning: 24 V DC (21,6-27,6 V)<\/p>\n<\/li>\n<li class=\"\" data-start=\"2259\" data-end=\"2291\">\n<p class=\"\" data-start=\"2261\" data-end=\"2291\">Str\u00f8mforbruk: 313 mA ul\u00e5st<\/p>\n<\/li>\n<li class=\"\" data-start=\"2292\" data-end=\"2315\">\n<p class=\"\" data-start=\"2294\" data-end=\"2315\">D\u00f8rhengsel: Venstre<\/p>\n<\/li>\n<li class=\"\" data-start=\"2316\" data-end=\"2337\">\n<p class=\"\" data-start=\"2318\" data-end=\"2337\">Kabellengde: 5 meter<\/p>\n<\/li>\n<li class=\"\" data-start=\"2338\" data-end=\"2364\">\n<p class=\"\" data-start=\"2340\" data-end=\"2364\">Bruddstyrke: 1500 kg<\/p>\n<\/li>\n<li class=\"\" data-start=\"2365\" data-end=\"2384\">\n<p class=\"\" data-start=\"2367\" data-end=\"2384\">Listetrykk: 500 kg<\/p>\n<\/li>\n<li class=\"\" data-start=\"2385\" data-end=\"2417\">\n<p class=\"\" data-start=\"2387\" data-end=\"2417\">M\u00e5l (BxDxH): 35 x 40 x 230 mm<\/p>\n<\/li>\n<li class=\"\" data-start=\"2418\" data-end=\"2449\">\n<p class=\"\" data-start=\"2420\" data-end=\"2449\">L\u00e5stype: Krokl\u00e5s, L\u00e5sel\u00e5s<\/p>\n<\/li>\n<li class=\"\" data-start=\"2450\" data-end=\"2497\">\n<p class=\"\" data-start=\"2452\" data-end=\"2497\">Stempelkontakt: Mikrobryter, maks. 30V DC \/ 1A<\/p>\n<\/li>\n<li class=\"\" data-start=\"2498\" data-end=\"2526\">\n<p class=\"\" data-start=\"2500\" data-end=\"2526\">Farge\/finish: Rustfritt st\u00e5l<\/p>\n<\/li>\n<li class=\"\" data-start=\"2527\" data-end=\"2566\">\n<p class=\"\" data-start=\"2529\" data-end=\"2566\">Vurderinger: SundaHus, Byggevarevurdering<\/p>\n<\/li>\n<\/ul>","protected":false},"excerpt":{"rendered":"<p>Her kan du se hvilke stolper og modeller som passer sammen fra STEP-serien med elektriske d\u00f8rstoppere.<\/p>\n<h5><strong><a href=\"https:\/\/steplock.com\/sv\/stolpguide\/#!?lang=sv&amp;blog_id=1&amp;paged=1&amp;number=50\" target=\"_blank\" rel=\"noopener\">TRINN Postveiledning\u00a0<\/a><\/strong><\/h5>\n<h5><strong><a href=\"https:\/\/steplock.com\/sv\/projekteringsguide\/#!?lang=sv&amp;blog_id=1&amp;paged=1&amp;number=999\" target=\"_blank\" rel=\"noopener\">STEP design guide<\/a><\/strong><\/h5>","protected":false},"featured_media":147423,"template":"","meta":{"_acf_changed":false},"product_brand":[],"product_cat":[3355],"product_tag":[4197,4200],"class_list":{"0":"post-147425","1":"product","2":"type-product","3":"status-publish","4":"has-post-thumbnail","6":"product_cat-elslutbleck","7":"product_tag-24v","8":"product_tag-rattvand","9":"product_shipping_class-tunga-paket","10":"pa_brands-step","11":"tm-no-options","13":"first","14":"onbackorder","15":"sale","16":"taxable","17":"shipping-taxable","18":"purchasable","19":"product-type-simple"},"acf":[],"_links":{"self":[{"href":"https:\/\/secureus.se\/no\/wp-json\/wp\/v2\/product\/147425","targetHints":{"allow":["GET"]}}],"collection":[{"href":"https:\/\/secureus.se\/no\/wp-json\/wp\/v2\/product"}],"about":[{"href":"https:\/\/secureus.se\/no\/wp-json\/wp\/v2\/types\/product"}],"wp:featuredmedia":[{"embeddable":true,"href":"https:\/\/secureus.se\/no\/wp-json\/wp\/v2\/media\/147423"}],"wp:attachment":[{"href":"https:\/\/secureus.se\/no\/wp-json\/wp\/v2\/media?parent=147425"}],"wp:term":[{"taxonomy":"product_brand","embeddable":true,"href":"https:\/\/secureus.se\/no\/wp-json\/wp\/v2\/product_brand?post=147425"},{"taxonomy":"product_cat","embeddable":true,"href":"https:\/\/secureus.se\/no\/wp-json\/wp\/v2\/product_cat?post=147425"},{"taxonomy":"product_tag","embeddable":true,"href":"https:\/\/secureus.se\/no\/wp-json\/wp\/v2\/product_tag?post=147425"}],"curies":[{"name":"wp","href":"https:\/\/api.w.org\/{rel}","templated":true}]}}