{"id":147434,"date":"2023-09-26T13:10:04","date_gmt":"2023-09-26T11:10:04","guid":{"rendered":"https:\/\/secureus.se\/elslutbleck-step-90-omvand-24v\/"},"modified":"2026-03-26T09:45:51","modified_gmt":"2026-03-26T08:45:51","slug":"elslutbleck-step-90-omvand-24v","status":"publish","type":"product","link":"https:\/\/secureus.se\/no\/elslutbleck-step-90-omvand-24v\/","title":{"rendered":"Elektrisk sluttstykke STEP 90 Revers 24V"},"content":{"rendered":"<h1>Elektrisk sluttstykke STEP 90 Revers 24V<\/h1>\n<p>STEP 90 Preload er et kompakt elektrisk sluttstykke med reversfunksjon og HPR-teknologi. Brannklassifisert E\/EI120 og bygget for h\u00f8y \u00e5pningsfrekvens. Passer til Connect, Modul og Narrow Profile l\u00e5sehus.<\/p>\n<p>STEP 90 Preload elektrisk sluttstykke er et kompakt og kraftig elektrisk sluttstykke med reversfunksjon \u2013 noe som betyr at l\u00e5sen l\u00e5ses opp i spenningsl\u00f8s posisjon, en viktig funksjon i r\u00f8mningsveier eller milj\u00f8er hvor sikker passasje m\u00e5 garanteres selv i tilfelle str\u00f8mbrudd.<\/p>\n<p class=\"\" data-start=\"731\" data-end=\"1059\">Det elektriske sluttstykket er branngodkjent opp til E\/EI120 i henhold til SS-EN 14846:2008 og utstyrt med STEPs patenterte HPR\u00ae-teknologi, som sikrer \u00e5pning selv ved stripetrykk p\u00e5 opptil 250 kg.<\/p>\n<p class=\"\" data-start=\"731\" data-end=\"1059\">Den h\u00f8ye bruddstyrken p\u00e5 1200 kg og den kompakte designen gj\u00f8r STEP 90 til et p\u00e5litelig valg for d\u00f8rer med h\u00f8y \u00e5pningsfrekvens.<\/p>\n<p class=\"\" data-start=\"1061\" data-end=\"1386\">Takket v\u00e6re sin fleksibilitet er STEP 90 vendbar for b\u00e5de h\u00f8yre- og venstrehengte d\u00f8rer og passer til l\u00e5sehus med enkelt- og dobbell\u00e5s i seriene Connect, Modul og Narrow Profile.<\/p>\n<p class=\"\" data-start=\"1061\" data-end=\"1386\">Den er ogs\u00e5 manipulasjonssikker, har innebygget beskyttelsesdiode og er designet for enkel montering med skruehull i bakkant for vinklede skruer.<\/p>\n<p class=\"\" data-start=\"1388\" data-end=\"1414\">Funksjoner og fordeler:<\/p>\n<ul data-start=\"1415\" data-end=\"1678\">\n<li class=\"\" data-start=\"1415\" data-end=\"1451\">\n<p class=\"\" data-start=\"1417\" data-end=\"1451\">Reverseringsfunksjon \u2013 l\u00e5st opp uten str\u00f8m<\/p>\n<\/li>\n<li class=\"\" data-start=\"1452\" data-end=\"1474\">\n<p class=\"\" data-start=\"1454\" data-end=\"1474\">Brannklassifisert E\/EI120<\/p>\n<\/li>\n<li class=\"\" data-start=\"1475\" data-end=\"1509\">\n<p class=\"\" data-start=\"1477\" data-end=\"1509\">H\u00e5ndterer stripetrykk opp til 250 kg<\/p>\n<\/li>\n<li class=\"\" data-start=\"1510\" data-end=\"1535\">\n<p class=\"\" data-start=\"1512\" data-end=\"1535\">Bruddstyrke 1200 kg<\/p>\n<\/li>\n<li class=\"\" data-start=\"1536\" data-end=\"1568\">\n<p class=\"\" data-start=\"1538\" data-end=\"1568\">Kompakte m\u00e5l: kun 90 mm h\u00f8y<\/p>\n<\/li>\n<li class=\"\" data-start=\"1569\" data-end=\"1603\">\n<p class=\"\" data-start=\"1571\" data-end=\"1603\">Vendbar for h\u00f8yre\/venstre d\u00f8rer<\/p>\n<\/li>\n<li class=\"\" data-start=\"1604\" data-end=\"1642\">\n<p class=\"\" data-start=\"1606\" data-end=\"1642\">Passer Connect, Module og Narrow Profile<\/p>\n<\/li>\n<li class=\"\" data-start=\"1643\" data-end=\"1678\">\n<p class=\"\" data-start=\"1645\" data-end=\"1678\">Beskyttelsesdiode og overspenningsvern f\u00f8lger med<\/p>\n<\/li>\n<\/ul>\n<p class=\"\" data-start=\"1680\" data-end=\"1866\"><strong data-start=\"1680\" data-end=\"1703\">Bruksomr\u00e5der:<\/strong><br data-start=\"1703\" data-end=\"1706\" \/>Egnet for r\u00f8mningsveier, kontord\u00f8rer, tekniske omr\u00e5der og offentlige lokaler hvor p\u00e5litelig funksjon og h\u00f8y sikkerhet kombineres med behov for et kompakt format.<\/p>\n<p class=\"\" data-start=\"1868\" data-end=\"1897\"><strong data-start=\"1868\" data-end=\"1897\">Tekniske spesifikasjoner:<\/strong><\/p>\n<ul data-start=\"1898\" data-end=\"2240\">\n<li class=\"\" data-start=\"1898\" data-end=\"1936\">\n<p class=\"\" data-start=\"1900\" data-end=\"1936\">Driftsspenning: 24 V DC (21,6-27,6 V)<\/p>\n<\/li>\n<li class=\"\" data-start=\"1937\" data-end=\"1981\">\n<p class=\"\" data-start=\"1939\" data-end=\"1981\">Str\u00f8mforbruk: 110 mA ul\u00e5st, maks 300 mA<\/p>\n<\/li>\n<li class=\"\" data-start=\"1982\" data-end=\"2021\">\n<p class=\"\" data-start=\"1984\" data-end=\"2021\">D\u00f8rhengsel: H\u00f8yre\/Venstre (vendbar)<\/p>\n<\/li>\n<li class=\"\" data-start=\"2022\" data-end=\"2053\">\n<p class=\"\" data-start=\"2024\" data-end=\"2053\">M\u00e5l (BxDxH): 25 x 28 x 90 mm<\/p>\n<\/li>\n<li class=\"\" data-start=\"2054\" data-end=\"2080\">\n<p class=\"\" data-start=\"2056\" data-end=\"2080\">Bruddstyrke: 1200 kg<\/p>\n<\/li>\n<li class=\"\" data-start=\"2081\" data-end=\"2100\">\n<p class=\"\" data-start=\"2083\" data-end=\"2100\">Strimmeltrykk: 250 kg<\/p>\n<\/li>\n<li class=\"\" data-start=\"2101\" data-end=\"2119\">\n<p class=\"\" data-start=\"2103\" data-end=\"2119\">Stempelkontakt: Nei<\/p>\n<\/li>\n<li class=\"\" data-start=\"2120\" data-end=\"2137\">\n<p class=\"\" data-start=\"2122\" data-end=\"2137\">Kabel: Ikke inkludert<\/p>\n<\/li>\n<li class=\"\" data-start=\"2138\" data-end=\"2171\">\n<p class=\"\" data-start=\"2140\" data-end=\"2171\">L\u00e5stype: Enkel og dobbel fold l\u00e5s<\/p>\n<\/li>\n<li class=\"\" data-start=\"2172\" data-end=\"2200\">\n<p class=\"\" data-start=\"2174\" data-end=\"2200\">Farge\/finish: Rustfritt st\u00e5l<\/p>\n<\/li>\n<li class=\"\" data-start=\"2201\" data-end=\"2240\">\n<p class=\"\" data-start=\"2203\" data-end=\"2240\">Vurderinger: SundaHus, Byggevarevurdering<\/p>\n<\/li>\n<\/ul>","protected":false},"excerpt":{"rendered":"<p>Her kan du se hvilke stolper og modeller som passer sammen fra STEP-serien med elektriske d\u00f8rstoppere.<\/p>\n<h5><strong><a href=\"https:\/\/steplock.com\/sv\/stolpguide\/#!?lang=sv&amp;blog_id=1&amp;paged=1&amp;number=50\" target=\"_blank\" rel=\"noopener\">TRINN Postveiledning\u00a0<\/a><\/strong><\/h5>\n<h5><strong><a href=\"https:\/\/steplock.com\/sv\/projekteringsguide\/#!?lang=sv&amp;blog_id=1&amp;paged=1&amp;number=999\" target=\"_blank\" rel=\"noopener\">STEP design guide<\/a><\/strong><\/h5>","protected":false},"featured_media":147429,"template":"","meta":{"_acf_changed":false},"product_brand":[],"product_cat":[3355],"product_tag":[4197,4201],"class_list":{"0":"post-147434","1":"product","2":"type-product","3":"status-publish","4":"has-post-thumbnail","6":"product_cat-elslutbleck","7":"product_tag-24v","8":"product_tag-omvand","9":"product_shipping_class-tunga-paket","10":"pa_brands-step","11":"tm-no-options","13":"first","14":"instock","15":"sale","16":"taxable","17":"shipping-taxable","18":"purchasable","19":"product-type-simple"},"acf":[],"_links":{"self":[{"href":"https:\/\/secureus.se\/no\/wp-json\/wp\/v2\/product\/147434","targetHints":{"allow":["GET"]}}],"collection":[{"href":"https:\/\/secureus.se\/no\/wp-json\/wp\/v2\/product"}],"about":[{"href":"https:\/\/secureus.se\/no\/wp-json\/wp\/v2\/types\/product"}],"wp:featuredmedia":[{"embeddable":true,"href":"https:\/\/secureus.se\/no\/wp-json\/wp\/v2\/media\/147429"}],"wp:attachment":[{"href":"https:\/\/secureus.se\/no\/wp-json\/wp\/v2\/media?parent=147434"}],"wp:term":[{"taxonomy":"product_brand","embeddable":true,"href":"https:\/\/secureus.se\/no\/wp-json\/wp\/v2\/product_brand?post=147434"},{"taxonomy":"product_cat","embeddable":true,"href":"https:\/\/secureus.se\/no\/wp-json\/wp\/v2\/product_cat?post=147434"},{"taxonomy":"product_tag","embeddable":true,"href":"https:\/\/secureus.se\/no\/wp-json\/wp\/v2\/product_tag?post=147434"}],"curies":[{"name":"wp","href":"https:\/\/api.w.org\/{rel}","templated":true}]}}